{"id":9686,"date":"2025-04-03T12:47:34","date_gmt":"2025-04-03T04:47:34","guid":{"rendered":"https:\/\/zojopackaging.com\/?post_type=product&#038;p=9686"},"modified":"2025-04-03T14:37:27","modified_gmt":"2025-04-03T06:37:27","slug":"high-quality-custom-candle-gift-packaging-boxes-wholesale","status":"publish","type":"product","link":"https:\/\/zojopackaging.com\/it\/product\/high-quality-custom-candle-gift-packaging-boxes-wholesale\/","title":{"rendered":"Alta qualit\u00e0 Custom Candle Gift Packaging Boxes all'ingrosso"},"content":{"rendered":"<h2 id=\"1-ergonomic-one-handed-opening-and-closing-design-\">1.\u00a0<strong>Design ergonomico per l'apertura e la chiusura con una sola mano<\/strong><\/h2>\n<p>La struttura del coperchio a chiusura magnetica \u00e8 stata adottata e il coperchio e il corpo della scatola sono accoppiati con uno stampo di precisione per ottenere un facile utilizzo con una sola mano. L'aspirazione magnetica incorporata \u00e8 stata testata per 2.000 volte di apertura e chiusura per garantire un'apertura e una chiusura fluide senza inceppamenti in scene frenetiche (come le promozioni dei centri commerciali e i regali di Natale), mantenendo un elegante senso di rituale. La forma della scatola si rif\u00e0 al principio della cerniera dei portagioie di lusso e la durata di apertura e chiusura \u00e8 di oltre 5 anni.<\/p>\n<h2 id=\"2-healing-pink-emotional-management-solution-\">2.\u00a0<strong>Soluzione di gestione emozionale rosa curativa<\/strong><\/h2>\n<p>Il colore principale \u00e8 il rosa, che ha un effetto significativo nell'alleviare l'ansia. La superficie \u00e8 ricoperta da una pellicola tattile opaca, che simula la consistenza delicata della pelle e pu\u00f2 innescare la secrezione di dopamina quando viene toccata con la punta delle dita. Sul lato della scatola sono impressi motivi di nuvole di buon auspicio, che creano un ritmo visivo positivo grazie ai cambiamenti di luce e ombra.<\/p>\n<h2 id=\"3-military-grade-composite-material-structure-\">3.\u00a0<strong>Struttura in materiale composito di livello militare<\/strong><\/h2>\n<ul>\n<li><strong>Strato esterno<\/strong>: Carta patinata C2S da 157 g, certificata dallo standard ISO 536, indice di resistenza ai graffi fino a 4H;<\/li>\n<li><strong>Fodera interna<\/strong>: Cartone rigido da 1200 g, caduto da 1,5 metri senza danni dopo il test di impatto con la palla;<\/li>\n<li><strong>Sistema tampone<\/strong>: 3-6 fessure elastiche in TPE possono essere personalizzate per adattarsi a candele di forma colonnare\/speciale con un diametro di 3-15 cm.<\/li>\n<\/ul>\n<h2 id=\"4-modular-lining-solution-\">4.\u00a0<strong>Soluzione di rivestimento modulare<\/strong><\/h2>\n<p>Sono disponibili tre unit\u00e0 funzionali:<\/p>\n<ul>\n<li><strong>Griglia antiribaltamento<\/strong>: Struttura a nido d'ape Rivestimento in EPE, corpo candela fisso a 360\u00b0;<\/li>\n<li><strong>Strato di bloccaggio della fragranza<\/strong>: Strato di fibra di carbone attivo impiantato per impedire la fuoriuscita della fragranza;<\/li>\n<li><strong>Scomparto per attrezzi di emergenza<\/strong>: Cassetto nascosto per riporre i ganci\/le piastrine degli estintori di candele per migliorare l'esperienza dell'unboxing.<\/li>\n<\/ul>\n<h2 id=\"5-full-link-customized-printing-service-\">5.\u00a0<strong>Servizio di stampa personalizzata full-link<\/strong><\/h2>\n<ul>\n<li><strong>Matrice di processo<\/strong>:<\/li>\n<li>Stampa a caldo: Foglio d'oro opaco\/specchio di precisione da 0,1 mm, 12 colori speciali opzionali come Citt\u00e0 Proibita, Oro Cinabro, Blu Tiffany;<\/li>\n<li>Goffratura: 300+ librerie di texture protette da copyright (inclusi modelli artistici come le viti di Mucha e le spirali di Fibonacci);<\/li>\n<li>Goffratura UV: Tecnologia di rilievo tridimensionale 3D, differenza di altezza locale di 0,5 mm, riconoscimento tattile aumentato di 80%.<\/li>\n<\/ul>\n<h2 id=\"6-carbon-neutral-packaging-system-\">6.\u00a0<strong>Sistema di imballaggio a zero emissioni di carbonio<\/strong><\/h2>\n<ul>\n<li>Materiali: Carta certificata FSC + inchiostro di soia a base d'acqua, impronta di carbonio ridotta di 62%;<\/li>\n<li>Struttura: assemblaggio a mortasa e tenone senza colla, dispiegamento e utilizzo senza piegatura, tasso di riciclaggio dello smontaggio 100%;<\/li>\n<li>Logistica: L'algoritmo AI ottimizza il piano di imballaggio, l'utilizzo dello spazio \u00e8 aumentato di 35% e le emissioni di carbonio del trasporto sono state ridotte di 28%.<\/li>\n<\/ul>\n<h2 id=\"7-smart-manufacturing-4-0-production-standard-\">7.\u00a0<strong>Standard di produzione Smart Manufacturing 4.0<\/strong><\/h2>\n<p>Attrezzatura:<\/p>\n<ul>\n<li>Stampante UV a otto colori Heidelberg CX104-8+L (precisione di sovrastampa \u00b10,15 mm);<\/li>\n<li>Sistema di ispezione automatica della qualit\u00e0 a braccio robotico Kuka (120 scansioni di difetti di scatola al minuto);<\/li>\n<li>Piattaforma di tracciabilit\u00e0 della produzione MES, ogni scatola di imballaggio ha un ID blockchain unico e i problemi di qualit\u00e0 sono tracciati 24 ore al giorno.<\/li>\n<\/ul>\n<h2 id=\"-business-philosophy-practice-\"><strong>Filosofia aziendale pratica<\/strong><\/h2>\n<p>L'ingegneria sensoriale e il design sostenibile sono il nostro obiettivo principale:<\/p>\n<ul>\n<li><strong>Pensare la leadership<\/strong>: Sviluppata in collaborazione con la Settimana del Design di Milano, la scatola pu\u00f2 essere riorganizzata in un portacandele\/gioielli;<\/li>\n<li><strong>Accumulo di tecnologia<\/strong>: 27 brevetti di packaging, tra cui nastri di filato antibatterico, carta di supporto interattiva AR e altre applicazioni innovative;<\/li>\n<li><strong>Garanzia di servizio<\/strong>Ciclo di prova di 72 ore + riserva di capacit\u00e0 produttiva di un milione di livelli, a supporto di una produzione flessibile con un ordine minimo di 1 pezzo.<\/li>\n<\/ul>","protected":false},"excerpt":{"rendered":"<p>\u2728 Design premium a contrasto - L'esterno rosa tenue e l'interno nero deciso amplificano l'impatto visivo.<br \/>\n\ud83d\udee1\ufe0f Protezione pronta per il trasporto - La struttura resistente protegge le candele dall'umidit\u00e0 e dagli urti.<br \/>\n\ud83c\udfa8 Flessibilit\u00e0 di branding - Personalizzazione di loghi, colori e dimensioni senza penalizzazioni per quantit\u00e0 minime.<br \/>\n\ud83d\udce6 Efficienza dei prodotti sfusi - Il design a imballaggio piatto riduce i costi di stoccaggio\/spedizione per i grossisti.<\/p>","protected":false},"featured_media":9688,"template":"","meta":[],"product_brand":[],"product_cat":[30,416,425,31],"product_tag":[898,468,1246],"class_list":{"0":"post-9686","1":"product","2":"type-product","3":"status-publish","4":"has-post-thumbnail","6":"product_cat-by-industry","7":"product_cat-custom-candle-boxes","8":"product_cat-lid-and-base-gift-box","9":"product_cat-paper-box-style","10":"product_tag-candle-packaging-boxes","11":"product_tag-custom-candle-packaging","12":"product_tag-high-quality-candle-gift-boxes","14":"first","15":"instock","16":"shipping-taxable","17":"product-type-grouped"},"_links":{"self":[{"href":"https:\/\/zojopackaging.com\/it\/wp-json\/wp\/v2\/product\/9686","targetHints":{"allow":["GET"]}}],"collection":[{"href":"https:\/\/zojopackaging.com\/it\/wp-json\/wp\/v2\/product"}],"about":[{"href":"https:\/\/zojopackaging.com\/it\/wp-json\/wp\/v2\/types\/product"}],"version-history":[{"count":1,"href":"https:\/\/zojopackaging.com\/it\/wp-json\/wp\/v2\/product\/9686\/revisions"}],"predecessor-version":[{"id":9694,"href":"https:\/\/zojopackaging.com\/it\/wp-json\/wp\/v2\/product\/9686\/revisions\/9694"}],"wp:featuredmedia":[{"embeddable":true,"href":"https:\/\/zojopackaging.com\/it\/wp-json\/wp\/v2\/media\/9688"}],"wp:attachment":[{"href":"https:\/\/zojopackaging.com\/it\/wp-json\/wp\/v2\/media?parent=9686"}],"wp:term":[{"taxonomy":"product_brand","embeddable":true,"href":"https:\/\/zojopackaging.com\/it\/wp-json\/wp\/v2\/product_brand?post=9686"},{"taxonomy":"product_cat","embeddable":true,"href":"https:\/\/zojopackaging.com\/it\/wp-json\/wp\/v2\/product_cat?post=9686"},{"taxonomy":"product_tag","embeddable":true,"href":"https:\/\/zojopackaging.com\/it\/wp-json\/wp\/v2\/product_tag?post=9686"}],"curies":[{"name":"wp","href":"https:\/\/api.w.org\/{rel}","templated":true}]}}