{"id":9703,"date":"2025-04-03T15:05:10","date_gmt":"2025-04-03T07:05:10","guid":{"rendered":"https:\/\/zojopackaging.com\/?post_type=product&#038;p=9703"},"modified":"2025-04-03T16:07:57","modified_gmt":"2025-04-03T08:07:57","slug":"biodegradable-tea-coffee-paper-packaging-tube-box-wholesale","status":"publish","type":"product","link":"https:\/\/zojopackaging.com\/it\/product\/biodegradable-tea-coffee-paper-packaging-tube-box-wholesale\/","title":{"rendered":"Biodegradabile t\u00e8 caff\u00e8 carta imballaggio tubo scatola all'ingrosso"},"content":{"rendered":"<h2 id=\"-i-innovative-structural-design-upper-and-lower-cover-separated-pressure-resistant-system-\"><strong>1. Design strutturale innovativo: sistema di resistenza alla pressione separato tra il coperchio superiore e quello inferiore<\/strong><\/h2>\n<p>Adottare\u00a0<strong>coperchio superiore e inferiore separati da una struttura a scatola cilindrica<\/strong>Grazie alla progettazione meccanica ottimizzata, disperde uniformemente l'impatto della forza esterna durante il trasporto e riduce il rischio di danni da collisione.<\/p>\n<ul>\n<li><strong>Protezione scientifica<\/strong>: Il coperchio della scatola e il fondo adottano un design incorporato a scatto, adatto alle esigenze di tamponamento di prodotti fragili come t\u00e8 e caff\u00e8 in polvere, e la resistenza alla compressione misurata \u00e8 aumentata di oltre 40%.<\/li>\n<li><strong>Adattamento allo spazio<\/strong>: La dimensione del diametro interno pu\u00f2 essere regolata con precisione in base all'altezza del prodotto (ad esempio la lunghezza della bustina di t\u00e8 o il diametro della capsula di caff\u00e8), ottenendo cos\u00ec un'ottima qualit\u00e0 del prodotto.\u00a0<strong>zero riempimento di spazio ridondante<\/strong>e la capacit\u00e0 di trasporto di una singola scatola \u00e8 aumentata di 25%.<\/li>\n<\/ul>\n<h2 id=\"-ii-brand-visual-empowerment-purple-aesthetics-and-international-positioning-\"><strong>2. Potenziamento visivo del marchio: estetica viola e posizionamento internazionale<\/strong><\/h2>\n<p>Promuovere principalmente\u00a0<strong>Morandi corpo a scatola viola<\/strong>integrando la psicologia del colore e la strategia del marchio:<\/p>\n<ul>\n<li><strong>Valore emotivo<\/strong>: Secondo le ricerche di mercato, una porpora a bassa saturazione pu\u00f2 ridurre l'ansia decisionale dei consumatori e migliorare la percezione di alto livello dei prodotti.<\/li>\n<li><strong>Gene internazionale<\/strong>: Supporto\u00a0<strong>Stampa a tinte piatte Pantone<\/strong>\u00a0(come il PANTONE 19-3530 TCX viola lavanda), adattarsi alle tendenze estetiche dei mercati europei, americani e asiatici e contribuire a costruire l'immagine globale del marchio.<\/li>\n<\/ul>\n<h2 id=\"-three-full-dimensional-customization-service-flexible-adaptation-from-materials-to-processes-\"><strong>3. Servizio di personalizzazione full-dimensionale: adattamento flessibile dai materiali ai processi<\/strong><\/h2>\n<p>Come fabbrica di origine in Cina, fornisce\u00a0<strong>sei moduli di personalizzazione principali<\/strong>:<\/p>\n<ol>\n<li><strong>Personalizzazione del tipo di scatola<\/strong>: Supporta cilindri rotondi\/ellittici\/poligonali di forma speciale, adattandosi a forme di prodotto diversificate come lattine di t\u00e8 e caff\u00e8 a goccia.<\/li>\n<li><strong>Aggiornamento del materiale<\/strong>: Materiali ecologici opzionali.<\/li>\n<li><strong>Processo di superficie<\/strong>: Fornire 12 soluzioni di lavorazione, come il rilievo in rilievo, l'UV opaco e la stampa a caldo in metallo, per ottenere una doppia differenziazione: tattile e visiva.<\/li>\n<li><strong>Espansione della funzione<\/strong>: Strato antiumidit\u00e0 in foglio di alluminio degradabile incorporato, coperchio magnetico di apertura e chiusura e altre configurazioni a valore aggiunto.<\/li>\n<li><strong>Sistema di identificazione del marchio<\/strong>: Supporta soluzioni di identificazione integrate come etichette di tracciabilit\u00e0 con codice QR, LOGO in rilievo e etichette di marca staccabili.<\/li>\n<li><strong>Adattamento del magazzino intelligente<\/strong>: Personalizzare le scatole pieghevoli o le strutture precompilate in base alle esigenze del canale e-commerce\/supermercato per ridurre i costi logistici 20%.<\/li>\n<\/ol>\n<h2 id=\"-iv-environmental-commitment-and-quality-assurance-\"><strong>4. Impegno ambientale e garanzia di qualit\u00e0<\/strong><\/h2>\n<ul>\n<li><strong>Certificazione della degradazione<\/strong>: Il materiale ha superato il test di degradazione del compost EN13432 e la certificazione di sicurezza FDA per il contatto con gli alimenti, con un tasso di degradazione \u226590% (entro 180 giorni).<\/li>\n<li><strong>Tracciabilit\u00e0 della produzione<\/strong>: Utilizzando materie prime di scarto dell'agricoltura, come la polpa di bamb\u00f9 o la paglia, l'impronta di carbonio \u00e8 67% inferiore a quella degli imballaggi in plastica tradizionali.<\/li>\n<li><strong>Sistema di controllo della qualit\u00e0<\/strong>: Dotato di una linea di rilevamento a infrarossi completamente automatica, il tasso di difettosit\u00e0 \u00e8 controllato al di sotto di 0,3%, superando di gran lunga lo standard industriale.<\/li>\n<\/ul>\n<h2 id=\"-v-efficient-service-system-rapid-response-from-samples-to-mass-production-\"><strong>5. Sistema di assistenza efficiente: Risposta rapida dai campioni alla produzione di massa<\/strong><\/h2>\n<ul>\n<li><strong>Prova rapida di 3 giorni<\/strong>: Campioni fisici gratuiti 1:1 (incluse 3 opzioni di materiale), supporto per la consegna globale DHL in 48 ore.<\/li>\n<li><strong>Sistema d'ordine intelligente<\/strong>: Gli strumenti di progettazione AI online mostrano in anteprima i rendering 3D in tempo reale e visualizzano il monitoraggio dell'avanzamento degli ordini (compresa la programmazione della produzione e i nodi logistici).<\/li>\n<li><strong>Assistenza multilingue 24\/7<\/strong>: I team del servizio clienti in cinese, inglese, francese e spagnolo forniscono suggerimenti per l'ottimizzazione della struttura dell'imballaggio e indicazioni per lo sdoganamento transfrontaliero.<\/li>\n<\/ul>\n<h2 id=\"-vi-industry-solution-cases-\"><strong>6. Casi di soluzioni industriali<\/strong><\/h2>\n<ul>\n<li><strong>Marchio di caff\u00e8 speciale<\/strong>: Scatola cilindrica in fibra di bamb\u00f9 di 8 cm di diametro personalizzata per il caff\u00e8 monorigine etiope, con stampa UV di illustrazioni dipinte a mano dell'origine del caff\u00e8, e aumento del prezzo di vendita del terminale di 30%.<\/li>\n<li><strong>Impresa della catena del t\u00e8<\/strong>: Ha sviluppato una scatola esterna impilabile in PLA degradabile per le bustine di t\u00e8, riducendo lo spazio di stoccaggio in magazzino di 50%, e ha vinto il premio 2024 Asia Pacific Green Packaging Innovation Award.<\/li>\n<\/ul>","protected":false},"excerpt":{"rendered":"<ul>\n<li>\u200b<strong>Marchio elegante<\/strong>: Elevate la presenza sugli scaffali con design minimalisti e personalizzabili.<\/li>\n<li>\u200b<strong>Protezione Premium<\/strong>: Il materiale di qualit\u00e0 alimentare garantisce la freschezza e la sicurezza del prodotto.<\/li>\n<li>\u200b<strong>Economicamente vantaggioso<\/strong>: MOQ basso e sconti per le startup e le imprese.<\/li>\n<li>\u200b<strong>Colori di tendenza<\/strong>: Il rosa tenue e la lavanda attraggono un pubblico attento alla salute.<\/li>\n<li>\u200b<strong>Uso versatile<\/strong>: Ideale per t\u00e8, caff\u00e8 e prodotti secchi artigianali.<\/li>\n<\/ul>","protected":false},"featured_media":9709,"template":"","meta":[],"product_brand":[],"product_cat":[30,422,31,429],"product_tag":[1249,1250,1248],"class_list":{"0":"post-9703","1":"product","2":"type-product","3":"status-publish","4":"has-post-thumbnail","6":"product_cat-by-industry","7":"product_cat-custom-gourmet-boxes-by-industry","8":"product_cat-paper-box-style","9":"product_cat-paper-tube-boxes","10":"product_tag-coffee-packaging-box","11":"product_tag-custom-tea-coffee-box-wholesale","12":"product_tag-tea-paper-tube-packaging","14":"first","15":"instock","16":"shipping-taxable","17":"product-type-grouped"},"_links":{"self":[{"href":"https:\/\/zojopackaging.com\/it\/wp-json\/wp\/v2\/product\/9703","targetHints":{"allow":["GET"]}}],"collection":[{"href":"https:\/\/zojopackaging.com\/it\/wp-json\/wp\/v2\/product"}],"about":[{"href":"https:\/\/zojopackaging.com\/it\/wp-json\/wp\/v2\/types\/product"}],"version-history":[{"count":1,"href":"https:\/\/zojopackaging.com\/it\/wp-json\/wp\/v2\/product\/9703\/revisions"}],"predecessor-version":[{"id":9710,"href":"https:\/\/zojopackaging.com\/it\/wp-json\/wp\/v2\/product\/9703\/revisions\/9710"}],"wp:featuredmedia":[{"embeddable":true,"href":"https:\/\/zojopackaging.com\/it\/wp-json\/wp\/v2\/media\/9709"}],"wp:attachment":[{"href":"https:\/\/zojopackaging.com\/it\/wp-json\/wp\/v2\/media?parent=9703"}],"wp:term":[{"taxonomy":"product_brand","embeddable":true,"href":"https:\/\/zojopackaging.com\/it\/wp-json\/wp\/v2\/product_brand?post=9703"},{"taxonomy":"product_cat","embeddable":true,"href":"https:\/\/zojopackaging.com\/it\/wp-json\/wp\/v2\/product_cat?post=9703"},{"taxonomy":"product_tag","embeddable":true,"href":"https:\/\/zojopackaging.com\/it\/wp-json\/wp\/v2\/product_tag?post=9703"}],"curies":[{"name":"wp","href":"https:\/\/api.w.org\/{rel}","templated":true}]}}