{"id":9711,"date":"2025-04-03T15:30:00","date_gmt":"2025-04-03T07:30:00","guid":{"rendered":"https:\/\/zojopackaging.com\/?post_type=product&#038;p=9711"},"modified":"2025-04-03T16:24:30","modified_gmt":"2025-04-03T08:24:30","slug":"custom-cbd-hemp-oil-paper-tube-cylinder-packaging-wholesale","status":"publish","type":"product","link":"https:\/\/zojopackaging.com\/it\/product\/custom-cbd-hemp-oil-paper-tube-cylinder-packaging-wholesale\/","title":{"rendered":"Personalizzato CBD olio di canapa tubo di carta cilindro imballaggio all'ingrosso"},"content":{"rendered":"<h2 id=\"-1-scientific-structural-design-all-round-product-protection-\"><strong>1. Design strutturale scientifico, protezione del prodotto a tutto tondo<\/strong><\/h2>\n<p>Adottando una struttura integrata di coperchio superiore e inferiore, il design di ottimizzazione meccanica disperde uniformemente la pressione esterna, evitando efficacemente la deformazione dell'imballaggio o i danni al contenuto causati dall'estrusione e dalla collisione durante il trasporto o lo stoccaggio. Questa struttura \u00e8 particolarmente adatta per l'olio essenziale di cannabis, l'olio essenziale di CBD e l'olio essenziale di THC in bottiglie di vetro fragili, garantendo che i prodotti liquidi rimangano sigillati e intatti in condizioni estreme.<\/p>\n<h2 id=\"-2-environmentally-friendly-materials-and-excellent-toughness-\"><strong>2. Materiali ecocompatibili ed eccellente tenacit\u00e0<\/strong><\/h2>\n<p>L'imballaggio \u00e8 realizzato in carta kraft ad alta resistenza; la tenacit\u00e0 delle fibre \u00e8 migliorata grazie a una lavorazione speciale e la resistenza allo strappo \u00e8 migliorata di oltre 30%. Il materiale soddisfa gli standard ambientali internazionali, \u00e8 riciclabile e degradabile, tiene conto dei concetti ecologici e delle esigenze pratiche e si adatta ai severi requisiti del mercato globale degli imballaggi sostenibili.<\/p>\n<h2 id=\"-3-luxurious-hot-stamping-process-details-highlight-quality-\"><strong>3. Processo di stampa a caldo di lusso in oro, i dettagli evidenziano la qualit\u00e0<\/strong><\/h2>\n<p>Adottando la tecnologia di stampa a caldo in oro ad alta precisione, supporta la stampa di testi e motivi di livello 0,2 mm e presenta chiaramente informazioni chiave come il LOGO del marchio e la descrizione degli ingredienti. La lucentezza metallica contrasta con la carta kraft opaca, conferendo alla confezione un'esperienza visiva di basso profilo e lusso, che si adatta al posizionamento di mercato dei prodotti CBD di fascia alta.<\/p>\n<h2 id=\"-4-multi-category-adaptation-and-brand-empowerment-\"><strong>4. Adattamento multicategoriale e potenziamento del marchio<\/strong><\/h2>\n<p>Progettato specificamente per l'olio essenziale di cannabis e l'olio essenziale di CBD\/THC, il rivestimento pu\u00f2 essere personalizzato con film EVA antiurto o PE alimentare ed \u00e8 adatto a una variet\u00e0 di tipi di bottiglie da 5ml a 50ml. L'aspetto della confezione pu\u00f2 essere migliorato al tatto attraverso processi come la goffratura e la verniciatura locale UV, in combinazione con il colore del marchio e il sistema VI per aumentare il valore aggiunto del prodotto.<\/p>\n<h2 id=\"-5-one-stop-customization-service-and-cost-advantage-\"><strong>5. Servizio di personalizzazione one-stop e vantaggio di costo<\/strong><\/h2>\n<ul>\n<li><strong>Personalizzazione flessibile<\/strong>: Supporta la regolazione personalizzata delle dimensioni del cilindro (diametro 20-100 mm, altezza 50-300 mm), della struttura della scatola (come coperchio magnetico, coperchio a scatto) e del processo (stampa a caldo\/argento, goffratura) per soddisfare le esigenze di differenziazione del marchio.<\/li>\n<li><strong>Fonte vantaggio<\/strong>: Prodotti direttamente dalle fabbriche cinesi, senza differenze di prezzo tra gli intermediari, con prezzi all'ingrosso leader del settore; i servizi di progettazione gratuiti comprendono rendering 3D, disegni strutturali e prove materiali per garantire un'accurata realizzazione del progetto.<\/li>\n<li><strong>Risposta rapida<\/strong>: Consegna gratuita del campione, prove di stampa completate entro 3-5 giorni lavorativi, servizi di supporto a ciclo completo dalla produzione di prova in piccoli lotti alla produzione di massa su larga scala.<\/li>\n<\/ul>\n<h2 id=\"-6-case-and-market-verification-\"><strong>6. Verifica dei casi e del mercato<\/strong><\/h2>\n<ul>\n<li>Il processo di stampa a caldo aumenta la riconoscibilit\u00e0 del prodotto sullo scaffale di 40%;<\/li>\n<li>Il materiale in carta kraft riduce il tasso di perdita logistica a meno di 1%;<\/li>\n<li>Il design personalizzato aiuta lo spazio premium del marchio a raggiungere 15%-30%.<\/li>\n<\/ul>","protected":false},"excerpt":{"rendered":"<p>Marchio personalizzato per un impatto immediato sugli scaffali<br \/>\n\u2705 Materiali di provenienza sostenibile allineati ai valori del benessere<br \/>\n\u2705 Produzione scalabile per startup e clienti aziendali<br \/>\n\u2705 Tempi rapidi senza compromettere la qualit\u00e0<\/p>","protected":false},"featured_media":9712,"template":"","meta":[],"product_brand":[],"product_cat":[30,418,31,429],"product_tag":[1251,1252,804],"class_list":{"0":"post-9711","1":"product","2":"type-product","3":"status-publish","4":"has-post-thumbnail","6":"product_cat-by-industry","7":"product_cat-custom-cbd-boxes","8":"product_cat-paper-box-style","9":"product_cat-paper-tube-boxes","10":"product_tag-cbd-paper-tube-packaging","11":"product_tag-custom-cbd-hemp-oil-packaging-wholesale","12":"product_tag-hemp-oil-packaging","14":"first","15":"instock","16":"shipping-taxable","17":"product-type-grouped"},"_links":{"self":[{"href":"https:\/\/zojopackaging.com\/it\/wp-json\/wp\/v2\/product\/9711","targetHints":{"allow":["GET"]}}],"collection":[{"href":"https:\/\/zojopackaging.com\/it\/wp-json\/wp\/v2\/product"}],"about":[{"href":"https:\/\/zojopackaging.com\/it\/wp-json\/wp\/v2\/types\/product"}],"version-history":[{"count":2,"href":"https:\/\/zojopackaging.com\/it\/wp-json\/wp\/v2\/product\/9711\/revisions"}],"predecessor-version":[{"id":9726,"href":"https:\/\/zojopackaging.com\/it\/wp-json\/wp\/v2\/product\/9711\/revisions\/9726"}],"wp:featuredmedia":[{"embeddable":true,"href":"https:\/\/zojopackaging.com\/it\/wp-json\/wp\/v2\/media\/9712"}],"wp:attachment":[{"href":"https:\/\/zojopackaging.com\/it\/wp-json\/wp\/v2\/media?parent=9711"}],"wp:term":[{"taxonomy":"product_brand","embeddable":true,"href":"https:\/\/zojopackaging.com\/it\/wp-json\/wp\/v2\/product_brand?post=9711"},{"taxonomy":"product_cat","embeddable":true,"href":"https:\/\/zojopackaging.com\/it\/wp-json\/wp\/v2\/product_cat?post=9711"},{"taxonomy":"product_tag","embeddable":true,"href":"https:\/\/zojopackaging.com\/it\/wp-json\/wp\/v2\/product_tag?post=9711"}],"curies":[{"name":"wp","href":"https:\/\/api.w.org\/{rel}","templated":true}]}}