{"id":9719,"date":"2025-04-03T16:09:23","date_gmt":"2025-04-03T08:09:23","guid":{"rendered":"https:\/\/zojopackaging.com\/?post_type=product&#038;p=9719"},"modified":"2025-04-03T16:55:29","modified_gmt":"2025-04-03T08:55:29","slug":"custom-black-round-candle-paper-tube-packaging-wholesale","status":"publish","type":"product","link":"https:\/\/zojopackaging.com\/it\/product\/custom-black-round-candle-paper-tube-packaging-wholesale\/","title":{"rendered":"Personalizzato nero rotondo candela carta tubo imballaggio all'ingrosso"},"content":{"rendered":"<h2 id=\"1-shockproof-and-buffering-design-comprehensive-product-protection-\">1.\u00a0<strong>Design antiurto e tampone, protezione completa del prodotto<\/strong><\/h2>\n<p>Utilizzo\u00a0<strong>struttura composita multistrato<\/strong>La scatola cilindrica \u00e8 combinata con un cartone ad alta densit\u00e0 attraverso uno strato cuscino d'aria elastico trasversale, che pu\u00f2 disperdere uniformemente l'impatto della forza esterna durante il trasporto o lo stoccaggio, prevenendo efficacemente rischi come la rottura di candele e bottiglie di profumo. Il rivestimento \u00e8 modellato da\u00a0<strong>tecnologia di fustellatura di precisione<\/strong>, si adatta perfettamente alla forma del prodotto, riduce i vuoti di scuotimento e fornisce una protezione tampone a tutto tondo.<\/p>\n<h2 id=\"2-classic-contrasting-color-design-enhances-visual-texture-\">2.\u00a0<strong>Design classico a colori contrastanti, per migliorare la consistenza visiva.<\/strong><\/h2>\n<ul>\n<li><strong>Scatola esterna<\/strong>: Tubo di carta nera opaca, con tecnologia di rivestimento UV, presenta una lucentezza profonda, semplice e d'atmosfera, e si adatta a tutti i tipi di scene regalo di alto livello.<\/li>\n<li><strong>Scatola interna<\/strong>: Il design bianco puro della fodera, in netto contrasto con la scatola esterna, mette in risalto la stratificazione del prodotto esposto, mentre lo sfondo bianco pu\u00f2 visualizzare chiaramente il LOGO del marchio o le informazioni sul prodotto.<\/li>\n<\/ul>\n<h2 id=\"3-multi-category-adaptation-flexible-application-scenarios-\">3.\u00a0<strong>Adattamento multi-categoria, scenari di applicazione flessibili<\/strong><\/h2>\n<p>Supporta il confezionamento di prodotti diversi come candele, profumi, caff\u00e8 in grani e t\u00e8. Il materiale di rivestimento pu\u00f2 essere EVA, spugna o riempimento ecologico personalizzato per soddisfare le esigenze di resistenza agli urti dei diversi prodotti (come le bottiglie di profumo per evitare perdite, i chicchi di caff\u00e8 per evitare l'umidit\u00e0).<\/p>\n<h2 id=\"4-16-years-of-china-source-factory-quality-assurance-\">4.\u00a0<strong>16 anni di fabbrica di origine cinese, garanzia di qualit\u00e0<\/strong><\/h2>\n<p>Basandosi sul maturo sistema della catena di approvvigionamento di Dongguan, Guangdong e Shenzhen, l'azienda \u00e8 integrata dall'approvvigionamento delle materie prime alla produzione e alla lavorazione. Adottando\u00a0<strong>Standard di gestione della qualit\u00e0 ISO<\/strong>, assicurano che il tubo di carta abbia uno spessore uniforme, cuciture strette, una capacit\u00e0 di carico superiore a 3 kg e una resistenza alla compressione conforme agli standard internazionali di trasporto.<\/p>\n<h2 id=\"5-customized-service-in-line-with-brand-needs-\">5.\u00a0<strong>Servizio personalizzato, in linea con le esigenze del marchio<\/strong><\/h2>\n<ul>\n<li><strong>Dimensione flessibile<\/strong>Supporta gamme personalizzate di 2-50 cm di diametro e 2-50 cm di altezza, adatte a mini tazze per candele o a grandi prodotti per l'aromaterapia.<\/li>\n<li><strong>Aggiornamento tecnologico<\/strong>: processi opzionali di fascia alta come la stampa a caldo, la goffratura, la superficie lucida parziale UV o la stampa a tinte piatte Pantone combinata con il sistema di colori VI del marchio.<\/li>\n<li><strong>Accessori a valore aggiunto<\/strong>: fornisce chiusure magnetiche, nastri, corde e altri accessori per migliorare la praticit\u00e0 e gli attributi regalo delle confezioni.<\/li>\n<\/ul>\n<h2 id=\"6-high-cost-performance-and-quick-response-\">6.\u00a0<strong>Prestazioni ad alto costo e risposta rapida<\/strong><\/h2>\n<ul>\n<li><strong>Strategia a basso prezzo<\/strong>: La produzione su larga scala riduce il costo unitario, con un prezzo minimo d'ordine di 500 pezzi a partire da 2 yuan\/pezzo, mentre gli ordini di 10.000 pezzi possono godere di sconti graduali.<\/li>\n<li><strong>Garanzia di consegna<\/strong>: La prototipazione \u00e8 completata in 7-10 giorni, la consegna dei lotti \u00e8 di 15-20 giorni e sono supportate diverse soluzioni logistiche come il trasporto marittimo e aereo.<\/li>\n<\/ul>\n<h2 id=\"1-one-stop-customization-process-\">7. <strong>Processo di personalizzazione one-stop<\/strong><\/h2>\n<p>Forniamo gratuitamente la modifica della bozza di progetto, la conferma del rendering 3D e la consegna del campione fisico, supportiamo l'aggancio dei file in formato AI\/PDF\/CDR e garantiamo che il grado di ripristino del progetto raggiunga 99%.<\/p>\n<h2 id=\"2-worry-free-after-sales-commitment-\">8. <strong>Impegno post-vendita senza preoccupazioni<\/strong><\/h2>\n<ul>\n<li><strong>Garanzia di qualit\u00e0<\/strong>: Supporto per la sostituzione gratuita a causa di danni da trasporto o difetti di fabbricazione entro 30 giorni dall'arrivo.<\/li>\n<li><strong>Certificazione ambientale<\/strong>: Il tubo di carta utilizza materiali riciclati certificati FSC, conformi allo standard RoHS dell'UE, contribuendo all'immagine di sviluppo sostenibile del marchio.<\/li>\n<\/ul>","protected":false},"excerpt":{"rendered":"<p>Esperienza di unboxing di lusso per candele di alta gamma<br \/>\n\u2705 Protezione durevole contro i danni da trasporto<br \/>\n\u2705 Flessibilit\u00e0 del marchio personalizzato<br \/>\n\u2705 Sconti per ordini in blocco per i grossisti<br \/>\n\u2705 Il materiale eco-consapevole si allinea ai marchi moderni<\/p>","protected":false},"featured_media":9720,"template":"","meta":[],"product_brand":[],"product_cat":[30,416,31,429],"product_tag":[470,1256,468],"class_list":{"0":"post-9719","1":"product","2":"type-product","3":"status-publish","4":"has-post-thumbnail","6":"product_cat-by-industry","7":"product_cat-custom-candle-boxes","8":"product_cat-paper-box-style","9":"product_cat-paper-tube-boxes","10":"product_tag-candle-packaging-wholesale","11":"product_tag-candle-paper-tube","12":"product_tag-custom-candle-packaging","14":"first","15":"instock","16":"shipping-taxable","17":"product-type-grouped"},"_links":{"self":[{"href":"https:\/\/zojopackaging.com\/it\/wp-json\/wp\/v2\/product\/9719","targetHints":{"allow":["GET"]}}],"collection":[{"href":"https:\/\/zojopackaging.com\/it\/wp-json\/wp\/v2\/product"}],"about":[{"href":"https:\/\/zojopackaging.com\/it\/wp-json\/wp\/v2\/types\/product"}],"version-history":[{"count":1,"href":"https:\/\/zojopackaging.com\/it\/wp-json\/wp\/v2\/product\/9719\/revisions"}],"predecessor-version":[{"id":9727,"href":"https:\/\/zojopackaging.com\/it\/wp-json\/wp\/v2\/product\/9719\/revisions\/9727"}],"wp:featuredmedia":[{"embeddable":true,"href":"https:\/\/zojopackaging.com\/it\/wp-json\/wp\/v2\/media\/9720"}],"wp:attachment":[{"href":"https:\/\/zojopackaging.com\/it\/wp-json\/wp\/v2\/media?parent=9719"}],"wp:term":[{"taxonomy":"product_brand","embeddable":true,"href":"https:\/\/zojopackaging.com\/it\/wp-json\/wp\/v2\/product_brand?post=9719"},{"taxonomy":"product_cat","embeddable":true,"href":"https:\/\/zojopackaging.com\/it\/wp-json\/wp\/v2\/product_cat?post=9719"},{"taxonomy":"product_tag","embeddable":true,"href":"https:\/\/zojopackaging.com\/it\/wp-json\/wp\/v2\/product_tag?post=9719"}],"curies":[{"name":"wp","href":"https:\/\/api.w.org\/{rel}","templated":true}]}}