{"id":9743,"date":"2025-04-03T17:01:08","date_gmt":"2025-04-03T09:01:08","guid":{"rendered":"https:\/\/zojopackaging.com\/?post_type=product&#038;p=9743"},"modified":"2025-04-03T17:18:41","modified_gmt":"2025-04-03T09:18:41","slug":"custom-30ml-perfume-fragrances-bottle-gift-boxes-wholesale","status":"publish","type":"product","link":"https:\/\/zojopackaging.com\/it\/product\/custom-30ml-perfume-fragrances-bottle-gift-boxes-wholesale\/","title":{"rendered":"Personalizzato 30ml profumo fragranze bottiglia regalo scatole all'ingrosso"},"content":{"rendered":"<h2 id=\"1-coffee-pull-out-box-design-\">1.\u00a0<strong>Design della scatola estraibile per il caff\u00e8<\/strong><\/h2>\n<ul>\n<li><strong>Aspetto<\/strong>: Il corpo della scatola \u00e8 realizzato in cartone caff\u00e8 opaco o in carta speciale, con un LOGO in oro caldo\/argento caldo, che presenta una struttura visiva di basso profilo e lusso. La struttura estraibile si apre e si chiude senza problemi e il bordo del coperchio della scatola \u00e8 lavorato con la tecnologia del taglio laser per garantire una perfetta aderenza e migliorare il senso della cerimonia di unboxing.<\/li>\n<li><strong>Funzione<\/strong>: La dimensione della scatola pu\u00f2 corrispondere esattamente a un flacone di profumo da 30 ml e pu\u00f2 essere regolata secondo le necessit\u00e0 per adattarsi a flaconi di forma speciale o a esigenze espositive particolari.<\/li>\n<\/ul>\n<h2 id=\"2-white-eva-die-cut-lining-\">2.\u00a0<strong>Fodera bianca in EVA fustellata<\/strong><\/h2>\n<ul>\n<li><strong>Materiale e artigianato<\/strong>: La fodera \u00e8 realizzata in schiuma EVA bianca ad alta densit\u00e0, modellata attraverso una tecnologia di fustellatura di precisione per adattarsi perfettamente al contorno della bottiglia di profumo, ottenere una protezione \"incorporata\" ed evitare scosse e usura durante il trasporto.<\/li>\n<li><strong>Contrasto visivo<\/strong>: La fodera bianca e l'involucro esterno color caff\u00e8 formano un netto contrasto cromatico, mettendo in risalto la texture trasparente del flacone di profumo e riservando uno spazio per la carta del marchio per migliorare l'effetto espositivo del prodotto.<\/li>\n<\/ul>\n<h2 id=\"3-technology-and-details-upgrade-\">3.\u00a0<strong>Aggiornamento della tecnologia e dei dettagli<\/strong><\/h2>\n<ul>\n<li><strong>Trattamento della superficie<\/strong>: Laminazione opzionale con film opaco, superficie lucida parziale UV, goffratura e altri processi per migliorare la stratificazione tattile; il processo di stampa a caldo\/serigrafia pu\u00f2 presentare motivi o scritte specifiche del marchio, facendo eco alla tendenza del \"packaging emozionale\".<\/li>\n<li><strong>Certificazione ambientale<\/strong>: Il materiale \u00e8 conforme alla certificazione FSC e agli standard REACH dell'UE, a sostegno delle esigenze di imballaggio ecologico.<\/li>\n<\/ul>\n<h2 id=\"1-full-process-customization-\">4. <strong>Personalizzazione completa del processo<\/strong><\/h2>\n<ul>\n<li><strong>Dimensioni e struttura<\/strong>: Supporta una variet\u00e0 di design di scatole, come scatole di forma speciale, cassettiere e coperchi, che possono adattarsi a bottiglie standard da 30 ml o a forme speciali di bottiglie (come quelle quadrate e ad arco).<\/li>\n<li><strong>Tecnologia e stampa<\/strong>: Fornisce pi\u00f9 di 20 opzioni di processo come la stampa a caldo, il laser e la serigrafia e pu\u00f2 personalizzare colori esclusivi in combinazione con il sistema VI del marchio (corrispondenza precisa dei numeri di colore Pantone).<\/li>\n<\/ul>\n<h2 id=\"2-flexible-production-\">5. <strong>Produzione flessibile<\/strong><\/h2>\n<ul>\n<li><strong>Quantit\u00e0 minima d'ordine flessibile<\/strong>: Quantit\u00e0 minima ordinabile di 500 pezzi, supporto alla produzione di prova di piccoli lotti e alla produzione di massa su larga scala e ciclo di consegna di 7-14 giorni (adattato in base alla complessit\u00e0 del processo).<\/li>\n<li><strong>Garanzia di controllo qualit\u00e0<\/strong>: Processo di ispezione della qualit\u00e0 full-link, che comprende test di durezza del materiale, test di precisione della fustellatura (errore \u2264 0,5 mm), test di resistenza al carico e alla compressione, ecc.<\/li>\n<\/ul>\n<h2 id=\"-supply-chain-and-price-advantage-\"><strong>Catena di approvvigionamento e vantaggio di prezzo<\/strong><\/h2>\n<ul>\n<li><strong>Fornitura diretta dalla fabbrica di origine<\/strong>: La base di produzione di propriet\u00e0 \u00e8 dotata di macchine fustellatrici completamente automatiche, macchine per la stampa a caldo e attrezzature per lo stampaggio di EVA, eliminando la differenza di prezzo degli intermediari, e il prezzo \u00e8 15%-30% inferiore al prezzo di mercato a parit\u00e0 di qualit\u00e0.<\/li>\n<li><strong>Servizio unico<\/strong>: Dalle prove di progettazione, alla selezione dei materiali, fino alla distribuzione logistica, il personale dedicato \u00e8 collegato durante l'intero processo, supportando la fornitura di rendering 3D e la conferma delle scatole campione fisiche per ridurre i costi di comunicazione.<\/li>\n<\/ul>\n<h2 id=\"-cooperation-guarantee-\"><strong>Garanzia di cooperazione<\/strong><\/h2>\n<ul>\n<li><strong>16 anni di precipitazione nel settore<\/strong>: Serviamo pi\u00f9 di 500 marchi di bellezza, tra cui le fabbriche OEM di Estee Lauder, i marchi di profumi di nicchia, ecc. e conosciamo gli standard di esportazione delle confezioni regalo (come i requisiti di etichettatura di Amazon FNSKU).<\/li>\n<li><strong>Post vendita senza preoccupazioni<\/strong>: Forniamo assistenza post-vendita, come la sostituzione dei danni e l'adeguamento dei processi, e promettiamo di fornire un servizio gratuito di archiviazione dei file di progettazione entro 1 anno.<\/li>\n<\/ul>","protected":false},"excerpt":{"rendered":"<p>Questa confezione regalo per flaconi di profumo da 30 ml \u00e8 stata progettata appositamente per i marchi di profumi di fascia alta. Si basa sul design della scatola marrone estraibile, integrando estetica semplice e funzioni pratiche, e si impegna a migliorare l'immagine del marchio e il valore aggiunto del prodotto attraverso un design di imballaggio squisito. In qualit\u00e0 di fabbrica di origine con 16 anni di esperienza nel settore, ci affidiamo a un sistema completo di catena di fornitura per fornire servizi personalizzati ed economicamente vantaggiosi, per garantire il miglior equilibrio tra qualit\u00e0 e costi.<\/p>","protected":false},"featured_media":9744,"template":"","meta":[],"product_brand":[],"product_cat":[30,417,31,426],"product_tag":[1259,1260,1261],"class_list":{"0":"post-9743","1":"product","2":"type-product","3":"status-publish","4":"has-post-thumbnail","6":"product_cat-by-industry","7":"product_cat-custom-perfume-boxes-by-industry","8":"product_cat-paper-box-style","9":"product_cat-paper-drawer-boxes","10":"product_tag-30ml-perfume-gift-boxes","11":"product_tag-custom-fragrances-boxes","12":"product_tag-gift-boxes-wholesale","14":"first","15":"instock","16":"shipping-taxable","17":"product-type-grouped"},"_links":{"self":[{"href":"https:\/\/zojopackaging.com\/it\/wp-json\/wp\/v2\/product\/9743","targetHints":{"allow":["GET"]}}],"collection":[{"href":"https:\/\/zojopackaging.com\/it\/wp-json\/wp\/v2\/product"}],"about":[{"href":"https:\/\/zojopackaging.com\/it\/wp-json\/wp\/v2\/types\/product"}],"version-history":[{"count":1,"href":"https:\/\/zojopackaging.com\/it\/wp-json\/wp\/v2\/product\/9743\/revisions"}],"predecessor-version":[{"id":9750,"href":"https:\/\/zojopackaging.com\/it\/wp-json\/wp\/v2\/product\/9743\/revisions\/9750"}],"wp:featuredmedia":[{"embeddable":true,"href":"https:\/\/zojopackaging.com\/it\/wp-json\/wp\/v2\/media\/9744"}],"wp:attachment":[{"href":"https:\/\/zojopackaging.com\/it\/wp-json\/wp\/v2\/media?parent=9743"}],"wp:term":[{"taxonomy":"product_brand","embeddable":true,"href":"https:\/\/zojopackaging.com\/it\/wp-json\/wp\/v2\/product_brand?post=9743"},{"taxonomy":"product_cat","embeddable":true,"href":"https:\/\/zojopackaging.com\/it\/wp-json\/wp\/v2\/product_cat?post=9743"},{"taxonomy":"product_tag","embeddable":true,"href":"https:\/\/zojopackaging.com\/it\/wp-json\/wp\/v2\/product_tag?post=9743"}],"curies":[{"name":"wp","href":"https:\/\/api.w.org\/{rel}","templated":true}]}}