{"id":9766,"date":"2025-04-03T18:36:11","date_gmt":"2025-04-03T10:36:11","guid":{"rendered":"https:\/\/zojopackaging.com\/?post_type=product&#038;p=9766"},"modified":"2025-04-07T14:29:51","modified_gmt":"2025-04-07T06:29:51","slug":"custom-premium-watch-magnetic-closure-rigid-boxes-wholesale","status":"publish","type":"product","link":"https:\/\/zojopackaging.com\/it\/product\/custom-premium-watch-magnetic-closure-rigid-boxes-wholesale\/","title":{"rendered":"Custom Premium Watch chiusura magnetica scatole rigide all'ingrosso"},"content":{"rendered":"<h2 id=\"-i-core-selling-points-of-the-product-\"><strong>1. Punti di forza del prodotto<\/strong><\/h2>\n<ol>\n<li><strong>Design dall'aspetto elegante<\/strong>\u00a0Il colore principale \u00e8 il blu intenso, con una struttura a chiusura magnetica flip-top, linee semplici e morbide, e la combinazione di artigianato opaco e lucido migliora la stratificazione visiva, trasmettendo un'estetica commerciale e artistica di alto livello. Il corpo della scatola \u00e8 realizzato in cartone rigido ed ecologico, mentre la superficie \u00e8 ricoperta da una speciale carta tattile, che presenta resistenza all'usura e delicatezza al tatto, soddisfacendo le esigenze di diverse tonalit\u00e0 del marchio.<\/li>\n<li><strong>Protezione professionale della fodera<\/strong>\u00a0Il rivestimento \u00e8 realizzato in materiale EVA nero di elevata purezza e il processo di fustellatura di precisione \u00e8 utilizzato per ottenere una perfetta aderenza al contorno dell'orologio, formando una struttura a \"corazza protettiva\". Le sue elevate propriet\u00e0 riflettenti migliorano notevolmente il contrasto visivo, rendendo chiari e tridimensionali la trama del quadrante, il collegamento del cinturino e altri dettagli; allo stesso tempo, ha funzioni di assorbimento degli urti e di tamponamento, resistendo efficacemente all'attrito e agli urti durante il trasporto.<\/li>\n<li><strong>Valorizzazione del marchio<\/strong>\u00a0La confezione nel suo complesso trasmette la tonalit\u00e0 di fascia alta e differenziata del marchio attraverso l'abbinamento dei materiali (come la stampa a caldo del LOGO, la texture della carta speciale) e i dettagli del processo (superficie lucida UV, stampa in rilievo). La classica combinazione di colori blu e nero, unita all'effetto riflettente del rivestimento in EVA, aumenta ulteriormente l'impatto visivo dell'esposizione del prodotto, aiutando i marchi a distinguersi sulle piattaforme di e-commerce (come Amazon, siti indipendenti) e sui canali offline.<\/li>\n<\/ol>\n<h2 id=\"-second-customized-service-advantages-\"><strong>2. Vantaggi del servizio personalizzato<\/strong><\/h2>\n<ol>\n<li><strong>Esigenze di adattamento flessibili<\/strong>\u00a0Supporta la personalizzazione di tutte le dimensioni, che comprende le specifiche delle dimensioni (standard\/non standard), la selezione del processo (forza della chiusura magnetica, struttura della superficie), la corrispondenza dei colori (ripristino accurato dei numeri di colore Pantone), ecc. Ad esempio, la struttura della fodera pu\u00f2 essere regolata per orologi quadrati, rotondi o di forma speciale, per adattarsi al layout da tavolo singolo a multi-tavolo.<\/li>\n<li><strong>Garanzia di processo e di qualit\u00e0<\/strong><\/li>\n<li><strong>Precisione di fustellatura<\/strong>: La tecnologia di fustellatura CNC garantisce che l'errore tra il rivestimento in EVA e il profilo del prodotto sia inferiore a 0,1 mm;<\/li>\n<li><strong>Stabilit\u00e0 del materiale<\/strong>: Il materiale EVA ha superato i test di resistenza agli agenti atmosferici e di stabilit\u00e0 chimica ed \u00e8 adatto ad ambienti estremi come le alte temperature e l'umidit\u00e0;<\/li>\n<li><strong>Sistema di ispezione della qualit\u00e0<\/strong>: Seguire gli standard di gestione della qualit\u00e0 ISO durante tutto il processo, dai test di protezione ambientale delle materie prime (conformi alla direttiva ROHS) ai test di compressione del prodotto finito per garantire la coerenza dei lotti.<\/li>\n<\/ol>\n<h2 id=\"-iii-supply-chain-and-cost-advantages-\"><strong>3. Vantaggi della catena di fornitura e dei costi<\/strong><\/h2>\n<ol>\n<li><strong>Forza della fabbrica di fonti<\/strong>\u00a0Con 16 anni di esperienza nel settore, basandoci sulla matura catena industriale di Dongguan\/Shenzhen, integrando le risorse dell'intera catena di fornitura di materiali, sviluppo di stampi, produzione e lavorazione, abbiamo ottenuto un controllo dei costi su larga scala. Ad esempio, il prezzo di prodotti simili \u00e8 15%-20% inferiore al prezzo medio del mercato e supporta un ordine minimo di 500 pezzi, che \u00e8 flessibile per soddisfare le esigenze dei marchi start-up e degli acquisti di grandi volumi.<\/li>\n<li><strong>Capacit\u00e0 di consegna efficiente<\/strong><\/li>\n<li><strong>Ciclo di prototipazione<\/strong>: I campioni fisici vengono forniti entro 3-5 giorni lavorativi;<\/li>\n<li><strong>Tempo di produzione di massa<\/strong>: Gli ordini regolari vengono consegnati entro 15-20 giorni, e le esigenze urgenti possono coordinare canali accelerati;<\/li>\n<li><strong>Logistica globale<\/strong>: Supportare l'esportazione transfrontaliera di forniture dedicate, coprendo i principali mercati come l'Europa, l'America e il Sud-Est asiatico.<\/li>\n<\/ol>\n<h2 id=\"-iv-cooperation-process-and-guarantee-\"><strong>4. Processo di cooperazione e garanzia<\/strong><\/h2>\n<ol>\n<li><strong>Impegno di servizio<\/strong><\/li>\n<li><strong>Garanzia post-vendita<\/strong>: Fornire l'assicurazione per il trasporto di ritorno e l'impegno per il risarcimento della qualit\u00e0;<\/li>\n<li><strong>Risposta tecnica<\/strong>: L'esclusivo team di assistenza clienti segue l'intero processo e risolve i problemi tecnici entro 48 ore.<\/li>\n<li><strong>Processo di cooperazione<\/strong>\u00a0<strong>Comunicazione della domanda \u2192 Prova di progettazione \u2192 Conferma della produzione \u2192 Ispezione della qualit\u00e0 e consegna<\/strong><\/li>\n<\/ol>","protected":false},"excerpt":{"rendered":"<ul>\n<li><strong>Marchio di orologi di alta gamma<\/strong>: Rafforzare il posizionamento di lusso attraverso la scatola magnetica blu con rivestimento in EVA nero;<\/li>\n<li><strong>Dispositivo indossabile intelligente<\/strong>: Adatto per orologi da polso per bambini, braccialetti intelligenti, ecc., la struttura della fodera \u00e8 compatibile con le esigenze di protezione dei componenti elettronici;<\/li>\n<li><strong>Commercio elettronico transfrontaliero<\/strong>: Conformit\u00e0 agli standard di imballaggio di Amazon FBA e riduzione del tasso di perdita nel trasporto grazie al test di compressione.<\/li>\n<\/ul>","protected":false},"featured_media":9774,"template":"","meta":[],"product_brand":[],"product_cat":[30,413,424,31],"product_tag":[1269,1267,1268],"class_list":{"0":"post-9766","1":"product","2":"type-product","3":"status-publish","4":"has-post-thumbnail","6":"product_cat-by-industry","7":"product_cat-consumer-electronics-boxes","8":"product_cat-magnetic-closure-boxes","9":"product_cat-paper-box-style","10":"product_tag-custom-watch-boxes-wholesale","11":"product_tag-watch-magnetic-closure-boxes","12":"product_tag-watch-rigid-boxes","14":"first","15":"instock","16":"shipping-taxable","17":"product-type-grouped"},"_links":{"self":[{"href":"https:\/\/zojopackaging.com\/it\/wp-json\/wp\/v2\/product\/9766","targetHints":{"allow":["GET"]}}],"collection":[{"href":"https:\/\/zojopackaging.com\/it\/wp-json\/wp\/v2\/product"}],"about":[{"href":"https:\/\/zojopackaging.com\/it\/wp-json\/wp\/v2\/types\/product"}],"version-history":[{"count":3,"href":"https:\/\/zojopackaging.com\/it\/wp-json\/wp\/v2\/product\/9766\/revisions"}],"predecessor-version":[{"id":9781,"href":"https:\/\/zojopackaging.com\/it\/wp-json\/wp\/v2\/product\/9766\/revisions\/9781"}],"wp:featuredmedia":[{"embeddable":true,"href":"https:\/\/zojopackaging.com\/it\/wp-json\/wp\/v2\/media\/9774"}],"wp:attachment":[{"href":"https:\/\/zojopackaging.com\/it\/wp-json\/wp\/v2\/media?parent=9766"}],"wp:term":[{"taxonomy":"product_brand","embeddable":true,"href":"https:\/\/zojopackaging.com\/it\/wp-json\/wp\/v2\/product_brand?post=9766"},{"taxonomy":"product_cat","embeddable":true,"href":"https:\/\/zojopackaging.com\/it\/wp-json\/wp\/v2\/product_cat?post=9766"},{"taxonomy":"product_tag","embeddable":true,"href":"https:\/\/zojopackaging.com\/it\/wp-json\/wp\/v2\/product_tag?post=9766"}],"curies":[{"name":"wp","href":"https:\/\/api.w.org\/{rel}","templated":true}]}}