{"id":9784,"date":"2025-04-03T20:30:33","date_gmt":"2025-04-03T12:30:33","guid":{"rendered":"https:\/\/zojopackaging.com\/?post_type=product&#038;p=9784"},"modified":"2025-04-03T20:55:40","modified_gmt":"2025-04-03T12:55:40","slug":"round-candle-cylinder-paper-tube-packaging-box-container","status":"publish","type":"product","link":"https:\/\/zojopackaging.com\/it\/product\/round-candle-cylinder-paper-tube-packaging-box-container\/","title":{"rendered":"Contenitore rotondo della scatola d'imballaggio del tubo di carta del cilindro della candela"},"content":{"rendered":"<h2 id=\"-2-high-density-environmentally-friendly-materials-fully-protecting-sensitive-items-\"><strong>1. Materiali ecologici ad alta densit\u00e0, che proteggono completamente gli oggetti sensibili.<\/strong><\/h2>\n<p>La scatola cilindrica utilizza un cartone ecologico ad alta densit\u00e0, che presenta caratteristiche di durezza e resistenza. Pu\u00f2 sopportare pi\u00f9 di 1 kg ed \u00e8 adatta ad articoli fragili come candele, saponi e bottiglie di profumo. Il materiale ha superato la certificazione ambientale REACH dell'UE, non contiene plastificanti e sostanze chimiche nocive e ha propriet\u00e0 antiumidit\u00e0 (pellicola opaca o rivestimento UV sulla superficie) per evitare che i cosmetici si deteriorino a causa dell'umidit\u00e0. La parete interna pu\u00f2 essere dotata, a scelta, di un rivestimento in plastica alimentare o in carta riciclata per soddisfare le esigenze di sicurezza dei diversi prodotti.<\/p>\n<h2 id=\"-3-off-white-low-saturation-design-in-line-with-environmental-protection-trends-\"><strong>2. Design bianco sporco a bassa saturazione, in linea con le tendenze di tutela ambientale<\/strong><\/h2>\n<p>Il corpo della scatola adotta il colore originale bianco sporco della polpa naturale, senza trattamento di sbiancamento, e i toni di colore a bassa saturazione trasmettono un concetto di marchio semplice e naturale, in linea con la tendenza globale del design del packaging ecologico. La superficie pu\u00f2 essere opaca o con texture di seta, per ridurre l'inquinamento luminoso e migliorare il senso del tatto. Questo design \u00e8 stato applicato a molti marchi internazionali di aromaterapia e ha vinto il \"2024 Green Packaging Innovation Award\".<\/p>\n<h2 id=\"-4-advanced-printing-equipment-to-ensure-customization-accuracy-and-quality-\"><strong>3. Attrezzature di stampa avanzate per garantire l'accuratezza e la qualit\u00e0 della personalizzazione.<\/strong><\/h2>\n<p>Lo stabilimento \u00e8 dotato di macchine da stampa Heidelberg, che supportano le tinte piatte Pantone e la stampa in quadricromia CMYK, con un tasso di errore inferiore a 0,1 mm, e possono presentare con precisione processi complessi come la sfumatura, la stampa a caldo e la goffratura. Grazie alle fustellatrici completamente automatiche e alle attrezzature per l'incisione laser, \u00e8 possibile realizzare tipi di scatole personalizzate, come finestre di forma speciale e modelli cavi, come strutture a cassetto e a conchiglia. Tutti i collegamenti di produzione hanno superato la certificazione del sistema di gestione della qualit\u00e0 ISO 9001 per garantire la coerenza degli ordini dei lotti.<\/p>\n<h2 id=\"-5-in-depth-brand-customization-to-enhance-the-unboxing-experience-\"><strong>4. Personalizzazione approfondita del marchio per migliorare l'esperienza di unboxing<\/strong><\/h2>\n<p>Sostenere l'impianto del marchio a tutto tondo, dall'interno all'esterno:<\/p>\n<ul>\n<li><strong>Personalizzazione dell'aspetto<\/strong>: La superficie della scatola pu\u00f2 essere stampata con il LOGO del cliente, illustrazioni o modelli di storie, utilizzando un inchiostro di soia ecologico, e l'adesione raggiunge i pi\u00f9 alti standard industriali.<\/li>\n<li><strong>Personalizzazione del colore<\/strong>: Fornisce oltre 500 numeri di colore Pantone tra cui scegliere e supporta lo sviluppo di tinte piatte sfumate, come l'oro champagne, il sistema di colori Morandi, ecc.<\/li>\n<li><strong>Personalizzazione delle funzioni<\/strong>Nastro magnetico incorporato, etichetta a strappo o slot per schede con codice QR, per consentire ai consumatori di identificare rapidamente le informazioni sul prodotto.<\/li>\n<\/ul>\n<h2 id=\"-6-professional-design-team-full-technical-empowerment-\"><strong>5. Team di progettazione professionale, pieno potere tecnico<\/strong><\/h2>\n<p>L'azienda dispone di un team di progettazione industriale con oltre 10 anni di esperienza, che fornisce servizi one-stop dalla modellazione 3D, alla prova strutturale, alla produzione in serie. I casi tipici includono:<\/p>\n<ul>\n<li><strong>Effetto rilievo tridimensionale<\/strong>: La texture 3D della superficie della scatola \u00e8 ottenuta tramite modellazione digitale per migliorare la stratificazione visiva.<\/li>\n<li><strong>Imballaggio interattivo intelligente<\/strong>Il codice di tracciabilit\u00e0 del prodotto pu\u00f2 essere scannerizzato tramite il chip NFC integrato o il punto di attivazione AR. Il team \u00e8 in grado di fornire soluzioni di adattamento entro 48 ore in base alle esigenze del cliente e di supportare la videoconferenza a distanza per confermare i dettagli.<\/li>\n<\/ul>\n<h2 id=\"-7-efficient-online-service-full-cycle-order-guarantee-\"><strong>6. Servizio online efficiente, garanzia dell'ordine a ciclo completo<\/strong><\/h2>\n<ul>\n<li><strong>Processo intelligente<\/strong>: Il sito web ufficiale supporta il caricamento online delle bozze di progetto, il monitoraggio in tempo reale dei preventivi e dell'avanzamento della produzione, e completa le prove di stampa e la consegna entro 48 ore.<\/li>\n<li><strong>Assistenza post-vendita senza preoccupazioni<\/strong>Servizio clienti multilingue (cinese\/inglese\/spagnolo) 24 ore su 24, 7 giorni su 7, per risolvere problemi quali la logistica e le modifiche al design, e 10% dell'importo dell'ordine sar\u00e0 compensato in caso di ritardo nella consegna.<\/li>\n<li><strong>Ordine minimo flessibile<\/strong>: Ordine minimo di 500 pezzi, supporto agli ordini di prova di piccoli lotti e alla spedizione diretta globale (linea dedicata DHL\/FedEx), che copre i canali di e-commerce transfrontalieri e di vendita al dettaglio offline.<\/li>\n<\/ul>","protected":false},"excerpt":{"rendered":"<p>Le nostre scatole in tubo di carta adottano un'innovativa struttura antiurto, che disperde uniformemente la pressione esterna combinando uno strato di supporto interno anulare con un materiale ammortizzante (come la spugna EVA o un vassoio di carta personalizzato). Il corpo della scatola \u00e8 costituito da un tubo di carta rigida con un design a nido d'ape per assorbire efficacemente l'impatto durante il trasporto ed evitare che la candela si rompa o si deformi a causa di schiacciamenti o collisioni. Inoltre, il coperchio e il fondo della scatola adottano una struttura a fibbia incorporata per migliorare ulteriormente la stabilit\u00e0 complessiva e garantire che il contenuto sia sicuro e intatto in un ambiente dinamico.<\/p>","protected":false},"featured_media":9785,"template":"","meta":[],"product_brand":[],"product_cat":[30,416,31,429],"product_tag":[1272,1274,1273],"class_list":{"0":"post-9784","1":"product","2":"type-product","3":"status-publish","4":"has-post-thumbnail","6":"product_cat-by-industry","7":"product_cat-custom-candle-boxes","8":"product_cat-paper-box-style","9":"product_cat-paper-tube-boxes","10":"product_tag-candle-cylinder-box","11":"product_tag-candle-cylinder-packaging","12":"product_tag-candle-paper-tube-packaging","14":"first","15":"instock","16":"shipping-taxable","17":"product-type-grouped"},"_links":{"self":[{"href":"https:\/\/zojopackaging.com\/it\/wp-json\/wp\/v2\/product\/9784","targetHints":{"allow":["GET"]}}],"collection":[{"href":"https:\/\/zojopackaging.com\/it\/wp-json\/wp\/v2\/product"}],"about":[{"href":"https:\/\/zojopackaging.com\/it\/wp-json\/wp\/v2\/types\/product"}],"version-history":[{"count":1,"href":"https:\/\/zojopackaging.com\/it\/wp-json\/wp\/v2\/product\/9784\/revisions"}],"predecessor-version":[{"id":9792,"href":"https:\/\/zojopackaging.com\/it\/wp-json\/wp\/v2\/product\/9784\/revisions\/9792"}],"wp:featuredmedia":[{"embeddable":true,"href":"https:\/\/zojopackaging.com\/it\/wp-json\/wp\/v2\/media\/9785"}],"wp:attachment":[{"href":"https:\/\/zojopackaging.com\/it\/wp-json\/wp\/v2\/media?parent=9784"}],"wp:term":[{"taxonomy":"product_brand","embeddable":true,"href":"https:\/\/zojopackaging.com\/it\/wp-json\/wp\/v2\/product_brand?post=9784"},{"taxonomy":"product_cat","embeddable":true,"href":"https:\/\/zojopackaging.com\/it\/wp-json\/wp\/v2\/product_cat?post=9784"},{"taxonomy":"product_tag","embeddable":true,"href":"https:\/\/zojopackaging.com\/it\/wp-json\/wp\/v2\/product_tag?post=9784"}],"curies":[{"name":"wp","href":"https:\/\/api.w.org\/{rel}","templated":true}]}}