{"id":9791,"date":"2025-04-03T20:42:45","date_gmt":"2025-04-03T12:42:45","guid":{"rendered":"https:\/\/zojopackaging.com\/?post_type=product&#038;p=9791"},"modified":"2025-04-03T21:04:16","modified_gmt":"2025-04-03T13:04:16","slug":"custom-festival-dessert-rigid-slider-box-packaging-supplier","status":"publish","type":"product","link":"https:\/\/zojopackaging.com\/it\/product\/custom-festival-dessert-rigid-slider-box-packaging-supplier\/","title":{"rendered":"Fornitore d'imballaggio della scatola rigida del dessert del festival su ordinazione del cursore"},"content":{"rendered":"<h3 id=\"-1-minimalist-aesthetics-a-visual-symphony-of-pure-white-and-elegant-tones-\"><strong>1. Estetica minimalista: una sinfonia visiva di bianco puro e toni eleganti.<\/strong><\/h3>\n<p>Con\u00a0<strong>scatola da dessert per caff\u00e8 estraibile bianco puro<\/strong>\u00a0come linguaggio di progettazione principale,\u00a0<strong>Carta patinata lucida da 157 g<\/strong>\u00a0come materiale di base, e\u00a0<strong>rivestimento in cartone grigio opaco<\/strong>Il contrasto visivo tra la purezza dell'esterno e la delicatezza dell'interno \u00e8 evidente. Le linee del corpo della scatola adottano\u00a0<strong>tecnologia di taglio a micro-arco<\/strong>\u00a0per eliminare la rigidit\u00e0 degli angoli retti, e\u00a0<strong>Linee in rilievo ultrafini da 0,1 mm<\/strong>che nasconde dettagli squisiti nella semplicit\u00e0. Le eleganti tonalit\u00e0 delle scatole esterne e interne (come il marrone chiaro e il bianco vaniglia) sono accuratamente abbinate grazie alla\u00a0<strong>Sistema di gestione del colore Pantone<\/strong>\u00a0per creare un senso di lusso e di attesa all'apertura della scatola.<\/p>\n<h3 id=\"-2-material-innovation-performance-symphony-of-coated-paper-and-grey-board-\"><strong>2. Innovazione dei materiali: Sinfonia di prestazioni della carta patinata e del cartone grigio<\/strong><\/h3>\n<p>-\u00a0<strong>Substrato esterno della scatola<\/strong>: La carta patinata da 157 g \u00e8\u00a0<strong>trattato con vernice UV su entrambi i lati<\/strong>con un aumento della resistenza all'attrito di 60% e una resistenza alla piegatura di 300 volte senza incrinature;<\/p>\n<p>-\u00a0<strong>Struttura del rivestimento interno<\/strong>: Il pannello grigio di 3 mm di spessore adotta\u00a0<strong>processo di pressatura del cartone alveolare<\/strong>con una resistenza alla compressione di 8 kg\/cm\u00b2, in grado di sopportare l'impilamento e il trasporto di pi\u00f9 strati;<\/p>\n<p>-\u00a0<strong>Precisione di stampa<\/strong>: Il\u00a0<strong>Macchina da stampa offset UV a 7 colori Heidelberg<\/strong>\u00a0raggiunge una riproduzione del colore pari a \u0394E\u22641,5 e\u00a0<strong>serigrafia parziale<\/strong>\u00a0viene utilizzato per distinguere i toni del caff\u00e8 sfumato.<\/p>\n<h3 id=\"-3-personalization-empowerment-modular-accessories-and-dynamic-design-\"><strong>3. Potenziamento della personalizzazione: accessori modulari e design dinamico<\/strong><\/h3>\n<p>-\u00a0<strong>Decorazione rimovibile<\/strong>: Fornire\u00a0<strong>hangtag magnetico per il cioccolato<\/strong>,\u00a0<strong>inserto di glassa sostituibile<\/strong>\u00a0e altri accessori, supporto alla personalizzazione del LOGO del marchio (dimensione minima di elaborazione 3 mm);<\/p>\n<p>-\u00a0<strong>Struttura dinamica<\/strong>: Il coperchio della scatola \u00e8 dotato di un\u00a0<strong>dispositivo di cerniera a molla<\/strong>che si apre automaticamente quando si apre e si chiude la scatola interna, ed \u00e8 dotato di\u00a0<strong>Inserto per strisce luminose a LED<\/strong>\u00a0(opzionale) per illuminare l'atmosfera di festa;<\/p>\n<p>-\u00a0<strong>Adattamento della scena<\/strong>: Lanciare pacchetti di accessori a tema (come magneti a forma di pupazzo di neve, fogli d'oro rosa) per le festivit\u00e0 come Natale e San Valentino, per aumentare il senso di rituale festivo.<\/p>\n<h3 id=\"-4-full-link-customization-precise-control-from-concept-to-implementation-\"><strong>4. Personalizzazione full-link: controllo preciso dall'ideazione all'implementazione<\/strong><\/h3>\n<p>-\u00a0<strong>Flessibilit\u00e0 delle dimensioni<\/strong>supporta da un minimo di 8cm\u00d78cm (scatola per macaron) a un massimo di 30cm\u00d720cm (scatola per torte multistrato), lo spessore pu\u00f2 essere personalizzato da 0,8 a 5cm.\u00a0<strong>Innovazione strutturale<\/strong>: Sviluppare 12 strutture di scorrimento brevettate (come la stratificazione rotante, il blocco magnetico della password), compatibili con la collocazione di dessert di forma speciale; - Sviluppare un sistema di controllo della velocit\u00e0 di rotazione.\u00a0<strong>Risposta rapida<\/strong>: Completare la modellazione 3D e la prova di stampa in 8 ore e ridurre il ciclo di produzione di massa a 12-15 giorni.<\/p>\n<h3 id=\"-5-pull-out-design-a-double-breakthrough-in-ritual-sense-and-practicality-\"><strong>5. Design estraibile: un doppio passo avanti in termini di senso rituale e praticit\u00e0<\/strong><\/h3>\n<p>Adottare\u00a0<strong>Sistema di guide silenziose a tre binari<\/strong>\u00a0per ottenere un'estrazione fluida con un carico di 0,5 kg:<\/p>\n<p>-\u00a0<strong>Struttura meccanica<\/strong>: incorporato\u00a0<strong>cuscinetto a sfera in acciaio inox<\/strong>, tempi di estrazione \u22655000 volte senza incepparsi;<\/p>\n<p>-\u00a0<strong>Protezione antiurto<\/strong>: set\u00a0<strong>Strato tampone in EVA a nido d'ape<\/strong>\u00a0nella scatola, con un tasso di assorbimento delle vibrazioni di 90%;<\/p>\n<p>-\u00a0<strong>Sorpresa visiva<\/strong>: Attraverso\u00a0<strong>Design dei cassetti a doppio strato<\/strong>Si ottiene cos\u00ec l'effetto stratificato di \"decorazione a vista + prodotto principale nascosto\".<\/p>\n<h3 id=\"-6-expert-team-from-demand-insight-to-solution-implementation-\"><strong>6. Team di esperti: dall'analisi della domanda all'implementazione della soluzione<\/strong><\/h3>\n<p>Un team speciale composto da 5 designer di packaging con oltre 10 anni di esperienza fornisce:<\/p>\n<p>-\u00a0<strong>Comunicazione approfondita<\/strong>2 seminari online a settimana, sincronizzazione in tempo reale dei pareri di modifica delle bozze di progetto;<\/p>\n<p>-\u00a0<strong>Sistema di anteprima 3D<\/strong>: I clienti possono vedere in anteprima l'effetto di dispiegamento della confezione regalo attraverso la tecnologia AR, che supporta\u00a0<strong>Regolazione dei dettagli a 360\u00b0<\/strong>;<\/p>\n<p>-\u00a0<strong>Protezione dei brevetti<\/strong>: Fornire servizi di richiesta di brevetto per garantire l'esclusivit\u00e0 della soluzione progettuale (fare riferimento alla biblioteca dei brevetti del dessert box).<\/p>\n<h3 id=\"-7-smart-manufacturing-foundation-16-year-factory-s-hard-core-strength-\"><strong>7. Base produttiva intelligente: La forza di 16 anni di fabbrica<\/strong><\/h3>\n<p>-\u00a0<strong>Matrice delle attrezzature<\/strong>: Dotata di 18 attrezzature internazionali come la macchina da stampa a cinque colori Manroland R700 e la macchina da stampa a quattro colori Heidelberg Speedmaster CS92, con una velocit\u00e0 di stampa di 15.000 fogli\/ora;<\/p>\n<p>-\u00a0<strong>Controllo del processo<\/strong>: Certificazione ISO 9001\/BRCGS superata, ogni lotto di prodotti \u00e8 sottoposto a 12 ispezioni di qualit\u00e0 (differenza di colore\/test di compressione\/gocce);<\/p>\n<p>-\u00a0<strong>Garanzia di capacit\u00e0<\/strong>: Capacit\u00e0 produttiva giornaliera di 150.000 pezzi, supporto di 500 pezzi per la produzione di massa a livello di un milione di pezzi e consegna rapida di ordini urgenti in 24 ore.<\/p>","protected":false},"excerpt":{"rendered":"<p><strong>ZOJO Print | Esperto personalizzato in scatole rigide per dessert per le festivit\u00e0: interpretare il senso del dolce rituale con maestria<\/strong><\/p>\n<p>Nel panorama dei regali natalizi, l'imballaggio non \u00e8 solo il custode del prodotto, ma anche il mezzo di trasmissione delle emozioni. ZOJO Print \u00e8 impegnata da 16 anni nel settore degli imballaggi di alta gamma, concentrandosi sulla creazione di soluzioni di scatole rigide con valore estetico e funzionalit\u00e0 per i marchi di dessert.<\/p>","protected":false},"featured_media":9804,"template":"","meta":[],"product_brand":[],"product_cat":[30,422,31,426],"product_tag":[1277,1275,1276],"class_list":{"0":"post-9791","1":"product","2":"type-product","3":"status-publish","4":"has-post-thumbnail","6":"product_cat-by-industry","7":"product_cat-custom-gourmet-boxes-by-industry","8":"product_cat-paper-box-style","9":"product_cat-paper-drawer-boxes","10":"product_tag-box-packaging-supplier","11":"product_tag-dessert-rigid-slider-box","12":"product_tag-slider-box-packaging","14":"first","15":"instock","16":"shipping-taxable","17":"product-type-simple"},"_links":{"self":[{"href":"https:\/\/zojopackaging.com\/it\/wp-json\/wp\/v2\/product\/9791","targetHints":{"allow":["GET"]}}],"collection":[{"href":"https:\/\/zojopackaging.com\/it\/wp-json\/wp\/v2\/product"}],"about":[{"href":"https:\/\/zojopackaging.com\/it\/wp-json\/wp\/v2\/types\/product"}],"version-history":[{"count":1,"href":"https:\/\/zojopackaging.com\/it\/wp-json\/wp\/v2\/product\/9791\/revisions"}],"predecessor-version":[{"id":9806,"href":"https:\/\/zojopackaging.com\/it\/wp-json\/wp\/v2\/product\/9791\/revisions\/9806"}],"wp:featuredmedia":[{"embeddable":true,"href":"https:\/\/zojopackaging.com\/it\/wp-json\/wp\/v2\/media\/9804"}],"wp:attachment":[{"href":"https:\/\/zojopackaging.com\/it\/wp-json\/wp\/v2\/media?parent=9791"}],"wp:term":[{"taxonomy":"product_brand","embeddable":true,"href":"https:\/\/zojopackaging.com\/it\/wp-json\/wp\/v2\/product_brand?post=9791"},{"taxonomy":"product_cat","embeddable":true,"href":"https:\/\/zojopackaging.com\/it\/wp-json\/wp\/v2\/product_cat?post=9791"},{"taxonomy":"product_tag","embeddable":true,"href":"https:\/\/zojopackaging.com\/it\/wp-json\/wp\/v2\/product_tag?post=9791"}],"curies":[{"name":"wp","href":"https:\/\/api.w.org\/{rel}","templated":true}]}}