{"id":9815,"date":"2025-04-03T21:17:05","date_gmt":"2025-04-03T13:17:05","guid":{"rendered":"https:\/\/zojopackaging.com\/?post_type=product&#038;p=9815"},"modified":"2025-04-03T21:31:58","modified_gmt":"2025-04-03T13:31:58","slug":"wholesale-custom-luxury-watch-case-box-supplier-with-insert","status":"publish","type":"product","link":"https:\/\/zojopackaging.com\/it\/product\/wholesale-custom-luxury-watch-case-box-supplier-with-insert\/","title":{"rendered":"Commercio all'ingrosso Custom Luxury Watch Case Box Fornitore con inserto"},"content":{"rendered":"<h2 id=\"-1-combination-of-design-aesthetics-and-functionality-blue-white-and-gray-luxury-drawer-box-\"><strong>1. Combinazione di estetica e funzionalit\u00e0: cassettiera di lusso blu, bianca e grigia.<\/strong><\/h2>\n<p>Questo prodotto adotta la classica combinazione di colori blu, bianco e grigio, con toni eleganti e stabili. Grazie alla struttura a cassetto, \u00e8 comodo per l'esposizione dei prodotti e pu\u00f2 migliorare il senso della cerimonia di apertura e chiusura. La superficie del corpo della scatola adotta il processo di laminazione della carta patinata lucida (157 GSM), che ha un tocco delicato ed \u00e8 abbinata alla stampa a caldo\/argento del logo del marchio o alla personalizzazione del LOGO per evidenziare lusso e squisitezza. La guida del cassetto adotta un design ad aspirazione magnetica nascosta per garantire un'apertura e una chiusura fluide, evitando il rischio di usura della ferramenta tradizionale.<\/p>\n<h2 id=\"-2-high-hardness-compression-resistant-structure-1200-gsm-gray-board-coated-paper-composite-process-\"><strong>2. Struttura resistente alla compressione ad alta durezza: Pannello grigio da 1200 GSM + processo composito di carta patinata per arte.<\/strong><\/h2>\n<p>Il corpo della scatola utilizza un cartone grigio ad alta densit\u00e0 da 1200 GSM come materiale di base, mentre lo strato esterno \u00e8 composto da carta patinata artistica da 157 GSM e la struttura robusta della scatola \u00e8 formata da un processo di pressatura ad alta temperatura. L'interno \u00e8 supportato da nervature di rinforzo in cartone a nido d'ape o EVA, con una resistenza alla compressione di oltre 50 kg, in grado di resistere efficacemente all'estrusione e alla collisione durante il trasporto. Il design del coperchio superiore e inferiore o della scatola a forma di libro migliora ulteriormente le prestazioni di tenuta ed \u00e8 adatto al trasporto su lunghe distanze, come il trasporto marittimo e aereo.<\/p>\n<h2 id=\"-3-exclusive-die-cut-lining-precision-protection-and-brand-display-\"><strong>3. Esclusivo rivestimento fustellato: protezione di precisione ed esposizione del marchio<\/strong><\/h2>\n<p>La fodera \u00e8 realizzata in spugna ad alta densit\u00e0 o in flanella ecologica, fustellata con precisione da stampi a controllo numerico CNC per adattarsi perfettamente ai contorni degli orologi e degli accessori (come cinturini, strumenti, ecc.). La struttura a strati pu\u00f2 essere progettata in base alle esigenze del cliente:<\/p>\n<ul>\n<li><strong>Strato superiore<\/strong>: area di visualizzazione, con una staffa in acrilico trasparente per fissare l'orologio, visibilit\u00e0 a 360\u00b0;<\/li>\n<li><strong>Strato intermedio<\/strong>Scomparto accessori a cassetto, per riporre separatamente cinghie, schede di garanzia, ecc;<\/li>\n<li><strong>Strato inferiore<\/strong>strato cuscinetto antiurto, in memory foam o in EVA floccata, per evitare scosse.<\/li>\n<\/ul>\n<h2 id=\"-4-one-stop-service-for-foreign-trade-experience-and-efficiency-guarantee-\"><strong>4. Servizio unico per il commercio estero: garanzia di esperienza e di efficienza.<\/strong><\/h2>\n<p>Il team \u00e8 stato profondamente coinvolto nel settore degli imballaggi per il commercio estero per 16 anni e ha familiarit\u00e0 con gli standard di mercato in Europa, Stati Uniti, Medio Oriente e altri paesi (come la certificazione FSC, i requisiti di protezione ambientale REACH), fornendo un servizio completo dalla progettazione, alla prova, alla produzione e alla logistica:<\/p>\n<ul>\n<li><strong>Supporto alla progettazione<\/strong>: Rendering 3D e campioni di materiali gratuiti;<\/li>\n<li><strong>Ciclo di produzione<\/strong>: I campioni vengono consegnati in 2-3 giorni e le grandi quantit\u00e0 vengono completate in 7-114 giorni (\u00e8 supportata la consegna rapida);<\/li>\n<li><strong>Soluzione logistica<\/strong>: \u00c8 possibile fornire condizioni DDP\/DAP, integrando la dichiarazione doganale e la consegna in magazzino all'estero.<\/li>\n<\/ul>\n<h2 id=\"-5-advantages-of-the-source-factory-automated-production-capacity-and-cost-optimization-\"><strong>5. Vantaggi della fabbrica di origine: capacit\u00e0 di produzione automatizzata e ottimizzazione dei costi<\/strong><\/h2>\n<p>Come fabbrica di origine nella regione del Delta del Fiume delle Perle in Cina, dispone di una base di produzione automatizzata di 3.000 metri quadrati, dotata di macchine fustellatrici completamente automatiche, linee di stampa UV e attrezzature per l'ispezione della qualit\u00e0, raggiungendo una capacit\u00e0 produttiva giornaliera di 50.000 pezzi. Grazie all'approvvigionamento su larga scala (fornitura diretta di materie prime come pelle e pannelli grigi) e alla gestione snella della produzione, il prezzo \u00e8 15%-20% inferiore al mercato a parit\u00e0 di qualit\u00e0.<\/p>\n<h2 id=\"-6-deep-customization-capability-brand-personalized-solution-\"><strong>6. Capacit\u00e0 di personalizzazione profonda: Soluzione personalizzata per il marchio<\/strong><\/h2>\n<p>Supportare la personalizzazione di tutte le dimensioni:<\/p>\n<ul>\n<li><strong>Dimensione<\/strong>: Design flessibile da epitopo singolo a epitopi multipli (4\/6\/8\/10 cifre);<\/li>\n<li><strong>Artigianato<\/strong>: Sono disponibili oltre 20 processi, tra cui stampa a caldo, goffratura, serigrafia, incisione laser, ecc;<\/li>\n<li><strong>Funzione<\/strong>: Chip di rilevamento della temperatura e dell'umidit\u00e0 incorporato, etichetta anticontraffazione NFC e altri moduli intelligenti;<\/li>\n<li><strong>Sostenibilit\u00e0<\/strong>: Offrire opzioni rispettose dell'ambiente, come la carta degradabile e la pelle PU a base vegetale.<\/li>\n<\/ul>","protected":false},"excerpt":{"rendered":"<p>Le nostre scatole di carta per l'imballaggio degli orologi di fascia alta adottano un design di taglio geometrico decostruzionista, che sublima la cerimonia di apertura in un'esperienza artistica. Il corpo della scatola \u00e8 accuratamente selezionato con un rivestimento di alta qualit\u00e0, che supporta la personalizzazione. Ogni dettaglio racconta la storia esclusiva dei \"collezionisti del tempo\", ridefinendo l'etica del packaging di lusso con un lusso sostenibile e leggero.<\/p>","protected":false},"featured_media":9819,"template":"","meta":[],"product_brand":[],"product_cat":[30,413,31,426],"product_tag":[1284,1285,1286],"class_list":{"0":"post-9815","1":"product","2":"type-product","3":"status-publish","4":"has-post-thumbnail","6":"product_cat-by-industry","7":"product_cat-consumer-electronics-boxes","8":"product_cat-paper-box-style","9":"product_cat-paper-drawer-boxes","10":"product_tag-custom-watch-box","11":"product_tag-luxury-watch-case-box","12":"product_tag-watch-box-supplier","14":"first","15":"instock","16":"shipping-taxable","17":"product-type-grouped"},"_links":{"self":[{"href":"https:\/\/zojopackaging.com\/it\/wp-json\/wp\/v2\/product\/9815","targetHints":{"allow":["GET"]}}],"collection":[{"href":"https:\/\/zojopackaging.com\/it\/wp-json\/wp\/v2\/product"}],"about":[{"href":"https:\/\/zojopackaging.com\/it\/wp-json\/wp\/v2\/types\/product"}],"version-history":[{"count":1,"href":"https:\/\/zojopackaging.com\/it\/wp-json\/wp\/v2\/product\/9815\/revisions"}],"predecessor-version":[{"id":9831,"href":"https:\/\/zojopackaging.com\/it\/wp-json\/wp\/v2\/product\/9815\/revisions\/9831"}],"wp:featuredmedia":[{"embeddable":true,"href":"https:\/\/zojopackaging.com\/it\/wp-json\/wp\/v2\/media\/9819"}],"wp:attachment":[{"href":"https:\/\/zojopackaging.com\/it\/wp-json\/wp\/v2\/media?parent=9815"}],"wp:term":[{"taxonomy":"product_brand","embeddable":true,"href":"https:\/\/zojopackaging.com\/it\/wp-json\/wp\/v2\/product_brand?post=9815"},{"taxonomy":"product_cat","embeddable":true,"href":"https:\/\/zojopackaging.com\/it\/wp-json\/wp\/v2\/product_cat?post=9815"},{"taxonomy":"product_tag","embeddable":true,"href":"https:\/\/zojopackaging.com\/it\/wp-json\/wp\/v2\/product_tag?post=9815"}],"curies":[{"name":"wp","href":"https:\/\/api.w.org\/{rel}","templated":true}]}}