{"id":9823,"date":"2025-04-03T21:19:32","date_gmt":"2025-04-03T13:19:32","guid":{"rendered":"https:\/\/zojopackaging.com\/?post_type=product&#038;p=9823"},"modified":"2025-04-03T21:30:43","modified_gmt":"2025-04-03T13:30:43","slug":"custom-cannabis-pre-roll-slide-out-box-packaging-supplier","status":"publish","type":"product","link":"https:\/\/zojopackaging.com\/it\/product\/custom-cannabis-pre-roll-slide-out-box-packaging-supplier\/","title":{"rendered":"Fornitore di imballaggi per scatole di pre rotolo di cannabis su misura"},"content":{"rendered":"<h3 id=\"-1-material-science-double-protection-of-coated-paper-grey-board-\"><strong>1. Scienza dei materiali: Doppia protezione di carta patinata e cartone grigio<\/strong><\/h3>\n<p>-\u00a0<strong>Materiale della base della scatola esterna<\/strong>:\u00a0<strong>Carta patinata da 157 g<\/strong>\u00a0e dopo il trattamento di laminazione (opaco\/lucido opzionale), la resistenza all'attrito raggiunge il livello 4 e la resistenza alla compressione aumenta di 50%;<\/p>\n<p>-\u00a0<strong>Struttura della fodera interna<\/strong>:\u00a0<strong>Cartoncino bianco da 300 g<\/strong>\u00a0\u00e8 utilizzato, le prestazioni di resistenza all'umidit\u00e0 sono aumentate di 70%, pur mantenendo la planarit\u00e0 del corpo della scatola;<\/p>\n<p>-\u00a0<strong>Certificazione ambientale<\/strong>: Tutti i materiali sono certificati FSC e soddisfano i requisiti di sostenibilit\u00e0 di Health Canada per le confezioni di marijuana.<\/p>\n<h3><\/h3>\n<h3 id=\"-2-pull-out-design-the-perfect-balance-of-convenience-and-safety-\"><strong>2. Design estraibile: il perfetto equilibrio tra praticit\u00e0 e sicurezza<\/strong><\/h3>\n<p>-\u00a0<strong>Sistema silenzioso<\/strong>: Tempi di estrazione \u22655000 volte senza inceppamenti, apertura e chiusura pi\u00f9 fluide di 60%;<\/p>\n<p>-\u00a0<strong>Meccanismo di protezione dei bambini<\/strong>:\u00a0<strong>Design della fibbia anti-stoccaggio<\/strong>\u00a0(fare riferimento allo standard canadese CPR) e per aprirlo \u00e8 necessaria una forza superiore a 5N, il che soddisfa i requisiti normativi del mercato nordamericano;<\/p>\n<p>-\u00a0<strong>Protezione antisismica<\/strong>: Nella scatola pu\u00f2 essere inserito uno strato tampone in cartone a nido d'ape, con un tasso di assorbimento delle vibrazioni pari a 90% e un tasso di danni da trasporto ridotto a meno di 0,3%.<\/p>\n<h3><\/h3>\n<h3 id=\"-3-visual-language-brand-narrative-of-color-and-pattern-\"><strong>3. Linguaggio visivo: Narrazione del marchio con colori e motivi<\/strong><\/h3>\n<p>-\u00a0<strong>Schema di colore<\/strong>: I colori principali sono\u00a0<strong>Pantone 15-1050 TCX (giallo brillante)<\/strong>\u00a0e\u00a0<strong>17-1456 TCX (Arancione Herm\u00e8s)<\/strong>e la transizione del gradiente di 0,1 mm \u00e8 ottenuta grazie alla stampa ad alta precisione a 1200 dpi;<\/p>\n<p>-\u00a0<strong>Tecnologia di intaglio fine<\/strong>: Locale\u00a0<strong>Goffratura UV + incisione laser<\/strong>\u00a0rende il disegno tattilmente chiaro e le prestazioni anticontraffazione sono migliorate dal 40%;<\/p>\n<p>-\u00a0<strong>Psicologia visiva<\/strong>: La combinazione di colori caldi trasmette una tonalit\u00e0 di marca alta e vibrante, in linea con la tendenza estetica dei giovani consumatori nordamericani.<\/p>\n<h3><\/h3>\n<h3 id=\"-4-smart-partitioning-flexible-adaptation-of-modular-lining-\"><strong>4. Suddivisione intelligente: adattamento flessibile del rivestimento modulare<\/strong><\/h3>\n<p>-\u00a0<strong>Numero di slot<\/strong>supporta 3-8 posizioni indipendenti, pu\u00f2 essere personalizzato in diverse dimensioni (diametro 5-15 mm) ed \u00e8 adatto a vari tipi di sigarette pre-roll;<\/p>\n<p>-\u00a0<strong>Sistema di etichettatura<\/strong>: Il contenuto di THC\/CBD e le etichette dei sapori (come menta\/agrumi) sono stampate sulla superficie del divisorio e la densit\u00e0 delle informazioni \u00e8 ridotta di 30%;<\/p>\n<p>-\u00a0<strong>Design brevettato<\/strong>: Sviluppato\u00a0<strong>rivestimento magnetico rotante<\/strong>I consumatori possono vedere il prodotto a 360\u00b0 ed \u00e8 stato nominato per l'International Packaging Design Award.<\/p>\n<h3><\/h3>\n<h3 id=\"-5-printing-technology-the-ultimate-expression-of-brand-personality-\"><strong>5. Tecnologia di stampa: la massima espressione della personalit\u00e0 del marchio<\/strong><\/h3>\n<p>-\u00a0<strong>Matrice di processo<\/strong>: -\u00a0<strong>Stampaggio a caldo<\/strong>: oro rosa \/ oro champagne personalizzato scheda di colore, differenza di colore \u0394E\u22640,8; -\u00a0<strong>In rilievo<\/strong>: 0,3 mm di rilievo tridimensionale, sensazione di seta; -\u00a0<strong>Goffratura UV<\/strong>Trattamento di evidenziazione locale, resistenza all'usura aumentata di 50%\u00a0<strong>Stampa digitale<\/strong>: supporto alla personalizzazione di piccoli lotti (ordine minimo di 500 pezzi), prova di modellazione 3D completata in 8 ore.<\/p>\n<h3><\/h3>\n<h3 id=\"-6-environmental-commitment-sustainable-packaging-solution-\"><strong>6. Impegno ambientale: soluzione di imballaggio sostenibile<\/strong><\/h3>\n<p>-\u00a0<strong>Innovazione dei materiali<\/strong>: uso\u00a0<strong>pannello grigio degradabile<\/strong>\u00a0(tasso di decomposizione \u226590% entro 12 settimane) e\u00a0<strong>inchiostro a base d'acqua<\/strong>, riduzione delle emissioni di COV di 95%;<\/p>\n<p>-\u00a0<strong>Comodo disimballaggio<\/strong>: utilizzando\u00a0<strong>struttura plug-in senza colla<\/strong>I consumatori possono aprire senza attrezzi e il tempo di disimballaggio \u00e8 ridotto da 70%;<\/p>\n<p>-\u00a0<strong>Design circolare<\/strong>Il corpo della scatola \u00e8 completamente riciclabile e il rivestimento in cartone grigio ne favorisce il riutilizzo, in conformit\u00e0 con le linee guida canadesi in materia di imballaggi ambientali.<\/p>\n<h3><\/h3>\n<h3 id=\"-7-smart-manufacturing-cornerstone-16-years-of-industry-experience-\"><strong>7. Pietra angolare della produzione intelligente: 16 anni di esperienza nel settore<\/strong><\/h3>\n<p>-\u00a0<strong>Matrice delle attrezzature<\/strong>: Dotata di 18 attrezzature internazionali come la macchina da stampa a cinque colori Manroland R700, la macchina offset UV a 7 colori Heidelberg, con una velocit\u00e0 di stampa di 15.000 fogli\/ora.\u00a0<strong>Sistema di controllo della qualit\u00e0<\/strong>: Certificazione ISO 9001\/BRCGS superata, ogni lotto di prodotti \u00e8 sottoposto a 12 ispezioni di qualit\u00e0 (differenza di colore\/test di compressione\/goccia); -.\u00a0<strong>Garanzia di capacit\u00e0<\/strong>: Capacit\u00e0 produttiva giornaliera di 200.000 pezzi, in grado di supportare ordini da 500 pezzi fino alla produzione di massa di un milione di pezzi, e consegna di ordini di emergenza in 24 ore.<\/p>","protected":false},"excerpt":{"rendered":"<p><strong>ZOJO Print | Marijuana personalizzata Esperto di confezioni in scatole scorrevoli per il pre-roll - proteggere il valore del marchio con l'innovazione della conformit\u00e0<\/strong><\/p>\n<p>In un contesto di accelerazione della legalizzazione globale della marijuana, il packaging non \u00e8 solo un contenitore di prodotti, ma anche un vettore di conformit\u00e0 del marchio e di fiducia dei consumatori. ZOJO Print si \u00e8 impegnata a fondo nel campo del confezionamento della marijuana, attenendosi rigorosamente alle normative internazionali (come la Marijuana Regulatory Regulations canadese), combinando un design all'avanguardia con una produzione intelligente per fornire ai marchi soluzioni di scatole di pre-srotolamento che combinano sicurezza, funzionalit\u00e0 e valore estetico.<\/p>","protected":false},"featured_media":9827,"template":"","meta":[],"product_brand":[],"product_cat":[30,420,31,426],"product_tag":[1277,1283,1282],"class_list":{"0":"post-9823","1":"product","2":"type-product","3":"status-publish","4":"has-post-thumbnail","6":"product_cat-by-industry","7":"product_cat-custom-cannabis-boxes","8":"product_cat-paper-box-style","9":"product_cat-paper-drawer-boxes","10":"product_tag-box-packaging-supplier","11":"product_tag-cannabis-box","12":"product_tag-cannabis-pre-roll-boxes","14":"first","15":"instock","16":"shipping-taxable","17":"product-type-simple"},"_links":{"self":[{"href":"https:\/\/zojopackaging.com\/it\/wp-json\/wp\/v2\/product\/9823","targetHints":{"allow":["GET"]}}],"collection":[{"href":"https:\/\/zojopackaging.com\/it\/wp-json\/wp\/v2\/product"}],"about":[{"href":"https:\/\/zojopackaging.com\/it\/wp-json\/wp\/v2\/types\/product"}],"version-history":[{"count":1,"href":"https:\/\/zojopackaging.com\/it\/wp-json\/wp\/v2\/product\/9823\/revisions"}],"predecessor-version":[{"id":9830,"href":"https:\/\/zojopackaging.com\/it\/wp-json\/wp\/v2\/product\/9823\/revisions\/9830"}],"wp:featuredmedia":[{"embeddable":true,"href":"https:\/\/zojopackaging.com\/it\/wp-json\/wp\/v2\/media\/9827"}],"wp:attachment":[{"href":"https:\/\/zojopackaging.com\/it\/wp-json\/wp\/v2\/media?parent=9823"}],"wp:term":[{"taxonomy":"product_brand","embeddable":true,"href":"https:\/\/zojopackaging.com\/it\/wp-json\/wp\/v2\/product_brand?post=9823"},{"taxonomy":"product_cat","embeddable":true,"href":"https:\/\/zojopackaging.com\/it\/wp-json\/wp\/v2\/product_cat?post=9823"},{"taxonomy":"product_tag","embeddable":true,"href":"https:\/\/zojopackaging.com\/it\/wp-json\/wp\/v2\/product_tag?post=9823"}],"curies":[{"name":"wp","href":"https:\/\/api.w.org\/{rel}","templated":true}]}}