{"id":9832,"date":"2025-04-03T21:32:07","date_gmt":"2025-04-03T13:32:07","guid":{"rendered":"https:\/\/zojopackaging.com\/?post_type=product&#038;p=9832"},"modified":"2025-04-03T21:55:40","modified_gmt":"2025-04-03T13:55:40","slug":"custom-aroma-scented-perfume-reed-diffuser-packaging-box","status":"publish","type":"product","link":"https:\/\/zojopackaging.com\/it\/product\/custom-aroma-scented-perfume-reed-diffuser-packaging-box\/","title":{"rendered":"Scatola d'imballaggio del diffusore di ancia del profumo profumato su ordinazione dell'aroma"},"content":{"rendered":"<h2 id=\"-1-corporate-strength-and-supply-chain-guarantee-\"><strong>1. Forza aziendale e garanzia della catena di fornitura<\/strong><\/h2>\n<p>In qualit\u00e0 di fabbrica di origine dell'industria cinese dell'aromaterapia in rattan da 16 anni, la nostra azienda dispone di una linea di produzione completamente automatica e di un sistema completo di catena di fornitura, che controlla rigorosamente dall'approvvigionamento delle materie prime alla consegna del prodotto finito. Grazie al vantaggio di una produzione su larga scala, forniamo soluzioni economicamente vantaggiose per garantire che la qualit\u00e0 dei prodotti sia conforme agli standard internazionali (come la certificazione ISO), riducendo al contempo i costi per i clienti.<\/p>\n<h2 id=\"-2-flexible-customization-service-\"><strong>2. Servizio di personalizzazione flessibile<\/strong><\/h2>\n<ul>\n<li><strong>Dimensioni e struttura<\/strong>Supporta la personalizzazione delle dimensioni della scatola di imballaggio, adotta il design \"3-in-1 cielo e terra\", si adatta perfettamente ai flaconi di profumo e aromaterapia, \u00e8 facile da aprire e chiudere e mette in evidenza la texture di alto livello.<\/li>\n<li><strong>Colore e design<\/strong>: Il colore principale \u00e8 il nero opaco, con il logo del marchio impresso a caldo, che trasmette un lusso di basso profilo e valorizza il tono del marchio.<\/li>\n<li><strong>Protezione della fodera interna<\/strong>: Il rivestimento interno \u00e8 tagliato con uno stampo esclusivo in materiale EVA, che si adatta con precisione alla bottiglia del diffusore in rattan per evitare scosse o deformazioni da estrusione durante il trasporto.<\/li>\n<\/ul>\n<h2 id=\"-3-packaging-structure-and-material-\"><strong>3. Struttura e materiale dell'imballaggio<\/strong><\/h2>\n<ul>\n<li><strong>Materiale ad alta resistenza<\/strong>: \u00c8 stato scelto un cartone rigido ecologico e la capacit\u00e0 di carico \u00e8 stata migliorata grazie alla tecnologia composita multistrato, in grado di sopportare la pressione del trasporto su lunghe distanze e di proteggere i prodotti interni da eventuali danni.<\/li>\n<li><strong>Progetto dettagliato<\/strong>: Il bordo del corpo della scatola \u00e8 arrotondato e ha un tocco delicato; la struttura interna \u00e8 ragionevolmente divisa e pu\u00f2 ospitare pi\u00f9 accessori come bottiglie per aromaterapia, rattan e istruzioni allo stesso tempo.<\/li>\n<\/ul>\n<h2 id=\"-4-one-stop-service-for-foreign-trade-\"><strong>4. Servizio unico per il commercio estero<\/strong><\/h2>\n<p>Concentrandosi sul settore del commercio estero, i membri del team hanno pi\u00f9 di 10 anni di esperienza nell'esportazione transfrontaliera, fornendo servizi completi di progettazione, produzione, logistica, sdoganamento, personalizzazione delle etichette, ecc. Supporto alla comunicazione multilingue del servizio clienti per garantire una risposta efficiente alle esigenze dei clienti.<\/p>","protected":false},"excerpt":{"rendered":"<ul>\n<li>\u200b<strong>Estetica elevata:<\/strong>\u00a0La finitura nera opaca con accenti in oro rosa garantisce un'ottima estetica sugli scaffali.<\/li>\n<li>\u200b<strong>Durata:<\/strong>\u00a0La struttura rinforzata protegge le fragili bottiglie del diffusore durante il trasporto.<\/li>\n<li>\u200b<strong>Marchio personalizzato:<\/strong>\u00a0Opzioni di design flessibili per loghi, colori e inserti per allinearsi al branding del cliente.<\/li>\n<li>\u200b<strong>Eco-consapevole:<\/strong>\u00a0I materiali sostenibili rispondono alle narrazioni ecologiche del marchio.<\/li>\n<\/ul>","protected":false},"featured_media":9833,"template":"","meta":[],"product_brand":[],"product_cat":[30,417,425,31],"product_tag":[498,1291,1290],"class_list":{"0":"post-9832","1":"product","2":"type-product","3":"status-publish","4":"has-post-thumbnail","6":"product_cat-by-industry","7":"product_cat-custom-perfume-boxes-by-industry","8":"product_cat-lid-and-base-gift-box","9":"product_cat-paper-box-style","10":"product_tag-custom-perfume-packaging","11":"product_tag-custom-scented-packaging-box","12":"product_tag-reed-diffuser-packaging","14":"first","15":"instock","16":"shipping-taxable","17":"product-type-grouped"},"_links":{"self":[{"href":"https:\/\/zojopackaging.com\/it\/wp-json\/wp\/v2\/product\/9832","targetHints":{"allow":["GET"]}}],"collection":[{"href":"https:\/\/zojopackaging.com\/it\/wp-json\/wp\/v2\/product"}],"about":[{"href":"https:\/\/zojopackaging.com\/it\/wp-json\/wp\/v2\/types\/product"}],"version-history":[{"count":1,"href":"https:\/\/zojopackaging.com\/it\/wp-json\/wp\/v2\/product\/9832\/revisions"}],"predecessor-version":[{"id":9847,"href":"https:\/\/zojopackaging.com\/it\/wp-json\/wp\/v2\/product\/9832\/revisions\/9847"}],"wp:featuredmedia":[{"embeddable":true,"href":"https:\/\/zojopackaging.com\/it\/wp-json\/wp\/v2\/media\/9833"}],"wp:attachment":[{"href":"https:\/\/zojopackaging.com\/it\/wp-json\/wp\/v2\/media?parent=9832"}],"wp:term":[{"taxonomy":"product_brand","embeddable":true,"href":"https:\/\/zojopackaging.com\/it\/wp-json\/wp\/v2\/product_brand?post=9832"},{"taxonomy":"product_cat","embeddable":true,"href":"https:\/\/zojopackaging.com\/it\/wp-json\/wp\/v2\/product_cat?post=9832"},{"taxonomy":"product_tag","embeddable":true,"href":"https:\/\/zojopackaging.com\/it\/wp-json\/wp\/v2\/product_tag?post=9832"}],"curies":[{"name":"wp","href":"https:\/\/api.w.org\/{rel}","templated":true}]}}