{"id":9839,"date":"2025-04-03T21:33:02","date_gmt":"2025-04-03T13:33:02","guid":{"rendered":"https:\/\/zojopackaging.com\/?post_type=product&#038;p=9839"},"modified":"2025-04-03T21:46:35","modified_gmt":"2025-04-03T13:46:35","slug":"custom-paper-pre-roll-box-slide-drawer-box-for-multipack-cones","status":"publish","type":"product","link":"https:\/\/zojopackaging.com\/it\/product\/custom-paper-pre-roll-box-slide-drawer-box-for-multipack-cones\/","title":{"rendered":"Carta personalizzata Pre Roll Box Cassetto di scorrimento per coni multipack"},"content":{"rendered":"<h3 id=\"-1-material-innovation-performance-symphony-of-coated-paper-gray-board-\"><strong>1. Innovazione dei materiali: Sinfonia di prestazioni della carta patinata e del cartone grigio<\/strong><\/h3>\n<p>-\u00a0<strong>Materiale della base della scatola esterna<\/strong>:\u00a0<strong>Carta patinata da 157 g<\/strong>\u00a0viene selezionato, il trattamento di laminazione su entrambi i lati (opaco\/lucido opzionale), la resistenza all'attrito raggiunge il livello 4 e la resistenza alla compressione \u00e8 aumentata di 50%;<\/p>\n<p>-\u00a0<strong>Struttura della fodera interna<\/strong>:\u00a0<strong>Processo composito di cotone perlato EPE + pannello grigio<\/strong>\u00a0\u00e8 possibile utilizzare 70% per aumentare le prestazioni di resistenza all'umidit\u00e0, pur mantenendo la planarit\u00e0 del corpo della scatola (fare riferimento al processo di produzione del cartone grigio);<\/p>\n<p>-\u00a0<strong>Certificazione ambientale<\/strong>: Tutti i materiali sono certificati FSC e sono conformi alle normative sugli imballaggi sostenibili dei mercati nordamericano ed europeo.<\/p>\n<h3 id=\"-2-modular-lining-orderly-storage-of-multiple-cones-\"><strong>2. Rivestimento modulare: stoccaggio ordinato di coni multipli<\/strong><\/h3>\n<p>-\u00a0<strong>Partizioni rimovibili<\/strong>supporta 3-8 scomparti indipendenti, personalizzabili in diverse dimensioni (5-15 mm di diametro), adatti a tutti i tipi di sigarette pre-roll;<\/p>\n<p>-\u00a0<strong>Layout dinamico<\/strong>: La partizione adotta\u00a0<strong>design a rotazione magnetica<\/strong>I consumatori possono vedere il prodotto a 360\u00b0 ed \u00e8 stato nominato per l'International Packaging Design Award;<\/p>\n<h3 id=\"-3-visual-feast-luxurious-collision-of-rose-red-and-bright-yellow-\"><strong>3. Festa visiva: lussuosa collisione di rosso rosato e giallo brillante.<\/strong><\/h3>\n<p>-\u00a0<strong>Schema di colore<\/strong>: I colori principali sono\u00a0<strong>Pantone 18-2120 TCX (rosso rosa)<\/strong>\u00a0e\u00a0<strong>15-1050 TCX (giallo brillante)<\/strong>e la transizione del gradiente di 0,1 mm \u00e8 ottenuta grazie alla stampa ad alta precisione a 1200 dpi.\u00a0<strong>Tecnologia di intaglio di precisione<\/strong>: locale\u00a0<strong>Goffratura UV + incisione laser<\/strong>rendendo il disegno chiaro e distinguibile e migliorando le prestazioni anticontraffazione del 40%;<\/p>\n<p>-\u00a0<strong>Psicologia visiva<\/strong>: La combinazione di colori caldi trasmette una tonalit\u00e0 del marchio alta e vibrante, in linea con la tendenza estetica dei consumatori della Generazione Z.<\/p>\n<h3 id=\"-4-smart-pull-out-double-guarantee-of-convenience-and-safety-\"><strong>4. Estrazione intelligente: doppia garanzia di praticit\u00e0 e sicurezza<\/strong><\/h3>\n<p>-\u00a0<strong>Sistema di guide di scorrimento silenziose<\/strong>: cuscinetto a sfere in acciaio inox incorporato, tempi di estrazione \u22655000 volte senza inceppamenti, scorrevolezza di apertura e chiusura aumentata di 60%;<\/p>\n<p>-\u00a0<strong>Meccanismo di protezione dei bambini<\/strong>: adottare\u00a0<strong>fibbia anti-smistamento<\/strong>\u00a0(fare riferimento allo standard canadese CPR), \u00e8 necessario applicare una forza superiore a 5N per l'apertura;<\/p>\n<h3 id=\"-5-child-proof-lock-perfect-balance-between-compliance-and-ease-of-use-\"><strong>5. Serratura a prova di bambino: perfetto equilibrio tra conformit\u00e0 e facilit\u00e0 d'uso<\/strong><\/h3>\n<p>-\u00a0<strong>Design brevettato<\/strong>: pu\u00f2 utilizzare il sistema sviluppato\u00a0<strong>serratura magnetica invisibile<\/strong>Gli adulti possono aprirlo con una sola mano e il tasso di apertura accidentale dei bambini \u00e8 ridotto a meno di 0,1%;<\/p>\n<p>-\u00a0<strong>Sblocco rapido<\/strong>Dispositivo a molla incorporato, tempo di sblocco di soli 0,3 secondi, in linea con gli standard di sicurezza per bambini del CPSC statunitense;<\/p>\n<p>-\u00a0<strong>Estetica nascosta<\/strong>La serratura e il motivo della scatola sono perfettamente integrati per mantenere l'integrit\u00e0 dell'aspetto.<\/p>\n<h3 id=\"-6-printing-technology-the-ultimate-expression-of-brand-personality-\"><strong>6. Tecnologia di stampa: la massima espressione della personalit\u00e0 del marchio<\/strong><\/h3>\n<p>-\u00a0<strong>Matrice di processo<\/strong>: -\u00a0<strong>Stampaggio a caldo<\/strong>: Oro rosa\/oro champagne scheda colore personalizzata, differenza di colore \u0394E\u22640,8;<\/p>\n<p>-\u00a0<strong>In rilievo<\/strong>: Rilievo tridimensionale di 0,3 mm, tocco come la seta.\u00a0<strong>Goffratura UV<\/strong>: trattamento di evidenziazione locale, la resistenza all'usura \u00e8 aumentata di 50%;<\/p>\n<p>-\u00a0<strong>Stampa digitale<\/strong>: supporto alla personalizzazione di piccoli lotti (ordine minimo di 500 pezzi), prova di modellazione 3D completata in 8 ore.<\/p>\n<h3 id=\"-7-smart-manufacturing-foundation-16-years-of-industry-experience-\"><strong>7. Fondazione per la produzione intelligente: 16 anni di esperienza nel settore<\/strong><\/h3>\n<p>-\u00a0<strong>Matrice delle attrezzature<\/strong>: Dotata di 18 attrezzature internazionali come la macchina da stampa a cinque colori Manroland R700 e la macchina offset UV a 7 colori Heidelberg, con una velocit\u00e0 di stampa di 15.000 fogli\/ora;<\/p>\n<p>-\u00a0<strong>Sistema di controllo della qualit\u00e0<\/strong>: Certificazione ISO 9001\/BRCGS superata, ogni lotto di prodotti \u00e8 sottoposto a 12 ispezioni di qualit\u00e0 (differenza di colore\/test di compressione\/goccia); -.<\/p>\n<p><strong>Garanzia di capacit\u00e0<\/strong>: Capacit\u00e0 produttiva giornaliera di 200.000 pezzi, in grado di supportare ordini da 500 pezzi fino alla produzione di massa di un milione di pezzi e di consegnare gli ordini urgenti in 24 ore.<\/p>","protected":false},"excerpt":{"rendered":"<p><strong>ZOJO Print | Esperto di scatole a cassetto scorrevole in carta pre-srotolata personalizzate - Creazione di soluzioni espositive di alto livello per i coni multi-confezione<\/strong><\/p>\n<p>Nell'attuale mercato in rapido sviluppo dei prodotti a base di CBD e cannabis, il packaging non \u00e8 solo un contenitore di prodotti, ma anche un vettore fondamentale dell'immagine del marchio e dell'esperienza dell'utente. ZOJO Print \u00e8 stata profondamente coinvolta nel settore per 16 anni, concentrandosi sulla fornitura di soluzioni per cassetti scorrevoli che combinano funzionalit\u00e0, sicurezza e valore estetico per i marchi di sigarette pre-roll.<\/p>","protected":false},"featured_media":9842,"template":"","meta":[],"product_brand":[],"product_cat":[30,420,31,426],"product_tag":[1289,1287,1288],"class_list":{"0":"post-9839","1":"product","2":"type-product","3":"status-publish","4":"has-post-thumbnail","6":"product_cat-by-industry","7":"product_cat-custom-cannabis-boxes","8":"product_cat-paper-box-style","9":"product_cat-paper-drawer-boxes","10":"product_tag-drawer-box-for-multipack-cones","11":"product_tag-pre-roll-box","12":"product_tag-roll-box-slide-drawer-box","14":"first","15":"instock","16":"shipping-taxable","17":"product-type-simple"},"_links":{"self":[{"href":"https:\/\/zojopackaging.com\/it\/wp-json\/wp\/v2\/product\/9839","targetHints":{"allow":["GET"]}}],"collection":[{"href":"https:\/\/zojopackaging.com\/it\/wp-json\/wp\/v2\/product"}],"about":[{"href":"https:\/\/zojopackaging.com\/it\/wp-json\/wp\/v2\/types\/product"}],"version-history":[{"count":1,"href":"https:\/\/zojopackaging.com\/it\/wp-json\/wp\/v2\/product\/9839\/revisions"}],"predecessor-version":[{"id":9846,"href":"https:\/\/zojopackaging.com\/it\/wp-json\/wp\/v2\/product\/9839\/revisions\/9846"}],"wp:featuredmedia":[{"embeddable":true,"href":"https:\/\/zojopackaging.com\/it\/wp-json\/wp\/v2\/media\/9842"}],"wp:attachment":[{"href":"https:\/\/zojopackaging.com\/it\/wp-json\/wp\/v2\/media?parent=9839"}],"wp:term":[{"taxonomy":"product_brand","embeddable":true,"href":"https:\/\/zojopackaging.com\/it\/wp-json\/wp\/v2\/product_brand?post=9839"},{"taxonomy":"product_cat","embeddable":true,"href":"https:\/\/zojopackaging.com\/it\/wp-json\/wp\/v2\/product_cat?post=9839"},{"taxonomy":"product_tag","embeddable":true,"href":"https:\/\/zojopackaging.com\/it\/wp-json\/wp\/v2\/product_tag?post=9839"}],"curies":[{"name":"wp","href":"https:\/\/api.w.org\/{rel}","templated":true}]}}