{"id":9855,"date":"2025-04-04T00:34:46","date_gmt":"2025-04-03T16:34:46","guid":{"rendered":"https:\/\/zojopackaging.com\/?post_type=product&#038;p=9855"},"modified":"2025-04-04T00:49:48","modified_gmt":"2025-04-03T16:49:48","slug":"custom-pre-roll-multi-packs-joint-packaging-boxes-wholesale","status":"publish","type":"product","link":"https:\/\/zojopackaging.com\/it\/product\/custom-pre-roll-multi-packs-joint-packaging-boxes-wholesale\/","title":{"rendered":"Custom Pre Roll Multi-Pack scatole di imballaggio congiunte all'ingrosso"},"content":{"rendered":"<h2 id=\"-1-visual-impact-and-aesthetic-design-\"><strong>1. Impatto visivo e design estetico<\/strong><\/h2>\n<p>Questa confezione di CBD pre-roll utilizza una combinazione di colori verdi e gialli a contrasto, combinando colori ad alta saturazione con la tecnologia di trattamento superficiale opaco, che non solo mantiene la vivacit\u00e0 del colore, ma riduce anche la sensazione di riflesso grazie alla tecnologia di stampa ad olio opaco per evitare l'affaticamento visivo. La texture opaca trasmette un senso di lusso di basso profilo, formando un focus visivo differenziato sullo scaffale e attirando rapidamente l'attenzione dei consumatori.<\/p>\n<h2 id=\"-2-material-and-process-guarantee-\"><strong>2. Garanzia sui materiali e sui processi<\/strong><\/h2>\n<p>Il corpo principale della scatola da imballaggio utilizza una struttura composita di cartone grigio e carta patinata ad alta resistenza. Lo strato centrale di cartone grigio fornisce un supporto alla compressione, mentre la superficie della carta patinata \u00e8 ricoperta da un inchiostro opaco, che ha un tocco delicato ed \u00e8 resistente all'usura e ai graffi. Il design a estrazione adotta un processo di fustellatura di precisione per garantire che la guida di scorrimento sia liscia e resistente e che l'apertura e la chiusura avvengano senza problemi. Il divisorio interno \u00e8 realizzato in materiale di cartone ecologico e rinforzato dalla tecnologia di goffratura. Non solo \u00e8 in grado di separare le sigarette pre-rollate per evitare collisioni, ma anche di regolare in modo flessibile la disposizione per soddisfare le esigenze di dimensioni diverse.<\/p>\n<h2 id=\"-3-functional-structural-design-\"><strong>3. Progettazione strutturale funzionale<\/strong><\/h2>\n<ul>\n<li><strong>Comodo stoccaggio e accesso estraibile<\/strong>: Il corpo della scatola adotta una struttura a doppio strato e lo scomparto incorporato pu\u00f2 essere esposto tirando leggermente, in modo da favorire l'utilizzo con una sola mano e migliorare la comodit\u00e0 dei consumatori.<\/li>\n<li><strong>Memorizzazione su pi\u00f9 stick e ottimizzazione dello spazio<\/strong>: La scatola \u00e8 divisa da divisori a nido d'ape e pu\u00f2 ospitare 10-20 sigarette pre-rollate (la capacit\u00e0 specifica pu\u00f2 essere personalizzata), consentendo di risparmiare spazio e di trasportarle facilmente.<\/li>\n<\/ul>\n<h2 id=\"-4-in-depth-customized-service-\"><strong>4. Servizio personalizzato approfondito<\/strong><\/h2>\n<ul>\n<li><strong>Adattamento alle dimensioni e alla forma<\/strong>: In base alle dimensioni delle sigarette pre-rollate del cliente (lunghezza, diametro) e alla tonalit\u00e0 del marchio, vengono fornite soluzioni di scatole quadrate, rettangolari, di forma speciale e di altro tipo per soddisfare con precisione le specifiche del prodotto.<\/li>\n<li><strong>Soluzione di progettazione e stampa 3D<\/strong>: La tecnologia di modellazione digitale viene utilizzata per generare rendering dell'aspetto 3D per visualizzare in modo intuitivo la struttura della scatola e gli effetti superficiali; la stampa a caldo, la superficie luminosa parziale UV, il rilievo in rilievo e altri processi di stampa vengono forniti contemporaneamente per rafforzare il logo del marchio.<\/li>\n<\/ul>\n<h2 id=\"-5-brand-empowerment-and-production-guarantee-\"><strong>5. Potenziamento del marchio e garanzia di produzione<\/strong><\/h2>\n<ul>\n<li><strong>Miglioramento dell'immagine del marchio<\/strong>: Grazie alla personalizzazione del LOGO, del colore del marchio e degli elementi culturali, l'imballaggio si trasforma in un mezzo pubblicitario mobile per migliorare il ricordo del marchio da parte dei consumatori.<\/li>\n<li><strong>Capacit\u00e0 produttiva scalata<\/strong>: Grazie a 16 anni di esperienza nel settore della stampa e dell'imballaggio e a 5.320 metri quadrati di laboratori intelligenti, supporta servizi one-stop, dalla bozza di progetto alla produzione di massa, con una capacit\u00e0 produttiva giornaliera di 180.000 pezzi, garantendo una consegna efficiente degli ordini.<\/li>\n<\/ul>\n<h2 id=\"-6-environmental-protection-and-sustainability-\"><strong>6. Protezione e sostenibilit\u00e0 ambientale<\/strong><\/h2>\n<p>L'uso di carta grigia certificata FSC e di inchiostro opaco a base d'acqua \u00e8 in linea con la tendenza del packaging ecologico, tenendo conto della durata e della degradabilit\u00e0. Il design del divisorio interno \u00e8 staccabile e riutilizzabile per ridurre lo spreco di risorse.<\/p>\n<h2 id=\"-applicable-scenarios-\"><strong>Scenari applicabili<\/strong><\/h2>\n<ul>\n<li><strong>Display del terminale per la vendita al dettaglio<\/strong>: La texture opaca e l'abbinamento di colori brillanti sono adatti agli scaffali dei convenience store e dei negozi specializzati, aumentando lo spazio premium del prodotto.<\/li>\n<li><strong>Combinazione di set regalo<\/strong>: Supporta il design di stratificazione delle confezioni regalo, abbinate a manuali o accessori del marchio, per espandere il mercato dei regali di fascia alta.<\/li>\n<\/ul>\n<h2 id=\"-cooperation-process-\"><strong>Processo di cooperazione<\/strong><\/h2>\n<ol>\n<li>Comunicazione della domanda \u2192 2. Modellazione 3D e conferma degli effetti \u2192 3. Selezione dei materiali e delle soluzioni di processo \u2192 4. Prova di collaudo Test di prova \u2192 5. Produzione in serie Produzione in serie \u2192 6. Ispezione della qualit\u00e0 e consegna.<\/li>\n<\/ol>","protected":false},"excerpt":{"rendered":"<p>Grazie alla professionalit\u00e0 del design e alla forza produttiva, ci impegniamo a fornire ai marchi CBD soluzioni di packaging che combinano valore estetico e funzioni pratiche, aiutando i prodotti a distinguersi nel mercato ferocemente competitivo.<\/p>","protected":false},"featured_media":9858,"template":"","meta":[],"product_brand":[],"product_cat":[30,420,31,426],"product_tag":[1294,1295,1281],"class_list":{"0":"post-9855","1":"product","2":"type-product","3":"status-publish","4":"has-post-thumbnail","6":"product_cat-by-industry","7":"product_cat-custom-cannabis-boxes","8":"product_cat-paper-box-style","9":"product_cat-paper-drawer-boxes","10":"product_tag-custom-pre-roll-packaging","11":"product_tag-multi-packs-joint-packaging","12":"product_tag-pre-roll-packaging","14":"first","15":"instock","16":"shipping-taxable","17":"product-type-grouped"},"_links":{"self":[{"href":"https:\/\/zojopackaging.com\/it\/wp-json\/wp\/v2\/product\/9855","targetHints":{"allow":["GET"]}}],"collection":[{"href":"https:\/\/zojopackaging.com\/it\/wp-json\/wp\/v2\/product"}],"about":[{"href":"https:\/\/zojopackaging.com\/it\/wp-json\/wp\/v2\/types\/product"}],"version-history":[{"count":1,"href":"https:\/\/zojopackaging.com\/it\/wp-json\/wp\/v2\/product\/9855\/revisions"}],"predecessor-version":[{"id":9862,"href":"https:\/\/zojopackaging.com\/it\/wp-json\/wp\/v2\/product\/9855\/revisions\/9862"}],"wp:featuredmedia":[{"embeddable":true,"href":"https:\/\/zojopackaging.com\/it\/wp-json\/wp\/v2\/media\/9858"}],"wp:attachment":[{"href":"https:\/\/zojopackaging.com\/it\/wp-json\/wp\/v2\/media?parent=9855"}],"wp:term":[{"taxonomy":"product_brand","embeddable":true,"href":"https:\/\/zojopackaging.com\/it\/wp-json\/wp\/v2\/product_brand?post=9855"},{"taxonomy":"product_cat","embeddable":true,"href":"https:\/\/zojopackaging.com\/it\/wp-json\/wp\/v2\/product_cat?post=9855"},{"taxonomy":"product_tag","embeddable":true,"href":"https:\/\/zojopackaging.com\/it\/wp-json\/wp\/v2\/product_tag?post=9855"}],"curies":[{"name":"wp","href":"https:\/\/api.w.org\/{rel}","templated":true}]}}