{"id":9863,"date":"2025-04-04T00:50:09","date_gmt":"2025-04-03T16:50:09","guid":{"rendered":"https:\/\/zojopackaging.com\/?post_type=product&#038;p=9863"},"modified":"2025-04-04T00:58:43","modified_gmt":"2025-04-03T16:58:43","slug":"custom-printed-pre-roll-cones-packaging-joint-box-wholesale","status":"publish","type":"product","link":"https:\/\/zojopackaging.com\/it\/product\/custom-printed-pre-roll-cones-packaging-joint-box-wholesale\/","title":{"rendered":"Personalizzato stampato pre rotolo coni imballaggio scatola comune all'ingrosso"},"content":{"rendered":"<h2 id=\"1-sturdy-material-and-high-end-protection-\">1.\u00a0<strong>Materiale robusto e protezione di alto livello<\/strong><\/h2>\n<p>Questa scatola estraibile a cono pre-rollata utilizza\u00a0<strong>pannello grigio ad alta resistenza<\/strong>\u00a0come materiale di imballaggio principale, ed \u00e8 abbinato a\u00a0<strong>processo di laminazione della carta patinata<\/strong>che, oltre a garantire la stabilit\u00e0 strutturale, conferisce alla scatola di imballaggio una texture opaca o lucida di alto livello. Il cartone grigio ha un'eccellente resistenza alla compressione e agli urti, in grado di proteggere efficacemente i prodotti interni pre-rollati da schiacciamenti o deformazioni durante il trasporto e lo stoccaggio. Il frontale in carta patinata non solo migliora la qualit\u00e0 visiva, ma aumenta anche l'impermeabilit\u00e0 e la capacit\u00e0 antivegetativa attraverso il processo di laminazione, prolungando la durata dell'imballaggio.<\/p>\n<h2 id=\"2-minimalist-design-strengthen-brand-recognition-\">2.\u00a0<strong>Design minimalista, per rafforzare il riconoscimento del marchio<\/strong><\/h2>\n<p>Aderendo al concetto di design \"less is more\", questo prodotto adotta un design\u00a0<strong>soluzione visiva minimalista<\/strong>Il logo del marchio \u00e8 l'elemento centrale ed \u00e8 presentato attraverso la tecnologia della stampa a caldo, della serigrafia o dell'incisione laser. Il design semplice evita il sovraccarico di informazioni, consentendo ai consumatori di concentrarsi sul logo del marchio al primo colpo e di formare una memoria visiva profonda. Ad esempio, \u00e8 possibile scegliere una soluzione monocolore ad alto contrasto (come sfondo nero opaco + logo argento brillante), oppure combinarla con una texture laser anticontraffazione per migliorare il riconoscimento.<\/p>\n<h2 id=\"3-automated-production-efficient-cost-reduction-\">3.\u00a0<strong>Produzione automatizzata, riduzione efficiente dei costi<\/strong><\/h2>\n<p>Affidarsi a\u00a0<strong>linea di produzione di scatole estraibili completamente automatica<\/strong>realizziamo una produzione integrata, dalla fustellatura allo stampaggio, fino all'assemblaggio. Le attrezzature automatizzate supportano il funzionamento continuo 24 ore su 24, con una capacit\u00e0 di produzione giornaliera di\u00a0<strong>5.000-10.000 pezzi<\/strong>abbreviando notevolmente il ciclo di consegna (3-5 giorni lavorativi al massimo) e riducendo i costi di manodopera. Ad esempio, il braccio del robot piega con precisione la struttura del cartone grigio e collabora con il sensore fotoelettrico per calibrare il binario di estrazione e garantire che l'errore di apertura e chiusura di ciascun prodotto sia \u22640,5 mm.<\/p>\n<h2 id=\"4-flexible-customization-and-bulk-discount-\">4.\u00a0<strong>Personalizzazione flessibile e sconti per grandi quantit\u00e0<\/strong><\/h2>\n<ul>\n<li><strong>Adattamento delle dimensioni<\/strong>: Supporta la regolazione personalizzata di prodotti pre-rollati con un diametro di 10-50 mm e una lunghezza di 70-200 mm e offre tre opzioni di scatola: standard, ispessita e di forma speciale.<\/li>\n<\/ul>\n<h2 id=\"5-3d-visual-design-support-\">5.\u00a0<strong>Supporto alla progettazione visiva 3D<\/strong><\/h2>\n<p>Il nostro team di progettazione fornisce\u00a0<strong>Servizi di modellazione e rendering 3D<\/strong>che pu\u00f2 generare rendering realistici degli imballaggi entro 48 ore, coprendo la simulazione dei materiali (come la texture del cartone grigio, la lucentezza della carta patinata), la decomposizione strutturale (meccanismo di estrazione del display) e la visualizzazione dello scenario (come l'esposizione a scaffale, l'effetto palmare). I clienti possono regolare i dettagli del design attraverso l'interfaccia interattiva e visualizzare in anteprima l'effetto della modifica in tempo reale, per garantire che la soluzione sia altamente coerente con il tono del marchio.<\/p>\n<h2 id=\"6-multi-process-printing-empowers-brand-communication-\">6.\u00a0<strong>La stampa multi-processo favorisce la comunicazione del marchio<\/strong><\/h2>\n<p>Le seguenti tecnologie di stampa sono utilizzate per migliorare l'identit\u00e0 del marchio:<\/p>\n<ul>\n<li><strong>Stampa serigrafica<\/strong>: adatto per blocchi di colore di grandi dimensioni e LOGO ad alta saturazione, con una forte resistenza all'usura;<\/li>\n<li><strong>Stampaggio a caldo\/stampaggio a caldo<\/strong>: migliorare la struttura metallica, adatta alle serie di fascia alta;<\/li>\n<li><strong>Vetri UV locali<\/strong>: evidenziano le informazioni chiave e migliorano la stratificazione tattile. Tutti i processi sono certificati ISO 9001 e la differenza di colore \u00e8 controllata \u22645% per garantire la coerenza dei lotti.<\/li>\n<\/ul>\n<h2 id=\"7-end-to-end-service-worry-free-throughout-\">7.\u00a0<strong>Servizio end-to-end, senza preoccupazioni<\/strong><\/h2>\n<p>Forniamo\u00a0<strong>soluzioni one-stop<\/strong>che copre l'intero processo di analisi della domanda, la verifica del progetto e la consegna della produzione di massa:<\/p>\n<ul>\n<li><strong>Consultazione preliminare<\/strong>: Un team di professionisti valuta le caratteristiche del prodotto e il posizionamento sul mercato e consiglia la migliore strategia di confezionamento;<\/li>\n<li><strong>Controllo della produzione<\/strong>: Utilizzare il sistema MES per monitorare l'avanzamento della produzione in tempo reale, supportare il controllo degli ordini online e la tracciabilit\u00e0 della qualit\u00e0;<\/li>\n<\/ul>","protected":false},"excerpt":{"rendered":"<ul>\n<li><strong>Garanzia di qualit\u00e0<\/strong>: Superare il test di compressione SGS (capacit\u00e0 portante \u226515 kg);<\/li>\n<li><strong>Risposta rapida<\/strong>Servizio clienti 24 ore su 24, elaborazione rapida degli ordini urgenti;<\/li>\n<li><strong>Conformit\u00e0 ambientale<\/strong>: I materiali sono conformi alla certificazione FSC e supportano il processo di rivestimento biodegradabile.<\/li>\n<\/ul>","protected":false},"featured_media":9868,"template":"","meta":[],"product_brand":[],"product_cat":[30,420,31,426],"product_tag":[1296,1298,1297],"class_list":{"0":"post-9863","1":"product","2":"type-product","3":"status-publish","4":"has-post-thumbnail","6":"product_cat-by-industry","7":"product_cat-custom-cannabis-boxes","8":"product_cat-paper-box-style","9":"product_cat-paper-drawer-boxes","10":"product_tag-custom-printed-pre-roll-packaging","11":"product_tag-joint-box-wholesale","12":"product_tag-pre-roll-cones-packaging","14":"first","15":"instock","16":"shipping-taxable","17":"product-type-grouped"},"_links":{"self":[{"href":"https:\/\/zojopackaging.com\/it\/wp-json\/wp\/v2\/product\/9863","targetHints":{"allow":["GET"]}}],"collection":[{"href":"https:\/\/zojopackaging.com\/it\/wp-json\/wp\/v2\/product"}],"about":[{"href":"https:\/\/zojopackaging.com\/it\/wp-json\/wp\/v2\/types\/product"}],"version-history":[{"count":1,"href":"https:\/\/zojopackaging.com\/it\/wp-json\/wp\/v2\/product\/9863\/revisions"}],"predecessor-version":[{"id":9870,"href":"https:\/\/zojopackaging.com\/it\/wp-json\/wp\/v2\/product\/9863\/revisions\/9870"}],"wp:featuredmedia":[{"embeddable":true,"href":"https:\/\/zojopackaging.com\/it\/wp-json\/wp\/v2\/media\/9868"}],"wp:attachment":[{"href":"https:\/\/zojopackaging.com\/it\/wp-json\/wp\/v2\/media?parent=9863"}],"wp:term":[{"taxonomy":"product_brand","embeddable":true,"href":"https:\/\/zojopackaging.com\/it\/wp-json\/wp\/v2\/product_brand?post=9863"},{"taxonomy":"product_cat","embeddable":true,"href":"https:\/\/zojopackaging.com\/it\/wp-json\/wp\/v2\/product_cat?post=9863"},{"taxonomy":"product_tag","embeddable":true,"href":"https:\/\/zojopackaging.com\/it\/wp-json\/wp\/v2\/product_tag?post=9863"}],"curies":[{"name":"wp","href":"https:\/\/api.w.org\/{rel}","templated":true}]}}