{"id":9871,"date":"2025-04-04T00:59:03","date_gmt":"2025-04-03T16:59:03","guid":{"rendered":"https:\/\/zojopackaging.com\/?post_type=product&#038;p=9871"},"modified":"2025-04-04T09:38:39","modified_gmt":"2025-04-04T01:38:39","slug":"custom-cannabis-pre-roll-joint-paper-packaging-box-wholesale","status":"publish","type":"product","link":"https:\/\/zojopackaging.com\/it\/product\/custom-cannabis-pre-roll-joint-paper-packaging-box-wholesale\/","title":{"rendered":"Scatola d'imballaggio di carta congiunta del rotolo della cannabis su ordinazione all'ingrosso"},"content":{"rendered":"<h2 id=\"-1-strong-material-comprehensive-protection-\"><strong>1. Materiale resistente, protezione completa<\/strong><\/h2>\n<p>La nostra scatola estraibile di sigarette pre-rollate utilizza\u00a0<strong>Carta patinata ad alta grammatura da 157 g<\/strong>\u00a0combinato con\u00a0<strong>rivestimento in cartone grigio ad alta resistenza<\/strong>e crea una struttura tridimensionale attraverso un processo composito per garantire che il prodotto sia resistente alla pressione, alle cadute e all'umidit\u00e0 durante il trasporto, lo stoccaggio e l'uso. Il materiale grigio del cartone fornisce un supporto aggiuntivo, attutisce efficacemente gli impatti esterni, riduce il rischio di rottura e mantiene la scatola leggera, tenendo conto della protezione dell'ambiente e della durata.<\/p>\n<h2 id=\"-2-diversified-structural-and-functional-design-\"><strong>2. Design strutturale e funzionale diversificato<\/strong><\/h2>\n<ul>\n<li><strong>Selezione flessibile di dimensioni e stili<\/strong>: Fornisce una variet\u00e0 di tipi di box, come quelli quadrati, rettangolari e di forme speciali.\u00a0<strong>1-10 confezioni<\/strong>\u00a0e altre specifiche di capacit\u00e0, e si adatta alle diverse esigenze dei prodotti di sigarette pre-rollate.<\/li>\n<li><strong>Design fisso del plug-in<\/strong>: Strato divisorio in schiuma EVA regolabile o in cartone ecologico per garantire che la sigaretta pre-rollata sia stabile e non si sposti durante il trasporto per evitare danni da attrito.<\/li>\n<li><strong>Apertura e chiusura portatile a scomparsa<\/strong>: Ottimizzare lo smorzamento della struttura push-pull, migliorare l'esperienza dell'utente e tenere conto della tenuta e della facilit\u00e0 d'uso.<\/li>\n<\/ul>\n<h2 id=\"-3-high-precision-printing-and-color-performance-\"><strong>3. Stampa di alta precisione e prestazioni cromatiche<\/strong><\/h2>\n<p>Adottare\u00a0<strong>stampa offset + stampa digitale processo combinato<\/strong>, supporto\u00a0<strong>Stampa in quadricromia CMYK<\/strong>\u00a0e\u00a0<strong>Corrispondenza dei colori spot Pantone (PMS)<\/strong>, ottenere una riproduzione dei colori \u2265 98%, soddisfare i requisiti di progettazione complessi come i loghi di marca e i motivi sfumati.<\/p>\n<ul>\n<li><strong>Potenziamento dell'effetto metallo<\/strong>: opzionale\u00a0<strong>stampaggio a caldo\/argento caldo, stampaggio di lamine metalliche<\/strong>\u00a0Il processo, che presenta un effetto opaco, lucido o parzialmente laser, migliora l'impatto visivo dell'imballaggio.<\/li>\n<li><strong>Design della finestra cava<\/strong>Grazie a un preciso processo di fustellatura, la finestra trasparente in PET o acrilico si apre sul corpo della scatola per mostrare in modo intuitivo i prodotti di sigarette pre-rollate e stimolare il desiderio di acquisto.<\/li>\n<\/ul>\n<h2 id=\"-4-surface-treatment-and-functional-coating-\"><strong>4. Trattamento superficiale e rivestimento funzionale<\/strong><\/h2>\n<ul>\n<li><strong>Rivestimento protettivo<\/strong>: fornire opzioni come pellicole opache, lucide, tattili, ecc. per migliorare la resistenza ai graffi e prolungare la durata del display.<\/li>\n<li><strong>Tecnologia di rivestimento ecologica<\/strong>adottare un rivestimento UV a base d'acqua, non tossico e inodore, superare la certificazione FDA per il contatto con gli alimenti per garantire la sicurezza del prodotto.<\/li>\n<\/ul>\n<h2 id=\"-5-one-stop-customization-service-\"><strong>5. Servizio di personalizzazione one-stop<\/strong><\/h2>\n<ul>\n<li><strong>Progettazione e assistenza tecnica<\/strong>: Servizi gratuiti di modellazione 3D, ottimizzazione strutturale e adattamento del marchio VI, supporto dell'anteprima digitale dei campioni AR e riduzione dei costi di prova.<\/li>\n<li><strong>Magazzino e logistica intelligenti<\/strong>: Affidandosi al sistema di magazzino automatizzato, realizziamo la gestione integrata dello smistamento degli ordini, dell'imballaggio e del trasporto, e supportiamo la gestione del magazzino.\u00a0<strong>7-15 giorni di consegna veloce<\/strong>\u00a0nei principali mercati globali.<\/li>\n<li><strong>Trasparenza della catena di approvvigionamento<\/strong>: Tracciare la tracciabilit\u00e0 delle materie prime e l'avanzamento della produzione attraverso la tecnologia Internet of Things (IoT) per garantire una qualit\u00e0 controllabile e consegne puntuali.<\/li>\n<\/ul>\n<h2 id=\"-6-brand-empowerment-and-market-competitiveness-\"><strong>6. Potenziamento del marchio e competitivit\u00e0 del mercato<\/strong><\/h2>\n<ul>\n<li><strong>Integrazione degli strumenti di marketing<\/strong>: La scatola dell'imballaggio pu\u00f2 essere integrata con chip NFC o codici QR per collegarsi al sito web ufficiale del marchio e alle attivit\u00e0 promozionali per migliorare l'interazione con i consumatori.<\/li>\n<li><strong>Certificazione ambientale<\/strong>: Fornire opzioni di carta certificata FSC, che sono in linea con la tendenza allo sviluppo sostenibile dei mercati europei e americani e contribuiscono alla valorizzazione del marchio.<\/li>\n<\/ul>\n<h2 id=\"-7-quality-commitment-and-after-sales-guarantee-\"><strong>7. Impegno per la qualit\u00e0 e garanzia post-vendita<\/strong><\/h2>\n<ul>\n<li><strong>Processo completo di ispezione e controllo qualit\u00e0<\/strong>: Dallo stoccaggio delle materie prime alla spedizione del prodotto finito, implementiamo il sistema di gestione della qualit\u00e0 ISO 9001 e il tasso di difettosit\u00e0 \u00e8 \u22640,3%.<\/li>\n<li><strong>Post vendita senza preoccupazioni<\/strong>: Forniamo un risarcimento dei danni, un servizio di sostituzione d'emergenza e una risposta del servizio clienti 24 ore su 24 per risolvere le preoccupazioni dei clienti.<\/li>\n<\/ul>","protected":false},"excerpt":{"rendered":"<p>Attraverso la profonda integrazione di\u00a0<strong>innovazione dei materiali<\/strong>,\u00a0<strong>affinamento del processo<\/strong>\u00a0e\u00a0<strong>servizio digitale<\/strong>Le nostre scatole per il confezionamento di sigarette pre-rollate non solo soddisfano le esigenze funzionali, ma diventano anche un vettore esteso del valore del marchio. Dalla progettazione alla consegna, ci impegniamo a\u00a0<strong>precisione di livello industriale<\/strong>\u00a0e\u00a0<strong>espressione artistica<\/strong>\u00a0per aiutare i vostri prodotti a distinguersi nel mercato competitivo.<\/p>","protected":false},"featured_media":9876,"template":"","meta":[],"product_brand":[],"product_cat":[30,420,31,426],"product_tag":[1213,1299,1281],"class_list":{"0":"post-9871","1":"product","2":"type-product","3":"status-publish","4":"has-post-thumbnail","6":"product_cat-by-industry","7":"product_cat-custom-cannabis-boxes","8":"product_cat-paper-box-style","9":"product_cat-paper-drawer-boxes","10":"product_tag-custom-pre-roll-boxes","11":"product_tag-pre-roll-joint-boxes","12":"product_tag-pre-roll-packaging","14":"first","15":"instock","16":"shipping-taxable","17":"product-type-grouped"},"_links":{"self":[{"href":"https:\/\/zojopackaging.com\/it\/wp-json\/wp\/v2\/product\/9871","targetHints":{"allow":["GET"]}}],"collection":[{"href":"https:\/\/zojopackaging.com\/it\/wp-json\/wp\/v2\/product"}],"about":[{"href":"https:\/\/zojopackaging.com\/it\/wp-json\/wp\/v2\/types\/product"}],"version-history":[{"count":1,"href":"https:\/\/zojopackaging.com\/it\/wp-json\/wp\/v2\/product\/9871\/revisions"}],"predecessor-version":[{"id":9879,"href":"https:\/\/zojopackaging.com\/it\/wp-json\/wp\/v2\/product\/9871\/revisions\/9879"}],"wp:featuredmedia":[{"embeddable":true,"href":"https:\/\/zojopackaging.com\/it\/wp-json\/wp\/v2\/media\/9876"}],"wp:attachment":[{"href":"https:\/\/zojopackaging.com\/it\/wp-json\/wp\/v2\/media?parent=9871"}],"wp:term":[{"taxonomy":"product_brand","embeddable":true,"href":"https:\/\/zojopackaging.com\/it\/wp-json\/wp\/v2\/product_brand?post=9871"},{"taxonomy":"product_cat","embeddable":true,"href":"https:\/\/zojopackaging.com\/it\/wp-json\/wp\/v2\/product_cat?post=9871"},{"taxonomy":"product_tag","embeddable":true,"href":"https:\/\/zojopackaging.com\/it\/wp-json\/wp\/v2\/product_tag?post=9871"}],"curies":[{"name":"wp","href":"https:\/\/api.w.org\/{rel}","templated":true}]}}