{"id":9888,"date":"2025-04-04T09:47:39","date_gmt":"2025-04-04T01:47:39","guid":{"rendered":"https:\/\/zojopackaging.com\/?post_type=product&#038;p=9888"},"modified":"2025-04-04T09:58:19","modified_gmt":"2025-04-04T01:58:19","slug":"custom-printed-5-pack-blank-cbd-pre-rolled-joints-box-usa","status":"publish","type":"product","link":"https:\/\/zojopackaging.com\/it\/product\/custom-printed-5-pack-blank-cbd-pre-rolled-joints-box-usa\/","title":{"rendered":"Scatola personalizzata stampata da 5 pacchetti vuoti di CBD prearrotolati USA"},"content":{"rendered":"<h2 id=\"1-high-quality-materials-and-structural-design-\">1.\u00a0<strong>Materiali e design strutturale di alta qualit\u00e0<\/strong><\/h2>\n<ul>\n<li><strong>Combinazione di materiali<\/strong>: La carta patinata ad alta grammatura e il cartone rigido sono utilizzati per garantire che il corpo della scatola sia robusto e durevole, mentre la struttura interna \u00e8 stata progettata con precisione per fissare efficacemente i prodotti pre-rollati ed evitare che si agitino durante il trasporto o l'uso.<\/li>\n<li><strong>Protezione dell'ambiente<\/strong>: \u00c8 disponibile un rivestimento biodegradabile opzionale per soddisfare la tendenza delle normative di tutela ambientale in vari stati degli Stati Uniti e migliorare l'immagine sostenibile del marchio.<\/li>\n<\/ul>\n<h2 id=\"2-four-color-printing-and-matte-film-process-\">2.\u00a0<strong>Stampa in quadricromia e processo di lavorazione della pellicola opaca<\/strong><\/h2>\n<ul>\n<li><strong>Tecnologia di stampa<\/strong>: La stampa in quadricromia ripristina con precisione i colori del marchio, supporta la corrispondenza dei colori spot Pantone ed \u00e8 adatta per motivi complessi ed effetti sfumati.<\/li>\n<li><strong>Trattamento della superficie<\/strong>: La tecnologia di laminazione opaca non solo migliora il senso visivo del lusso, ma ha anche funzioni anti-impronta e anti-graffio, prolungando la durata dell'imballaggio.<\/li>\n<\/ul>\n<h2 id=\"3-all-round-customization-service-\">3.\u00a0<strong>Servizio di personalizzazione a tutto tondo<\/strong><\/h2>\n<ul>\n<li><strong>Dimensioni e forma<\/strong>: Supporta la personalizzazione di dimensioni non standard (come design sottili, quadrati o di forma speciale) per adattarsi alle diverse specifiche dei prodotti pre-rollati CBD.<\/li>\n<li><strong>Design d'arte<\/strong>: Fornisce un supporto per la progettazione dell'intero processo, dal logo del marchio alle illustrazioni, fino agli elementi anticontraffazione, e pu\u00f2 utilizzare la stampa a caldo, la smaltatura locale UV e altri processi per migliorare l'impatto visivo.<\/li>\n<\/ul>\n<h2 id=\"4-regulatory-compliance-and-safety-upgrade-\">4.\u00a0<strong>Conformit\u00e0 normativa e aggiornamento della sicurezza<\/strong><\/h2>\n<ul>\n<li><strong>Serratura a prova di bambino<\/strong>: Dispositivo opzionale di apertura a prova di bambino incorporato, in linea con i requisiti del Child Poison Prevention Packaging Act (PPPA) degli Stati Uniti e certificato dalla FDA.<\/li>\n<li><strong>Tecnologia anticontraffazione<\/strong>: Supporta soluzioni anticontraffazione come la stampa olografica a caldo e l'inchiostro a temperatura variabile per proteggere i marchi dalla contraffazione.<\/li>\n<\/ul>\n<h2 id=\"5-flexible-capacity-and-brand-empowerment-\">5.\u00a0<strong>Capacit\u00e0 flessibile e responsabilizzazione del marchio<\/strong><\/h2>\n<ul>\n<li><strong>Quantit\u00e0 minima d'ordine<\/strong>: Supporta la personalizzazione di piccoli lotti (ordine minimo di 5 confezioni), adatto ai marchi in fase di avvio per testare il mercato.<\/li>\n<li><strong>Sistema di classificazione dei marchi<\/strong>: Fornisce soluzioni di packaging differenziate in base al posizionamento del prodotto (ad esempio, fascia alta, prezzo accessibile o edizione limitata) per favorire il marketing di precisione.<\/li>\n<\/ul>\n<h2 id=\"-application-scenarios-and-market-value-\"><strong>Scenari applicativi e valore di mercato<\/strong><\/h2>\n<ul>\n<li><strong>Espositori per la vendita al dettaglio<\/strong>: La texture opaca del film e i motivi personalizzati migliorano l'attrattiva degli scaffali, adatti a tabaccherie offline, negozi di specialit\u00e0 CBD e negozi di prodotti per la salute.<\/li>\n<li><strong>Servizio in abbonamento<\/strong>: Adattarsi al modello di abbonamento mensile e migliorare l'esperienza di unboxing dell'utente e la fedelt\u00e0 al marchio attraverso un packaging personalizzato.<\/li>\n<li><strong>Cooperazione limitata<\/strong>: Fornire un design esclusivo per prodotti in co-branding o limitati alle festivit\u00e0 per creare scarsit\u00e0 e attualit\u00e0.<\/li>\n<\/ul>\n<h2 id=\"-cooperation-process-and-guarantee-\"><strong>Processo di cooperazione e garanzia<\/strong><\/h2>\n<ol>\n<li><strong>Comunicazione della domanda<\/strong>: Fornire una bozza di progetto o un progetto originale da parte del nostro team e produrre rendering 3D entro 3 giorni lavorativi.<\/li>\n<li><strong>Conferma della prova di stampa<\/strong>: Invio di campioni fisici entro 7 giorni, adeguamento dei dettagli del processo di supporto.<\/li>\n<li><strong>Produzione di massa<\/strong>: Ciclo di consegna di 10-15 giorni, ispezione completa della qualit\u00e0 per garantire il tasso qualificato di prodotti finiti \u226599,8%.<\/li>\n<li><strong>Assistenza post-vendita<\/strong>: Fornire servizi di custodia del magazzino e di rifornimento degli ordini di emergenza per rispondere alle improvvise richieste del mercato.<\/li>\n<\/ol>","protected":false},"excerpt":{"rendered":"<p>Le nostre scatole di CBD pre-rollate sono progettate specificamente per il mercato statunitense, combinando materiali di alta qualit\u00e0 e artigianato innovativo per fornire soluzioni di confezionamento sicure, belle e altamente personalizzate. Sono adatte ai proprietari di marchi e ai titolari di aziende per stabilire un'immagine unica in un mercato altamente competitivo, soddisfacendo al contempo i requisiti normativi e le esigenze dei consumatori.<\/p>","protected":false},"featured_media":9889,"template":"","meta":[],"product_brand":[],"product_cat":[30,420,31,426],"product_tag":[1213,1300,1299,1281],"class_list":{"0":"post-9888","1":"product","2":"type-product","3":"status-publish","4":"has-post-thumbnail","6":"product_cat-by-industry","7":"product_cat-custom-cannabis-boxes","8":"product_cat-paper-box-style","9":"product_cat-paper-drawer-boxes","10":"product_tag-custom-pre-roll-boxes","11":"product_tag-paper-pre-roll-packaging","12":"product_tag-pre-roll-joint-boxes","13":"product_tag-pre-roll-packaging","15":"first","16":"instock","17":"shipping-taxable","18":"product-type-grouped"},"_links":{"self":[{"href":"https:\/\/zojopackaging.com\/it\/wp-json\/wp\/v2\/product\/9888","targetHints":{"allow":["GET"]}}],"collection":[{"href":"https:\/\/zojopackaging.com\/it\/wp-json\/wp\/v2\/product"}],"about":[{"href":"https:\/\/zojopackaging.com\/it\/wp-json\/wp\/v2\/types\/product"}],"version-history":[{"count":1,"href":"https:\/\/zojopackaging.com\/it\/wp-json\/wp\/v2\/product\/9888\/revisions"}],"predecessor-version":[{"id":9895,"href":"https:\/\/zojopackaging.com\/it\/wp-json\/wp\/v2\/product\/9888\/revisions\/9895"}],"wp:featuredmedia":[{"embeddable":true,"href":"https:\/\/zojopackaging.com\/it\/wp-json\/wp\/v2\/media\/9889"}],"wp:attachment":[{"href":"https:\/\/zojopackaging.com\/it\/wp-json\/wp\/v2\/media?parent=9888"}],"wp:term":[{"taxonomy":"product_brand","embeddable":true,"href":"https:\/\/zojopackaging.com\/it\/wp-json\/wp\/v2\/product_brand?post=9888"},{"taxonomy":"product_cat","embeddable":true,"href":"https:\/\/zojopackaging.com\/it\/wp-json\/wp\/v2\/product_cat?post=9888"},{"taxonomy":"product_tag","embeddable":true,"href":"https:\/\/zojopackaging.com\/it\/wp-json\/wp\/v2\/product_tag?post=9888"}],"curies":[{"name":"wp","href":"https:\/\/api.w.org\/{rel}","templated":true}]}}