{"id":9905,"date":"2025-04-04T10:09:37","date_gmt":"2025-04-04T02:09:37","guid":{"rendered":"https:\/\/zojopackaging.com\/?post_type=product&#038;p=9905"},"modified":"2025-04-04T10:20:16","modified_gmt":"2025-04-04T02:20:16","slug":"custom-drawer-hemp-pre-roll-pre-rolls-joints-packaging","status":"publish","type":"product","link":"https:\/\/zojopackaging.com\/it\/product\/custom-drawer-hemp-pre-roll-pre-rolls-joints-packaging\/","title":{"rendered":"Cassetto personalizzato Canapa pre-roll Pre-rotoli Giunti Imballaggio"},"content":{"rendered":"<h2 id=\"1-material-and-craftsmanship-\">1.\u00a0<strong>Materiale e artigianato<\/strong><\/h2>\n<ul>\n<li><strong>Struttura in carta da parati e cartone grigio<\/strong>: La carta patinata ad alta grammatura \u00e8 utilizzata come carta di rivestimento, montata su un substrato di cartone grigio ad alta resistenza per garantire che la scatola sia dritta e resistente all'usura. La texture a specchio della carta patinata pu\u00f2 presentare con precisione il LOGO, il motivo e il colore del marchio, mentre il cartone grigio (spessore 1,5-3,0 mm) fornisce un supporto a compressione per resistere efficacemente all'impatto delle forze esterne durante il trasporto.<\/li>\n<li><strong>Ottimizzazione del rivestimento<\/strong>: L'interno \u00e8 abbinato a una fodera di cartone bianco per alimenti e il prodotto pre-rollato \u00e8 fissato dalla fessura per evitare scosse o deformazioni da estrusione. La superficie della fodera \u00e8 ricoperta da uno strato di pellicola opaca, resistente all'umidit\u00e0 e confortevole al tatto.<\/li>\n<\/ul>\n<h2 id=\"2-functional-design-\">2.\u00a0<strong>Design funzionale<\/strong><\/h2>\n<ul>\n<li><strong>Apertura e chiusura a scomparsa<\/strong>: La struttura della guida di scorrimento adotta un processo di scanalatura pre-stampata; la scorrevolezza di apertura e chiusura raggiunge lo standard di errore di \u00b10,3 mm e il coefficiente di resistenza \u00e8 \u22640,5N, garantendo che i consumatori possano facilmente prendere il prodotto con una mano.<\/li>\n<li><strong>Layout della griglia<\/strong>: La fodera supporta la personalizzazione della griglia a pi\u00f9 livelli (come slot singoli e indipendenti e slot a pi\u00f9 file), che \u00e8 adatta per sigarette pre-rollate o atomizzatori di diverse dimensioni per migliorare il senso di ordine nell'esposizione dei prodotti.<\/li>\n<\/ul>\n<h2 id=\"4-size-and-printing-customization-\">4.\u00a0<strong>Personalizzazione delle dimensioni e della stampa<\/strong><\/h2>\n<ul>\n<li>Supporta la regolazione dei parametri a grandezza naturale (errore di lunghezza\/larghezza\/altezza \u2264\u00b10,5 mm) e fornisce la stampa a caldo UV, la goffratura, la verniciatura locale e altri processi per migliorare il riconoscimento visivo del marchio.<\/li>\n<li>La stampa avviene in un'officina chiusa e indipendente, dotata di un sistema di trasferimento dei file criptato per garantire l'assoluta riservatezza delle bozze di progetto e delle informazioni sui prodotti dei clienti.<\/li>\n<\/ul>\n<h2 id=\"5-one-stop-solution-\">5.\u00a0<strong>Soluzione unica<\/strong><\/h2>\n<ul>\n<li>Contando su 16 anni di esperienza nella produzione di imballaggi, fornisce servizi completi di ricerca e sviluppo strutturale, progettazione grafica e produzione di massa. Il team di progettazione \u00e8 in grado di combinare le tendenze di marketing dell'industria della cannabis (come lo stile minimalista e i temi ecologici) per produrre soluzioni di packaging differenziate.<\/li>\n<li>Supporta la produzione di prova di piccoli lotti (100 pezzi) e la consegna su larga scala (100.000 pezzi al giorno) e il ciclo di consegna \u00e8 ridotto a 7-15 giorni lavorativi.<\/li>\n<\/ul>\n<h2 id=\"-application-scenarios-and-advantages-\"><strong>Scenari di applicazione e vantaggi<\/strong><\/h2>\n<ul>\n<li><strong>Terminale di vendita al dettaglio<\/strong>: L'aspetto raffinato e il rituale di apertura e chiusura della scatola estraibile possono migliorare l'attrattiva dello scaffale e, grazie al design della finestra trasparente o al processo di incavatura, i dettagli del prodotto possono essere visualizzati in modo intuitivo.<\/li>\n<li><strong>Mercato dei regali<\/strong>: Sono disponibili decorazioni aggiuntive opzionali, come nastri e buste, che si adattano al posizionamento di fascia alta delle confezioni regalo per le festivit\u00e0 o dei prodotti in edizione limitata.<\/li>\n<li><strong>Rispettoso dell'ambiente e compatibile<\/strong>: Il materiale \u00e8 conforme alla certificazione FSC, supporta la tecnologia del cartoncino grigio degradabile e dell'inchiostro a base d'acqua e risponde alla tendenza globale dell'imballaggio sostenibile.<\/li>\n<\/ul>\n<h2 id=\"-technical-parameters-\"><strong>Parametri tecnici<\/strong><\/h2>\n<table>\n<thead>\n<tr>\n<th>Progetto<\/th>\n<th>Dettagli dei parametri<\/th>\n<\/tr>\n<\/thead>\n<tbody>\n<tr>\n<td>Materiale cartaceo<\/td>\n<td>Carta patinata da 300 g (pu\u00f2 essere aggiornata con carta tattile)<\/td>\n<\/tr>\n<tr>\n<td>Spessore del substrato<\/td>\n<td>Pannello grigio da 1,8 mm (portata \u226515 kg)<\/td>\n<\/tr>\n<tr>\n<td>Materiale della fodera<\/td>\n<td>350 g di cartoncino bianco (rivestito di pellicola opaca)<\/td>\n<\/tr>\n<tr>\n<td>Durata dell'estrazione<\/td>\n<td>\u22655000 volte di apertura e chiusura senza inceppamenti<\/td>\n<\/tr>\n<tr>\n<td>Prestazioni a prova di umidit\u00e0<\/td>\n<td>Nessuna deformazione per 48 ore in un ambiente con umidit\u00e0 85%<\/td>\n<\/tr>\n<\/tbody>\n<\/table>","protected":false},"excerpt":{"rendered":"<p>Questa scatola a cassetto per il confezionamento di cannabis pre-roll \u00e8 stata progettata appositamente per i derivati della cannabis come CBD, sigarette pre-roll e atomizzatori. Combina materiali di alta gamma e strutture funzionali per migliorare l'esposizione del prodotto, la protezione e l'esperienza dell'utente. Il prodotto adotta un design a scatola regalo estraibile che combina bellezza e praticit\u00e0. \u00c8 adatto a scenari di vendita al dettaglio, regali e personalizzazione del marchio, soddisfacendo le esigenze del settore in termini di riservatezza del packaging, portabilit\u00e0 e personalizzazione del marchio.<\/p>","protected":false},"featured_media":9906,"template":"","meta":[],"product_brand":[],"product_cat":[30,420,31,426],"product_tag":[1213,1299,1281],"class_list":{"0":"post-9905","1":"product","2":"type-product","3":"status-publish","4":"has-post-thumbnail","6":"product_cat-by-industry","7":"product_cat-custom-cannabis-boxes","8":"product_cat-paper-box-style","9":"product_cat-paper-drawer-boxes","10":"product_tag-custom-pre-roll-boxes","11":"product_tag-pre-roll-joint-boxes","12":"product_tag-pre-roll-packaging","14":"first","15":"instock","16":"shipping-taxable","17":"product-type-grouped"},"_links":{"self":[{"href":"https:\/\/zojopackaging.com\/it\/wp-json\/wp\/v2\/product\/9905","targetHints":{"allow":["GET"]}}],"collection":[{"href":"https:\/\/zojopackaging.com\/it\/wp-json\/wp\/v2\/product"}],"about":[{"href":"https:\/\/zojopackaging.com\/it\/wp-json\/wp\/v2\/types\/product"}],"version-history":[{"count":2,"href":"https:\/\/zojopackaging.com\/it\/wp-json\/wp\/v2\/product\/9905\/revisions"}],"predecessor-version":[{"id":9913,"href":"https:\/\/zojopackaging.com\/it\/wp-json\/wp\/v2\/product\/9905\/revisions\/9913"}],"wp:featuredmedia":[{"embeddable":true,"href":"https:\/\/zojopackaging.com\/it\/wp-json\/wp\/v2\/media\/9906"}],"wp:attachment":[{"href":"https:\/\/zojopackaging.com\/it\/wp-json\/wp\/v2\/media?parent=9905"}],"wp:term":[{"taxonomy":"product_brand","embeddable":true,"href":"https:\/\/zojopackaging.com\/it\/wp-json\/wp\/v2\/product_brand?post=9905"},{"taxonomy":"product_cat","embeddable":true,"href":"https:\/\/zojopackaging.com\/it\/wp-json\/wp\/v2\/product_cat?post=9905"},{"taxonomy":"product_tag","embeddable":true,"href":"https:\/\/zojopackaging.com\/it\/wp-json\/wp\/v2\/product_tag?post=9905"}],"curies":[{"name":"wp","href":"https:\/\/api.w.org\/{rel}","templated":true}]}}