{"id":9922,"date":"2025-04-04T10:44:14","date_gmt":"2025-04-04T02:44:14","guid":{"rendered":"https:\/\/zojopackaging.com\/?post_type=product&#038;p=9922"},"modified":"2025-04-04T10:53:16","modified_gmt":"2025-04-04T02:53:16","slug":"custom-paper-pre-roll-boxes-packaging-manufacture-supplier","status":"publish","type":"product","link":"https:\/\/zojopackaging.com\/it\/product\/custom-paper-pre-roll-boxes-packaging-manufacture-supplier\/","title":{"rendered":"Carta personalizzata Pre rotolo scatole imballaggio Fornitore"},"content":{"rendered":"<h2 id=\"-1-environmentally-friendly-materials-and-structural-design-safe-durable-green-and-sustainable-\"><strong>1. Materiali e design strutturale rispettosi dell'ambiente: sicuri, durevoli, ecologici e sostenibili.<\/strong><\/h2>\n<ul>\n<li><strong>Selezione del materiale<\/strong>: Il corpo della scatola \u00e8 realizzato in materiale ad alta resistenza\u00a0<strong>pannello grigio<\/strong>\u00a0e\u00a0<strong>carta patinata<\/strong>\u00a0materiale composito, rispettoso dell'ambiente e sostenibile<\/li>\n<\/ul>\n<h2 id=\"-2-customized-lining-and-capacity-precise-adaptation-upgraded-protection-\"><strong>2. Rivestimento e capacit\u00e0 personalizzati: adattamento preciso, protezione migliorata<\/strong><\/h2>\n<ul>\n<li><strong>Dimensione flessibile<\/strong>: La fodera \u00e8 realizzata in\u00a0<strong>Cartoncino bianco ad alta grammatura da 350 g<\/strong>, che pu\u00f2 essere personalizzato in base alle esigenze del cliente, dalle specifiche di un singolo pacchetto a quelle di 5 pacchetti (gamma di dimensioni convenzionali: lunghezza 50-150 mm, larghezza 20-50 mm, altezza 10-30 mm), adattandosi perfettamente ai prodotti di sigarette pre-rollate di diversi diametri.<\/li>\n<li><strong>Progettazione del buffer<\/strong>: Il bordo della fodera adotta la tecnologia della fustellatura e della cordonatura per formare una scanalatura tampone che impedisce al prodotto di agitarsi; allo stesso tempo, nella parte superiore \u00e8 riservato un foro di ventilazione per mantenere il prodotto fresco.<\/li>\n<\/ul>\n<h2 id=\"-3-child-proof-lock-buckle-design-safety-and-convenience-are-taken-into-account-\"><strong>3. Fibbia di chiusura a prova di bambino: sicurezza e praticit\u00e0 sono state tenute in considerazione.<\/strong><\/h2>\n<ul>\n<li><strong>Doppia protezione<\/strong>: Opzionale\u00a0<strong>struttura di blocco bambini a pressione<\/strong>che per aprirsi richiede la pressione contemporanea delle fibbie riservate su entrambi i lati del corpo della scatola e la percentuale di successo dell'apertura dei bambini \u00e8 inferiore a 5%.<\/li>\n<li><strong>Adatto agli adulti<\/strong>: Il lucchetto adotta un design a fibbia elastica, che pu\u00f2 essere facilmente aperto e chiuso con una sola mano senza compromettere l'esperienza dell'utente.<\/li>\n<\/ul>\n<h2 id=\"-4-printing-technology-high-definition-visual-effects-enhance-brand-premium-\"><strong>4. Tecnologia di stampa: effetti visivi ad alta definizione, per migliorare la qualit\u00e0 del marchio.<\/strong><\/h2>\n<ul>\n<li><strong>Processo di stampa<\/strong>: Adottare\u00a0<strong>Macchina da stampa offset UV a 6 colori Heidelberg<\/strong>La precisione minima di stampa \u00e8 di 300 dpi, per garantire che i bordi del LOGO e del motivo siano nitidi e privi di bave.<\/li>\n<li><strong>Funzione anticontraffazione<\/strong>: Stampa laser olografica o microtesto opzionale per migliorare l'anticontraffazione dell'imballaggio, adatto alle esigenze dei marchi di fascia alta.<\/li>\n<\/ul>\n<h2 id=\"-5-cost-optimization-plan-flexible-order-the-king-of-cost-effectiveness-\"><strong>5. Piano di ottimizzazione dei costi: ordine flessibile, il re del rapporto costo-efficacia<\/strong><\/h2>\n<ul>\n<li><strong>Preventivo per la scala<\/strong>: Supporto di sconti graduati MOQ, le piccole e medie imprese e i grandi marchi possono ottenere il miglior piano di costo.<\/li>\n<li><strong>Ciclo di produzione<\/strong>: Consegna 7-15 giorni dopo la conferma del campione, capacit\u00e0 produttiva giornaliera di 100.000 pezzi, supporto agli ordini accelerati.<\/li>\n<\/ul>\n<h2 id=\"-6-value-added-services-full-link-support-from-packaging-to-marketing-\"><strong>6. Servizi a valore aggiunto: supporto completo dal confezionamento alla commercializzazione<\/strong><\/h2>\n<ul>\n<li><strong>Servizi di progettazione<\/strong>: Ottimizzazione gratuita delle bozze di progettazione AI\/CDR\/PSD, calibrazione automatica della posizione di spurgo e del layout della lama, riduzione dei costi di comunicazione con il cliente.<\/li>\n<li><strong>Sconto all'ingrosso<\/strong>: Godetevi\u00a0<strong>Sconto 15%<\/strong>\u00a0per il primo ordine, e passare a clienti VIP con un volume di acquisto annuale superiore a 500.000 pezzi, ottenendo condizioni di credito esclusive e diritti di priorit\u00e0.<\/li>\n<\/ul>\n<h2 id=\"-7-quality-assurance-and-certification-source-factory-full-control-\"><strong>7. Garanzia di qualit\u00e0 e certificazione: fabbrica di origine, controllo totale<\/strong><\/h2>\n<ul>\n<li><strong>Vantaggi della catena di approvvigionamento<\/strong>: Integrazione tra cartiera e officina di stampa, zero markup intermediario dalle materie prime ai prodotti finiti e riduzione dei costi di 30%.<\/li>\n<li><strong>Sistema di ispezione della qualit\u00e0<\/strong>: Superata la certificazione ISO 9001 e GMI, il tasso di campionamento di ogni lotto di prodotti non \u00e8 inferiore a 10%, garantendo che l'errore di dimensione sia \u22640,1 mm e la differenza di colore \u0394E\u22641,5.<\/li>\n<\/ul>","protected":false},"excerpt":{"rendered":"<p>1. Questa scatola per sigarette pre-rollate \u00e8 realizzata con materiali ecologici, riciclabili e durevoli in carta patinata e cartone grigio, molto adatti al confezionamento di prodotti di marijuana pre-rollati. Allo stesso tempo, la scelta dei materiali garantisce anche la sicurezza dei vostri prodotti.<br \/>\n2. Le dimensioni del rivestimento della scatola estraibile possono essere personalizzate in base al prodotto. Pu\u00f2 contenere facilmente da 1 a 5 sigarette pre-rollate. Nessun problema. La fodera \u00e8 realizzata in cartone bianco di alta qualit\u00e0, in grado di proteggere il prodotto senza problemi. Pu\u00f2 far innamorare immediatamente i consumatori e aumentare la domanda di acquisto dei clienti.<\/p>","protected":false},"featured_media":9923,"template":"","meta":[],"product_brand":[],"product_cat":[30,420,31,426],"product_tag":[1213,1299,1281],"class_list":{"0":"post-9922","1":"product","2":"type-product","3":"status-publish","4":"has-post-thumbnail","6":"product_cat-by-industry","7":"product_cat-custom-cannabis-boxes","8":"product_cat-paper-box-style","9":"product_cat-paper-drawer-boxes","10":"product_tag-custom-pre-roll-boxes","11":"product_tag-pre-roll-joint-boxes","12":"product_tag-pre-roll-packaging","14":"first","15":"instock","16":"shipping-taxable","17":"product-type-grouped"},"_links":{"self":[{"href":"https:\/\/zojopackaging.com\/it\/wp-json\/wp\/v2\/product\/9922","targetHints":{"allow":["GET"]}}],"collection":[{"href":"https:\/\/zojopackaging.com\/it\/wp-json\/wp\/v2\/product"}],"about":[{"href":"https:\/\/zojopackaging.com\/it\/wp-json\/wp\/v2\/types\/product"}],"version-history":[{"count":1,"href":"https:\/\/zojopackaging.com\/it\/wp-json\/wp\/v2\/product\/9922\/revisions"}],"predecessor-version":[{"id":9929,"href":"https:\/\/zojopackaging.com\/it\/wp-json\/wp\/v2\/product\/9922\/revisions\/9929"}],"wp:featuredmedia":[{"embeddable":true,"href":"https:\/\/zojopackaging.com\/it\/wp-json\/wp\/v2\/media\/9923"}],"wp:attachment":[{"href":"https:\/\/zojopackaging.com\/it\/wp-json\/wp\/v2\/media?parent=9922"}],"wp:term":[{"taxonomy":"product_brand","embeddable":true,"href":"https:\/\/zojopackaging.com\/it\/wp-json\/wp\/v2\/product_brand?post=9922"},{"taxonomy":"product_cat","embeddable":true,"href":"https:\/\/zojopackaging.com\/it\/wp-json\/wp\/v2\/product_cat?post=9922"},{"taxonomy":"product_tag","embeddable":true,"href":"https:\/\/zojopackaging.com\/it\/wp-json\/wp\/v2\/product_tag?post=9922"}],"curies":[{"name":"wp","href":"https:\/\/api.w.org\/{rel}","templated":true}]}}