{"id":9930,"date":"2025-04-04T10:53:25","date_gmt":"2025-04-04T02:53:25","guid":{"rendered":"https:\/\/zojopackaging.com\/?post_type=product&#038;p=9930"},"modified":"2025-04-04T11:06:49","modified_gmt":"2025-04-04T03:06:49","slug":"luxury-empty-silk-eye-sleep-mask-packaging-box-wholesale","status":"publish","type":"product","link":"https:\/\/zojopackaging.com\/it\/product\/luxury-empty-silk-eye-sleep-mask-packaging-box-wholesale\/","title":{"rendered":"Lusso vuoto seta occhio maschera di sonno Packaging Box all'ingrosso"},"content":{"rendered":"<h2 id=\"-1-high-quality-cardboard-material-brand-design-empowerment-\"><strong>1. Materiale di cartone di alta qualit\u00e0, potenziamento del design del marchio<\/strong><\/h2>\n<p>Questa scatola di carta per cassetti \u00e8 realizzata in cartone ecologico ad alta densit\u00e0. Il materiale \u00e8 resistente e delicato, in grado di soddisfare perfettamente le esigenze di imballaggio di vari tipi di abbigliamento, accessori e prodotti per la cura della pelle di alta gamma. Il corpo della scatola supporta la stampa a colori e la personalizzazione del LOGO del marchio. Il processo di laminazione opaca\/lucida migliora la stratificazione visiva ed \u00e8 abbinato alla stampa a caldo, ai raggi UV e ad altri dettagli del processo per garantire che il logo del vostro marchio si distingua nell'esposizione sul mercato.<\/p>\n<h2 id=\"-2-folding-pull-out-structure-transportation-cost-optimization-\"><strong>2. Struttura pieghevole estraibile, ottimizzazione dei costi di trasporto<\/strong><\/h2>\n<p>\u00c8 stato adottato il design brevettato a scorrimento nascosto. Lo spessore piatto dopo la piegatura \u00e8 di soli 5 mm, il che consente di risparmiare spazio di stoccaggio e di trasporto e di ridurre i costi logistici di oltre 30%. L'esclusivo metodo di apertura a cassetto d\u00e0 il senso del rituale di unboxing. Il corpo della scatola si apre e si chiude senza intoppi. Il design con fibbia magnetica o nastro di chiusura tiene conto della praticit\u00e0 e del valore estetico.<\/p>\n<h2 id=\"-3-lamination-process-upgrade-touch-and-visual-double-improvement-\"><strong>3. Aggiornamento del processo di laminazione, miglioramento del tatto e del doppio senso visivo<\/strong><\/h2>\n<p>La laminazione della superficie adotta un rivestimento ecologico a base d'acqua di importazione tedesca, con propriet\u00e0 antigraffio e anti-impronta dopo il processo di pressatura ad alta temperatura. Offriamo una variet\u00e0 di opzioni, come la pellicola lucida, la pellicola opaca e la pellicola tattile. Tra queste, la pellicola tattile in finta seta \u00e8 altamente coerente con il temperamento del prodotto della maschera in seta cava. I polpastrelli scivolano su di essa come se toccassero la seta vera, rafforzando il ricordo dell'esperienza di unboxing del consumatore.<\/p>\n<h2 id=\"-4-customized-die-cut-lining-all-round-product-protection-\"><strong>4. Fodera fustellata su misura, protezione del prodotto a tutto tondo<\/strong><\/h2>\n<p>La fodera \u00e8 realizzata in schiuma EVA o materiale floccato, formata da un processo di fustellatura ad alta precisione, si adatta perfettamente alla curva della bottiglia della maschera e le prestazioni di tamponamento antisismico soddisfano lo standard ASTM D4169. Supporta un design a struttura stratificata, in grado di ospitare contemporaneamente spazzole per maschere, istruzioni e altri accessori; la tolleranza della fessura della scheda di rivestimento \u00e8 controllata entro \u00b10,3 mm per garantire uno spostamento nullo durante il trasporto.<\/p>\n<h2 id=\"-5-in-depth-customization-service-flexible-adaptation-of-size-and-printing-\"><strong>5. Servizio di personalizzazione approfondito, adattamento flessibile delle dimensioni e della stampa<\/strong><\/h2>\n<ul>\n<li><strong>Personalizzazione delle dimensioni<\/strong>: Supporta lo sviluppo di scatole a grandezza naturale da 10mm\u00d710mm a 500mm\u00d7500mm, e le scatole di forma speciale (come le finestre esagonali e curve) possono essere campionate entro 48 ore.<\/li>\n<li><strong>Processo di stampa<\/strong>: Errore di stampa a tinte piatte Pantone \u22645%, supporto di 20+ processi di effetti speciali come verniciatura locale, rilievo 3D, incavatura laser, ecc.<\/li>\n<li><strong>Opzioni sostenibili<\/strong>: Fornisce un substrato di carta riciclata certificata FSC, stampata con inchiostro di soia, in linea con gli standard ambientali REACH dell'UE.<\/li>\n<\/ul>\n<h2 id=\"-6-3d-visual-design-zero-error-in-scheme-pre-examination-\"><strong>6. Design 3D con effetto mockup, zero errori nel pre-esame dello schema<\/strong><\/h2>\n<p>Attraverso la piattaforma di progettazione online sviluppata in proprio, i clienti possono regolare in tempo reale la struttura della scatola, i parametri dei materiali e il layout del modello. Il sistema genera automaticamente un modello 3D rotante a 360\u00b0 e fornisce dati di simulazione della resistenza alla compressione. Il supporto della funzione di visualizzazione virtuale AR consente di visualizzare direttamente l'anteprima dell'effetto di visualizzazione dell'imballaggio sullo scaffale e sulla pagina di e-commerce e di abbreviare il ciclo di conferma della progettazione a 72 ore.<\/p>","protected":false},"excerpt":{"rendered":"<ul>\n<li><strong>Garanzia di capacit\u00e0<\/strong>: 12 linee di produzione completamente automatiche, con una capacit\u00e0 produttiva giornaliera di 500.000 scatole, in grado di supportare la consegna rapida degli ordini di emergenza in 72 ore.<\/li>\n<li><strong>Sistema di controllo della qualit\u00e0<\/strong>: Certificazione di qualit\u00e0 ISO9001 superata, dotata di rilevatore di corpi estranei a raggi X e colorimetro, il tasso qualificato di prodotti finiti \u00e8 99,8%.<\/li>\n<li><strong>Vantaggio di costo<\/strong>: L'approvvigionamento su larga scala rende il costo del cartone 15% inferiore al prezzo di mercato,<\/li>\n<\/ul>","protected":false},"featured_media":9931,"template":"","meta":[],"product_brand":[],"product_cat":[30,390,31,426],"product_tag":[1302,1303,1301],"class_list":{"0":"post-9930","1":"product","2":"type-product","3":"status-publish","4":"has-post-thumbnail","6":"product_cat-by-industry","7":"product_cat-custom-cosmetics-boxes","8":"product_cat-paper-box-style","9":"product_cat-paper-drawer-boxes","10":"product_tag-silk-eye-mask-packaging","11":"product_tag-sleep-mask-box-wholesale","12":"product_tag-sleep-mask-packaging","14":"first","15":"instock","16":"shipping-taxable","17":"product-type-grouped"},"_links":{"self":[{"href":"https:\/\/zojopackaging.com\/it\/wp-json\/wp\/v2\/product\/9930","targetHints":{"allow":["GET"]}}],"collection":[{"href":"https:\/\/zojopackaging.com\/it\/wp-json\/wp\/v2\/product"}],"about":[{"href":"https:\/\/zojopackaging.com\/it\/wp-json\/wp\/v2\/types\/product"}],"version-history":[{"count":1,"href":"https:\/\/zojopackaging.com\/it\/wp-json\/wp\/v2\/product\/9930\/revisions"}],"predecessor-version":[{"id":9937,"href":"https:\/\/zojopackaging.com\/it\/wp-json\/wp\/v2\/product\/9930\/revisions\/9937"}],"wp:featuredmedia":[{"embeddable":true,"href":"https:\/\/zojopackaging.com\/it\/wp-json\/wp\/v2\/media\/9931"}],"wp:attachment":[{"href":"https:\/\/zojopackaging.com\/it\/wp-json\/wp\/v2\/media?parent=9930"}],"wp:term":[{"taxonomy":"product_brand","embeddable":true,"href":"https:\/\/zojopackaging.com\/it\/wp-json\/wp\/v2\/product_brand?post=9930"},{"taxonomy":"product_cat","embeddable":true,"href":"https:\/\/zojopackaging.com\/it\/wp-json\/wp\/v2\/product_cat?post=9930"},{"taxonomy":"product_tag","embeddable":true,"href":"https:\/\/zojopackaging.com\/it\/wp-json\/wp\/v2\/product_tag?post=9930"}],"curies":[{"name":"wp","href":"https:\/\/api.w.org\/{rel}","templated":true}]}}