{"id":9946,"date":"2025-04-04T13:20:30","date_gmt":"2025-04-04T05:20:30","guid":{"rendered":"https:\/\/zojopackaging.com\/?post_type=product&#038;p=9946"},"modified":"2025-04-04T13:31:10","modified_gmt":"2025-04-04T05:31:10","slug":"custom-candy-paper-boxes-for-treat-chocolate-boxes-supplier","status":"publish","type":"product","link":"https:\/\/zojopackaging.com\/it\/product\/custom-candy-paper-boxes-for-treat-chocolate-boxes-supplier\/","title":{"rendered":"Scatole di carta di caramelle personalizzate per il trattamento e il fornitore di scatole di cioccolato"},"content":{"rendered":"<h3 id=\"-1-structural-innovation-the-fun-revolution-of-wallet-style-handbags-\"><strong>1. Innovazione strutturale: la divertente rivoluzione delle borse a portafoglio<\/strong><\/h3>\n<p>Adottare\u00a0<strong>struttura estraibile a busta<\/strong>ispirata al design dei portafogli tradizionali,\u00a0<strong>tecnologia a tre legami<\/strong>\u00a0per ottenere un'apertura rapida di 0,3 secondi. I consumatori non hanno bisogno di operazioni complicate e possono completare l'azione di estrazione con una sola mano, mentre l'esperienza di apertura e chiusura \u00e8 fluida e senza intoppi.\u00a0<strong>Strato tampone in cartone alveolare<\/strong>\u00a0con un tasso di assorbimento delle vibrazioni di 90% e il tasso di danni da trasporto \u00e8 ridotto a meno di 0,5%.<\/p>\n<h3 id=\"-2-color-aesthetics-the-luxurious-expression-of-herm-s-orange-\"><strong>2. Estetica del colore: L'espressione lussuosa dell'arancio Herm\u00e8s<\/strong><\/h3>\n<p>-\u00a0<strong>Schema di colore<\/strong>: Il colore principale adotta\u00a0<strong>Pantone 15-1247 TCX (Arancione Herm\u00e8s)<\/strong>che viene abbinato a\u00a0<strong>18-1755 TCX (bianco perla)<\/strong>\u00a0per formare un contrasto visivo, e una transizione di 0,1 mm di gradiente \u00e8 ottenuta grazie alla stampa ad alta precisione a 1200 dpi.\u00a0<strong>Psicologia visiva<\/strong>: L'arancione trasmette vitalit\u00e0 e dolcezza, mentre il rivestimento bianco rafforza l'immagine pura del prodotto, che risponde alle esigenze estetiche dei consumatori della Generazione Z, secondo cui \"l'apparenza \u00e8 giustizia\" (si veda la ricerca sulle tendenze cromatiche delle confezioni di caramelle).<\/p>\n<h3 id=\"-3-smart-customization-full-link-service-from-concept-to-mass-production-\"><strong>3. Personalizzazione intelligente: servizio full-link dall'ideazione alla produzione di massa<\/strong><\/h3>\n<p>-\u00a0<strong>Flessibilit\u00e0 delle dimensioni<\/strong>Supporta da un minimo di 5cm\u00d75cm (mini scatola di caramelle morbide) a un massimo di 30cm\u00d720cm (scatola regalo multistrato), lo spessore pu\u00f2 essere personalizzato da 0,8 a 5cm;<\/p>\n<p>-\u00a0<strong>Innovazione strutturale<\/strong>: Sviluppare 12 tipi di scatole brevettate (come gli strati rotanti, le chiusure magnetiche con password), compatibili con il posizionamento di caramelle di forma speciale;<\/p>\n<p>-\u00a0<strong>Risposta rapida<\/strong>: Completare la modellazione 3D e la prova di stampa entro 8 ore e ridurre il ciclo di produzione di massa a 7-9 giorni.<\/p>\n<h3 id=\"-4-material-matrix-multiple-handles-and-environmental-commitment-\"><strong>4. Matrice materiale: maniglie multiple e impegno ambientale<\/strong><\/h3>\n<p>-\u00a0<strong>Sistema di maniglie<\/strong>: -\u00a0<strong>Maniglia a nastro<\/strong>Viene utilizzato un nastro in PET alimentare di 2 mm di larghezza, con una capacit\u00e0 di carico di 200g;<\/p>\n<p>-\u00a0<strong>Maniglia in pelle<\/strong>: pelle bovina goffrata con 50% per una maggiore resistenza all'usura;<\/p>\n<p>-\u00a0<strong>Corda di cotone degradabile<\/strong>: Viene utilizzato materiale PLA, con un tasso di decomposizione \u226590% entro 12 settimane;<\/p>\n<h3 id=\"-5-logistics-optimization-cost-reduction-and-efficiency-improvement-by-flat-shipment-\"><strong>5. Ottimizzazione della logistica: riduzione dei costi e miglioramento dell'efficienza grazie alle spedizioni piatte.<\/strong><\/h3>\n<p>-\u00a0<strong>Utilizzo dello spazio<\/strong>: Il design piatto aumenta l'efficienza di carico di 70% e riduce i costi di spedizione di 25%;<\/p>\n<p>-\u00a0<strong>Certificazione ambientale<\/strong>: Tutti i materiali sono certificati FSC e soddisfano gli standard REACH dell'UE.\u00a0<strong>Imballaggio intelligente<\/strong>: Il rivestimento pieghevole consente di ridurre il volume della scatola vuota di 60%, contribuendo cos\u00ec a raggiungere l'obiettivo della neutralit\u00e0 delle emissioni di anidride carbonica (vedere le soluzioni di imballaggio sostenibili).<\/p>\n<h3 id=\"-6-industry-benchmark-16-years-of-smart-manufacturing-experience-\"><strong>6. Punto di riferimento del settore: 16 anni di esperienza nella produzione intelligente<\/strong><\/h3>\n<p>-\u00a0<strong>Matrice delle attrezzature<\/strong>: Dotata di 18 attrezzature internazionali come la macchina da stampa a cinque colori Manroland R700 e la macchina offset UV a 7 colori Heidelberg, con una velocit\u00e0 di stampa di 15.000 fogli\/ora;<\/p>\n<p>-\u00a0<strong>Sistema di controllo della qualit\u00e0<\/strong>: Certificazione ISO 9001\/BRCGS superata, ogni lotto di prodotti \u00e8 sottoposto a 12 controlli di qualit\u00e0 (differenza di colore \u0394E\u22641,5, resistenza alla compressione \u2265300N);<\/p>\n<p>-\u00a0<strong>Rete di assistenza<\/strong>: Servizio cumulativo di oltre 2500 marchi, tasso di riacquisto dei clienti pari a 82%, copertura di oltre 30 mercati internazionali come il Nord America e l'Europa (fare riferimento ai dati del libro bianco dell'industria dell'imballaggio).<\/p>\n<h3 id=\"-7-value-commitment-triple-balance-of-quality-efficiency-and-cost-\"><strong>7. Impegno di valore: triplice equilibrio tra qualit\u00e0, efficienza e costi.<\/strong><\/h3>\n<p>-\u00a0<strong>Ottimizzazione dei costi<\/strong>: Il sistema di composizione digitale riduce la perdita di materiale a 2,5%, con un risparmio di 18% rispetto ai processi tradizionali;<\/p>\n<p>-\u00a0<strong>Consegna agile<\/strong>: Creare un sistema logistico a doppio magazzino nella Cina orientale e meridionale, con consegna diretta in 48 ore in tutto il Paese;<\/p>\n<p>-\u00a0<strong>Servizio a lungo termine<\/strong>: Fornire la gestione del ciclo di vita degli imballaggi, compreso l'avviso di inventario, il piano di rifornimento e il piano di riciclaggio delle vecchie scatole.<\/p>","protected":false},"excerpt":{"rendered":"<p><strong>ZOJO Print | Esperto di scatole di carta per caramelle personalizzate - definisce una nuova e dolce esperienza con un design innovativo<\/strong><\/p>\n<p>Nell'attuale mercato in forte espansione degli snack, il packaging delle caramelle non \u00e8 solo un contenitore di prodotti, ma anche un legame tra marchi e consumatori. ZOJO Print \u00e8 impegnata da 16 anni nel settore degli imballaggi, concentrandosi sulla fornitura di soluzioni personalizzate per i marchi di caramelle e cioccolato che combinano funzionalit\u00e0, valore estetico e competitivit\u00e0 commerciale.<\/p>","protected":false},"featured_media":9947,"template":"","meta":[],"product_brand":[],"product_cat":[30,422,432,31],"product_tag":[1308,1309,1307],"class_list":{"0":"post-9946","1":"product","2":"type-product","3":"status-publish","4":"has-post-thumbnail","6":"product_cat-by-industry","7":"product_cat-custom-gourmet-boxes-by-industry","8":"product_cat-pape-gift-bags","9":"product_cat-paper-box-style","10":"product_tag-boxes-for-treat-chocolate","11":"product_tag-boxes-supplier","12":"product_tag-custom-candy-paper-boxes","14":"first","15":"instock","16":"shipping-taxable","17":"product-type-grouped"},"_links":{"self":[{"href":"https:\/\/zojopackaging.com\/it\/wp-json\/wp\/v2\/product\/9946","targetHints":{"allow":["GET"]}}],"collection":[{"href":"https:\/\/zojopackaging.com\/it\/wp-json\/wp\/v2\/product"}],"about":[{"href":"https:\/\/zojopackaging.com\/it\/wp-json\/wp\/v2\/types\/product"}],"version-history":[{"count":1,"href":"https:\/\/zojopackaging.com\/it\/wp-json\/wp\/v2\/product\/9946\/revisions"}],"predecessor-version":[{"id":9960,"href":"https:\/\/zojopackaging.com\/it\/wp-json\/wp\/v2\/product\/9946\/revisions\/9960"}],"wp:featuredmedia":[{"embeddable":true,"href":"https:\/\/zojopackaging.com\/it\/wp-json\/wp\/v2\/media\/9947"}],"wp:attachment":[{"href":"https:\/\/zojopackaging.com\/it\/wp-json\/wp\/v2\/media?parent=9946"}],"wp:term":[{"taxonomy":"product_brand","embeddable":true,"href":"https:\/\/zojopackaging.com\/it\/wp-json\/wp\/v2\/product_brand?post=9946"},{"taxonomy":"product_cat","embeddable":true,"href":"https:\/\/zojopackaging.com\/it\/wp-json\/wp\/v2\/product_cat?post=9946"},{"taxonomy":"product_tag","embeddable":true,"href":"https:\/\/zojopackaging.com\/it\/wp-json\/wp\/v2\/product_tag?post=9946"}],"curies":[{"name":"wp","href":"https:\/\/api.w.org\/{rel}","templated":true}]}}