{"id":9953,"date":"2025-04-04T13:29:07","date_gmt":"2025-04-04T05:29:07","guid":{"rendered":"https:\/\/zojopackaging.com\/?post_type=product&#038;p=9953"},"modified":"2025-04-04T13:45:58","modified_gmt":"2025-04-04T05:45:58","slug":"custom-personalized-printed-soap-boxes-wholesale-packaging","status":"publish","type":"product","link":"https:\/\/zojopackaging.com\/it\/product\/custom-personalized-printed-soap-boxes-wholesale-packaging\/","title":{"rendered":"Scatole di sapone personalizzate e stampate all'ingrosso"},"content":{"rendered":"<p>Come fabbrica di origine con 16 anni di esperienza nel settore, ci impegniamo a fornire ai clienti soluzioni personalizzate di scatole regalo di sapone che combinano valore estetico e funzioni pratiche. Di seguito sono descritti i vantaggi principali del prodotto e dei servizi personalizzati<\/p>\n<h2 id=\"-1-simple-design-and-efficient-assembly-\"><strong>1. Design semplice e montaggio efficiente<\/strong><\/h2>\n<p>La nostra scatola regalo per sapone adotta un design a struttura modulare e pu\u00f2 essere assemblata in soli tre passaggi. L'interno della scatola \u00e8 ottimizzato per le dimensioni standard del sapone e riserva uno spazio regolabile per i compartimenti, che non solo possono collocare saldamente un singolo pezzo di sapone, ma anche espandersi in una modalit\u00e0 di conservazione combinata \"sapone + tovagliolo di carta\" (supporta dimensioni divisorie personalizzate). Il corpo della scatola utilizza cartone bianco da 250-375 g\/m\u00b2 o carta speciale per alimenti, tenendo conto dei requisiti di protezione ambientale e di resistenza al carico. Il processo di piegatura consente di comprimere il volume di trasporto di 60% e di ridurre i costi logistici.<\/p>\n<h2 id=\"-2-full-scene-customized-printing-service-\"><strong>2. Servizio di stampa personalizzata su tutta la superficie<\/strong><\/h2>\n<ol>\n<li><strong>Processo di stampa in quadricromia<\/strong>\u00a0Grazie alla tecnologia di sovrastampa in quadricromia CMYK, \u00e8 possibile ripristinare con precisione i colori sfumati, i motivi di alta precisione e gli elementi visivi del marchio, con una copertura della gamma cromatica di 98%, in grado di soddisfare le esigenze di stili di illustrazione minimalisti o complessi. In combinazione con la stampa a caldo\/argento, la smaltatura locale UV e altri processi, la confezione regalo pu\u00f2 ricevere una texture lussuosa.<\/li>\n<li><strong>Personalizzazione dei contenuti<\/strong><\/li>\n<li><strong>Progettazione del layout<\/strong>: Supporta l'impaginazione libera di elementi come loghi, codici QR, benedizioni, illustrazioni dipinte a mano ed \u00e8 compatibile con i file in formato AI\/PS\/CDR.<\/li>\n<li><strong>Espansione creativa<\/strong>: Offre una libreria di modelli di design \"mix and match\". I clienti possono combinare diverse texture del coperchio della scatola, stampa a caldo laterale e modelli di rivestimento per creare scatole regalo esclusive per le festivit\u00e0 (ad esempio, colori fluorescenti per le feste di compleanno, date di stampa a caldo per gli anniversari).<\/li>\n<\/ol>\n<h2 id=\"-three-multi-scenario-applications-and-gift-plans-\"><strong>3. Applicazioni multiscenario e piani regalo<\/strong><\/h2>\n<ol>\n<li><strong>Adattamento per tutti i festival<\/strong>\u00a0Il design della scatola regalo \u00e8 compatibile con le finestre cave a forma di cuore di San Valentino, la goffratura a ramo di pino di Natale, la stampa a caldo dello zodiaco del Festival di Primavera e altri elementi tematici, ed \u00e8 dotato di nastri, sigilli, fibbie magnetiche e altri accessori per soddisfare le esigenze di compleanni, matrimoni, regali aziendali e altri scenari.<\/li>\n<li><strong>Strategia di regalo combinata<\/strong><\/li>\n<li><strong>Boutique a scatola singola<\/strong>: Si consiglia di abbinare sapone artigianale agli oli essenziali + spugna naturale, e nella confezione \u00e8 incluso un biglietto di benedizione personalizzato.<\/li>\n<li><strong>Soluzione in cofanetto<\/strong>: Fornisce una confezione a gradini da 3\/6\/12 pezzi, supporta il posizionamento a strati di saponi con diverse profumazioni (come la combinazione lavanda + limone + sandalo), e la fodera utilizza materiale floccato biodegradabile per migliorare il senso di cerimonia quando si apre la scatola.<\/li>\n<\/ol>\n<h2 id=\"-fourth-quality-assurance-and-supply-chain-advantages-\"><strong>4. Garanzia di qualit\u00e0 e vantaggi della catena di fornitura<\/strong><\/h2>\n<ol>\n<li><strong>Standard di produzione<\/strong><\/li>\n<li>Ha superato la certificazione del sistema di qualit\u00e0 ISO9001, la capacit\u00e0 produttiva giornaliera raggiunge i 200.000 pezzi, supporta il proofing di 48 ore e la consegna di merci sfuse in 15 giorni.<\/li>\n<li>Controllo rigoroso della differenza di colore, dotato di servizi di ispezione della qualit\u00e0 di terze parti per garantire l'accuratezza della stampa e la stabilit\u00e0 della struttura della scatola.<\/li>\n<li><strong>Ottimizzazione dei costi<\/strong><\/li>\n<li>Catena di fornitura verde: Utilizza la tecnologia di prestampa per ridurre la perdita di carta e il tasso di recupero degli scarti supera i 90%, soddisfacendo cos\u00ec le esigenze di un'immagine del marchio rispettosa dell'ambiente.<\/li>\n<\/ol>\n<h2 id=\"-five-customization-process-and-after-sales-service-\"><strong>5. Processo di personalizzazione e servizio post-vendita<\/strong><\/h2>\n<ol>\n<li><strong>Processo di cooperazione<\/strong>\u00a0Comunicazione della domanda \u2192 conferma del rendering 3D \u2192 realizzazione di prove di stampa \u2192 produzione in serie \u2192 tracciamento della logistica.<\/li>\n<li><strong>Impegno di servizio<\/strong><\/li>\n<li>Compensazione dei danni: Il rifornimento rapido sar\u00e0 avviato se il tasso di danni al trasporto supera i 2%.<\/li>\n<li>Risposta post-vendita: Il team di assistenza clienti professionale fornisce 24 ore su 24 informazioni sugli ordini e suggerimenti per l'ottimizzazione dei file di progettazione.<\/li>\n<\/ol>","protected":false},"excerpt":{"rendered":"<p>Dalla conservazione quotidiana minimalista alle confezioni regalo per le festivit\u00e0, sfruttiamo l'economicit\u00e0 e le capacit\u00e0 di realizzazione creativa della fabbrica di origine per aiutare i marchi a creare soluzioni di confezionamento per saponi \"ad alto valore e forte memoria\". Accettiamo ora la personalizzazione globale all'ingrosso e non vediamo l'ora di darvi un supporto unico per ogni sapone con un'ingegnosa maestria.<\/p>","protected":false},"featured_media":9955,"template":"","meta":[],"product_brand":[],"product_cat":[30,390,430,31],"product_tag":[1311,1312,1310],"class_list":{"0":"post-9953","1":"product","2":"type-product","3":"status-publish","4":"has-post-thumbnail","6":"product_cat-by-industry","7":"product_cat-custom-cosmetics-boxes","8":"product_cat-folding-cartons","9":"product_cat-paper-box-style","10":"product_tag-custom-printed-soap-boxes","11":"product_tag-custom-soap-boxes-wholesale","12":"product_tag-soap-boxes","14":"first","15":"instock","16":"shipping-taxable","17":"product-type-grouped"},"_links":{"self":[{"href":"https:\/\/zojopackaging.com\/it\/wp-json\/wp\/v2\/product\/9953","targetHints":{"allow":["GET"]}}],"collection":[{"href":"https:\/\/zojopackaging.com\/it\/wp-json\/wp\/v2\/product"}],"about":[{"href":"https:\/\/zojopackaging.com\/it\/wp-json\/wp\/v2\/types\/product"}],"version-history":[{"count":1,"href":"https:\/\/zojopackaging.com\/it\/wp-json\/wp\/v2\/product\/9953\/revisions"}],"predecessor-version":[{"id":9961,"href":"https:\/\/zojopackaging.com\/it\/wp-json\/wp\/v2\/product\/9953\/revisions\/9961"}],"wp:featuredmedia":[{"embeddable":true,"href":"https:\/\/zojopackaging.com\/it\/wp-json\/wp\/v2\/media\/9955"}],"wp:attachment":[{"href":"https:\/\/zojopackaging.com\/it\/wp-json\/wp\/v2\/media?parent=9953"}],"wp:term":[{"taxonomy":"product_brand","embeddable":true,"href":"https:\/\/zojopackaging.com\/it\/wp-json\/wp\/v2\/product_brand?post=9953"},{"taxonomy":"product_cat","embeddable":true,"href":"https:\/\/zojopackaging.com\/it\/wp-json\/wp\/v2\/product_cat?post=9953"},{"taxonomy":"product_tag","embeddable":true,"href":"https:\/\/zojopackaging.com\/it\/wp-json\/wp\/v2\/product_tag?post=9953"}],"curies":[{"name":"wp","href":"https:\/\/api.w.org\/{rel}","templated":true}]}}