{"id":9978,"date":"2025-04-04T14:14:41","date_gmt":"2025-04-04T06:14:41","guid":{"rendered":"https:\/\/zojopackaging.com\/?post_type=product&#038;p=9978"},"modified":"2025-04-04T14:30:06","modified_gmt":"2025-04-04T06:30:06","slug":"facial-personal-care-beauty-tool-packaging-box-wholesale","status":"publish","type":"product","link":"https:\/\/zojopackaging.com\/it\/product\/facial-personal-care-beauty-tool-packaging-box-wholesale\/","title":{"rendered":"Facciale cura personale bellezza strumento Packaging Box all'ingrosso"},"content":{"rendered":"<h2 id=\"-high-end-customized-facial-massage-tool-environmentally-friendly-packaging-box-solution-\"><strong>Strumento di massaggio facciale personalizzato di alta gamma soluzione ecologica della scatola di imballaggio<\/strong><\/h2>\n<h2 id=\"-i-core-material-environmentally-friendly-cardboard-and-high-end-textured-paper-\"><strong>1. Materiale di base: cartone ecologico e carta testurizzata di alta qualit\u00e0.<\/strong><\/h2>\n<p>Offriamo due opzioni di materiale per soddisfare le diverse esigenze di posizionamento:<\/p>\n<ol>\n<li><strong>Cartone ecologico<\/strong>: \u00c8 stato selezionato un cartone ecologico certificato FSC, con uno spessore compreso tra 200 e 400 g\/m\u00b2, che presenta eccellenti caratteristiche di riciclabilit\u00e0 e degradabilit\u00e0. Ottimizzando il rapporto tra le fibre di carta, la resistenza alla compressione \u00e8 \u226550N per garantire la sicurezza del trasporto.<\/li>\n<li><strong>Carta testurizzata di alta qualit\u00e0<\/strong>: Per i prodotti di lusso, si consiglia l'uso di cartone perlato importato, carta artistica tattile (come la texture del tessuto, il motivo a scacchi sottili) o carta speciale con texture metallica.<\/li>\n<\/ol>\n<h2 id=\"-ii-brand-visual-presentation-combination-of-printing-and-surface-technology-\"><strong>2. Presentazione visiva del marchio: combinazione di tecnologia di stampa e di superficie<\/strong><\/h2>\n<ol>\n<li><strong>Processo di stampa in quadricromia<\/strong>: Utilizzando la tecnologia di sovrastampa in quadricromia CMYK, la risoluzione raggiunge i 300 dpi, ripristina con precisione il LOGO del marchio e i dettagli del modello, e il controllo della differenza di colore \u0394E\u22641,5.<\/li>\n<li><strong>Opzioni di processo a valore aggiunto<\/strong>:<\/li>\n<li><strong>Stampaggio a caldo\/argento caldo<\/strong>: Utilizzare il foglio di alluminio elettrochimico tedesco Kurz, con una resistenza ai graffi di durezza 3H e supporto per l'effetto di stampa a caldo tridimensionale in rilievo;<\/li>\n<li><strong>UV locale<\/strong>: Grazie al processo UV inverso, si ottiene il contrasto tra le superfici smerigliate e quelle a specchio e si aumenta la luminosit\u00e0 locale di 70%;<\/li>\n<li><strong>Laser olografico<\/strong>: Modello dinamico opzionale che cambia luce per migliorare l'anticontraffazione e l'impatto visivo.<\/li>\n<\/ol>\n<h2 id=\"-three-full-process-design-service-from-logo-to-finished-product-delivery-\"><strong>3. Servizio di progettazione a processo completo: dal LOGO alla consegna del prodotto finito.<\/strong><\/h2>\n<ol>\n<li><strong>Modalit\u00e0 di collaborazione progettuale<\/strong>: I clienti devono solo fornire i file vettoriali del LOGO (formato AI\/EPS) e il nostro team di progettazione li completer\u00e0:<\/li>\n<li>Rendering di modelli 3D (fornire un'anteprima in PDF\/JPG);<\/li>\n<li>Disegni di ingegneria strutturale (comprese le linee di matrice e i parametri di carico);<\/li>\n<li>Piano di abbinamento dei processi materiali.<\/li>\n<li><strong>Servizio di vassoio interno personalizzato<\/strong>:<\/li>\n<li>Progettare il vassoio interno in schiuma EVA\/blister in base alle dimensioni del prodotto (come rulli per il viso, tavolette per raschiare e altri strumenti di forma speciale), con una tolleranza di \u00b10,5 mm e una precisione di scanalatura di \u00b10,2 mm;<\/li>\n<li>Fornire un rapporto di prova sismica (frequenza di vibrazione simulata del trasporto 5-200Hz, ampiezza \u00b13mm) per garantire l'assenza di danni al prodotto.<\/li>\n<\/ol>\n<h2 id=\"-fourth-supply-chain-and-production-guarantee-\"><strong>4. Garanzia di filiera e di produzione<\/strong><\/h2>\n<ol>\n<li><strong>Tracciabilit\u00e0 delle materie prime<\/strong>:<\/li>\n<li>Carta: Collaboriamo con fornitori come Stora Enso, Finlandia, e Prince Paper, Giappone, con una bianchezza \u226592% e una levigatezza \u226550s;<\/li>\n<li>Colla: Utilizzare colla tedesca Henkel a base d'acqua, con emissione di VOC &lt;0,1mg\/m\u00b3;<\/li>\n<li>Accessori: Gli elementi di fissaggio in metallo superano il test di nebbia salina di 48 ore (standard ASTM B117).<\/li>\n<li><strong>Capacit\u00e0 produttiva<\/strong>:<\/li>\n<li>5320\u33a1 officina completamente automatica: dotata di macchina da stampa a sei colori Heidelberg Speedmaster CD102, fustellatrice completamente automatica (precisione \u00b10,1 mm);<\/li>\n<li>Officina semiautomatica: supporta la produzione flessibile di piccoli lotti (MOQ 500 pezzi), adatta per confezioni personalizzate in edizione limitata\/festival.<\/li>\n<\/ol>\n<h2 id=\"-v-environmental-certification-and-delivery-standards-\"><strong>5. Certificazione ambientale e standard di fornitura<\/strong><\/h2>\n<ol>\n<li>La certificazione del sistema di gestione ambientale ISO 14001 \u00e8 stata superata e il rapporto sull'impronta di carbonio pu\u00f2 essere ricondotto a ciascun lotto di materie prime;<\/li>\n<li>Ciclo di consegna: 7-10 giorni per gli ordini regolari (compresa la conferma della bozza), gli ordini urgenti possono essere ridotti a 5 giorni;<\/li>\n<li>Standard di imballaggio: utilizzo di film di imballaggio in PP riciclabile + scatola ondulata, tasso di rottura &lt;0,3%.<\/li>\n<\/ol>","protected":false},"excerpt":{"rendered":"<p>1. Possiamo progettare la confezione regalo per i clienti durante l'intero processo. I clienti devono solo fornire il contenuto del logo e noi progetteremo il resto del materiale cartaceo, le dimensioni e lo stile in base alle vostre esigenze.<br \/>\n2. In base ai prodotti forniti, progetteremo il vassoio interno della confezione regalo in base ai prodotti forniti e calcoleremo le dimensioni necessarie del rivestimento della confezione regalo per soddisfare i requisiti del prodotto.<br \/>\n3. Disponiamo di un'officina di produzione di 5320 metri quadrati con attrezzature completamente meccanizzate. Allo stesso tempo, abbiamo anche una struttura di officina di produzione semiautomatica, coordinata da attrezzature manuali e meccanizzate allo stesso tempo.<\/p>","protected":false},"featured_media":9980,"template":"","meta":[],"product_brand":[],"product_cat":[30,390,430,31],"product_tag":[1316,1314,1315],"class_list":{"0":"post-9978","1":"product","2":"type-product","3":"status-publish","4":"has-post-thumbnail","6":"product_cat-by-industry","7":"product_cat-custom-cosmetics-boxes","8":"product_cat-folding-cartons","9":"product_cat-paper-box-style","10":"product_tag-beauty-tool-packaging-box-wholesale","11":"product_tag-care-beauty-tool-packaging","12":"product_tag-facial-personal-care-packaging","14":"first","15":"instock","16":"shipping-taxable","17":"product-type-grouped"},"_links":{"self":[{"href":"https:\/\/zojopackaging.com\/it\/wp-json\/wp\/v2\/product\/9978","targetHints":{"allow":["GET"]}}],"collection":[{"href":"https:\/\/zojopackaging.com\/it\/wp-json\/wp\/v2\/product"}],"about":[{"href":"https:\/\/zojopackaging.com\/it\/wp-json\/wp\/v2\/types\/product"}],"version-history":[{"count":1,"href":"https:\/\/zojopackaging.com\/it\/wp-json\/wp\/v2\/product\/9978\/revisions"}],"predecessor-version":[{"id":9986,"href":"https:\/\/zojopackaging.com\/it\/wp-json\/wp\/v2\/product\/9978\/revisions\/9986"}],"wp:featuredmedia":[{"embeddable":true,"href":"https:\/\/zojopackaging.com\/it\/wp-json\/wp\/v2\/media\/9980"}],"wp:attachment":[{"href":"https:\/\/zojopackaging.com\/it\/wp-json\/wp\/v2\/media?parent=9978"}],"wp:term":[{"taxonomy":"product_brand","embeddable":true,"href":"https:\/\/zojopackaging.com\/it\/wp-json\/wp\/v2\/product_brand?post=9978"},{"taxonomy":"product_cat","embeddable":true,"href":"https:\/\/zojopackaging.com\/it\/wp-json\/wp\/v2\/product_cat?post=9978"},{"taxonomy":"product_tag","embeddable":true,"href":"https:\/\/zojopackaging.com\/it\/wp-json\/wp\/v2\/product_tag?post=9978"}],"curies":[{"name":"wp","href":"https:\/\/api.w.org\/{rel}","templated":true}]}}