{"id":9985,"date":"2025-04-04T14:28:29","date_gmt":"2025-04-04T06:28:29","guid":{"rendered":"https:\/\/zojopackaging.com\/?post_type=product&#038;p=9985"},"modified":"2025-04-04T14:37:51","modified_gmt":"2025-04-04T06:37:51","slug":"custom-foldable-slide-box-cosmetic-skincare-packaging-drawer-boxes","status":"publish","type":"product","link":"https:\/\/zojopackaging.com\/it\/product\/custom-foldable-slide-box-cosmetic-skincare-packaging-drawer-boxes\/","title":{"rendered":"Scatola pieghevole su ordinazione del cassetto d'imballaggio cosmetico della cura della pelle"},"content":{"rendered":"<h3 id=\"-1-structural-innovation-the-balance-of-folding-drawer-card-boxes-\"><strong>1. Innovazione strutturale: L'equilibrio delle scatole di cartone a cassetto pieghevole<\/strong><\/h3>\n<p>Adottare\u00a0<strong>Tecnologia di ripiegamento a tre maglie<\/strong>Grazie al calcolo preciso degli angoli di piegatura e delle strutture portanti, lo spessore del corpo della scatola dopo il dispiegamento \u00e8 solo 1\/3 dello stato aperto e il tasso di utilizzo dello spazio di trasporto \u00e8 aumentato di 70%.<\/p>\n<h3 id=\"-2-material-aesthetics-a-visual-revolution-of-350g-single-powder-card-\"><strong>2. Estetica dei materiali: una rivoluzione visiva del cartoncino in polvere singolo da 350 g<\/strong><\/h3>\n<p>-\u00a0<strong>Selezione del materiale di base<\/strong>: Cartoncino in polvere singolo selezionato da 350g ad alto peso, rugosit\u00e0 superficiale Ra\u22641,2\u03bcm, con\u00a0<strong>laminazione opaca su entrambi i lati<\/strong>\u00a0per ottenere una precisione di stampa di 0,1 mm;<\/p>\n<p>-\u00a0<strong>Prestazioni del colore<\/strong>: Grazie alla sovrastampa a gradi di Pantone 15-1247 TCX (oro champagne) e 18-1755 TCX (bianco perla), viene creata una gerarchia visiva di lusso;<\/p>\n<p>-\u00a0<strong>Esperienza tattile<\/strong>: Locale\u00a0<strong>Goffratura UV + incisione laser<\/strong>\u00a0La chiarezza al tatto del LOGO \u00e8 aumentata di 40% e le prestazioni anticontraffazione raggiungono gli standard di certificazione internazionali.<\/p>\n<h3 id=\"-3-environmental-commitment-fsc-certified-full-link-sustainability-\"><strong>3. Impegno ambientale: Sostenibilit\u00e0 full-link certificata FSC<\/strong><\/h3>\n<p>-\u00a0<strong>Tracciabilit\u00e0 dei materiali<\/strong>: Viene utilizzata carta in pasta di legno vergine 100% certificata FSC e ogni lotto pu\u00f2 essere ricondotto a foreste gestite in modo sostenibile;<\/p>\n<p>-\u00a0<strong>Processo di produzione<\/strong>: Stampa con inchiostro a base d'acqua (emissione di COV \u226450g\/L), in conformit\u00e0 con le normative REACH dell'UE;<\/p>\n<p>-\u00a0<strong>Design circolare<\/strong>: Il corpo della scatola pu\u00f2 essere completamente riciclato, il rivestimento in cartone grigio favorisce il riutilizzo e l'impronta di carbonio \u00e8 ridotta di 35% (si veda il rapporto di valutazione del ciclo di vita).<\/p>\n<h3 id=\"-4-process-matrix-multi-dimensional-expression-of-brand-personality-\"><strong>4. Matrice di processo: Espressione multidimensionale della personalit\u00e0 del marchio<\/strong><\/h3>\n<p>-\u00a0<strong>Trattamento della superficie<\/strong>: -\u00a0<strong>Stampaggio a caldo<\/strong>: Oro rosa\/oro champagne scheda colore personalizzata, differenza di colore \u0394E\u22640,8;<\/p>\n<p>-\u00a0<strong>In rilievo<\/strong>: 0,3 mm di rilievo tridimensionale, sensazione di seta; -\u00a0<strong>Goffratura UV<\/strong>: Trattamento di evidenziazione locale, resistenza all'usura aumentata da 50%;<\/p>\n<p>-\u00a0<strong>Stampa digitale<\/strong>: Supporto della personalizzazione di piccoli lotti (ordine minimo di 500 pezzi) e prova di modellazione 3D completa in 8 ore.<\/p>\n<h3 id=\"-5-smart-manufacturing-foundation-16-years-of-industry-experience-\"><strong>5. Fondazione di produzione intelligente: 16 anni di esperienza nel settore<\/strong><\/h3>\n<p>-\u00a0<strong>Matrice delle attrezzature<\/strong>: Dotata di 18 attrezzature internazionali come la macchina da stampa a cinque colori Manroland R700, la macchina da stampa offset UV a 7 colori Heidelberg, ecc. con una velocit\u00e0 di stampa di 15.000 fogli\/ora;<\/p>\n<p>-\u00a0<strong>Sistema di controllo della qualit\u00e0<\/strong>: Certificazione ISO 9001\/BRCGS superata, ogni lotto di prodotti \u00e8 sottoposto a 12 ispezioni di qualit\u00e0 (differenza di colore\/test di compressione\/gocce);<\/p>\n<p>-\u00a0<strong>Capacit\u00e0 produttiva<\/strong>: Capacit\u00e0 produttiva giornaliera di 200.000 pezzi, ordini di supporto da 500 pezzi alla produzione di massa a livello di milioni, e ordini urgenti sono consegnati entro 24 ore.<\/p>\n<h3 id=\"-6-design-empowerment-precise-implementation-from-concept-to-mass-production-\"><strong>6. Potenziamento del design: implementazione precisa dall'idea alla produzione di massa<\/strong><\/h3>\n<p>Un team speciale di 5 designer di packaging con oltre 10 anni di esperienza fornisce tre servizi personalizzati:<\/p>\n<p>-\u00a0<strong>Innovazione strutturale<\/strong>: Sviluppare 12 tipi di scatole brevettate (come gli strati rotanti, le chiusure magnetiche con password), compatibili con il posizionamento di cosmetici di forma speciale;<\/p>\n<p>-\u00a0<strong>Ottimizzazione interattiva<\/strong>: Incorporamento del chip NFC (opzionale), scansione del codice per ottenere informazioni sulla tracciabilit\u00e0 del prodotto e sulla storia del marchio;<\/p>\n<p>-\u00a0<strong>Iterazione veloce<\/strong>: Supporto dell'anteprima in tempo reale della modellazione 3D e conferma completa del piano di progettazione entro 8 ore.<\/p>\n<h3 id=\"-7-value-commitment-triple-balance-of-quality-efficiency-and-cost-\"><strong>7. Impegno di valore: triplice equilibrio tra qualit\u00e0, efficienza e costi.<\/strong><\/h3>\n<p>-\u00a0<strong>Ottimizzazione dei costi<\/strong>: L'adozione del sistema di composizione digitale riduce il tasso di perdita di materiale a meno di 3%, con un risparmio di 18% rispetto al processo tradizionale;<\/p>\n<p>-\u00a0<strong>Risposta agile<\/strong>: Creazione di un sistema logistico a doppio magazzino nella Cina orientale e meridionale, con accesso diretto a tutto il Paese entro 48 ore;<\/p>\n<p>-\u00a0<strong>Servizio a lungo termine<\/strong>: Fornire la gestione del ciclo di vita degli imballaggi, compreso l'avviso di inventario, il piano di rifornimento e il piano di riciclaggio delle vecchie scatole.<\/p>","protected":false},"excerpt":{"rendered":"<p><strong>ZOJO Print | Personalizzato pieghevole scorrevole Box Cosmetici Skincare Packaging Cassetto Box Expert - Design innovativo, interpretando le nuove altezze della bellezza<\/strong><\/p>\n<p>Nel campo degli imballaggi per cosmetici e prodotti per la cura della pelle, il design non deve avere solo un valore estetico, ma deve anche tenere conto della funzionalit\u00e0, della protezione dell'ambiente e dell'economicit\u00e0. ZOJO Print \u00e8 impegnata da 16 anni in questo settore e si \u00e8 concentrata sulla fornitura ai marchi di bellezza di fascia alta di soluzioni di scatole scorrevoli pieghevoli innovative e commercialmente competitive.<\/p>","protected":false},"featured_media":9999,"template":"","meta":[],"product_brand":[],"product_cat":[30,390,31,426],"product_tag":[1319,1317,1318],"class_list":{"0":"post-9985","1":"product","2":"type-product","3":"status-publish","4":"has-post-thumbnail","6":"product_cat-by-industry","7":"product_cat-custom-cosmetics-boxes","8":"product_cat-paper-box-style","9":"product_cat-paper-drawer-boxes","10":"product_tag-cosmetic-skincare-packaging","11":"product_tag-custom-foldable-slide-box","12":"product_tag-skincare-packaging-drawer-boxes","14":"first","15":"instock","16":"shipping-taxable","17":"product-type-grouped"},"_links":{"self":[{"href":"https:\/\/zojopackaging.com\/it\/wp-json\/wp\/v2\/product\/9985","targetHints":{"allow":["GET"]}}],"collection":[{"href":"https:\/\/zojopackaging.com\/it\/wp-json\/wp\/v2\/product"}],"about":[{"href":"https:\/\/zojopackaging.com\/it\/wp-json\/wp\/v2\/types\/product"}],"version-history":[{"count":1,"href":"https:\/\/zojopackaging.com\/it\/wp-json\/wp\/v2\/product\/9985\/revisions"}],"predecessor-version":[{"id":10000,"href":"https:\/\/zojopackaging.com\/it\/wp-json\/wp\/v2\/product\/9985\/revisions\/10000"}],"wp:featuredmedia":[{"embeddable":true,"href":"https:\/\/zojopackaging.com\/it\/wp-json\/wp\/v2\/media\/9999"}],"wp:attachment":[{"href":"https:\/\/zojopackaging.com\/it\/wp-json\/wp\/v2\/media?parent=9985"}],"wp:term":[{"taxonomy":"product_brand","embeddable":true,"href":"https:\/\/zojopackaging.com\/it\/wp-json\/wp\/v2\/product_brand?post=9985"},{"taxonomy":"product_cat","embeddable":true,"href":"https:\/\/zojopackaging.com\/it\/wp-json\/wp\/v2\/product_cat?post=9985"},{"taxonomy":"product_tag","embeddable":true,"href":"https:\/\/zojopackaging.com\/it\/wp-json\/wp\/v2\/product_tag?post=9985"}],"curies":[{"name":"wp","href":"https:\/\/api.w.org\/{rel}","templated":true}]}}