{"id":8220,"date":"2025-03-25T17:19:48","date_gmt":"2025-03-25T09:19:48","guid":{"rendered":"https:\/\/zojopackaging.com\/?post_type=product&#038;p=8220"},"modified":"2025-03-25T17:19:50","modified_gmt":"2025-03-25T09:19:50","slug":"premium-custom-made-headphone-packaging-boxes-wholesale","status":"publish","type":"product","link":"https:\/\/zojopackaging.com\/ko\/product\/premium-custom-made-headphone-packaging-boxes-wholesale\/","title":{"rendered":"\ud504\ub9ac\ubbf8\uc5c4 \ub9de\ucda4\ud615 \ud5e4\ub4dc\ud3f0 \ud3ec\uc7a5 \uc0c1\uc790 \ub3c4\ub9e4"},"content":{"rendered":"<h1>\ud504\ub9ac\ubbf8\uc5c4 \ub9de\ucda4\ud615 \ud5e4\ub4dc\ud3f0 \ud3ec\uc7a5 \uc0c1\uc790 \ub3c4\ub9e4<\/h1>\n<h3 id=\"-1-double-sided-printed-airplane-box-environmental-protection-and-brand-dual-effect-empowerment-\"><strong>1. \uc591\uba74 \uc778\uc1c4 \uc6b0\ud3b8\ud568: \ud658\uacbd \ubcf4\ud638\uc640 \ube0c\ub79c\ub4dc \uac15\ud654\ub77c\ub294 \uc77c\uc11d\uc774\uc870\uc758 \ud6a8\uacfc<\/strong><\/h3>\n<p>\uce5c\ud658\uacbd \uc885\uc774\ub85c \uc81c\uc791\ub41c \uc591\uba74 \uc778\uc1c4 \uc6b0\ud3b8\ubb3c \uc0c1\uc790\ub294 FSC \uc778\uc99d \uc6d0\ud384\ud504 \uc6a9\uc9c0\ub97c \uae30\ubc18\uc73c\ub85c \ud558\uba70 EU RoHS \ud658\uacbd \ubcf4\ud638 \ud45c\uc900\uc744 \uc900\uc218\ud569\ub2c8\ub2e4. \uc591\uba74 \uc778\uc1c4 \uae30\uc220\uc740 \ube0c\ub79c\ub4dc \ub85c\uace0, \uc81c\ud488 \ud310\ub9e4 \ud3ec\uc778\ud2b8 \ubc0f \uc608\uc220\uc801 \uc2dc\uac01 \ub514\uc790\uc778\uc744 \ub3d9\uc2dc\uc5d0 \ud45c\uc2dc\ud558\uc5ec 360\u00b0 \ube0c\ub79c\ub4dc \uc815\ubcf4 \ubc94\uc704\ub97c \ud615\uc131\ud560 \uc218 \uc788\uc2b5\ub2c8\ub2e4. \uc608\ub97c \ub4e4\uc5b4 \uc18c\ub2c8 WF-1000XM4 \ud5e4\ub4dc\ud3f0\uc758 \ud384\ud504 \ubab0\ub4dc \ud328\ud0a4\uc9d5\uc740 \uc5e0\ubcf4\uc2f1 \uae30\uc220\uc744 \ud1b5\ud574 \uc789\ud06c \uc0ac\uc6a9\uc744 \uc904\uc5ec \ud658\uacbd \ubcf4\ud638\uc640 \ubbf8\ud559 \uc0ac\uc774\uc758 \uade0\ud615\uc744 \uc774\ub8f9\ub2c8\ub2e4. \uc774 \ub514\uc790\uc778\uc740 \ube0c\ub79c\ub4dc \uc778\uc9c0\ub3c4\ub97c 20%-30%\uae4c\uc9c0 \ub192\uc77c \uc218 \uc788\uc73c\uba70 \ud2b9\ud788 \ud558\uc774\uc5d4\ub4dc \uac00\uc804 \uc81c\ud488\uc5d0 \uc801\ud569\ud569\ub2c8\ub2e4.<\/p>\n<h3 id=\"-2-tearable-unboxing-design-extremely-fast-experience-upgrade-\"><strong>2. \uc9c0\ud37c \ucc22\uae40 \ub514\uc790\uc778: \ub9e4\uc6b0 \ube60\ub978 \uacbd\ud5d8 \uc5c5\uadf8\ub808\uc774\ub4dc<\/strong><\/h3>\n<p>\ud601\uc2e0\uc801\uc778 \ucc22\uc744 \uc218 \uc788\ub294 \uad6c\uc870(\uc608: \ud504\ub9ac\ucef7 \ub77c\uc778 + \uac04\ud3b8\ud55c \uc9c0\ud37c \ucc22\uae30 \ub514\uc790\uc778)\ub85c 1\ucd08 \ub9cc\uc5d0 \uac1c\ubd09\ud560 \uc218 \uc788\uc73c\uba70, \uc0ac\uc6a9\uc790\ub294 \ub3c4\uad6c \uc5c6\uc774 \ube60\ub974\uac8c \uc81c\ud488\uc5d0 \uc811\uadfc\ud560 \uc218 \uc788\uc2b5\ub2c8\ub2e4. \uc774 \ub514\uc790\uc778\uc740 \ub3d9\ub77c\uc774\uc608 \uc5d0\uc5b4\ud31f \ubcf4\ud638 \ucf00\uc774\uc2a4\uc758 \"\uc5f0\uc78e \uc18c\uc218\uc131 \uce35\" \uacf5\uc815 \uac1c\ub150\uc744 \ucc38\uc870\ud558\uc5ec \ubb3c\ub9ac\uc801 \uad6c\uc870 \ucd5c\uc801\ud654\ub97c \ud1b5\ud574 \uc0c1\ud638 \uc791\uc6a9 \ud6a8\uc728\uc131\uc744 \ud5a5\uc0c1\uc2dc\ud0b5\ub2c8\ub2e4. \ud1b5\uacc4\uc5d0 \ub530\ub974\uba74 \uc774\ub7ec\ud55c \uc720\ud615\uc758 \ub514\uc790\uc778\uc740 \ud2b9\ud788 \ube60\ub974\uac8c \ubcc0\ud654\ud558\ub294 \uc18c\ube44\uc790 \uc2dc\ub098\ub9ac\uc624\uc758 \uc694\uad6c\uc5d0 \ub530\ub77c \uc0ac\uc6a9\uc790 \uac1c\ubd09 \ub9cc\uc871\ub3c4\ub97c 35%\uae4c\uc9c0 \ub192\uc77c \uc218 \uc788\uc2b5\ub2c8\ub2e4.<\/p>\n<h3 id=\"-three-full-size-customization-service-precise-adaptation-to-multiple-categories-\"><strong>3. \ud480\uc0ac\uc774\uc988 \ub9de\ucda4\ud654 \uc11c\ube44\uc2a4: \ub2e4\uc591\ud55c \uce74\ud14c\uace0\ub9ac\uc5d0 \ub300\ud55c \uc815\ubc00\ud55c \uc870\uc815<\/strong><\/h3>\n<p>\uc18c\ube44\uc790 \uac00\uc804\uc81c\ud488\uc758 \uc804\uccb4 \uce74\ud14c\uace0\ub9ac \ud06c\uae30 \uc0ac\uc6a9\uc790 \uc9c0\uc815\uc744 \uc9c0\uc6d0\ud569\ub2c8\ub2e4:<\/p>\n<ul>\n<li><strong>\uc774\uc5b4\ud3f0<\/strong>: TWS \uc774\uc5b4\ud3f0\uc5d0 \ub9de\uac8c \uc870\uc815(150\u00d7100\u00d740mm ~ 300\u00d7200\u00d7100mm)<\/li>\n<li><strong>\uc561\uc138\uc11c\ub9ac<\/strong>\ucda9\uc804\ud568, \ub370\uc774\ud130 \ucf00\uc774\ube14 \ubcf4\uad00\ud568 \ub4f1<\/li>\n<li><strong>\ud655\uc7a5 \uae30\ub2a5<\/strong>: \uc2a4\ub9c8\ud2b8 \uc2dc\uacc4 \ubc0f \ube14\ub8e8\ud22c\uc2a4 \uc2a4\ud53c\ucee4\uc640 \uac19\uc740 \ubcf5\ud569 \ud3ec\uc7a5 \uc194\ub8e8\uc158 3D \uc2a4\uce90\ub2dd \ubaa8\ub378\ub9c1 \uae30\uc220\uc744 \ud1b5\ud574 \ub0b4\ubd80 \uacf5\uac04 \uc624\ucc28\uac00 \u22640.3mm\ub85c \uc18c\ub2c8 \uc5d1\uc2a4\ud398\ub9ac\uc544 \ud734\ub300\ud3f0 \ud3ec\uc7a5\uc5d0 \ub300\ud55c \uc5c5\uacc4\uc758 \ub192\uc740 \ud45c\uc900\uc778 66% \ubd80\ud53c \uc555\ucd95\uc744 \ucda9\uc871\ud569\ub2c8\ub2e4.<\/li>\n<\/ul>\n<h3 id=\"-fourth-matte-film-coating-process-triple-protection-system-\"><strong>4. \ubb34\uad11\ud0dd \ud544\ub984 \ucf54\ud305 \uacf5\uc815: 3\uc911 \ubcf4\ud638 \uc2dc\uc2a4\ud15c<\/strong><\/h3>\n<p>\ub3c5\uc77c \uc218\uc785 \uc218\uc131 \ubb34\uad11\ud0dd \ud544\ub984 \ucf54\ud305 \uae30\uc220\uc744 \ucc44\ud0dd\ud558\uc5ec \ub2ec\uc131\ud588\uc2b5\ub2c8\ub2e4:<\/p>\n<ul>\n<li><strong>\ubb3c\ub9ac\uc801 \ubcf4\ud638<\/strong>: \ubc29\uc218 \uc218\uc900\uc740 IPX4\uc5d0 \ub2ec\ud558\uba70, \ubc29\uc720 \uc131\ub2a5\uc740 ASTM D618 \ud45c\uc900 \ud14c\uc2a4\ud2b8\ub97c \ud1b5\uacfc\ud588\uc2b5\ub2c8\ub2e4.<\/li>\n<li><strong>\uc2dc\uac01\uc801 \ucd5c\uc801\ud654<\/strong>7H \uacbd\ub3c4 \ud45c\uba74 \uae01\ud798 \ubc29\uc9c0, \ube0c\ub79c\ub4dc \uc778\uc1c4 \uc0c9\uc0c1 \ucc28\uc774 \uc720\uc9c0 \u0394E\u22641.5<\/li>\n<li><strong>\ucd09\uac01 \uac1c\uc120<\/strong>: \ud53c\ubd80\uc640 \uac19\uc740 \ubb34\uad11\ud0dd \uc9c8\uac10\uc73c\ub85c \uc560\ud50c \uc5d0\uc5b4\ud31f \ud504\ub85c \ubcf4\ud638 \ucf00\uc774\uc2a4\uc758 \uc561\uc0c1 \uc2e4\ub9ac\ucf58 \ud130\uce58\uc640 \ucc28\ubcc4\ud654\ub41c \uacbd\uc7c1\uc744 \ud615\uc131\ud569\ub2c8\ub2e4.<\/li>\n<\/ul>\n<h3 id=\"-five-smart-lining-customization-brand-and-function-resonance-\"><strong>5. \uc2a4\ub9c8\ud2b8 \ub77c\uc774\ub2dd \ub9de\ucda4\ud654: \ube0c\ub79c\ub4dc\uc640 \uae30\ub2a5\uc758 \uacf5\uba85<\/strong><\/h3>\n<p>\ub2e8\uacc4\ubcc4 \uc194\ub8e8\uc158\uc744 \uc81c\uacf5\ud558\uc138\uc694:<\/p>\n<ol>\n<li><strong>\uae30\ubcf8 \ubc84\uc804<\/strong>: EVA \ucda9\uaca9 \ubc29\uc9c0 \uc548\uac10(15%-20%\uc758 \ube44\uc6a9 \uc808\uac10)<\/li>\n<li><strong>\uace0\uae09 \ubc84\uc804<\/strong>: \ud50c\ub85d\ud0b9\/\ud384 \ucf54\ud2bc \ud2b9\uc218 \ubaa8\uc591 \ub2e4\uc774 \ucee4\ud305(\uace1\uc120\ud615 \uc774\uc5b4\ud3f0\uc758 \uc724\uacfd\uc5d0 \ub9de\uac8c \uc870\uc815)<\/li>\n<li><strong>\uad81\uadf9\uc758 \ubc84\uc804<\/strong>: \uc2a4\ub9c8\ud2b8 \ub9c8\uadf8\ub124\ud2f1 \ub808\uc774\uc5b4 \uad6c\uc870 (\ud1b5\ud569 \uc561\uc138\uc11c\ub9ac \ubcf4\uad00 \uae30\ub2a5) \ube0c\ub79c\ub4dc \uc0c9\uc0c1 \uc774\uc2dd \uc9c0\uc6d0 (\ud32c\ud1a4 \ubcc4\uc0c9 \uc801\uc6a9\ub960 98%), \"\uc989\uc2dc \uc0ac\uc6a9 \uac00\ub2a5\ud55c \ube0c\ub79c\ub4dc\"\uc758 \ubab0\uc785\uac10\uc788\ub294 \uacbd\ud5d8 \uc2e4\ud604<\/li>\n<\/ol>\n<h3 id=\"-sixth-corrugated-material-application-cost-and-protection-\"><strong>6. \uace8\ud310\uc9c0 \uc18c\uc7ac \uc801\uc6a9: \ube44\uc6a9 \ubc0f \ubcf4\ud638<\/strong><\/h3>\n<p>BC \uc774\uc911 \uace8\ud310\uc9c0(\ub450\uaed8 3.5-5mm)\uac00 \uc120\ud0dd\ub418\uba70, \ub2e4\uc74c\uacfc \uac19\uc740 \ud2b9\uc9d5\uc774 \uc788\uc2b5\ub2c8\ub2e4:<\/p>\n<ul>\n<li><strong>\uacbd\uc81c\uc801\uc778<\/strong>: \uae30\uc874 \ube14\ub9ac\uc2a4\ud130 \ud3ec\uc7a5\ubcf4\ub2e4 30% \uc800\ub834\ud55c \ube44\uc6a9<\/li>\n<li><strong>\ubcf4\ud638<\/strong>: \uac00\uc7a5\uc790\ub9ac \uc555\ub825 \uac15\ub3c4 \u22658KN\/m, ISTA 3A \uc6b4\uc1a1 \ud14c\uc2a4\ud2b8 \ud45c\uc900 \uc900\uc218<\/li>\n<li><strong>\ud658\uacbd<\/strong>: \uc7ac\ub8cc \uc7ac\ud65c\uc6a9\ub960\uc740 95% \uc774\uc0c1, \ud0c4\uc18c \ubc30\ucd9c\ub7c9\uc740 \ud50c\ub77c\uc2a4\ud2f1 \ud3ec\uc7a5 \ub300\ube44 62% \uac10\uc18c \ubc8c\uc9d1 \uad6c\uc870 \uc124\uacc4\ub97c \ud1b5\ud574 \uc6b4\uc1a1 \uc190\uc0c1\ub960\uc740 0.5% \ubbf8\ub9cc\uc785\ub2c8\ub2e4.<\/li>\n<\/ul>\n<h3 id=\"-seventh-all-black-minimalist-aesthetics-high-end-visual-language-\"><strong>7. \uc62c\ube14\ub799 \ubbf8\ub2c8\uba40\ub9ac\uc998 \ubbf8\ud559: \uace0\uae09 \uc2dc\uac01 \uc5b8\uc5b4<\/strong><\/h3>\n<p>8\uc0c9 UV \uc778\uc1c4 \uae30\uc220\uc744 \ucc44\ud0dd\ud558\uc5ec \ub2ec\uc131\ud560 \uc218 \uc788\uc2b5\ub2c8\ub2e4:<\/p>\n<ul>\n<li><strong>\uceec\ub7ec \uc131\ub2a5<\/strong>: \uac80\uc815 \uc21c\ub3c4 L* \uac12 \u22642.5, RAL 9005 \uceec\ub7ec \uce74\ub4dc \ud45c\uc900 \ub3c4\ub2ec<\/li>\n<li><strong>\ud504\ub85c\uc138\uc2a4 \uc870\ud569<\/strong>: \ubd80\ubd84 \ud56b \ub9e4\ud2b8 \uc2e4\ubc84 + \uc5e0\ubcf4\uc2f1 \uc5e0\ubcf4\uc2f1(\ube0c\ub79c\ub4dc \ub85c\uace0\uc758 \uc785\uccb4 \ucc98\ub9ac \ub4f1)<\/li>\n<li><strong>\uc2a4\ud0c0\uc77c \ud655\uc7a5<\/strong>: \ud654\uc6e8\uc774 \uc774\uc5b4\ud3f0 \ud328\ud0a4\uc9c0\uc758 \ubbf8\ub2c8\uba40\ub9ac\uc2a4\ud2b8 \ub514\uc790\uc778 \ucee8\uc149\uc744 \ucc38\uc870\ud558\uc5ec \"\ud14c\ud06c\ub2c8\uceec \ube14\ub799\"\uacfc \"\ub77c\uc774\ud2b8 \ub7ed\uc154\ub9ac\"\uc758 \ube0c\ub79c\ub4dc \uc5f0\uc0c1\uc744 \uac15\ud654\ud569\ub2c8\ub2e4.<\/li>\n<\/ul>\n<h3 id=\"-eight-china-smart-manufacturing-service-zero-risk-cooperation-model-\"><strong>8. \uc911\uad6d \uc2a4\ub9c8\ud2b8 \uc81c\uc870 \uc11c\ube44\uc2a4: \ubb34\uc704\ud5d8 \ud611\ub825 \ubaa8\ub378<\/strong><\/h3>\n<p>\uc8fc\uac15\uc0bc\uac01\uc8fc \uc0b0\uc5c5\ubca8\ud2b8\uc758 \uc9c1\uc601 \uacf5\uc7a5\uc5d0\uc11c \uc81c\uacf5\ud569\ub2c8\ub2e4:<\/p>\n<ul>\n<li><strong>\ubb34\ub8cc \uc9c0\uc6d0<\/strong>: 48\uc2dc\uac04 \ube60\ub978 \uacac\uc801 + 72\uc2dc\uac04 \uad50\uc815 + \ub3c5\ucc3d\uc801\uc778 \ub514\uc790\uc778(\uc2dc\uc548 3\uc138\ud2b8 \ud3ec\ud568)<\/li>\n<li><strong>\ud488\uc9c8 \uad00\ub9ac \uc2dc\uc2a4\ud15c<\/strong>: ISO9001\/BSCI \uc778\uc99d \ud1b5\uacfc, \uc591\uc0b0 \ubc30\uce58 \uc801\uaca9\ub960 \u2265 99.3%<\/li>\n<li><strong>\uc6a9\ub7c9 \ubcf4\uc7a5<\/strong>20\uac1c\uc758 \uc790\ub3d9\ud654 \uc0dd\uc0b0 \ub77c\uc778, \uc6d4 50\ub9cc \uac1c \uc720\uc5f0 \uc8fc\ubb38 \uc9c0\uc6d0 \uccad\uad11 \uceec\ub7ec \ud504\ub9b0\ud305\uacfc \uac19\uc740 \ud604\uc9c0 \uae30\uc5c5\uc758 \uc131\uc219\ud55c \uacbd\ud5d8\uc744 \ubc14\ud0d5\uc73c\ub85c \ub514\uc790\uc778\ubd80\ud130 \ubb3c\ub958\uae4c\uc9c0 \uc6d0\uc2a4\ud1b1 \uc194\ub8e8\uc158\uc744 \uc81c\uacf5\ud569\ub2c8\ub2e4.<\/li>\n<\/ul>\n<p><strong>\uc989\uac01\uc801\uc778 \uc870\uce58<\/strong>:<\/p>\n<ol>\n<li>\ub3c5\uc810 \ube44\uc6a9 \ucd5c\uc801\ud654 \ubcf4\uace0\uc11c<\/li>\n<li>3D \ubaa9\uc5c5 \ud6a8\uacfc<\/li>\n<li>48\uc2dc\uac04 \uc0d8\ud50c \ubc30\uc1a1 \uc11c\ube44\uc2a4<\/li>\n<\/ol>\n<p>\ub9de\ucda4\ud615 \ud328\ud0a4\uc9d5\uc744 \ud1b5\ud574 \ube0c\ub79c\ub4dc \ud504\ub9ac\ubbf8\uc5c4\uc744 40%+\ub85c \ub192\uc5ec \uac1c\ubd09\ud558\ub294 \ubaa8\ub4e0 \uc21c\uac04\uc744 \ube0c\ub79c\ub4dc \ucee4\ubba4\ub2c8\ucf00\uc774\uc158\uc758 \ud669\uae08 \uc811\uc810\uc73c\ub85c \ub9cc\ub4e4 \uc218 \uc788\uc2b5\ub2c8\ub2e4.<\/p>","protected":false},"excerpt":{"rendered":"<p>\ud5e4\ub4dc\ud3f0 \uc6a9 \uace8\ud310\uc9c0 \uc9c0\ud37c \ucc22\uae40 \uc6b0\ud3b8\ud568, \ubb34\uc81c\ud55c \ud06c\uae30 \uc0ac\uc6a9\uc790 \uc815\uc758, \uc911\uad6d \uacf5\uc7a5\uc5d0\uc11c \uc9c1\uc811 \uacf5\uae09, \ud3c9\uba74 \ubc30\uc1a1\uc73c\ub85c 60%\uc758 \uacf5\uac04 \uc808\uc57d, \uc591\uba74 \uc778\uc1c4 \ube0c\ub79c\ub4dc\uac00 \ub354 \ub208\uae38\uc744 \ub055\ub2c8\ub2e4.<\/p>","protected":false},"featured_media":8222,"template":"","meta":[],"product_brand":[],"product_cat":[413,433],"product_tag":[625,626,627],"class_list":{"0":"post-8220","1":"product","2":"type-product","3":"status-publish","4":"has-post-thumbnail","6":"product_cat-consumer-electronics-boxes","7":"product_cat-shipping-mailer-boxes","8":"product_tag-custom-headphone-packaging","9":"product_tag-headphone-packaging-boxes","10":"product_tag-premium-headphone-boxes-wholesale","12":"first","13":"instock","14":"shipping-taxable","15":"product-type-simple"},"_links":{"self":[{"href":"https:\/\/zojopackaging.com\/ko\/wp-json\/wp\/v2\/product\/8220","targetHints":{"allow":["GET"]}}],"collection":[{"href":"https:\/\/zojopackaging.com\/ko\/wp-json\/wp\/v2\/product"}],"about":[{"href":"https:\/\/zojopackaging.com\/ko\/wp-json\/wp\/v2\/types\/product"}],"version-history":[{"count":2,"href":"https:\/\/zojopackaging.com\/ko\/wp-json\/wp\/v2\/product\/8220\/revisions"}],"predecessor-version":[{"id":8230,"href":"https:\/\/zojopackaging.com\/ko\/wp-json\/wp\/v2\/product\/8220\/revisions\/8230"}],"wp:featuredmedia":[{"embeddable":true,"href":"https:\/\/zojopackaging.com\/ko\/wp-json\/wp\/v2\/media\/8222"}],"wp:attachment":[{"href":"https:\/\/zojopackaging.com\/ko\/wp-json\/wp\/v2\/media?parent=8220"}],"wp:term":[{"taxonomy":"product_brand","embeddable":true,"href":"https:\/\/zojopackaging.com\/ko\/wp-json\/wp\/v2\/product_brand?post=8220"},{"taxonomy":"product_cat","embeddable":true,"href":"https:\/\/zojopackaging.com\/ko\/wp-json\/wp\/v2\/product_cat?post=8220"},{"taxonomy":"product_tag","embeddable":true,"href":"https:\/\/zojopackaging.com\/ko\/wp-json\/wp\/v2\/product_tag?post=8220"}],"curies":[{"name":"wp","href":"https:\/\/api.w.org\/{rel}","templated":true}]}}