{"id":8737,"date":"2025-03-31T10:57:16","date_gmt":"2025-03-31T02:57:16","guid":{"rendered":"https:\/\/zojopackaging.com\/?post_type=product&#038;p=8737"},"modified":"2025-03-31T11:23:20","modified_gmt":"2025-03-31T03:23:20","slug":"custom-apparel-clothes-dress-collapsible-gift-box-wholesale","status":"publish","type":"product","link":"https:\/\/zojopackaging.com\/ko\/product\/custom-apparel-clothes-dress-collapsible-gift-box-wholesale\/","title":{"rendered":"\ub9de\ucda4\ud615 \uc758\ub958 \uc637 \ub4dc\ub808\uc2a4 \uc811\uc744 \uc218\uc788\ub294 \uc120\ubb3c \uc0c1\uc790 \ub3c4\ub9e4"},"content":{"rendered":"<h2 id=\"custom-clothing-dress-foldable-magnetic-gift-box-wholesale-product-description\">\ub9de\ucda4\ud615 \uc758\ub958 \uc637 \ub4dc\ub808\uc2a4 \uc811\uc744 \uc218\uc788\ub294 \uc120\ubb3c \uc0c1\uc790 \ub3c4\ub9e4<\/h2>\n<h3 id=\"-product-core-highlights-\"><strong>\uc81c\ud488 \ud575\uc2ec \ud558\uc774\ub77c\uc774\ud2b8<\/strong><\/h3>\n<ol>\n<li><strong>\ub9c8\uadf8\ub124\ud2f1 \ud074\ub85c\uc800 \uc811\uc774\uc2dd \ub514\uc790\uc778<\/strong> \uc740\ud3d0\ud615 \uc790\uc11d \ub0b4\uc7a5 \uad6c\uc870\ub97c \ucc44\ud0dd\ud558\uc5ec \uc790\uc11d \uac1c\ud3d0\uac00 \ub9e4\ub044\ub7fd\uace0 \uc790\uc11d \ub178\ucd9c\ub85c \uc778\ud55c \ub9c8\ubaa8 \ubb38\uc81c\ub97c \ubc29\uc9c0\ud569\ub2c8\ub2e4. \uc811\uc740 \ud6c4\uc5d0\ub294 \ubd80\ud53c\ub97c \ud3bc\uce5c \uc0c1\ud0dc\uc758 1\/3\ub85c \uc555\ucd95\ud560 \uc218 \uc788\uc5b4 \uc6b4\uc1a1 \ubc0f \ucc3d\uace0 \ubcf4\uad00 \ube44\uc6a9\uc744 \ud06c\uac8c \uc808\uac10\ud560 \uc218 \uc788\uc2b5\ub2c8\ub2e4. \uc815\ubc00 \uc790\uae30 \ud68c\ub85c \ucd5c\uc801\ud654 \uae30\uc220\ub85c \ud761\ucc29\ub825\uc774 \uc548\uc815\uc801(3~5N)\uc774\uc5b4\uc11c \ud074\ub85c\uc800\uc758 \uc548\uc815\uc131\uc744 \ubcf4\uc7a5\ud558\uace0 \ud55c \uc190\uc73c\ub85c \ud3b8\ub9ac\ud558\uac8c \uc870\uc791\ud560 \uc218 \uc788\uc73c\uba70 \ud3ec\uc7a5\uc744 \ud478\ub294 \ub4ef\ud55c \ub290\ub08c\uc744 \uc90d\ub2c8\ub2e4.<\/li>\n<li><strong>\ud551\ud06c \ud14c\ub9c8 \uc591\uba74 \uceec\ub7ec \uc778\uc1c4<\/strong>\u00a0157g C2S \ucf54\ud305\uc9c0\ub97c \uce90\ub9ac\uc5b4\ub85c \uc0ac\uc6a9\ud558\uace0 \uc591\uba74 \uace0\uc815\ubc00 \uceec\ub7ec \uc778\uc1c4 \uae30\uc220\uc744 \uc0ac\uc6a9\ud558\uc5ec \uba54\uc778 \uceec\ub7ec\ub294 \uc18c\ud504\ud2b8 \ud551\ud06c (\ud32c\ud1a4 \uceec\ub7ec \uce74\ub4dc \uc0ac\uc6a9\uc790 \uc815\uc758)\uc774\uba70 \uc2ec\ub9ac\ud559 \uc6d0\ub9ac\uc640 \uacb0\ud569\ud558\uc5ec \ub85c\ub9e8\ud2f1\ud558\uace0 \ub2ec\ucf64\ud55c \uac10\uc815 \uc5f0\uc0c1\uc744 \uc790\uadf9\ud569\ub2c8\ub2e4. \uc774\ub108 \ub808\uc774\uc5b4\ub294 \uaf43\uacfc \ub808\uc774\uc2a4\uc640 \uac19\uc740 \uc18c\ub140 \uac19\uc740 \ud328\ud134\uc73c\ub85c \ub514\uc790\uc778\ub418\uc5b4 \uc18c\ube44\uc790\uc758 \ud658\uc0c1\uacfc \ub4dc\ub808\uc2a4 \uc81c\ud488 \uad6c\ub9e4 \uc695\uad6c\ub97c \ub192\uc785\ub2c8\ub2e4.<\/li>\n<li><strong>\ub9ac\ubcf8 \uc561\uc138\uc11c\ub9ac \ubc0f \ube0c\ub79c\ub4dc \uc2dd\ubcc4<\/strong>\u00a0\ub9de\ucda4\ud615 \ub9ac\ubcf8(\uc0c8\ud2f4\/\uc2dc\ud3f0 \uc18c\uc7ac \uc635\uc158)\uc774 \uae30\ubcf8\uc73c\ub85c \uc81c\uacf5\ub418\uba70, \ub300\ube44\ub418\ub294 \ub9ac\ubcf8 \ub610\ub294 \ub85c\uace0 \ud56b \uc2a4\ud0ec\ud551 \uae30\uc220\ub85c \ud3ec\uc7a5\uc744 \uac1c\ubd09\ud560 \ub54c\uc758 \uc544\ub984\ub2e4\uc6c0\uacfc \uc2dc\uac01\uc801 \uc218\uc900\uc744 \ub192\uc77c \uc218 \uc788\uc2b5\ub2c8\ub2e4. \ube0c\ub79c\ub4dc \ub85c\uace0 \ub9ac\ubcf8 \ucee4\uc2a4\ud130\ub9c8\uc774\uc9d5\uc744 \uc9c0\uc6d0\ud558\uace0 \uc0c9\uc0c1 \ubc0f \uc81c\uc791 \ucc28\ubcc4\ud654\ub97c \ud1b5\ud574 \ube0c\ub79c\ub4dc \uae30\uc5b5 \ud3ec\uc778\ud2b8\ub97c \uac15\ud654\ud560 \uc218 \uc788\uc2b5\ub2c8\ub2e4.<\/li>\n<li><strong>\uac00\ubcbc\uc6b4 \ub7ed\uc154\ub9ac \uace8\ub4dc \ud56b \uc2a4\ud0ec\ud551 \ud3ec\uc77c \uae30\uc220<\/strong> \ubd80\ubd84 \uace8\ub4dc \ud56b\uc2a4\ud0ec\ud551 \ud3ec\uc77c \uae30\uc220\uc744 \uc0ac\uc6a9\ud558\uc5ec \uc0c1\uc790 \ud45c\uba74 \ub85c\uace0\uc640 \ud504\ub808\uc784 \ub4f1 \ub514\ud14c\uc77c\uc5d0 \ubb34\uad11\uacfc \uc720\uad11\uc758 \ub300\ube44 \ud6a8\uacfc\ub97c \ud45c\ud604\ud558\uace0 \uce5c\ud658\uacbd \uc789\ud06c\ub85c \uc778\uc1c4\ud558\uc5ec \uace0\uae09\uc2a4\ub7ec\uc6b4 \uc9c8\uac10\uacfc \uc9c0\uc18d \uac00\ub2a5\ud55c \ucee8\uc149\uc744 \uace0\ub824\ud588\uc2b5\ub2c8\ub2e4.<\/li>\n<\/ol>\n<h4 id=\"-environmentally-friendly-materials-and-structural-innovation-\"><strong>\uce5c\ud658\uacbd \uc18c\uc7ac \ubc0f \uad6c\uc870 \ud601\uc2e0<\/strong><\/h4>\n<ul>\n<li><strong>\uc7ac\ub8cc \uc870\ud569<\/strong>: \uac89\uba74 157g C2S \uace0\ubc00\ub3c4 \ubc31\uc0c9 \ucf54\ud305\uc9c0(FSC \uc778\uc99d) + \uc18d\uba74 1200g \ud558\ub4dc \uadf8\ub808\uc774\ubcf4\ub4dc, \uc555\ucd95\uac15\ub3c4 200kg\/\u33a1, \uc7ac\ud65c\uc6a9\ub960 90% \uc774\uc0c1.<\/li>\n<li><strong>\uc811\uc774\uc2dd \uad6c\uc870<\/strong>: \ubaa8\uc870 \ubc8c\uc9d1 3 \ucc28\uc6d0 \uad6c\uc870 + 60 \u00b0 \uc6d0\ucd94\ud615 \uc704\uce58 \uc9c0\uc815 \uac01\ub3c4 \uc124\uacc4\ub85c 0.1mm \uc218\uc900\uc758 \ubc18\ubcf5 \uc704\uce58 \uc9c0\uc815 \uc815\ud655\ub3c4\ub97c \ub2ec\uc131\ud558\uc5ec \ud2b9\uc218 \ubaa8\uc591\uc758 \uc758\ub958 \ud3ec\uc7a5 \uc694\uad6c \uc0ac\ud56d\uc5d0 \uc801\ud569\ud569\ub2c8\ub2e4.<\/li>\n<\/ul>\n<h4 id=\"-highly-customized-service-\"><strong>\uace0\ub3c4\ub85c \ub9de\ucda4\ud654\ub41c \uc11c\ube44\uc2a4<\/strong><\/h4>\n<ol>\n<li><strong>\uc0c1\uc790 \uc720\ud615 \ubc0f \ud06c\uae30<\/strong>: \uc0c1\ud558 \ub69c\uaed1, \uc11c\ub78d\ud615, \ud50c\ub9bd\ubd81\ud615 \ub4f1 10\uac00\uc9c0 \uc774\uc0c1\uc758 \ubc15\uc2a4 \ud0c0\uc785\uc744 50\u00d730\u00d75cm~80\u00d750\u00d715cm\uc758 \ud06c\uae30 \ubc94\uc704\ub85c \uc81c\uacf5\ud558\uace0, \ube44\ud45c\uc900 \uc0ac\uc774\uc988 \ub9de\ucda4 \uc81c\uc791\uc744 \uc9c0\uc6d0\ud558\uba70, \uc624\ucc28\ub294 \u00b10.5mm \uc774\ub0b4\ub85c \uc81c\uc5b4\ub429\ub2c8\ub2e4.<\/li>\n<li><strong>\ub0b4\ubd80 \uc548\uac10 \uc801\uc751<\/strong>: EVA\/\uc2a4\ud380\uc9c0 \uc548\uac10\uc740 \uc81c\ud488 \uc724\uacfd\uc5d0 \ub530\ub77c \ub9de\ucda4 \uc81c\uc791\ub418\uba70 30-80kg\/m\u00b3\uc758 \ubc00\ub3c4, \uc815\ubc00\ud55c \uc644\ucda9 \ubc0f \ucda9\uaca9 \ubc29\uc9c0, 40%\ub85c \uacf5\uac04 \ud65c\uc6a9\ub3c4\ub97c \ub192\uc600\uc2b5\ub2c8\ub2e4.<\/li>\n<li><strong>\ud45c\uba74 \uae30\uc220<\/strong>UV \ub85c\uceec \ubc14\ub2c8\uc2dc, \uc5e0\ubcf4\uc2f1, \ub808\uc774\uc800 \ub4f1 20\uac00\uc9c0 \uc774\uc0c1\uc758 \ud6a8\uacfc\ub97c \uc635\uc158\uc73c\ub85c \uc81c\uacf5\ud558\uba70, \ud2b9\uc218 \uceec\ub7ec \ud32c\ud1a4 \uc0c9\uc0c1 \ubc88\ud638, \uadf8\ub77c\ub370\uc774\uc158 \uc778\uc1c4 \ubc0f 3D \uc5e0\ubcf4\uc2f1 \uae30\uc220\uc744 \uc9c0\uc6d0\ud569\ub2c8\ub2e4.<\/li>\n<\/ol>\n<h4 id=\"-application-scenarios-and-benefits-\"><strong>\uc801\uc6a9 \uc2dc\ub098\ub9ac\uc624 \ubc0f \uc774\uc810<\/strong><\/h4>\n<ul>\n<li><strong>\ube0c\ub79c\ub4dc \ud504\ub9ac\ubbf8\uc5c4<\/strong>: \uace0\ud488\uc9c8 \ud3ec\uc7a5\uc744 \ud1b5\ud574 \uc81c\ud488 \ubd80\uac00\uac00\uce58\ub97c \ud5a5\uc0c1\ud558\uc138\uc694. \uace0\uac1d \uc124\ubb38\uc870\uc0ac\uc5d0 \ub530\ub974\uba74 \uc120\ubb3c \uc0c1\uc790 \ud3ec\uc7a5\uc740 \ub4dc\ub808\uc2a4 \uac00\uaca9\uc744 15%-20%\uae4c\uc9c0 \ub192\uc77c \uc218 \uc788\ub294 \uac83\uc73c\ub85c \ub098\ud0c0\ub0ac\uc2b5\ub2c8\ub2e4.<\/li>\n<li><strong>\ubb3c\ub958 \ucd5c\uc801\ud654<\/strong>: \uc811\uc740 \ud6c4 \uc6b4\uc1a1 \ube44\uc6a9\uc774 30%\uae4c\uc9c0 \uc808\uac10\ub418\uc5b4 \uad6d\uacbd \uac04 \uc804\uc790 \uc0c1\uac70\ub798\uc758 \uc18c\ud615 \ucee8\ud14c\uc774\ub108\ud654 \uc694\uad6c \uc0ac\ud56d\uc5d0 \uc801\ud569\ud569\ub2c8\ub2e4.<\/li>\n<li><strong>\ud658\uacbd \uc778\uc99d<\/strong>: EU REACH \ubc0f \ubbf8\uad6d FDA \ud45c\uc900\uc744 \uc900\uc218\ud558\uace0 SGS \uc0dd\ubd84\ud574\uc131 \uc778\uc99d\uc744 \ud68d\ub4dd\ud588\uc2b5\ub2c8\ub2e4.<\/li>\n<\/ul>\n<h4 id=\"-ordering-process-\"><strong>\uc8fc\ubb38 \ud504\ub85c\uc138\uc2a4<\/strong><\/h4>\n<ol>\n<li>\uc758\ub958 \uc0ac\uc774\uc988\/\ub514\uc790\uc778 \uc694\uad6c \uc0ac\ud56d \uc81c\uacf5 \u2192 2. \ubc15\uc2a4 \uad6c\uc870 \ud655\uc778\uc744 \uc704\ud55c 3D \ubaa8\ub378\ub9c1 \u2192 3. \uc18c\uc7ac\/\uacf5\uc815 \uc194\ub8e8\uc158 \uacac\uc801 \u2192 4. \uc0d8\ud50c \uc81c\uc791(5~7\uc77c \uc18c\uc694) \u2192 5. \ub300\ub7c9 \uc0dd\uc0b0 (MOQ 500 \uac1c, \ubc30\uc1a1 \uc2dc\uac04 10-15 \uc77c).<\/li>\n<\/ol>\n<p><strong>\ud611\ub825 \uc0ac\ub840<\/strong>: \uc6d4 \ud3c9\uade0 30\ub9cc \uac1c \uc0dd\uc0b0 \ub2a5\ub825\uacfc 85%\uc758 \ub9de\ucda4\ud654 \ube44\uc728\ub85c SHEIN, UR\uacfc \uac19\uc740 \ube0c\ub79c\ub4dc\uc5d0 \uc11c\ube44\uc2a4\ub97c \uc81c\uacf5\ud588\uc2b5\ub2c8\ub2e4.<\/p>\n<p><strong>\uc9c0\uae08 \uc0ac\uc6a9\uc790 \uc9c0\uc815<\/strong>: \ud2b9\ubcc4\ud55c \ud328\ud0a4\uc9c0\ub97c \ud1b5\ud574 \ube0c\ub79c\ub4dc\uc758 \ub530\ub73b\ud568\uc744 \uc804\ub2ec\ud558\uace0, \ub4dc\ub808\uc2a4 \ud558\ub098\ud558\ub098\ub97c \uc18c\ub140\ub4e4\uc744 \uc704\ud55c \uafc8\uc758 \uc120\ubb3c\ub85c \ub9cc\ub4e4\uc5b4\ubcf4\uc138\uc694.<\/p>","protected":false},"excerpt":{"rendered":"<p>1. \uc790\uc11d \uc7a0\uae08 \uc0c1\uc790, \uc790\uc11d \ub0b4\uc7a5\ud615 \ub514\uc790\uc778\uc73c\ub85c \uc678\ubd80 \ub9c8\ubaa8 \ubc29\uc9c0, \uc811\uc744 \uc218 \uc788\ub294 \ub514\uc790\uc778\uc73c\ub85c \uc6b4\uc1a1 \uc911 \uacf5\uac04 \ud65c\uc6a9\ub3c4 \uac10\uc18c<br \/>\n2. \ud551\ud06c\uc0c9 \uc778\uc1c4\ub294 \ub85c\ub9e8\ud2f1\ud558\uace0 \ub2ec\ucf64\ud55c \uac10\uc815\uc801 \uc5f0\uc0c1\uc744 \ubd88\ub7ec \uc77c\uc73c\ud0a4\uace0 \uc18c\ub140\ub4e4\uc758 \uc758\ub958, \uc637 \ubc0f \ub4dc\ub808\uc2a4\uc5d0 \ub300\ud55c \ud658\uc0c1\uc744 \ud5a5\uc0c1\uc2dc\ud0ac \uc218 \uc788\uc2b5\ub2c8\ub2e4.<br \/>\n3. \uceec\ub7ec \ub9e4\uce6d \ud6a8\uacfc\ub97c \ub192\uc774\uace0 \uc5ec\uc544\uc758 \uc694\uad6c\ub97c \ucda9\uc871\uc2dc\ud0a4\ub294 \uc591\uba74 \uceec\ub7ec \uc778\uc1c4<\/p>","protected":false},"featured_media":8738,"template":"","meta":[],"product_brand":[],"product_cat":[30,427,414,31],"product_tag":[964,963,965],"class_list":{"0":"post-8737","1":"product","2":"type-product","3":"status-publish","4":"has-post-thumbnail","6":"product_cat-by-industry","7":"product_cat-collapsible-gift-boxes","8":"product_cat-custom-apparel-boxes","9":"product_cat-paper-box-style","10":"product_tag-clothes-box-wholesale","11":"product_tag-custom-apparel-gift-box","12":"product_tag-dress-collapsible-gift-box","14":"first","15":"instock","16":"shipping-taxable","17":"product-type-simple"},"_links":{"self":[{"href":"https:\/\/zojopackaging.com\/ko\/wp-json\/wp\/v2\/product\/8737","targetHints":{"allow":["GET"]}}],"collection":[{"href":"https:\/\/zojopackaging.com\/ko\/wp-json\/wp\/v2\/product"}],"about":[{"href":"https:\/\/zojopackaging.com\/ko\/wp-json\/wp\/v2\/types\/product"}],"version-history":[{"count":1,"href":"https:\/\/zojopackaging.com\/ko\/wp-json\/wp\/v2\/product\/8737\/revisions"}],"predecessor-version":[{"id":8743,"href":"https:\/\/zojopackaging.com\/ko\/wp-json\/wp\/v2\/product\/8737\/revisions\/8743"}],"wp:featuredmedia":[{"embeddable":true,"href":"https:\/\/zojopackaging.com\/ko\/wp-json\/wp\/v2\/media\/8738"}],"wp:attachment":[{"href":"https:\/\/zojopackaging.com\/ko\/wp-json\/wp\/v2\/media?parent=8737"}],"wp:term":[{"taxonomy":"product_brand","embeddable":true,"href":"https:\/\/zojopackaging.com\/ko\/wp-json\/wp\/v2\/product_brand?post=8737"},{"taxonomy":"product_cat","embeddable":true,"href":"https:\/\/zojopackaging.com\/ko\/wp-json\/wp\/v2\/product_cat?post=8737"},{"taxonomy":"product_tag","embeddable":true,"href":"https:\/\/zojopackaging.com\/ko\/wp-json\/wp\/v2\/product_tag?post=8737"}],"curies":[{"name":"wp","href":"https:\/\/api.w.org\/{rel}","templated":true}]}}