{"id":10009,"date":"2025-04-04T14:44:34","date_gmt":"2025-04-04T06:44:34","guid":{"rendered":"https:\/\/zojopackaging.com\/?post_type=product&#038;p=10009"},"modified":"2025-04-04T15:06:02","modified_gmt":"2025-04-04T07:06:02","slug":"custom-luxury-cosmetic-skin-care-face-cream-packaging-boxes","status":"publish","type":"product","link":"https:\/\/zojopackaging.com\/nl\/product\/custom-luxury-cosmetic-skin-care-face-cream-packaging-boxes\/","title":{"rendered":"Aangepaste luxe cosmetische huidverzorging gezicht cr\u00e8me verpakking dozen"},"content":{"rendered":"<h2 id=\"-customized-luxury-cosmetic-skin-care-cream-packaging-box-product-description-\"><strong>Aangepaste luxe cosmetische huidverzorging cr\u00e8me verpakking dozen<\/strong><\/h2>\n<h2 id=\"-i-box-structure-and-material-design-\"><strong>1. Structuur van de doos en materiaalontwerp<\/strong><\/h2>\n<ol>\n<li><strong>Klassieke bovenste en onderste afdekdoos<\/strong>\u00a0Met een gesplitste boven- en onderkant, zonder ingewikkeld openings- en sluitingsontwerp, combineert de doos functionaliteit met eenvoudige esthetiek. De doos opent en sluit soepel, met een materiaalgebruik van meer dan 95%, waardoor minder restafval ontstaat, en met gebruik van grijs karton of wit karton met hoge dichtheid als substraat om ervoor te zorgen dat de doos knisperend, milieuvriendelijk en duurzaam is.<\/li>\n<li><strong>Low-key luxe textuur<\/strong>\u00a0De hoofdkleur is diepzwart en het oppervlak is gemaakt van mat aanvoelend speciaal papier of lamineringstechnologie, met lokale warmdruk\/hete zilverlijnen of merklogo's om een rustige en hoogwaardige visuele ervaring over te brengen. Het oppervlak van de doos kan worden voorzien van reli\u00ebftexturen (zoals kunstleer, marmeren textuur) om het driedimensionale gevoel en de gedifferentieerde herkenning te versterken.<\/li>\n<\/ol>\n<h2 id=\"-second-customized-technology-and-brand-presentation-\"><strong>2. Aangepaste technologie en merkpresentatie<\/strong><\/h2>\n<ol>\n<li><strong>Allround printtechnologie<\/strong><\/li>\n<li><strong>Warm stempelen<\/strong>: Logo, merknaam of decoratieve elementen zijn gestempeld met 24K goud\/zilverfolie om het gevoel van luxe te versterken;<\/li>\n<li><strong>UV-drukwerk<\/strong>: Plaatselijke patronen of teksten worden gevormd tot een driedimensionale touch door middel van UV-coating om de visuele focus te verbeteren;<\/li>\n<li><strong>Technologie met reli\u00ebf<\/strong>: Aangepaste exclusieve texturen (zoals geometrische lijnen, natuurlijke texturen) geven de verpakking een unieke tactiele herinnering.<\/li>\n<li><strong>Flexibele aanpassing aan meerdere categorie\u00ebn<\/strong>\u00a0De grootte van de doos kan worden aangepast (referentiebereik: lengte 10-30cm \u00d7 breedte 8-25cm \u00d7 hoogte 5-15cm), geschikt voor cr\u00e8mes, parfums, geurkaarsen, hoogwaardige thee en andere categorie\u00ebn. De voering kan worden gecombineerd met:<\/li>\n<li><strong>EVA-sponsgroef<\/strong>: Zet het product nauwkeurig vast om schudden tijdens transport te voorkomen;<\/li>\n<li><strong>Flocking binnenbak<\/strong>: Zwart of goud flockmateriaal om het gevoel van ceremonie te versterken bij het openen van de doos;<\/li>\n<li><strong>Transparante acrylsteun<\/strong>: Benadruk het uiterlijk van het product, geschikt voor geschenkdozen.<\/li>\n<\/ol>\n<h2 id=\"-iii-supply-chain-guarantee-and-quality-commitment-\"><strong>3. Ketengarantie en kwaliteitsverbintenis<\/strong><\/h2>\n<ol>\n<li><strong>Voordeel van de bronfabriek<\/strong>\u00a0Vertrouwend op 16 jaar productie-ervaring, hebben we een ge\u00efntegreerd supply chain-systeem opgebouwd van ontwerp, materiaalselectie, productie tot kwaliteitsinspectie om ervoor te zorgen:<\/li>\n<li><strong>Kostenoptimalisatie<\/strong>: Grootschalige inkoop van grondstoffen om de kosten per doos te verlagen;<\/li>\n<li><strong>Strikte kwaliteitscontrole<\/strong>: Foutcontrole binnen \u00b10,5 mm, geen kromtrekken bij het gieten, geen oppervlaktedefecten;<\/li>\n<li><strong>Snelle levering<\/strong>: Ondersteuning 500 stuks minimale bestelling, 7-14 dagen om proofing te voltooien tot massaproductie.<\/li>\n<\/ol>\n<h2 id=\"-iv-design-service-and-brand-empowerment-\"><strong>4. Ontwerpservice en merkinvloed<\/strong><\/h2>\n<ol>\n<li><strong>Exclusieve ondersteuning voor aanpassingen<\/strong><\/li>\n<li><strong>Ontwerp Samenwerking<\/strong>: Zorg voor 3D modelleringstekeningen en fysieke proeven om te zorgen voor een nauwkeurige implementatie van ontwerpeffecten;<\/li>\n<li><strong>Integratie merkverhaal<\/strong>: Breng de kernwaarde van het product over via het KV-ontwerp van de verpakking (zoals vergulde elementen, tijdsthema's);<\/li>\n<li><strong>Milieucertificering<\/strong>: Optioneel FSC-gecertificeerd papier of afbreekbare materialen, in lijn met het concept van duurzame branding.<\/li>\n<\/ol>\n<p><strong>Toepasselijke scenario's<\/strong>: geschenkdozen voor de eerste release van huidverzorgingsproducten van hoge kwaliteit, gelimiteerde vakantiesets, gezamenlijke merkverpakkingen, enz.<\/p>\n<p><strong>Samenwerkingsproces<\/strong>: communicatie over de vraag \u2192 ontwerpvoorstel \u2192 bevestiging van de proef \u2192 massaproductie \u2192 kwaliteitscontrole en levering.<\/p>\n<p>Door de balans tussen een minimalistische structuur en verfijnde details zal deze serie verpakkingsdozen het merk helpen de aandacht te trekken van de consumentenmarkt in het hogere segment met de visuele taal van \"luxe in low-key\".<\/p>","protected":false},"excerpt":{"rendered":"<p>Het ontwerp van onze cosmetische verpakkingen combineert functionaliteit en esthetische waarde, wat het concurrentievermogen van het merk en de ervaring van de consument effectief kan verbeteren. Ten eerste, wat betreft bescherming, gebruikt de verpakking materialen van hoge kwaliteit, en de gesloten structuur en het lichtbestendige ontwerp verlengen de houdbaarheid van cosmetica en verminderen transportverliezen. Ten tweede, op het gebied van visuele aantrekkingskracht, minimalistische lijnen of natuurlijke esthetische elementen.<\/p>","protected":false},"featured_media":10010,"template":"","meta":[],"product_brand":[],"product_cat":[30,390,425,31],"product_tag":[1323,1324,1060],"class_list":{"0":"post-10009","1":"product","2":"type-product","3":"status-publish","4":"has-post-thumbnail","6":"product_cat-by-industry","7":"product_cat-custom-cosmetics-boxes","8":"product_cat-lid-and-base-gift-box","9":"product_cat-paper-box-style","10":"product_tag-cosmetic-packaging-boxes","11":"product_tag-custom-face-cream-packaging","12":"product_tag-skin-care-packaging-boxes","14":"first","15":"instock","16":"shipping-taxable","17":"product-type-grouped"},"_links":{"self":[{"href":"https:\/\/zojopackaging.com\/nl\/wp-json\/wp\/v2\/product\/10009","targetHints":{"allow":["GET"]}}],"collection":[{"href":"https:\/\/zojopackaging.com\/nl\/wp-json\/wp\/v2\/product"}],"about":[{"href":"https:\/\/zojopackaging.com\/nl\/wp-json\/wp\/v2\/types\/product"}],"version-history":[{"count":1,"href":"https:\/\/zojopackaging.com\/nl\/wp-json\/wp\/v2\/product\/10009\/revisions"}],"predecessor-version":[{"id":10017,"href":"https:\/\/zojopackaging.com\/nl\/wp-json\/wp\/v2\/product\/10009\/revisions\/10017"}],"wp:featuredmedia":[{"embeddable":true,"href":"https:\/\/zojopackaging.com\/nl\/wp-json\/wp\/v2\/media\/10010"}],"wp:attachment":[{"href":"https:\/\/zojopackaging.com\/nl\/wp-json\/wp\/v2\/media?parent=10009"}],"wp:term":[{"taxonomy":"product_brand","embeddable":true,"href":"https:\/\/zojopackaging.com\/nl\/wp-json\/wp\/v2\/product_brand?post=10009"},{"taxonomy":"product_cat","embeddable":true,"href":"https:\/\/zojopackaging.com\/nl\/wp-json\/wp\/v2\/product_cat?post=10009"},{"taxonomy":"product_tag","embeddable":true,"href":"https:\/\/zojopackaging.com\/nl\/wp-json\/wp\/v2\/product_tag?post=10009"}],"curies":[{"name":"wp","href":"https:\/\/api.w.org\/{rel}","templated":true}]}}