{"id":10089,"date":"2025-04-04T16:39:30","date_gmt":"2025-04-04T08:39:30","guid":{"rendered":"https:\/\/zojopackaging.com\/?post_type=product&#038;p=10089"},"modified":"2025-04-04T16:46:16","modified_gmt":"2025-04-04T08:46:16","slug":"custom-vintage-folding-perfume-bottle-box-manufacturer-paper-cardboard-boxes","status":"publish","type":"product","link":"https:\/\/zojopackaging.com\/nl\/product\/custom-vintage-folding-perfume-bottle-box-manufacturer-paper-cardboard-boxes\/","title":{"rendered":"Aangepaste Vintage vouwen parfumfles doos fabrikant papier kartonnen dozen"},"content":{"rendered":"<h3 id=\"-1-structural-innovation-pragmatic-aesthetics-of-double-insert-box-design-\"><strong>1. Structurele innovatie: pragmatische esthetiek van het ontwerp van de dubbele inzetbak<\/strong><\/h3>\n<p>Het aannemen van de\u00a0<strong>klassieke dubbele inzetbakstructuur<\/strong>De snelle assemblage wordt bereikt door symmetrische bovenste en onderste pluggen, zonder lijmverbinding, en de kosten van verpakking uit \u00e9\u00e9n stuk worden verlaagd met 25% (raadpleeg het patent op de verpakkingsstructuur). De bodem keurt\u00a0<strong>gepatenteerde gesp bodem technologie<\/strong>De druksterkte is verhoogd tot 300 N en de transportschade is minder dan 0,5% (gegevensbron: testrapport verpakkingstechniek). Na het uitvouwen is de dikte slechts 1\/3 van de gesloten toestand, het gebruik van de logistieke ruimte is toegenomen met 70% en de jaarlijkse opslagkosten worden bespaard met meer dan 150.000 yuan (case: logistiek optimalisatierapport van een licht luxe parfummerk in 2024).<\/p>\n<h3 id=\"-2-color-narrative-retro-aesthetic-expression-of-brown-series-\"><strong>2. Kleurenverhaal: Retro esthetische expressie van bruine series<\/strong><\/h3>\n<p>-\u00a0<strong>Kleurenpsychologie<\/strong>: De hoofdkleur keurt\u00a0<strong>Pantone 18-1445 TCX (Antiekbruin)<\/strong>en een verloopovergang van 0,1 mm wordt bereikt met 1200 dpi uiterst nauwkeurig printen;<\/p>\n<p>-\u00a0<strong>Sfeer cre\u00ebren<\/strong>: Bruin straalt elegantie, rust en mysterie uit, wat past bij de high-end positionering van geurproducten (zie \"2024 Luxury Packaging Trend Report\");<\/p>\n<p>-\u00a0<strong>Visueel niveau<\/strong>: De rand van het venster neemt\u00a0<strong>UV-preeg + lasergravure<\/strong>\u00a0technologie om het high-end gevoel en de merkherkenning van het product te verbeteren.<\/p>\n<h3 id=\"-3-functional-design-refined-protection-of-the-inner-support-system-\"><strong>3. Functioneel ontwerp: verfijnde bescherming van het interne ondersteuningssysteem<\/strong><\/h3>\n<p>-\u00a0<strong>Structuur van de binnenkaart<\/strong>: -\u00a0<strong>Gegolfd papier binnensteun<\/strong>: FSC-gecertificeerd 3-laags golfpapier, instelbare dikte 0,8-1,5mm, schokbestendige prestaties verbeterd door 80%;<\/p>\n<p>-\u00a0<strong>Partitie voor enkele poederkaart<\/strong>: 350g lichtgewicht karton, oppervlakteruwheid Ra\u22641.2\u03bcm, geschikt voor het bevestigen van speciaal gevormde parfumflesjes;<\/p>\n<p>-\u00a0<strong>Sc\u00e8ne-aanpassing<\/strong>: Aanpasbare geschenkdozen voor de feestdagen (zoals vormen van kerstsneeuwvlokken), reissets (verdeeld opbergen) en andere gesegmenteerde scenario-oplossingen.<\/p>\n<h3 id=\"-4-craft-empowerment-interactive-expression-of-retro-details-\"><strong>4. Craft empowerment: interactieve expressie van retro details<\/strong><\/h3>\n<p>-\u00a0<strong>Oppervlaktebehandeling<\/strong>: -\u00a0<strong>Goud stempelen<\/strong>: Ros\u00e9goud\/champagne goud aangepaste kleurenkaart, metaalglans bereikt 90GU, slijtvastheid passeert ISO 2838 test;<\/p>\n<p>-\u00a0<strong>Hol snijwerk<\/strong>: 0,3 mm precisie hol patroon, lichtdoorlatendheid verhoogd door 60%, waardoor visuele gelaagdheid wordt verbeterd;<\/p>\n<p>-\u00a0<strong>Materiaalkeuze<\/strong>: 350 g lichtgewicht enkele poederkaart, matte film op het oppervlak, voelt aan als zijde, in lijn met de retro toon.<\/p>\n<h3 id=\"-5-supply-chain-advantages-the-strength-of-intelligent-manufacturing-in-the-center-of-the-pearl-river-delta-\"><strong>5. Voordelen van de toeleveringsketen: de kracht van intelligente productie in het centrum van de Parelrivierdelta<\/strong><\/h3>\n<p>-\u00a0<strong>Geografische voordelen<\/strong>: Gelegen in het kerngebied van de Pearl River Delta, duurt het 2 uur om Shenzhen Yantian Port te bereiken, en de verzendkosten worden verminderd met 30%;<\/p>\n<p>-\u00a0<strong>Materiaal matrix<\/strong>: -\u00a0<strong>Milieuvriendelijk grijs karton<\/strong>: FSC-gecertificeerde 100% zuivere houtpulp, dikte 0,5-2 mm optioneel;<\/p>\n<p>-\u00a0<strong>Speciaal papier<\/strong>: Parelmoerpapier\/imitatiekrokodillenpapier, voelt aan als zijde;<\/p>\n<p>-\u00a0<strong>Technologische volwassenheid<\/strong>: 16 jaar databaseondersteuning voor verpakkingstechnologie, met meer dan 200 retro-technologie combinatieoplossingen.<\/p>\n<h3 id=\"-6-smart-production-industry-benchmark-for-agile-delivery-\"><strong>6. Slimme productie: industriebenchmark voor flexibele levering<\/strong><\/h3>\n<p>-\u00a0<strong>Productieschaal<\/strong>: 5.320 vierkante meter slimme werkplaatsen, 4 volledig geautomatiseerde productielijnen voor kaartdozen, 100.000 stuks per dag, foutpercentage &lt;0,1%;<\/p>\n<p>-\u00a0<strong>Snel antwoord<\/strong>: spoedbestellingen worden binnen 36 uur geleverd (voorbeeld: 100.000 stuks spoedbestellingen voor een bepaald merk op Valentijnsdag in 2024);<\/p>\n<p>-\u00a0<strong>Kwaliteitscontrolesysteem<\/strong>: ISO 9001\/BSCI gecertificeerd, elke partij producten ondergaat 12 kwaliteitsinspecties (compressie\/druppel\/kleurechtheidstests).<\/p>\n<h3 id=\"-7-design-empowerment-global-service-from-demand-to-implementation-\"><strong>7. Design empowerment: wereldwijde service van vraag tot implementatie<\/strong><\/h3>\n<p>Een speciaal team van 10 senior ontwerpers biedt drie services op maat:<\/p>\n<p>-\u00a0<strong>Structurele innovatie<\/strong>: Ontwikkel 12 gepatenteerde boxtypes (zoals roterende lagen, magnetische wachtwoordvergrendelingen), compatibel met het plaatsen van speciaal gevormde producten;<\/p>\n<p>-\u00a0<strong>Culturele empowerment<\/strong>: Integreer retro-elementen zoals barok en jugendstil, en bied 200+ patroonbibliotheken;<\/p>\n<p>-\u00a0<strong>Wereldwijde naleving<\/strong>: Het team is bedreven in internationale normen zoals EU EN 71-3 en US ASTM D4169 om ervoor te zorgen dat de verpakking voldoet aan de voorschriften.<\/p>","protected":false},"excerpt":{"rendered":"<p><strong>ZOJO Print | Customized retro folding perfume bottle box expert - het interpreteren van geur esthetiek met een klassiek design<\/strong><\/p>\n<p>Vandaag de dag, nu de geurenmarkt een hoge vlucht neemt, zijn parfumflesjes niet alleen productverpakkingen, maar ook dragers die de toon van het merk verbinden met de emoties van de consument. ZOJO Print is al 16 jaar actief op het gebied van verpakkingen en richt zich op het leveren van vouwdoosoplossingen met zowel retro-esthetiek als commerci\u00eble waarde voor hoogwaardige schoonheidsproducten zoals parfums, essenti\u00eble oli\u00ebn en aromatherapie.<\/p>","protected":false},"featured_media":10094,"template":"","meta":[],"product_brand":[],"product_cat":[30,417,430,31],"product_tag":[1335,1139,1336],"class_list":{"0":"post-10089","1":"product","2":"type-product","3":"status-publish","4":"has-post-thumbnail","6":"product_cat-by-industry","7":"product_cat-custom-perfume-boxes-by-industry","8":"product_cat-folding-cartons","9":"product_cat-paper-box-style","10":"product_tag-custom-vintage-box","11":"product_tag-paper-cardboard-boxes","12":"product_tag-perfume-bottle-box","14":"first","15":"instock","16":"shipping-taxable","17":"product-type-grouped"},"_links":{"self":[{"href":"https:\/\/zojopackaging.com\/nl\/wp-json\/wp\/v2\/product\/10089","targetHints":{"allow":["GET"]}}],"collection":[{"href":"https:\/\/zojopackaging.com\/nl\/wp-json\/wp\/v2\/product"}],"about":[{"href":"https:\/\/zojopackaging.com\/nl\/wp-json\/wp\/v2\/types\/product"}],"version-history":[{"count":1,"href":"https:\/\/zojopackaging.com\/nl\/wp-json\/wp\/v2\/product\/10089\/revisions"}],"predecessor-version":[{"id":10096,"href":"https:\/\/zojopackaging.com\/nl\/wp-json\/wp\/v2\/product\/10089\/revisions\/10096"}],"wp:featuredmedia":[{"embeddable":true,"href":"https:\/\/zojopackaging.com\/nl\/wp-json\/wp\/v2\/media\/10094"}],"wp:attachment":[{"href":"https:\/\/zojopackaging.com\/nl\/wp-json\/wp\/v2\/media?parent=10089"}],"wp:term":[{"taxonomy":"product_brand","embeddable":true,"href":"https:\/\/zojopackaging.com\/nl\/wp-json\/wp\/v2\/product_brand?post=10089"},{"taxonomy":"product_cat","embeddable":true,"href":"https:\/\/zojopackaging.com\/nl\/wp-json\/wp\/v2\/product_cat?post=10089"},{"taxonomy":"product_tag","embeddable":true,"href":"https:\/\/zojopackaging.com\/nl\/wp-json\/wp\/v2\/product_tag?post=10089"}],"curies":[{"name":"wp","href":"https:\/\/api.w.org\/{rel}","templated":true}]}}