{"id":10148,"date":"2025-04-04T18:20:18","date_gmt":"2025-04-04T10:20:18","guid":{"rendered":"https:\/\/zojopackaging.com\/?post_type=product&#038;p=10148"},"modified":"2025-04-04T18:34:51","modified_gmt":"2025-04-04T10:34:51","slug":"custom-perfume-cosmetics-clamshell-flip-top-gift-box-factory","status":"publish","type":"product","link":"https:\/\/zojopackaging.com\/nl\/product\/custom-perfume-cosmetics-clamshell-flip-top-gift-box-factory\/","title":{"rendered":"Aangepaste parfum cosmetica Clamshell Flip Top geschenkdoos fabriek"},"content":{"rendered":"<h2 id=\"customized-perfume-cosmetic-flip-gift-box-product-description\">Aangepaste parfum cosmetica Clamshell Flip Top geschenkdoos fabriek<\/h2>\n<h2><strong>1. Materiaal <\/strong>Clamshell Flip Top dozen<strong>: stabiel en duurzaam, accentueert de merktextuur<\/strong><\/h2>\n<ul>\n<li><strong>Vakmanschap van het oppervlak<\/strong>: 120 g wit speciaal papier wordt geplakt op 1200 g grijs karton substraat met hoge sterkte om ervoor te zorgen dat de doos recht is en een sterke drukweerstand heeft. Voor het grijze karton wordt binnenlands vol-grijs karton gebruikt, met een uniforme vezelstructuur, buigvastheid en milieubescherming, dat voldoet aan de FSC-certificeringsnormen. Het exclusieve logo van de klant wordt in reli\u00ebf op het oppervlak aangebracht en het concave en convexe driedimensionale effect wordt bereikt met precisievormen om de tactiele en visuele gelaagdheid te verbeteren.<\/li>\n<\/ul>\n<h2 id=\"-2-lining-design-protection-and-beauty-\"><strong>2. Voeringontwerp: bescherming en schoonheid<\/strong><\/h2>\n<ul>\n<li><strong>Structuur van de voering<\/strong>: De binnenste laag is beplakt met 350 g blauw karton, voorzien van op maat gemaakt EVA-schuim (dikte kan worden gekozen uit 1,5-3,0 mm) en een bufferlaag wordt gevormd door stansen en lamineren. EVA-materiaal heeft een uitstekende schokbestendigheid en kan schokken tijdens het transport absorberen. De magnetische structuur is nauwkeurig berekend en de positioneringsfout is minder dan 0,5 mm. Consumenten kunnen het product snel met \u00e9\u00e9n hand pakken. Tegelijkertijd is het transparante vensterontwerp in de doos handig voor het weergeven van de informatie van het parfumflesje.<\/li>\n<\/ul>\n<h2 id=\"-3-customized-service-flexible-adaptation-to-customer-needs-\"><strong>3. Service op maat: flexibele aanpassing aan de behoeften van de klant<\/strong><\/h2>\n<ul>\n<li><strong>Aanpassing aan grootte en materiaal<\/strong>: Ondersteunt maataanpassing van verschillende producten zoals sigaretten, cosmetica en parfums. Het kan de dikte van grijs karton (1,5-4,0 mm), speciaal papiergewicht (80-300 g) en voeringstructuur (zoals zijdebekleding, matte behandeling) aanpassen.<\/li>\n<li><strong>Ontwerpinnovatie<\/strong>: Een professioneel ontwerpteam biedt \u00e9\u00e9n-op-\u00e9\u00e9n service en combineert de toon van het merk om een eenvoudige of luxueuze stijl te ontwerpen. Bijvoorbeeld, AR-technologie interactieve patronen, afbreekbare materialen, of het optimaliseren van de structuur om het verpakkingsvolume te verminderen kunnen lichtgewicht en milieubeschermende doelen bereiken.<\/li>\n<\/ul>\n<h2 id=\"-4-production-strength-and-quality-assurance-\"><strong>4. Productiekracht en kwaliteitsborging<\/strong><\/h2>\n<ul>\n<li><strong>Moderne productielijn<\/strong>: De fabriek is uitgerust met een gestandaardiseerde werkplaats van 5.320 vierkante meter met volautomatische stansmachines, warmstempelmachines en productielijnen voor EVA-schuim, met een dagelijkse productiecapaciteit van 100.000 stuks. De geautomatiseerde assemblagelijn wordt gebruikt om de productiegegevens in realtime te controleren via het SCADA-systeem om ervoor te zorgen dat het verliesvrije percentage van de verpakking 99,8% bereikt.<\/li>\n<li><strong>Kwaliteitscontrolesysteem<\/strong>: Vanaf de binnenkomst van grondstoffen tot de levering van eindproducten worden 21 kwaliteitsinspectieprocessen ge\u00efmplementeerd, waaronder belangrijke indicatortests zoals het vochtgehalte van grijs karton (\u22648%), de hechting bij het warm stempelen (3M-tapetest) en de levensduur van de magnetische zuiging (\u2265100.000 keer openen en sluiten).<\/li>\n<\/ul>\n<h2 id=\"-5-cases-and-customer-value-\"><strong>5. Cases en klantwaarde<\/strong><\/h2>\n<ul>\n<li><strong>Succesvol geval<\/strong>: Ontwierp een flip-top geschenkdoos voor een high-end parfummerk, met behulp van mat wit karton + gouden hot stamping technologie, en de voering is afgestemd met blauw fluwelen EVA. Nadat het product was gelanceerd, steeg het aantal klanten dat het product opnieuw kocht met 30% en daalde het aantal transportschades tot minder dan 0,5%.<\/li>\n<li><strong>Milieuverplichting<\/strong>: Biologisch afbreekbaar grijs karton en printopties op waterbasis bieden, die voldoen aan de milieunormen van de EU en die merken helpen het concept van duurzame ontwikkeling in de praktijk te brengen.<\/li>\n<\/ul>","protected":false},"excerpt":{"rendered":"<ul>\n<li>\u200b<strong>Eersteklas esthetisch beroep<\/strong>- Verhoogt de merkperceptie met reli\u00ebfaccenten en strakke lijnen.<\/li>\n<li>\u200b<strong>Duurzaam en milieuvriendelijk<\/strong>- Stevig recyclebaar materiaal dat bestand is tegen slijtage.<\/li>\n<li>\u200b<strong>Aangepaste merkintegratie<\/strong>- Naadloze presentatie van logo's of reclameboodschappen.<\/li>\n<li>\u200b<strong>Bulkbestelling Effici\u00ebntie<\/strong>- Geoptimaliseerd voor kostenbesparende groothandellogistiek.<\/li>\n<li>\u200b<strong>Universele fitting voor flessen<\/strong>- Verstelbare compartimenten voor verschillende maten parfum.<\/li>\n<\/ul>","protected":false},"featured_media":10151,"template":"","meta":[],"product_brand":[],"product_cat":[30,417,424,31],"product_tag":[1353,1351,1352],"class_list":{"0":"post-10148","1":"product","2":"type-product","3":"status-publish","4":"has-post-thumbnail","6":"product_cat-by-industry","7":"product_cat-custom-perfume-boxes-by-industry","8":"product_cat-magnetic-closure-boxes","9":"product_cat-paper-box-style","10":"product_tag-cosmetics-gift-box-factory","11":"product_tag-perfume-clamshell-box","12":"product_tag-perfume-flip-top-gift-box","14":"first","15":"instock","16":"shipping-taxable","17":"product-type-grouped"},"_links":{"self":[{"href":"https:\/\/zojopackaging.com\/nl\/wp-json\/wp\/v2\/product\/10148","targetHints":{"allow":["GET"]}}],"collection":[{"href":"https:\/\/zojopackaging.com\/nl\/wp-json\/wp\/v2\/product"}],"about":[{"href":"https:\/\/zojopackaging.com\/nl\/wp-json\/wp\/v2\/types\/product"}],"version-history":[{"count":1,"href":"https:\/\/zojopackaging.com\/nl\/wp-json\/wp\/v2\/product\/10148\/revisions"}],"predecessor-version":[{"id":10155,"href":"https:\/\/zojopackaging.com\/nl\/wp-json\/wp\/v2\/product\/10148\/revisions\/10155"}],"wp:featuredmedia":[{"embeddable":true,"href":"https:\/\/zojopackaging.com\/nl\/wp-json\/wp\/v2\/media\/10151"}],"wp:attachment":[{"href":"https:\/\/zojopackaging.com\/nl\/wp-json\/wp\/v2\/media?parent=10148"}],"wp:term":[{"taxonomy":"product_brand","embeddable":true,"href":"https:\/\/zojopackaging.com\/nl\/wp-json\/wp\/v2\/product_brand?post=10148"},{"taxonomy":"product_cat","embeddable":true,"href":"https:\/\/zojopackaging.com\/nl\/wp-json\/wp\/v2\/product_cat?post=10148"},{"taxonomy":"product_tag","embeddable":true,"href":"https:\/\/zojopackaging.com\/nl\/wp-json\/wp\/v2\/product_tag?post=10148"}],"curies":[{"name":"wp","href":"https:\/\/api.w.org\/{rel}","templated":true}]}}