{"id":2434,"date":"2024-03-12T10:15:11","date_gmt":"2024-03-12T02:15:11","guid":{"rendered":"https:\/\/zojopackaging.com\/?post_type=product&#038;p=2434"},"modified":"2025-03-27T21:12:25","modified_gmt":"2025-03-27T13:12:25","slug":"personalized-cigarette-boxes","status":"publish","type":"product","link":"https:\/\/zojopackaging.com\/nl\/product\/personalized-cigarette-boxes\/","title":{"rendered":"Cannabis Lege 510 Vape Patroon Verpakking Groothandel"},"content":{"rendered":"<h1>Cannabis Lege 510 Vape Patroon Verpakking Groothandel<\/h1>\n<p>Onze fabrikanten zijn altijd op zoek naar gepersonaliseerde aangepaste vapeboxen die uniek zijn, op maat zijn ontworpen en voldoen aan kwaliteitsnormen van topniveau. We hebben de behoefte aan tabak in de samenleving en de trend van stijlvolle aangepaste dozen gerealiseerd. Rokers zijn veel bezig met de kwaliteit van de sigarettendoosjes om stijl te tonen en hun persoonlijkheid een boost te geven. Wij kennen het belang van stijl, naast de kwaliteit van de doosjes, en daarom ontwerpen we trendy sigarettendoosjes die je klanten mooi zullen vinden.<\/p>\n<h1>Laat ons dozen voor je bedrukken<\/h1>\n<p>Het is niet zo dat we gewoon dozen maken en verkopen; we werken aan het ontwerp, maken een 3D-mock-up en maken de dozen daadwerkelijk met behulp van hoogwaardig karton of kraft. In het huidige tijdperk werkt elk tabaksbedrijf dag en nacht om het merk te onderscheiden met behulp van gepersonaliseerde ontwerpelementen, drukkleuren, logo's of infographics. Bij ons is het eenvoudig! Stuur ons je ontwerpwensen of laat ons iets moois voor je maken. Wij weten hoe we marktleidende en bedrukte gepersonaliseerde sigarettendoosjes moeten maken die krachtig genoeg zijn om je verkoop binnen enkele dagen te stimuleren.<\/p>\n<p>Bovendien worden onze geavanceerde digitale drukmachines bediend door deskundige technici, waardoor er geen ruimte is voor fouten als het gaat om het afdrukken van Custom Paper Cigarette Boxes. We zijn er trots op dat we een nieuwe standaard zetten voor gepersonaliseerde sigarettendoosjes, die competent genoeg zijn om het merk te helpen de nieuwe dimensies van succes te ontsluiten.<\/p>\n<h1>Beschikbaar in alle maten<\/h1>\n<p>Dankzij onze praktijkervaring en marktonderzoek zijn we in staat om alle structuren, stijlen en formaten dozen te ontwerpen. Daarom beweren we dat onze Geprinte Gepersonaliseerde Sigaretten Verpakkingsdozen op \u00e9\u00e9n lijn liggen met de marketingstrategie\u00ebn van bedrijven op topniveau, dat ze een boost krijgen en dat je merk een wow-factor krijgt. Stuur ons gewoon de maten en exacte afmetingen zodat we de doosjes op maat kunnen maken. We zijn ervan overtuigd dat er geen verschil te zien is tussen onze doosjes en dat het perfecte klonen en kopie\u00ebn van elkaar zijn.<\/p>\n<h1>We maken dozen in alle materialen<\/h1>\n<p>Een van de belangrijkste aspecten van het verpakken is het materiaal, en een van onze concurrentievoordelen is dat we de dozen in alle materialen kunnen maken, bijv. in kraft, karton of andere materialen. De kartonnen gepersonaliseerde sigarettenverpakkingsdozen zijn veerkrachtig, stevig en worden meestal gebruikt om veel sigaretten in te pakken. Aan de andere kant zijn de gepersonaliseerde Kraft bedrukte sigarettendoosjes licht van gewicht, meer voorzien van brandingelementen en kleuren, en ook biologisch afbreekbaar.<\/p>\n<h1><strong>Specificatie<\/strong><\/h1>\n<table width=\"1153\">\n<tbody>\n<tr>\n<td width=\"373\">Afmetingen<\/td>\n<td width=\"373\">Alle aangepaste maten en vormen<\/td>\n<\/tr>\n<tr>\n<td width=\"373\">Afdrukken<\/td>\n<td width=\"373\">CMYK, PMS, Niet-afdrukken<\/td>\n<\/tr>\n<tr>\n<td width=\"373\">Papier<\/td>\n<td width=\"373\">10pt tot 28pt (60lb tot 400lb) Milieuvriendelijk Kraft, E-flute golfkarton, Bux Board, Cardstock<\/td>\n<\/tr>\n<tr>\n<td width=\"373\">Hoeveelheden<\/td>\n<td width=\"373\">500- 500,000<\/td>\n<\/tr>\n<tr>\n<td width=\"373\">Coating<\/td>\n<td width=\"373\">Glans, Mat, Vlek UV<\/td>\n<\/tr>\n<tr>\n<td width=\"373\">Standaardproces<\/td>\n<td width=\"373\">Stansen, Lijmen, Scoren, Perforeren<\/td>\n<\/tr>\n<tr>\n<td width=\"373\">Opties<\/td>\n<td width=\"373\">Uitgesneden venster op maat, goud\/zilverfolie, reli\u00ebfdruk, opgehoogde inkt, pvc-vel.<\/td>\n<\/tr>\n<tr>\n<td width=\"373\">Bewijs<\/td>\n<td width=\"373\">Platte weergave, 3D-mock-up, fysieke bemonstering (op aanvraag)<\/td>\n<\/tr>\n<tr>\n<td width=\"373\">Omlooptijd<\/td>\n<td width=\"373\">7-14 werkdagen, Spoed<\/td>\n<\/tr>\n<tr>\n<td width=\"373\">MOQ<\/td>\n<td width=\"373\">500<\/td>\n<\/tr>\n<tr>\n<td width=\"373\">Steekproeftijd<\/td>\n<td width=\"373\">\u00a05 dagen<\/td>\n<\/tr>\n<tr>\n<td width=\"373\">Betalingstermijn<\/td>\n<td width=\"373\">T\/T, Western Union, Paypal, 30% aanbetaling en 70% saldo v\u00f3\u00f3r verzending.<\/td>\n<\/tr>\n<\/tbody>\n<\/table>\n<div class=\"widget block block-static-block\">\n<div class=\"landing-page-section option-bottom\">\n<div class=\"custom-materials-tabs-content container container-adjustment\">\n<div class=\"custom-materials-tab-content active\">\n<div class=\"widget block block-static-block\">\n<div class=\"options-items\">\n<div class=\"flex-grid-row-option\">\n<div class=\"flex-grid-item-option\">\n<div class=\"material-box\">\n<p>&nbsp;<\/p>\n<\/div>\n<\/div>\n<\/div>\n<\/div>\n<p><!---end of option item--><\/p>\n<\/div>\n<\/div>\n<\/div>\n<\/div>\n<\/div>","protected":false},"excerpt":{"rendered":"<p>1. magnetische sluitdoos, magneet ingebed ontwerp om externe slijtage te vermijden, visuele eenvoud, soepeler openen en sluiten, hoge mate van hergebruik van de doos<br \/>\n2. Macaron kleurenschema vermindert visuele vermoeidheid en cre\u00ebert een ontspannende en helende sfeer<br \/>\n3. Kan volledig naar wens worden aangepast aan uw cannabis e-sigaret verpakking<\/p>","protected":false},"featured_media":2445,"template":"","meta":[],"product_brand":[],"product_cat":[30,420,424,31],"product_tag":[716,715,593],"class_list":{"0":"post-2434","1":"product","2":"type-product","3":"status-publish","4":"has-post-thumbnail","6":"product_cat-by-industry","7":"product_cat-custom-cannabis-boxes","8":"product_cat-magnetic-closure-boxes","9":"product_cat-paper-box-style","10":"product_tag-cartridge-packaging-wholesale","11":"product_tag-empty-vape-packaging","12":"product_tag-vape-cartridge-packaging","14":"first","15":"instock","16":"shipping-taxable","17":"product-type-grouped"},"_links":{"self":[{"href":"https:\/\/zojopackaging.com\/nl\/wp-json\/wp\/v2\/product\/2434","targetHints":{"allow":["GET"]}}],"collection":[{"href":"https:\/\/zojopackaging.com\/nl\/wp-json\/wp\/v2\/product"}],"about":[{"href":"https:\/\/zojopackaging.com\/nl\/wp-json\/wp\/v2\/types\/product"}],"version-history":[{"count":2,"href":"https:\/\/zojopackaging.com\/nl\/wp-json\/wp\/v2\/product\/2434\/revisions"}],"predecessor-version":[{"id":8424,"href":"https:\/\/zojopackaging.com\/nl\/wp-json\/wp\/v2\/product\/2434\/revisions\/8424"}],"wp:featuredmedia":[{"embeddable":true,"href":"https:\/\/zojopackaging.com\/nl\/wp-json\/wp\/v2\/media\/2445"}],"wp:attachment":[{"href":"https:\/\/zojopackaging.com\/nl\/wp-json\/wp\/v2\/media?parent=2434"}],"wp:term":[{"taxonomy":"product_brand","embeddable":true,"href":"https:\/\/zojopackaging.com\/nl\/wp-json\/wp\/v2\/product_brand?post=2434"},{"taxonomy":"product_cat","embeddable":true,"href":"https:\/\/zojopackaging.com\/nl\/wp-json\/wp\/v2\/product_cat?post=2434"},{"taxonomy":"product_tag","embeddable":true,"href":"https:\/\/zojopackaging.com\/nl\/wp-json\/wp\/v2\/product_tag?post=2434"}],"curies":[{"name":"wp","href":"https:\/\/api.w.org\/{rel}","templated":true}]}}