{"id":2476,"date":"2024-03-12T11:11:02","date_gmt":"2024-03-12T03:11:02","guid":{"rendered":"https:\/\/zojopackaging.com\/?post_type=product&#038;p=2476"},"modified":"2025-03-28T12:53:50","modified_gmt":"2025-03-28T04:53:50","slug":"customized-e-cigarette-packaging-card-box","status":"publish","type":"product","link":"https:\/\/zojopackaging.com\/nl\/product\/customized-e-cigarette-packaging-card-box\/","title":{"rendered":"Aangepaste hennep olie papier kartonnen verpakking dozen fabrikant"},"content":{"rendered":"<h1>Aangepaste hennep olie papier kartonnen verpakking dozen fabrikant<\/h1>\n<p>Met deze eenvoudige maar elegante Custom Cigarette Boxes kun je je e-sigaretten trendy verpakken en uitstallen. Deze prachtige dozen zijn gemaakt van duurzaam verpakkingsmateriaal en zullen je delicate e-sigaretten veilig vervoeren. Of u uw e-sigaretten nu aan uw klanten of detailhandelaren moet leveren, deze stevige dozen zullen u veel gemoedsrust geven. Bel ons voor een prachtige kortingsaanbieding voor deze aantrekkelijke dozen!<\/p>\n<h1>Krijg de beste ontwerpondersteuning voor aangepaste hennepolie papier kartonnen verpakking dozen fabrikant!<\/h1>\n<p>Bij ons vind je de meest representatieve bedrukte e-sigarettendoosjes op maat om je merk naar een hoger niveau te tillen. De fascinerende presentatie die deze doosjes bieden, zorgt ervoor dat uw e-sigaretten direct goed worden verkocht. Heb je ooit je eigen verpakkingsdoosjes willen ontwerpen met het thema en de kleuren van je merk? Onze verpakkingsexperts helpen je graag om de beste doosjes te krijgen! Wij bieden u de meest competente expertise en ontwerpondersteuning zonder dat u daarvoor een vergoeding hoeft te betalen.<\/p>\n<h1>De meest onberispelijke e-sigarettendoosjes op maat met uw prachtige merklogo<\/h1>\n<p>Bij Zojoprint Packaging doen we er alles aan om uw merk in de markt te promoten en onder de aandacht te brengen. U kunt uw merknaam en logo op deze trendy doosjes drukken om uw bedrijf breder te presenteren. Wees gerust: met onze innovatieve offset- en digitale druktechnologie ontvangt u alleen de meest onberispelijke e-sigarettendoosjes op maat met uw prachtige merklogo.<\/p>\n<h1><strong>Specificatie<\/strong><\/h1>\n<div class=\"widget block block-static-block\">\n<div class=\"landing-page-section option-bottom\">\n<div class=\"custom-materials-tabs-content container container-adjustment\">\n<div class=\"custom-materials-tab-content active\">\n<div class=\"widget block block-static-block\">\n<div class=\"options-items\">\n<div class=\"flex-grid-row-option\">\n<div class=\"flex-grid-item-option\">\n<div class=\"material-box\">\n<div class=\"material-des\">\n<table width=\"1070\">\n<tbody>\n<tr>\n<td width=\"373\">Afmetingen<\/td>\n<td width=\"373\">Alle aangepaste maten en vormen<\/td>\n<\/tr>\n<tr>\n<td width=\"373\">MOQ<\/td>\n<td width=\"373\">500st<\/td>\n<\/tr>\n<tr>\n<td width=\"373\">Steekproeftijd<\/td>\n<td width=\"373\">3-5 dagen<\/td>\n<\/tr>\n<tr>\n<td width=\"373\">Standaardproces<\/td>\n<td width=\"373\">Stansen, lijmen, rillen, perforeren<\/td>\n<\/tr>\n<tr>\n<td width=\"373\">Afdrukken<\/td>\n<td width=\"373\">Cmyk, pms, geen afdrukken<\/td>\n<\/tr>\n<tr>\n<td width=\"373\">Materiaal Optie<\/td>\n<td width=\"373\">Wit kartonpapier, gecoat papier, kunstpapier, kraftpapier, ivoorkarton, duplexkarton, speciaal papier, enz.<\/td>\n<\/tr>\n<tr>\n<td width=\"373\">Oppervlakteafwerking<\/td>\n<td width=\"373\">Matte\/glanzende laminering, spot UVDebossing, reli\u00ebfdruk, foliedruk enz.<\/td>\n<\/tr>\n<tr>\n<td width=\"373\">Industrieel gebruik<\/td>\n<td width=\"373\">cosmetica, parfum, kleding, sieraden, tabak, voedsel, geschenken en dagelijkse goederen,<\/td>\n<\/tr>\n<tr>\n<td width=\"373\">Kwaliteitscontrole<\/td>\n<td width=\"373\">Het geavanceerde Materiaal en het Ervaren QC Team zullen materiaal, halffabrikaten en ge\u00ebindigd - producten strikt in elke stap v\u00f3\u00f3r controleren<\/td>\n<\/tr>\n<tr>\n<td width=\"373\">Prijs<\/td>\n<td width=\"373\">De uiteindelijke prijs wordt afgestemd op je product en de hoeveelheid die je nodig hebt<\/td>\n<\/tr>\n<tr>\n<td width=\"373\">Doorlooptijd<\/td>\n<td width=\"373\">7-14 werkdagen , spoed<\/td>\n<\/tr>\n<tr>\n<td width=\"373\">Papier<\/td>\n<td width=\"373\">10pt tot 28pt (60lb tot 400lb) milieuvriendelijk kraft, e-flute golfkarton, bux board, cardstock<\/td>\n<\/tr>\n<tr>\n<td width=\"373\">Formaat kunstwerk<\/td>\n<td width=\"373\">JPG, PDF, AI, CDR, EPS, GIF....<\/td>\n<\/tr>\n<tr>\n<td width=\"373\">Accessoires<\/td>\n<td width=\"373\">Magneet, lint, EVA-vorm, plastic dienblad, spons, PVC\/PET\/PP...<\/td>\n<\/tr>\n<tr>\n<td width=\"373\">Betalingstermijn<\/td>\n<td width=\"373\">T\/T, Western Union, Paypal, 30% aanbetaling en 70% saldo v\u00f3\u00f3r verzending.<\/td>\n<\/tr>\n<\/tbody>\n<\/table>\n<\/div>\n<\/div>\n<\/div>\n<\/div>\n<\/div>\n<\/div>\n<\/div>\n<\/div>\n<\/div>\n<\/div>\n<div class=\"widget block block-static-block\">\n<div class=\"landing-page-section option-bottom\">\n<div class=\"custom-materials-tabs-content container container-adjustment\">\n<div class=\"custom-materials-tab-content active\">\n<div class=\"widget block block-static-block\">\n<div class=\"options-items\">\n<div class=\"flex-grid-row-option\">\n<div class=\"flex-grid-item-option\">\n<div class=\"material-box\">\n<p>&nbsp;<\/p>\n<\/div>\n<\/div>\n<\/div>\n<\/div>\n<p><!---end of option item--><\/p>\n<\/div>\n<\/div>\n<\/div>\n<\/div>\n<\/div>","protected":false},"excerpt":{"rendered":"<p>1. Vouwkarton kan plat worden gemaakt voor opslag, waardoor minder opslagruimte nodig is; hoge stapeleffici\u00ebntie tijdens transport, waardoor de logistieke kosten lager zijn.<br \/>\n2. Materiaal van wit karton, glad en fijn oppervlak, milieuvriendelijk afdrukken<br \/>\n3. Verschillende maten kunnen worden aangepast aan uw producten, geschikt voor verschillende cannabis olie verpakkingsdozen<\/p>","protected":false},"featured_media":2480,"template":"","meta":[],"product_brand":[],"product_cat":[30,420,430,31],"product_tag":[774,772,773],"class_list":{"0":"post-2476","1":"product","2":"type-product","3":"status-publish","4":"has-post-thumbnail","6":"product_cat-by-industry","7":"product_cat-custom-cannabis-boxes","8":"product_cat-folding-cartons","9":"product_cat-paper-box-style","10":"product_tag-custom-hemp-oil-boxes-manufacturer","11":"product_tag-custom-hemp-packaging","12":"product_tag-hemp-oil-boxes","14":"first","15":"instock","16":"shipping-taxable","17":"product-type-grouped"},"_links":{"self":[{"href":"https:\/\/zojopackaging.com\/nl\/wp-json\/wp\/v2\/product\/2476","targetHints":{"allow":["GET"]}}],"collection":[{"href":"https:\/\/zojopackaging.com\/nl\/wp-json\/wp\/v2\/product"}],"about":[{"href":"https:\/\/zojopackaging.com\/nl\/wp-json\/wp\/v2\/types\/product"}],"version-history":[{"count":2,"href":"https:\/\/zojopackaging.com\/nl\/wp-json\/wp\/v2\/product\/2476\/revisions"}],"predecessor-version":[{"id":8450,"href":"https:\/\/zojopackaging.com\/nl\/wp-json\/wp\/v2\/product\/2476\/revisions\/8450"}],"wp:featuredmedia":[{"embeddable":true,"href":"https:\/\/zojopackaging.com\/nl\/wp-json\/wp\/v2\/media\/2480"}],"wp:attachment":[{"href":"https:\/\/zojopackaging.com\/nl\/wp-json\/wp\/v2\/media?parent=2476"}],"wp:term":[{"taxonomy":"product_brand","embeddable":true,"href":"https:\/\/zojopackaging.com\/nl\/wp-json\/wp\/v2\/product_brand?post=2476"},{"taxonomy":"product_cat","embeddable":true,"href":"https:\/\/zojopackaging.com\/nl\/wp-json\/wp\/v2\/product_cat?post=2476"},{"taxonomy":"product_tag","embeddable":true,"href":"https:\/\/zojopackaging.com\/nl\/wp-json\/wp\/v2\/product_tag?post=2476"}],"curies":[{"name":"wp","href":"https:\/\/api.w.org\/{rel}","templated":true}]}}