{"id":3091,"date":"2024-03-14T14:05:05","date_gmt":"2024-03-14T06:05:05","guid":{"rendered":"https:\/\/zojopackaging.com\/?post_type=product&#038;p=3091"},"modified":"2025-03-29T00:06:38","modified_gmt":"2025-03-28T16:06:38","slug":"custom-silver-perfume-boxes","status":"publish","type":"product","link":"https:\/\/zojopackaging.com\/nl\/product\/custom-silver-perfume-boxes\/","title":{"rendered":"Aangepaste luxe zilveren parfum papier geschenkdozen fabrieken"},"content":{"rendered":"<h1>Aangepaste luxe zilveren parfum papier geschenkdozen fabrieken<\/h1>\n<p>Goud-\/zilverfolie parfumdoosjes op maat presenteren je parfum of eau de cologne. Deze doosjes laten je parfum er eleganter en luxueuzer uitzien. De folie beschermt je parfum ook tegen beschadiging tijdens het verzenden.<\/p>\n<p>We maken deze dozen van zwaar papier met een satijnen afwerking. Ze hebben een venster aan de voorkant van de doos. Zo kun je zien wat erin zit zonder de doos open te maken. Er zit ook een magneetflap op de bovenkant van de doos. Als je hem opent, blijft hij dicht als je hem niet gebruikt.<\/p>\n<h1><strong>Specificatie<\/strong><\/h1>\n<div class=\"widget block block-static-block\">\n<div class=\"landing-page-section option-bottom\">\n<div class=\"custom-materials-tabs-content container container-adjustment\">\n<div class=\"custom-materials-tab-content active\">\n<div class=\"widget block block-static-block\">\n<div class=\"options-items\">\n<div class=\"flex-grid-row-option\">\n<div class=\"flex-grid-item-option\">\n<div class=\"material-box\">\n<div class=\"material-des\">\n<table width=\"1070\">\n<tbody>\n<tr>\n<td width=\"373\">Afmetingen<\/td>\n<td width=\"373\">Alle aangepaste maten en vormen<\/td>\n<\/tr>\n<tr>\n<td width=\"373\">MOQ<\/td>\n<td width=\"373\">500st<\/td>\n<\/tr>\n<tr>\n<td width=\"373\">Steekproeftijd<\/td>\n<td width=\"373\">3-5 dagen<\/td>\n<\/tr>\n<tr>\n<td width=\"373\">Standaardproces<\/td>\n<td width=\"373\">Stansen, lijmen, rillen, perforeren<\/td>\n<\/tr>\n<tr>\n<td width=\"373\">Afdrukken<\/td>\n<td width=\"373\">Cmyk, pms, geen afdrukken<\/td>\n<\/tr>\n<tr>\n<td width=\"373\">Materiaal Optie<\/td>\n<td width=\"373\">Wit kartonpapier, gecoat papier, kunstpapier, kraftpapier, ivoorkarton, duplexkarton, speciaal papier, enz.<\/td>\n<\/tr>\n<tr>\n<td width=\"373\">Oppervlakteafwerking<\/td>\n<td width=\"373\">Matte\/glanzende laminering, spot UVDebossing, reli\u00ebfdruk, foliedruk enz.<\/td>\n<\/tr>\n<tr>\n<td width=\"373\">Industrieel gebruik<\/td>\n<td width=\"373\">cosmetica, parfum, kleding, sieraden, tabak, voedsel, geschenken en dagelijkse goederen,<\/td>\n<\/tr>\n<tr>\n<td width=\"373\">Kwaliteitscontrole<\/td>\n<td width=\"373\">Het geavanceerde Materiaal en het Ervaren QC Team zullen materiaal, halffabrikaten en ge\u00ebindigd - producten strikt in elke stap v\u00f3\u00f3r controleren<\/td>\n<\/tr>\n<tr>\n<td width=\"373\">Prijs<\/td>\n<td width=\"373\">De uiteindelijke prijs wordt afgestemd op je product en de hoeveelheid die je nodig hebt<\/td>\n<\/tr>\n<tr>\n<td width=\"373\">Doorlooptijd<\/td>\n<td width=\"373\">7-14 werkdagen , spoed<\/td>\n<\/tr>\n<tr>\n<td width=\"373\">Papier<\/td>\n<td width=\"373\">10pt tot 28pt (60lb tot 400lb) milieuvriendelijk kraft, e-flute golfkarton, bux board, cardstock<\/td>\n<\/tr>\n<tr>\n<td width=\"373\">Formaat kunstwerk<\/td>\n<td width=\"373\">JPG, PDF, AI, CDR, EPS, GIF....<\/td>\n<\/tr>\n<tr>\n<td width=\"373\">Accessoires<\/td>\n<td width=\"373\">Magneet, lint, EVA-vorm, plastic dienblad, spons, PVC\/PET\/PP...<\/td>\n<\/tr>\n<tr>\n<td width=\"373\">Betalingstermijn<\/td>\n<td width=\"373\">T\/T, Western Union, Paypal, 30% aanbetaling en 70% saldo v\u00f3\u00f3r verzending.<\/td>\n<\/tr>\n<\/tbody>\n<\/table>\n<\/div>\n<\/div>\n<\/div>\n<\/div>\n<\/div>\n<\/div>\n<\/div>\n<\/div>\n<\/div>\n<\/div>\n<h1><span style=\"font-size: 16px;\">Gepersonaliseerde Gouden en Zilveren Folie Parfumdoosjes<\/span><\/h1>\n<p>We weten hoe belangrijk het is dat jouw parfumbedrijf zich onderscheidt van de concurrentie. Daarom bieden we gepersonaliseerde gouden of zilveren foliedoosjes met je logo, naam of andere ontwerpelementen die je wilt. We werken met je samen om iets unieks te maken, zodat jouw merk opvalt in een branche vol vergelijkbare producten!<\/p>\n<p>Onze op maat gemaakte goud- en zilverfolie parfumdoosjes presenteren je merk elegant en luxueus.<\/p>\n<p>We omsluiten de intimiteit van het doosje met zachte stof. Dit beschermt de parfums die je erin bewaart tegen beschadiging. Naast het beschermen van je parfums, maken deze doosjes het ook makkelijk voor consumenten om ze te identificeren als luxeproducten.<\/p>\n<p>Door de gouden en zilveren folie op deze parfumdoosjes lijkt het alsof ze meer waard zijn. Dat is ook zo! Met deze prachtige verpakkingen maak je indruk op consumenten die iets meer willen dan een gewoon plastic flesje als ze hun favoriete geurtjes kopen.<\/p>\n<h1>Gebruik van folie in parfumverpakkingsdozen<\/h1>\n<p>Het gebruik van folie in de drukindustrie is geen nieuw concept. Het belangrijkste doel van het gebruik van goud- en zilverfolie is om de visuele aantrekkingskracht van het product te vergroten en het er aantrekkelijker uit te laten zien. Dit geldt vooral wanneer je parfumdoosjes gebruikt voor het ontwerp van je productverpakking.<\/p>\n<p>Denk er bij het ontwerpen van aangepaste parfumdoosjes aan dat de verpakking klanten moet aantrekken en ze een goed gevoel moet geven over de aankoop van je product. Folie is \u00e9\u00e9n manier om dit doel te bereiken.<\/p>\n<p>Deze op maat gemaakte goud- en zilverfolie parfumdoosjes kunnen voor verschillende doeleinden worden gebruikt, zoals als cadeau, om je producten in op te bergen of zelfs als cadeauverpakking.<\/p>\n<p>Er zijn veel opties beschikbaar bij het kopen van parfumdoosjes bij de groothandel, zoals het kiezen van verschillende maten, vormen, diktes, enz.<\/p>\n<h1>Ontvang aangepaste gefoleerde parfumdozen op groothandelsniveau<\/h1>\n<p>Wij bieden gratis verzending, ondersteuning bij het ontwerp, snelle doorlooptijden, 50% korting en geen kosten voor het stansen. Met onze service krijg je de hoogwaardige goud- en zilverfolie parfumdoosjes die je nodig hebt voor een betaalbare prijs. Daarom hebben we ook parfumdoosjes die je zelf kunt ontwerpen met gratis ontwerpondersteuning en een snelle doorlooptijd.<\/p>\n<div class=\"widget block block-static-block\">\n<div class=\"landing-page-section option-bottom\">\n<div class=\"custom-materials-tabs-content container container-adjustment\">\n<div class=\"custom-materials-tab-content active\">\n<div class=\"widget block block-static-block\">\n<div class=\"options-items\">\n<div class=\"flex-grid-row-option\">\n<div class=\"flex-grid-item-option\">\n<div class=\"material-box\">\n<p>&nbsp;<\/p>\n<\/div>\n<\/div>\n<\/div>\n<\/div>\n<p><!---end of option item--><\/p>\n<\/div>\n<\/div>\n<\/div>\n<\/div>\n<\/div>","protected":false},"excerpt":{"rendered":"<p>Hoogwaardige aangepaste luxe parfum verzenddozen. Een laaggeprijsde parfumdoosjesfabriek die one-stop aangepaste diensten biedt van ontwerp tot productie.<\/p>\n<ul>\n<li>MOQ: 500 stuks<\/li>\n<li>Levertijd: 7-14 werkdagen, Rush<\/li>\n<li>Maatwerk in afmeting (diameter x hoogte)<\/li>\n<li>Aangepast afdrukken<\/li>\n<li>Milieuvriendelijk, recyclebaar en plasticvrij<\/li>\n<li>Prijs\uff1aDe uiteindelijke prijs wordt afgestemd op je product en de hoeveelheid die je nodig hebt<\/li>\n<\/ul>","protected":false},"featured_media":3096,"template":"","meta":[],"product_brand":[],"product_cat":[30,417,430,31],"product_tag":[869,870,868],"class_list":{"0":"post-3091","1":"product","2":"type-product","3":"status-publish","4":"has-post-thumbnail","6":"product_cat-by-industry","7":"product_cat-custom-perfume-boxes-by-industry","8":"product_cat-folding-cartons","9":"product_cat-paper-box-style","10":"product_tag-luxury-gift-boxes","11":"product_tag-paper-gift-boxes-factories","12":"product_tag-perfume-paper-gift-boxes","14":"first","15":"instock","16":"shipping-taxable","17":"product-type-grouped"},"_links":{"self":[{"href":"https:\/\/zojopackaging.com\/nl\/wp-json\/wp\/v2\/product\/3091","targetHints":{"allow":["GET"]}}],"collection":[{"href":"https:\/\/zojopackaging.com\/nl\/wp-json\/wp\/v2\/product"}],"about":[{"href":"https:\/\/zojopackaging.com\/nl\/wp-json\/wp\/v2\/types\/product"}],"version-history":[{"count":2,"href":"https:\/\/zojopackaging.com\/nl\/wp-json\/wp\/v2\/product\/3091\/revisions"}],"predecessor-version":[{"id":8522,"href":"https:\/\/zojopackaging.com\/nl\/wp-json\/wp\/v2\/product\/3091\/revisions\/8522"}],"wp:featuredmedia":[{"embeddable":true,"href":"https:\/\/zojopackaging.com\/nl\/wp-json\/wp\/v2\/media\/3096"}],"wp:attachment":[{"href":"https:\/\/zojopackaging.com\/nl\/wp-json\/wp\/v2\/media?parent=3091"}],"wp:term":[{"taxonomy":"product_brand","embeddable":true,"href":"https:\/\/zojopackaging.com\/nl\/wp-json\/wp\/v2\/product_brand?post=3091"},{"taxonomy":"product_cat","embeddable":true,"href":"https:\/\/zojopackaging.com\/nl\/wp-json\/wp\/v2\/product_cat?post=3091"},{"taxonomy":"product_tag","embeddable":true,"href":"https:\/\/zojopackaging.com\/nl\/wp-json\/wp\/v2\/product_tag?post=3091"}],"curies":[{"name":"wp","href":"https:\/\/api.w.org\/{rel}","templated":true}]}}