{"id":3098,"date":"2024-03-14T14:07:49","date_gmt":"2024-03-14T06:07:49","guid":{"rendered":"https:\/\/zojopackaging.com\/?post_type=product&#038;p=3098"},"modified":"2025-03-28T23:59:35","modified_gmt":"2025-03-28T15:59:35","slug":"perfume-rose-red-silver-card-box","status":"publish","type":"product","link":"https:\/\/zojopackaging.com\/nl\/product\/perfume-rose-red-silver-card-box\/","title":{"rendered":"Aangepaste parfum Rose rood zilver kartonnen doos ODM leverancier"},"content":{"rendered":"<h1>Aangepaste parfum Rose rood zilver kartonnen doos ODM leverancier<\/h1>\n<p>De Perfume Rose Red Silver Kartonnen Doos is een luxe en elegante verpakkingsoptie voor je verfijnde parfumcollectie. Dit doosje is gemaakt van hoogwaardig zilverkleurig karton met een prachtige rozerode kleur, wat zorgt voor een prachtig en opvallend ontwerp.<\/p>\n<p>De combinatie van de kleuren rozerood en zilver geeft het doosje een verfijnde en romantische uitstraling, waardoor het perfect is om eersteklas parfums in te presenteren. De metallic glans van het zilveren kaartmateriaal versterkt de algehele aantrekkingskracht van het doosje en voegt een vleugje luxe en glamour toe.<\/p>\n<p>De stevige constructie van het doosje zorgt ervoor dat je parfums goed beschermd en veilig zijn tijdens opslag en vervoer. Het compacte formaat en stijlvolle ontwerp maken dit doosje ideaal om op een kaptafel of plank te zetten, of als cadeauverpakking voor speciale gelegenheden.<\/p>\n<p>Of je nu een parfumhandelaar bent die zijn merkimago wil verbeteren of een particulier die op zoek is naar een chique en stijlvolle manier om je favoriete geuren op te bergen, de Perfume Rose Red Silver Card Box is de perfecte keuze. Maak een statement met je parfumcollectie met deze prachtige verpakkingsoptie die zeker indruk zal maken op parfumliefhebbers en -kenners.<\/p>\n<h1><strong>Specificatie<\/strong><\/h1>\n<div class=\"widget block block-static-block\">\n<div class=\"landing-page-section option-bottom\">\n<div class=\"custom-materials-tabs-content container container-adjustment\">\n<div class=\"custom-materials-tab-content active\">\n<div class=\"widget block block-static-block\">\n<div class=\"options-items\">\n<div class=\"flex-grid-row-option\">\n<div class=\"flex-grid-item-option\">\n<div class=\"material-box\">\n<div class=\"material-des\">\n<table width=\"1070\">\n<tbody>\n<tr>\n<td width=\"373\">Afmetingen<\/td>\n<td width=\"373\">Alle aangepaste maten en vormen<\/td>\n<\/tr>\n<tr>\n<td width=\"373\">MOQ<\/td>\n<td width=\"373\">500st<\/td>\n<\/tr>\n<tr>\n<td width=\"373\">Steekproeftijd<\/td>\n<td width=\"373\">3-5 dagen<\/td>\n<\/tr>\n<tr>\n<td width=\"373\">Standaardproces<\/td>\n<td width=\"373\">Stansen, lijmen, rillen, perforeren<\/td>\n<\/tr>\n<tr>\n<td width=\"373\">Afdrukken<\/td>\n<td width=\"373\">Cmyk, pms, geen afdrukken<\/td>\n<\/tr>\n<tr>\n<td width=\"373\">Materiaal Optie<\/td>\n<td width=\"373\">Wit kartonpapier, gecoat papier, kunstpapier, kraftpapier, ivoorkarton, duplexkarton, speciaal papier, enz.<\/td>\n<\/tr>\n<tr>\n<td width=\"373\">Oppervlakteafwerking<\/td>\n<td width=\"373\">Matte\/glanzende laminering, spot UVDebossing, reli\u00ebfdruk, foliedruk enz.<\/td>\n<\/tr>\n<tr>\n<td width=\"373\">Industrieel gebruik<\/td>\n<td width=\"373\">cosmetica, parfum, kleding, sieraden, tabak, voedsel, geschenken en dagelijkse goederen,<\/td>\n<\/tr>\n<tr>\n<td width=\"373\">Kwaliteitscontrole<\/td>\n<td width=\"373\">Het geavanceerde Materiaal en het Ervaren QC Team zullen materiaal, halffabrikaten en ge\u00ebindigd - producten strikt in elke stap v\u00f3\u00f3r controleren<\/td>\n<\/tr>\n<tr>\n<td width=\"373\">Prijs<\/td>\n<td width=\"373\">De uiteindelijke prijs wordt afgestemd op je product en de hoeveelheid die je nodig hebt<\/td>\n<\/tr>\n<tr>\n<td width=\"373\">Doorlooptijd<\/td>\n<td width=\"373\">7-14 werkdagen , spoed<\/td>\n<\/tr>\n<tr>\n<td width=\"373\">Papier<\/td>\n<td width=\"373\">10pt tot 28pt (60lb tot 400lb) milieuvriendelijk kraft, e-flute golfkarton, bux board, cardstock<\/td>\n<\/tr>\n<tr>\n<td width=\"373\">Formaat kunstwerk<\/td>\n<td width=\"373\">JPG, PDF, AI, CDR, EPS, GIF....<\/td>\n<\/tr>\n<tr>\n<td width=\"373\">Accessoires<\/td>\n<td width=\"373\">Magneet, lint, EVA-vorm, plastic dienblad, spons, PVC\/PET\/PP...<\/td>\n<\/tr>\n<tr>\n<td width=\"373\">Betalingstermijn<\/td>\n<td width=\"373\">T\/T, Western Union, Paypal, 30% aanbetaling en 70% saldo v\u00f3\u00f3r verzending.<\/td>\n<\/tr>\n<\/tbody>\n<\/table>\n<\/div>\n<\/div>\n<\/div>\n<\/div>\n<\/div>\n<\/div>\n<\/div>\n<\/div>\n<\/div>\n<\/div>\n<div class=\"widget block block-static-block\">\n<div class=\"landing-page-section option-bottom\">\n<div class=\"custom-materials-tabs-content container container-adjustment\">\n<div class=\"custom-materials-tab-content active\">\n<div class=\"widget block block-static-block\">\n<div class=\"options-items\">\n<div class=\"flex-grid-row-option\">\n<div class=\"flex-grid-item-option\">\n<div class=\"material-box\">\n<p>&nbsp;<\/p>\n<\/div>\n<\/div>\n<\/div>\n<\/div>\n<p><!---end of option item--><\/p>\n<\/div>\n<\/div>\n<\/div>\n<\/div>\n<\/div>","protected":false},"excerpt":{"rendered":"<p>Unieke branding met betaalbare aangepaste bedrukte parfumdoosjes groothandel met logo. Bestel je eigen parfumdoosje in elke maat en kleur.<\/p>\n<ul>\n<li>MOQ: 500 stuks<\/li>\n<li>Levertijd: 7-14 werkdagen, Rush<\/li>\n<li>Maatwerk in afmeting (diameter x hoogte)<\/li>\n<li>Aangepast afdrukken<\/li>\n<li>Milieuvriendelijk, recyclebaar en plasticvrij<\/li>\n<li>Prijs\uff1aDe uiteindelijke prijs wordt afgestemd op je product en de hoeveelheid die je nodig hebt<\/li>\n<\/ul>","protected":false},"featured_media":3102,"template":"","meta":[],"product_brand":[],"product_cat":[30,417,430,31],"product_tag":[865,866,867],"class_list":{"0":"post-3098","1":"product","2":"type-product","3":"status-publish","4":"has-post-thumbnail","6":"product_cat-by-industry","7":"product_cat-custom-perfume-boxes-by-industry","8":"product_cat-folding-cartons","9":"product_cat-paper-box-style","10":"product_tag-custom-cardboard-box","11":"product_tag-perfume-cardboard-box","12":"product_tag-silver-cardboard-box","14":"first","15":"instock","16":"shipping-taxable","17":"product-type-grouped"},"_links":{"self":[{"href":"https:\/\/zojopackaging.com\/nl\/wp-json\/wp\/v2\/product\/3098","targetHints":{"allow":["GET"]}}],"collection":[{"href":"https:\/\/zojopackaging.com\/nl\/wp-json\/wp\/v2\/product"}],"about":[{"href":"https:\/\/zojopackaging.com\/nl\/wp-json\/wp\/v2\/types\/product"}],"version-history":[{"count":2,"href":"https:\/\/zojopackaging.com\/nl\/wp-json\/wp\/v2\/product\/3098\/revisions"}],"predecessor-version":[{"id":8521,"href":"https:\/\/zojopackaging.com\/nl\/wp-json\/wp\/v2\/product\/3098\/revisions\/8521"}],"wp:featuredmedia":[{"embeddable":true,"href":"https:\/\/zojopackaging.com\/nl\/wp-json\/wp\/v2\/media\/3102"}],"wp:attachment":[{"href":"https:\/\/zojopackaging.com\/nl\/wp-json\/wp\/v2\/media?parent=3098"}],"wp:term":[{"taxonomy":"product_brand","embeddable":true,"href":"https:\/\/zojopackaging.com\/nl\/wp-json\/wp\/v2\/product_brand?post=3098"},{"taxonomy":"product_cat","embeddable":true,"href":"https:\/\/zojopackaging.com\/nl\/wp-json\/wp\/v2\/product_cat?post=3098"},{"taxonomy":"product_tag","embeddable":true,"href":"https:\/\/zojopackaging.com\/nl\/wp-json\/wp\/v2\/product_tag?post=3098"}],"curies":[{"name":"wp","href":"https:\/\/api.w.org\/{rel}","templated":true}]}}