{"id":3119,"date":"2024-03-14T14:21:00","date_gmt":"2024-03-14T06:21:00","guid":{"rendered":"https:\/\/zojopackaging.com\/?post_type=product&#038;p=3119"},"modified":"2025-03-27T17:27:19","modified_gmt":"2025-03-27T09:27:19","slug":"custom-perfume-box","status":"publish","type":"product","link":"https:\/\/zojopackaging.com\/nl\/product\/custom-perfume-box\/","title":{"rendered":"Groothandel De parfumdozen Cosmetische Verpakkingsmaterialen"},"content":{"rendered":"<h1>Groothandel De parfumdozen Cosmetische Verpakkingsmaterialen<\/h1>\n<p><a href=\"https:\/\/zojopackaging.com\/nl\/product-category\/custom-perfume-boxes\/\">Gepersonaliseerde parfumdoos<\/a> Om een aantal redenen is een milieuvriendelijke verpakking van cruciaal belang voor de parfumindustrie en steeds meer mensen gebruiken milieuvriendelijke materialen om de impact op het milieu te verminderen.<\/p>\n<h3>Wij bieden hoogwaardige Pritning- en verpakkingsoplossingen voor <a href=\"https:\/\/zojoprint.en.alibaba.com\/productgrouplist-930456046\/Perfume_Box.html\" target=\"_blank\" rel=\"noopener\">aangepaste verpakking parfumdoos<\/a><\/h3>\n<p>Hoogwaardige print- en verpakkingsoplossingen zijn essentieel voor <a href=\"https:\/\/zojopackaging.com\/nl\/product-category\/custom-perfume-boxes\/\">parfumdoos op maat<\/a> Daarnaast gebruiken de meeste parfumerie\u00ebn unieke ontwerpen en bedrukkingen om hun merkimago te versterken en de merkherkenning en professionaliteit te vergroten.<\/p>\n<h3><strong>Milieuvriendelijk materiaal gebruikt voor productie\u00a0\u00a0<\/strong><\/h3>\n<p>Bij de productie<a href=\"https:\/\/zojopackaging.com\/nl\/product-category\/custom-perfume-boxes\/\"> parfumdoosjes op maat<\/a>Het is cruciaal om milieuvriendelijke materialen te gebruiken, wat niet alleen helpt om de impact op het milieu te verminderen, maar ook het merkimago verbetert en meer duurzaamheidsbewuste consumenten aantrekt.<\/p>\n<p>Je kunt kiezen uit de volgende materialen.<\/p>\n<h4>zoals:<\/h4>\n<p><b>speciaal papier<\/b><\/p>\n<p><b>golfkarton<\/b><\/p>\n<p><strong>ander papier<\/strong><\/p>\n<p><img fetchpriority=\"high\" decoding=\"async\" class=\"size-medium wp-image-7511 alignnone\" src=\"https:\/\/zojopackaging.com\/wp-content\/uploads\/2024\/03\/63ba72fb42de82bdcc1ddc218d5a80e-300x269.jpg\" alt=\"materiaal\" width=\"300\" height=\"269\" title=\"\" srcset=\"https:\/\/zojopackaging.com\/wp-content\/uploads\/2024\/03\/63ba72fb42de82bdcc1ddc218d5a80e-300x269.jpg 300w, https:\/\/zojopackaging.com\/wp-content\/uploads\/2024\/03\/63ba72fb42de82bdcc1ddc218d5a80e-600x538.jpg 600w, https:\/\/zojopackaging.com\/wp-content\/uploads\/2024\/03\/63ba72fb42de82bdcc1ddc218d5a80e.jpg 750w\" sizes=\"(max-width: 300px) 100vw, 300px\" \/><\/p>\n<p>(De volgende materialen zijn voor uw referentie)<\/p>\n<h3>parfumverpakking is het beste voor uw <a href=\"https:\/\/zojoprint.en.alibaba.com\/index.html?spm=a2700.shop_pl.88.11.23bb7121MItxGU\" target=\"_blank\" rel=\"noopener\">Aangepaste dozen<\/a> Behoeften!<\/h3>\n<p>De verpakking voor parfum kan gemaakt worden van verschillende milieuvriendelijke materialen. karton, kunstpapier, speciaal papier, het zijn allemaal uitstekende keuzes. U kunt ervoor zorgen dat de verpakking past bij uw merkidentiteit en de juiste boodschap overbrengt aan uw doelgroep door de visuele aantrekkingskracht van uw parfum te vergroten, waardoor het aantrekkelijker wordt voor klanten en opvalt in het schap, op basis van het logo, de kleuren en ontwerpelementen van uw merk.<\/p>\n<h3>Waarom zou u ons kiezen voor uw aangepaste verpakkingsdozen?<\/h3>\n<p>Zojopackaging is opgericht in 2009 en biedt al lange tijd uitstekende oplossingen voor geurproducten aan verschillende bedrijven en merken. Wij geloven in het bieden van gemak aan onze klanten op de best mogelijke manier, dat is waarom onze producten 100% klanttevredenheid hebben.<\/p>\n<h1><strong>Specificatie<\/strong><\/h1>\n<div class=\"widget block block-static-block\">\n<div class=\"landing-page-section option-bottom\">\n<div class=\"custom-materials-tabs-content container container-adjustment\">\n<div class=\"custom-materials-tab-content active\">\n<div class=\"widget block block-static-block\">\n<div class=\"options-items\">\n<div class=\"flex-grid-row-option\">\n<div class=\"flex-grid-item-option\">\n<div class=\"material-box\">\n<div class=\"material-des\">\n<table width=\"1070\">\n<tbody>\n<tr>\n<td width=\"373\">Afmetingen<\/td>\n<td width=\"373\">Alle aangepaste maten en vormen<\/td>\n<\/tr>\n<tr>\n<td width=\"373\">MOQ<\/td>\n<td width=\"373\">500 stuks (ondersteuning steekproefcontrole kwaliteit\uff09<\/td>\n<\/tr>\n<tr>\n<td width=\"373\">Steekproeftijd<\/td>\n<td width=\"373\">3-5 werkdagen<\/td>\n<\/tr>\n<tr>\n<td width=\"373\">Standaardproces<\/td>\n<td width=\"373\">Stansen, lijmen, rillen, perforeren<\/td>\n<\/tr>\n<tr>\n<td width=\"373\">Afdrukken<\/td>\n<td width=\"373\">Cmyk, pms, geen afdrukken<\/td>\n<\/tr>\n<tr>\n<td width=\"373\">Materiaal Optie<\/td>\n<td width=\"373\">Wit kartonpapier, gecoat papier, kunstpapier, kraftpapier, ivoorkarton, duplexkarton, speciaal papier, enz.<\/td>\n<\/tr>\n<tr>\n<td width=\"373\">Oppervlakteafwerking<\/td>\n<td width=\"373\">Matte\/glanzende laminering, spot UVDebossing, reli\u00ebfdruk, foliedruk enz.<\/td>\n<\/tr>\n<tr>\n<td width=\"373\">Industrieel gebruik<\/td>\n<td width=\"373\">cosmetica, parfum, kleding, sieraden, tabak, voedsel, geschenken en dagelijkse goederen,<\/td>\n<\/tr>\n<tr>\n<td width=\"373\">Kwaliteitscontrole<\/td>\n<td width=\"373\">Het geavanceerde Materiaal en het Ervaren QC Team zullen materiaal, halffabrikaten en ge\u00ebindigd - producten strikt in elke stap v\u00f3\u00f3r controleren<\/td>\n<\/tr>\n<tr>\n<td width=\"373\">Prijs<\/td>\n<td width=\"373\">De uiteindelijke prijs wordt afgestemd op je product en de hoeveelheid die je nodig hebt<\/td>\n<\/tr>\n<tr>\n<td width=\"373\">Doorlooptijd<\/td>\n<td width=\"373\">7-14 werkdagen<\/td>\n<\/tr>\n<tr>\n<td width=\"373\">Papier<\/td>\n<td width=\"373\">10pt tot 28pt (60lb tot 400lb) milieuvriendelijk kraft, e-flute golfkarton, bux board, cardstock<\/td>\n<\/tr>\n<tr>\n<td width=\"373\">Formaat kunstwerk<\/td>\n<td width=\"373\">JPG, PDF, AI, CDR, EPS, GIF....<\/td>\n<\/tr>\n<tr>\n<td width=\"373\">Accessoires<\/td>\n<td width=\"373\">Magneet, lint, EVA-vorm, plastic dienblad, spons, PVC\/PET\/PP...<\/td>\n<\/tr>\n<tr>\n<td width=\"373\">Betalingstermijn<\/td>\n<td width=\"373\">T\/T, Western Union, Paypal, 30% aanbetaling en 70% saldo v\u00f3\u00f3r verzending.<\/td>\n<\/tr>\n<\/tbody>\n<\/table>\n<\/div>\n<\/div>\n<\/div>\n<\/div>\n<\/div>\n<\/div>\n<\/div>\n<\/div>\n<\/div>\n<\/div>\n<div class=\"widget block block-static-block\">\n<div class=\"landing-page-section option-bottom\">\n<div class=\"custom-materials-tabs-content container container-adjustment\">\n<div class=\"custom-materials-tab-content active\">\n<div class=\"widget block block-static-block\">\n<div class=\"options-items\">\n<div class=\"flex-grid-row-option\">\n<div class=\"flex-grid-item-option\">\n<div class=\"material-box\">\n<p>&nbsp;<\/p>\n<\/div>\n<\/div>\n<\/div>\n<\/div>\n<p><!---end of option item--><\/p>\n<\/div>\n<\/div>\n<\/div>\n<\/div>\n<\/div>","protected":false},"excerpt":{"rendered":"<p>1. Het doostype met deksel en bodem keurt de structuur van boven- en bodemdeksel, dubbellaagse bescherming van het product goed, die effectief kan voorkomen dat de items in het pakket beschadigd raken.<br \/>\n2. Speciaal papiermateriaal benadrukt de eenvoud van de doos, maar mist het gevoel van luxe niet<br \/>\n3. Het gouden warmdrukfolieproces geeft de verpakking een gevoel van luxe en een hoogwaardige visuele presentatie.<br \/>\n4. De verschillende types dozen, materialen, groottes, voeringen en oppervlaktedrukgevolgen kunnen volgens uw behoeften worden aangepast.<\/p>","protected":false},"featured_media":3125,"template":"","meta":[],"product_brand":[],"product_cat":[30,390,417,425],"product_tag":[686,336,687],"class_list":{"0":"post-3119","1":"product","2":"type-product","3":"status-publish","4":"has-post-thumbnail","6":"product_cat-by-industry","7":"product_cat-custom-cosmetics-boxes","8":"product_cat-custom-perfume-boxes-by-industry","9":"product_cat-lid-and-base-gift-box","10":"product_tag-cosmetic-packaging-supplies","11":"product_tag-perfume-boxes","12":"product_tag-wholesale-perfume-packaging","14":"first","15":"instock","16":"shipping-taxable","17":"product-type-grouped"},"_links":{"self":[{"href":"https:\/\/zojopackaging.com\/nl\/wp-json\/wp\/v2\/product\/3119","targetHints":{"allow":["GET"]}}],"collection":[{"href":"https:\/\/zojopackaging.com\/nl\/wp-json\/wp\/v2\/product"}],"about":[{"href":"https:\/\/zojopackaging.com\/nl\/wp-json\/wp\/v2\/types\/product"}],"version-history":[{"count":2,"href":"https:\/\/zojopackaging.com\/nl\/wp-json\/wp\/v2\/product\/3119\/revisions"}],"predecessor-version":[{"id":8409,"href":"https:\/\/zojopackaging.com\/nl\/wp-json\/wp\/v2\/product\/3119\/revisions\/8409"}],"wp:featuredmedia":[{"embeddable":true,"href":"https:\/\/zojopackaging.com\/nl\/wp-json\/wp\/v2\/media\/3125"}],"wp:attachment":[{"href":"https:\/\/zojopackaging.com\/nl\/wp-json\/wp\/v2\/media?parent=3119"}],"wp:term":[{"taxonomy":"product_brand","embeddable":true,"href":"https:\/\/zojopackaging.com\/nl\/wp-json\/wp\/v2\/product_brand?post=3119"},{"taxonomy":"product_cat","embeddable":true,"href":"https:\/\/zojopackaging.com\/nl\/wp-json\/wp\/v2\/product_cat?post=3119"},{"taxonomy":"product_tag","embeddable":true,"href":"https:\/\/zojopackaging.com\/nl\/wp-json\/wp\/v2\/product_tag?post=3119"}],"curies":[{"name":"wp","href":"https:\/\/api.w.org\/{rel}","templated":true}]}}