{"id":3140,"date":"2024-03-14T14:32:51","date_gmt":"2024-03-14T06:32:51","guid":{"rendered":"https:\/\/zojopackaging.com\/?post_type=product&#038;p=3140"},"modified":"2025-03-27T17:39:59","modified_gmt":"2025-03-27T09:39:59","slug":"custom-perfume-drawer-boxes","status":"publish","type":"product","link":"https:\/\/zojopackaging.com\/nl\/product\/custom-perfume-drawer-boxes\/","title":{"rendered":"Beste de Verpakkende Dozenleverancier van het de Luxegeurparfum van de douane"},"content":{"rendered":"<h1>Beste de Verpakkende Dozenleverancier van het de Luxegeurparfum van de douane<\/h1>\n<p>Op maat gemaakte parfumdoosjes zijn een elegante en praktische keuze voor het verpakken van parfums en bieden een geraffineerde unboxing-ervaring die de perceptie van luxe en kwaliteit verbetert.<\/p>\n<h2>1. Ontwerp en afwerking<\/h2>\n<p>Op maat gemaakte parfumdoosjes, de ultieme oplossing voor het verpakken van geurproducten.<\/p>\n<p>Onze luxe cosmetische parfumdozen zijn een meesterwerk van design. Ze zijn zorgvuldig vervaardigd met precisie en aandacht voor detail, waardoor ze een onge\u00ebvenaarde elegantie uitstralen. De strakke lijnen en verfijnde afwerking geven ze een verfijnde uitstraling die meteen in het oog springt.<\/p>\n<h2>2. Materi\u00eble kwaliteit<\/h2>\n<p>Deze doosjes zijn gemaakt van de beste materialen en garanderen duurzaamheid en een luxe uitstraling. Het papier of de stof van hoge kwaliteit dat wordt gebruikt, versterkt niet alleen de esthetische aantrekkingskracht, maar biedt ook een beschermend schild voor je kostbare parfums.<\/p>\n<h2>3. Merkaanpassing<\/h2>\n<p>We begrijpen het belang van merkidentiteit.<\/p>\n<h2>4. Presentatie en beroep<\/h2>\n<p>De luxe cosmetische parfumdozen voegen waarde en prestige toe aan je product, waardoor het een must is voor veeleisende klanten. <a href=\"https:\/\/zojopackaging.com\/nl\/contact-us\/\">Bestel nu<\/a> en geef je parfum de verpakking die het verdient!<\/p>\n<h1><strong>Specificatie<\/strong><\/h1>\n<div class=\"widget block block-static-block\">\n<div class=\"landing-page-section option-bottom\">\n<div class=\"custom-materials-tabs-content container container-adjustment\">\n<div class=\"custom-materials-tab-content active\">\n<div class=\"widget block block-static-block\">\n<div class=\"options-items\">\n<div class=\"flex-grid-row-option\">\n<div class=\"flex-grid-item-option\">\n<div class=\"material-box\">\n<div class=\"material-des\">\n<table width=\"1070\">\n<tbody>\n<tr>\n<td width=\"373\">Afmetingen<\/td>\n<td width=\"373\">Alle aangepaste maten en vormen<\/td>\n<\/tr>\n<tr>\n<td width=\"373\">MOQ<\/td>\n<td width=\"373\">500st<\/td>\n<\/tr>\n<tr>\n<td width=\"373\">Steekproeftijd<\/td>\n<td width=\"373\">3-5 dagen<\/td>\n<\/tr>\n<tr>\n<td width=\"373\">Standaardproces<\/td>\n<td width=\"373\">Stansen, lijmen, rillen, perforeren<\/td>\n<\/tr>\n<tr>\n<td width=\"373\">Afdrukken<\/td>\n<td width=\"373\">Cmyk, pms, geen afdrukken<\/td>\n<\/tr>\n<tr>\n<td width=\"373\">Materiaal Optie<\/td>\n<td width=\"373\">Wit kartonpapier, gecoat papier, kunstpapier, kraftpapier, ivoorkarton, duplexkarton, speciaal papier, enz.<\/td>\n<\/tr>\n<tr>\n<td width=\"373\">Oppervlakteafwerking<\/td>\n<td width=\"373\">Matte\/glanzende laminering, spot UVDebossing, reli\u00ebfdruk, foliedruk enz.<\/td>\n<\/tr>\n<tr>\n<td width=\"373\">Industrieel gebruik<\/td>\n<td width=\"373\">cosmetica, parfum, kleding, sieraden, tabak, voedsel, geschenken en dagelijkse goederen,<\/td>\n<\/tr>\n<tr>\n<td width=\"373\">Kwaliteitscontrole<\/td>\n<td width=\"373\">Het geavanceerde Materiaal en het Ervaren QC Team zullen materiaal, halffabrikaten en ge\u00ebindigd - producten strikt in elke stap v\u00f3\u00f3r controleren<\/td>\n<\/tr>\n<tr>\n<td width=\"373\">Prijs<\/td>\n<td width=\"373\">De uiteindelijke prijs wordt afgestemd op je product en de hoeveelheid die je nodig hebt<\/td>\n<\/tr>\n<tr>\n<td width=\"373\">Doorlooptijd<\/td>\n<td width=\"373\">7-14 werkdagen , spoed<\/td>\n<\/tr>\n<tr>\n<td width=\"373\">Papier<\/td>\n<td width=\"373\">10pt tot 28pt (60lb tot 400lb) milieuvriendelijk kraft, e-flute golfkarton, bux board, cardstock<\/td>\n<\/tr>\n<tr>\n<td width=\"373\">Formaat kunstwerk<\/td>\n<td width=\"373\">JPG, PDF, AI, CDR, EPS, GIF....<\/td>\n<\/tr>\n<tr>\n<td width=\"373\">Accessoires<\/td>\n<td width=\"373\">Magneet, lint, EVA-vorm, plastic dienblad, spons, PVC\/PET\/PP...<\/td>\n<\/tr>\n<tr>\n<td width=\"373\">Betalingstermijn<\/td>\n<td width=\"373\">T\/T, Western Union, Paypal, 30% aanbetaling en 70% saldo v\u00f3\u00f3r verzending.<\/td>\n<\/tr>\n<\/tbody>\n<\/table>\n<\/div>\n<\/div>\n<\/div>\n<\/div>\n<\/div>\n<\/div>\n<\/div>\n<\/div>\n<\/div>\n<\/div>\n<div class=\"widget block block-static-block\">\n<div class=\"landing-page-section option-bottom\">\n<div class=\"custom-materials-tabs-content container container-adjustment\">\n<div class=\"custom-materials-tab-content active\">\n<div class=\"widget block block-static-block\">\n<div class=\"options-items\">\n<div class=\"flex-grid-row-option\">\n<div class=\"flex-grid-item-option\">\n<div class=\"material-box\">\n<p>&nbsp;<\/p>\n<\/div>\n<\/div>\n<\/div>\n<\/div>\n<p><!---end of option item--><\/p>\n<\/div>\n<\/div>\n<\/div>\n<\/div>\n<\/div>","protected":false},"excerpt":{"rendered":"<p>1. De papierbak van de lade schuift open, waardoor gebruikers hem gemakkelijk kunnen openen en sluiten en de bedieningstijd wordt verkort.<br \/>\n2. Met een accessoirelint is het gemakkelijk om uit te trekken en de merkherkenning te vergroten<br \/>\n3. De ontwerpstijl van de verpakkingsdoos bevat Midden-Oosters design, weerspiegelt de regionale cultuur en onderscheidt zich door een unieke visuele taal en functionele aanpasbaarheid.<br \/>\n4. Aanpasbare doos type, grootte, ontwerp stijl aan te passen aan verschillende parfum verpakking<\/p>","protected":false},"featured_media":3142,"template":"","meta":[],"product_brand":[],"product_cat":[30,417,31,426],"product_tag":[688,340,689],"class_list":{"0":"post-3140","1":"product","2":"type-product","3":"status-publish","4":"has-post-thumbnail","6":"product_cat-by-industry","7":"product_cat-custom-perfume-boxes-by-industry","8":"product_cat-paper-box-style","9":"product_cat-paper-drawer-boxes","10":"product_tag-luxury-scent-packaging","11":"product_tag-perfume-packaging-boxes","12":"product_tag-scent-packaging-supplier","14":"first","15":"instock","16":"shipping-taxable","17":"product-type-grouped"},"_links":{"self":[{"href":"https:\/\/zojopackaging.com\/nl\/wp-json\/wp\/v2\/product\/3140","targetHints":{"allow":["GET"]}}],"collection":[{"href":"https:\/\/zojopackaging.com\/nl\/wp-json\/wp\/v2\/product"}],"about":[{"href":"https:\/\/zojopackaging.com\/nl\/wp-json\/wp\/v2\/types\/product"}],"version-history":[{"count":2,"href":"https:\/\/zojopackaging.com\/nl\/wp-json\/wp\/v2\/product\/3140\/revisions"}],"predecessor-version":[{"id":8410,"href":"https:\/\/zojopackaging.com\/nl\/wp-json\/wp\/v2\/product\/3140\/revisions\/8410"}],"wp:featuredmedia":[{"embeddable":true,"href":"https:\/\/zojopackaging.com\/nl\/wp-json\/wp\/v2\/media\/3142"}],"wp:attachment":[{"href":"https:\/\/zojopackaging.com\/nl\/wp-json\/wp\/v2\/media?parent=3140"}],"wp:term":[{"taxonomy":"product_brand","embeddable":true,"href":"https:\/\/zojopackaging.com\/nl\/wp-json\/wp\/v2\/product_brand?post=3140"},{"taxonomy":"product_cat","embeddable":true,"href":"https:\/\/zojopackaging.com\/nl\/wp-json\/wp\/v2\/product_cat?post=3140"},{"taxonomy":"product_tag","embeddable":true,"href":"https:\/\/zojopackaging.com\/nl\/wp-json\/wp\/v2\/product_tag?post=3140"}],"curies":[{"name":"wp","href":"https:\/\/api.w.org\/{rel}","templated":true}]}}