{"id":3192,"date":"2024-03-14T15:07:45","date_gmt":"2024-03-14T07:07:45","guid":{"rendered":"https:\/\/zojopackaging.com\/?post_type=product&#038;p=3192"},"modified":"2025-03-28T11:48:45","modified_gmt":"2025-03-28T03:48:45","slug":"custom-rigid-cardboard-perfume-boxes","status":"publish","type":"product","link":"https:\/\/zojopackaging.com\/nl\/product\/custom-rigid-cardboard-perfume-boxes\/","title":{"rendered":"OEM aangepaste dubbele deur opening luxe parfum geschenkdozen"},"content":{"rendered":"<h1>OEM aangepaste dubbele deur opening luxe parfum geschenkdozen<\/h1>\n<div class=\"rich-text-wrap\">\n<div class=\"container\">\n<p>Met meer dan 13 jaar in <strong>productie van kartonnen dozen<\/strong>Wij zijn een van de toonaangevende fabrikanten en leveranciers van <a href=\"https:\/\/zojopackaging.com\/nl\/product-category\/custom-perfume-boxes\/\"><strong>kartonnen parfumdoosjes<\/strong><\/a>,\u00a0<strong><a href=\"https:\/\/zojopackaging.com\/nl\/product-category\/custom-perfume-boxes\/\">harde dozen<\/a>,\u00a0<a href=\"https:\/\/zojopackaging.com\/nl\/product-category\/custom-gift-box\/\">geschenkdozen<\/a><\/strong>en\u00a0<a href=\"https:\/\/zojopackaging.com\/nl\/product-category\/custom-cosmetic-boxes\/\"><strong>cosmeticadozen<\/strong><\/a>.<\/p>\n<p>Wij zorgen voor het ontwerp,\u00a0<a href=\"https:\/\/zojopackaging.com\/nl\/custom-packaging-boxes\/\">afdrukken<\/a>en de productie van\u00a0<strong>kartonnen dozen groothandel<\/strong>\u00a0met een minimumbestelling van 3.000 stuks. Onze vakkundige ambachtslieden hebben altijd nauw samengewerkt met onze klanten, zodat we alleen hoogwaardige en op maat gemaakte producten maken.\u00a0<strong>luxe parfumdoosjes<\/strong>.<\/p>\n<\/div>\n<\/div>\n<div class=\"double-text\">\n<div class=\"container\">\n<div class=\"text\">\n<div class=\"left\">\n<h2>Waarom kartonnen doosontwerpen aanpassen voor je merk<\/h2>\n<p>Waarom is het essentieel om\u00a0<a href=\"https:\/\/zojopackaging.com\/nl\/custom-packaging-boxes\/\">een aangepaste stevige kartonnen doos hebben<\/a>\u00a0voor uw merk? Hier zijn de redenen waarom:<\/p>\n<ul>\n<li>\n<h4>Het beschermt je product echt.<\/h4>\n<\/li>\n<\/ul>\n<p>Aangezien er geen universele doos bestaat, is het cruciaal om te weten wat de waarde is van het krijgen van een\u00a0<strong>doosontwerp op maat<\/strong>. Het ideale doosformaat voor je product is je eerste verdedigingslinie om je producten, zoals parfum en cosmetica, te beschermen.<\/p>\n<ul>\n<li aria-level=\"1\">\n<h4>Het zal nieuwe klanten aantrekken.<\/h4>\n<\/li>\n<\/ul>\n<p>A\u00a0<strong>kartonnen doos op maat<\/strong>\u00a0kan nieuwe klanten aantrekken omdat ze het ontwerp en de structuur uniek vinden, alsof het alleen voor jouw merk is gemaakt.<\/p>\n<ul>\n<li aria-level=\"1\">\n<h4>Het kan je merkimago opbouwen.<\/h4>\n<\/li>\n<\/ul>\n<p>Klanten vinden aangepaste\u00a0<strong>kartonnen dozen bedrukken<\/strong>\u00a0trendy, plus ze kunnen van je merk een handtekening maken. Vergeet niet dat consumenten vertrouwen op dit soort visuals die een blijvende merkindruk achterlaten.<\/p>\n<\/div>\n<div class=\"right\">\n<h2>Harde kartonnen dozen op maat Kleuren, stijlen en meer<\/h2>\n<p>Onze\u00a0<strong>kartonnen dozen op maat<\/strong>\u00a0zijn beschikbaar in OEM- en ODM-bestellingen die gemakkelijk en sneller op de markt kunnen worden gebracht. Hier in Hongyi zorgen we ervoor dat onze klanten een uitgebreide selectie hebben als het gaat om:<\/p>\n<ul>\n<li aria-level=\"1\">materialen voor kartonnen dozen<\/li>\n<li aria-level=\"1\">stijlen kartonnen dozen<\/li>\n<li aria-level=\"1\">vorm van kartonnen doos<\/li>\n<li aria-level=\"1\">kartonnen doos kleuren<\/li>\n<li aria-level=\"1\">afmetingen kartonnen dozen<\/li>\n<li aria-level=\"1\">kartonnen doosdecoratie en onderdelen<\/li>\n<li aria-level=\"1\">kartonnen doos bedrukken en logo<\/li>\n<li aria-level=\"1\">EVA, EPE of sponsvoering<\/li>\n<\/ul>\n<\/div>\n<\/div>\n<\/div>\n<\/div>\n<h1><strong>Specificatie<\/strong><\/h1>\n<div class=\"widget block block-static-block\">\n<div class=\"landing-page-section option-bottom\">\n<div class=\"custom-materials-tabs-content container container-adjustment\">\n<div class=\"custom-materials-tab-content active\">\n<div class=\"widget block block-static-block\">\n<div class=\"options-items\">\n<div class=\"flex-grid-row-option\">\n<div class=\"flex-grid-item-option\">\n<div class=\"material-box\">\n<div class=\"material-des\">\n<table width=\"1070\">\n<tbody>\n<tr>\n<td width=\"373\">Afmetingen<\/td>\n<td width=\"373\">Alle aangepaste maten en vormen<\/td>\n<\/tr>\n<tr>\n<td width=\"373\">MOQ<\/td>\n<td width=\"373\">500st<\/td>\n<\/tr>\n<tr>\n<td width=\"373\">Steekproeftijd<\/td>\n<td width=\"373\">3-5 dagen<\/td>\n<\/tr>\n<tr>\n<td width=\"373\">Standaardproces<\/td>\n<td width=\"373\">Stansen, lijmen, rillen, perforeren<\/td>\n<\/tr>\n<tr>\n<td width=\"373\">Afdrukken<\/td>\n<td width=\"373\">Cmyk, pms, geen afdrukken<\/td>\n<\/tr>\n<tr>\n<td width=\"373\">Materiaal Optie<\/td>\n<td width=\"373\">Wit kartonpapier, gecoat papier, kunstpapier, kraftpapier, ivoorkarton, duplexkarton, speciaal papier, enz.<\/td>\n<\/tr>\n<tr>\n<td width=\"373\">Oppervlakteafwerking<\/td>\n<td width=\"373\">Matte\/glanzende laminering, spot UVDebossing, reli\u00ebfdruk, foliedruk enz.<\/td>\n<\/tr>\n<tr>\n<td width=\"373\">Industrieel gebruik<\/td>\n<td width=\"373\">cosmetica, parfum, kleding, sieraden, tabak, voedsel, geschenken en dagelijkse goederen,<\/td>\n<\/tr>\n<tr>\n<td width=\"373\">Kwaliteitscontrole<\/td>\n<td width=\"373\">Het geavanceerde Materiaal en het Ervaren QC Team zullen materiaal, halffabrikaten en ge\u00ebindigd - producten strikt in elke stap v\u00f3\u00f3r controleren<\/td>\n<\/tr>\n<tr>\n<td width=\"373\">Prijs<\/td>\n<td width=\"373\">De uiteindelijke prijs wordt afgestemd op je product en de hoeveelheid die je nodig hebt<\/td>\n<\/tr>\n<tr>\n<td width=\"373\">Doorlooptijd<\/td>\n<td width=\"373\">7-14 werkdagen , spoed<\/td>\n<\/tr>\n<tr>\n<td width=\"373\">Papier<\/td>\n<td width=\"373\">10pt tot 28pt (60lb tot 400lb) milieuvriendelijk kraft, e-flute golfkarton, bux board, cardstock<\/td>\n<\/tr>\n<tr>\n<td width=\"373\">Formaat kunstwerk<\/td>\n<td width=\"373\">JPG, PDF, AI, CDR, EPS, GIF....<\/td>\n<\/tr>\n<tr>\n<td width=\"373\">Accessoires<\/td>\n<td width=\"373\">Magneet, lint, EVA-vorm, plastic dienblad, spons, PVC\/PET\/PP...<\/td>\n<\/tr>\n<tr>\n<td width=\"373\">Betalingstermijn<\/td>\n<td width=\"373\">T\/T, Western Union, Paypal, 30% aanbetaling en 70% saldo v\u00f3\u00f3r verzending.<\/td>\n<\/tr>\n<\/tbody>\n<\/table>\n<\/div>\n<\/div>\n<\/div>\n<\/div>\n<\/div>\n<\/div>\n<\/div>\n<\/div>\n<\/div>\n<\/div>\n<div class=\"widget block block-static-block\">\n<div class=\"landing-page-section option-bottom\">\n<div class=\"custom-materials-tabs-content container container-adjustment\">\n<div class=\"custom-materials-tab-content active\">\n<div class=\"widget block block-static-block\">\n<div class=\"options-items\">\n<div class=\"flex-grid-row-option\">\n<div class=\"flex-grid-item-option\">\n<div class=\"material-box\">\n<p>&nbsp;<\/p>\n<\/div>\n<\/div>\n<\/div>\n<\/div>\n<p><!---end of option item--><\/p>\n<\/div>\n<\/div>\n<\/div>\n<\/div>\n<\/div>","protected":false},"excerpt":{"rendered":"<p>1. Dubbele deur die parfumverpakkingsdoos openen, unieke openingsmethode, verbetert de unboxing ervaring van de gebruiker<br \/>\n2. Diverse maten kunnen worden aangepast aan uw product, geschikt voor alle soorten parfumverpakkingen<\/p>","protected":false},"featured_media":3196,"template":"","meta":[],"product_brand":[],"product_cat":[30,417,428,31],"product_tag":[764,763,445],"class_list":{"0":"post-3192","1":"product","2":"type-product","3":"status-publish","4":"has-post-thumbnail","6":"product_cat-by-industry","7":"product_cat-custom-perfume-boxes-by-industry","8":"product_cat-irregular-shaped-gift-boxes","9":"product_cat-paper-box-style","10":"product_tag-custom-perfume-gift-boxes","11":"product_tag-double-door-perfume-boxes","12":"product_tag-luxury-perfume-gift-boxes","14":"first","15":"instock","16":"shipping-taxable","17":"product-type-grouped"},"_links":{"self":[{"href":"https:\/\/zojopackaging.com\/nl\/wp-json\/wp\/v2\/product\/3192","targetHints":{"allow":["GET"]}}],"collection":[{"href":"https:\/\/zojopackaging.com\/nl\/wp-json\/wp\/v2\/product"}],"about":[{"href":"https:\/\/zojopackaging.com\/nl\/wp-json\/wp\/v2\/types\/product"}],"version-history":[{"count":2,"href":"https:\/\/zojopackaging.com\/nl\/wp-json\/wp\/v2\/product\/3192\/revisions"}],"predecessor-version":[{"id":8446,"href":"https:\/\/zojopackaging.com\/nl\/wp-json\/wp\/v2\/product\/3192\/revisions\/8446"}],"wp:featuredmedia":[{"embeddable":true,"href":"https:\/\/zojopackaging.com\/nl\/wp-json\/wp\/v2\/media\/3196"}],"wp:attachment":[{"href":"https:\/\/zojopackaging.com\/nl\/wp-json\/wp\/v2\/media?parent=3192"}],"wp:term":[{"taxonomy":"product_brand","embeddable":true,"href":"https:\/\/zojopackaging.com\/nl\/wp-json\/wp\/v2\/product_brand?post=3192"},{"taxonomy":"product_cat","embeddable":true,"href":"https:\/\/zojopackaging.com\/nl\/wp-json\/wp\/v2\/product_cat?post=3192"},{"taxonomy":"product_tag","embeddable":true,"href":"https:\/\/zojopackaging.com\/nl\/wp-json\/wp\/v2\/product_tag?post=3192"}],"curies":[{"name":"wp","href":"https:\/\/api.w.org\/{rel}","templated":true}]}}