{"id":3251,"date":"2024-03-14T17:12:31","date_gmt":"2024-03-14T09:12:31","guid":{"rendered":"https:\/\/zojopackaging.com\/?post_type=product&#038;p=3251"},"modified":"2025-03-27T18:04:19","modified_gmt":"2025-03-27T10:04:19","slug":"design-luxury-perfume-packaging-box","status":"publish","type":"product","link":"https:\/\/zojopackaging.com\/nl\/product\/design-luxury-perfume-packaging-box\/","title":{"rendered":"Luxe parfum geur geschenkdozen verpakking groothandel"},"content":{"rendered":"<h1>Luxe parfum geur geschenkdozen verpakking groothandel<\/h1>\n<p>De Design Luxe Parfumverpakkingsdoos is een meesterwerk van elegantie en verfijning, zorgvuldig vervaardigd om de presentatie van uw eersteklas parfum te verbeteren. Deze verpakkingsoplossing is ontworpen om luxe te belichamen in elk detail, van de materiaalkeuze tot de afwerking.<\/p>\n<p>Gemaakt van hoogwaardige materialen zoals fluweelgevoerd karton of premium karton, straalt deze doos weelde en klasse uit. De buitenkant van de doos kan worden aangepast met ingewikkelde ontwerpen, reli\u00ebf, debossing, foliedruk of spot UV om een visueel verbluffende en luxe uitstraling te cre\u00ebren die de essentie van uw parfummerk weerspiegelt.<\/p>\n<p>De binnenkant van het doosje is met de grootste zorg ontworpen om het parfumflesje veilig en stijlvol in te pakken. Zacht fluweel of satijnen voering voegt een vleugje luxe toe en beschermt het parfumflesje tegen krassen. Er kan een schuimrubberen inzetstuk op maat worden toegevoegd om ervoor te zorgen dat het flesje tijdens het vervoer op zijn plaats blijft.<\/p>\n<p>Of je nu een luxe parfum cadeau doet aan een veeleisende ontvanger of je producten presenteert in een chique winkel, de Design Luxe Parfum Verpakkingsdoos is het toppunt van verfijning en stijl. Verhoog uw parfummerk met deze prachtige verpakkingsoplossing die zelfs de meest veeleisende klanten zal boeien en imponeren.<\/p>\n<h1><strong>Specificatie<\/strong><\/h1>\n<table style=\"border-collapse: collapse; width: 999px; height: 449px;\" border=\"0\" width=\"1012\" cellspacing=\"0\" cellpadding=\"0\">\n<tbody>\n<tr style=\"height: 16.50pt;\">\n<td class=\"et3\" style=\"height: 16.50pt; width: 379.50pt;\" width=\"506\" height=\"22\">Afmetingen<\/td>\n<td class=\"et3\" style=\"width: 379.50pt;\" width=\"506\">Alle aangepaste maten en vormen<\/td>\n<\/tr>\n<tr style=\"height: 16.50pt;\">\n<td class=\"et3\" style=\"height: 16.50pt;\" height=\"22\">Min.hoeveelheid<\/td>\n<td class=\"et3\">50 dozen (optie voor harde monsters beschikbaar)<\/td>\n<\/tr>\n<tr style=\"height: 16.50pt;\">\n<td class=\"et3\" style=\"height: 16.50pt;\" height=\"22\">Standaardproces<\/td>\n<td class=\"et3\">Stansen, lijmen, rillen, perforeren<\/td>\n<\/tr>\n<tr style=\"height: 16.50pt;\">\n<td class=\"et3\" style=\"height: 16.50pt;\" height=\"22\">Afdrukken<\/td>\n<td class=\"et3\">Cmyk, pms, geen afdrukken<\/td>\n<\/tr>\n<tr style=\"height: 16.50pt;\">\n<td class=\"et3\" style=\"height: 16.50pt;\" height=\"22\">Materiaal Optie<\/td>\n<td class=\"et3\">Wit kartonpapier, gecoat papier, kunstpapier, kraftpapier, ivoorkarton, duplexkarton, speciaal papier, enz.<\/td>\n<\/tr>\n<tr style=\"height: 17.25pt;\">\n<td class=\"et3\" style=\"height: 17.25pt;\" height=\"23\">Oppervlakteafwerking<\/td>\n<td class=\"et4\" style=\"width: 379.50pt;\" width=\"506\">Matte\/glanzende laminering, spot UVDebossing, reli\u00ebfdruk, foliedruk enz.<\/td>\n<\/tr>\n<tr style=\"height: 17.25pt;\">\n<td class=\"et4\" style=\"height: 17.25pt; width: 379.50pt;\" width=\"506\" height=\"23\">Industrieel gebruik<\/td>\n<td class=\"et4\" style=\"width: 379.50pt;\" width=\"506\">cosmetica, parfum, kleding, sieraden, tabak, voedsel, geschenken en dagelijkse goederen,<\/td>\n<\/tr>\n<tr style=\"height: 34.50pt;\">\n<td class=\"et4\" style=\"height: 34.50pt; width: 379.50pt;\" width=\"506\" height=\"46\">Kwaliteitscontrole<\/td>\n<td class=\"et4\" style=\"width: 379.50pt;\" width=\"506\">Het geavanceerde Materiaal en het Ervaren QC Team zullen materiaal, halffabrikaten en ge\u00ebindigd - producten strikt in elke stap v\u00f3\u00f3r controleren<\/td>\n<\/tr>\n<tr style=\"height: 34.50pt;\">\n<td class=\"et4\" style=\"height: 34.50pt; width: 379.50pt;\" width=\"506\" height=\"46\">Prijs<\/td>\n<td class=\"et4\" style=\"width: 379.50pt;\" width=\"506\">De uiteindelijke prijs wordt afgestemd op je product en de hoeveelheid die je nodig hebt<\/td>\n<\/tr>\n<tr style=\"height: 16.50pt;\">\n<td class=\"et3\" style=\"height: 16.50pt;\" height=\"22\">Doorlooptijd<\/td>\n<td class=\"et3\">10-12 werkdagen, spoed<\/td>\n<\/tr>\n<tr style=\"height: 16.50pt;\">\n<td class=\"et3\" style=\"height: 16.50pt;\" height=\"22\">Papier<\/td>\n<td class=\"et3\">10pt tot 28pt (60lb tot 400lb) milieuvriendelijk kraft, e-flute golfkarton, bux board, cardstock<\/td>\n<\/tr>\n<tr style=\"height: 16.50pt;\">\n<td class=\"et3\" style=\"height: 16.50pt;\" height=\"22\">Bewijs<\/td>\n<td class=\"et3\">Platte weergave, 3D-mock-up, fysieke bemonstering (op aanvraag)<\/td>\n<\/tr>\n<\/tbody>\n<\/table>\n<div class=\"widget block block-static-block\">\n<div class=\"landing-page-section option-bottom\">\n<div class=\"custom-materials-tabs-content container container-adjustment\">\n<div class=\"custom-materials-tab-content active\">\n<div class=\"widget block block-static-block\">\n<div class=\"options-items\">\n<div class=\"flex-grid-row-option\">\n<div class=\"flex-grid-item-option\">\n<div class=\"material-box\">\n<div class=\"material-des\">\n<p>&nbsp;<\/p>\n<\/div>\n<p>&nbsp;<\/p>\n<\/div>\n<\/div>\n<\/div>\n<\/div>\n<p><!---end of option item--><\/p>\n<\/div>\n<\/div>\n<\/div>\n<\/div>\n<\/div>","protected":false},"excerpt":{"rendered":"<p>1. Het doostype met deksel en bodem keurt de structuur van boven- en bodemdeksel, dubbellaagse bescherming van het product goed, die effectief kan voorkomen dat de items in het pakket beschadigd raken.<br \/>\n2. Speciaal papiermateriaal benadrukt de eenvoud van de doos, maar mist het gevoel van luxe niet<br \/>\n3. Eindeloos aanpassen van de verpakkingsdoos aan uw parfumverpakkingsdoos<\/p>","protected":false},"featured_media":3253,"template":"","meta":[],"product_brand":[],"product_cat":[30,417,425,31],"product_tag":[339,693,692],"class_list":{"0":"post-3251","1":"product","2":"type-product","3":"status-publish","4":"has-post-thumbnail","6":"product_cat-by-industry","7":"product_cat-custom-perfume-boxes-by-industry","8":"product_cat-lid-and-base-gift-box","9":"product_cat-paper-box-style","10":"product_tag-perfume-gift-boxes","11":"product_tag-perfume-scent-packaging-wholesale","12":"product_tag-scent-packaging-boxes","14":"first","15":"instock","16":"shipping-taxable","17":"product-type-grouped"},"_links":{"self":[{"href":"https:\/\/zojopackaging.com\/nl\/wp-json\/wp\/v2\/product\/3251","targetHints":{"allow":["GET"]}}],"collection":[{"href":"https:\/\/zojopackaging.com\/nl\/wp-json\/wp\/v2\/product"}],"about":[{"href":"https:\/\/zojopackaging.com\/nl\/wp-json\/wp\/v2\/types\/product"}],"version-history":[{"count":2,"href":"https:\/\/zojopackaging.com\/nl\/wp-json\/wp\/v2\/product\/3251\/revisions"}],"predecessor-version":[{"id":8413,"href":"https:\/\/zojopackaging.com\/nl\/wp-json\/wp\/v2\/product\/3251\/revisions\/8413"}],"wp:featuredmedia":[{"embeddable":true,"href":"https:\/\/zojopackaging.com\/nl\/wp-json\/wp\/v2\/media\/3253"}],"wp:attachment":[{"href":"https:\/\/zojopackaging.com\/nl\/wp-json\/wp\/v2\/media?parent=3251"}],"wp:term":[{"taxonomy":"product_brand","embeddable":true,"href":"https:\/\/zojopackaging.com\/nl\/wp-json\/wp\/v2\/product_brand?post=3251"},{"taxonomy":"product_cat","embeddable":true,"href":"https:\/\/zojopackaging.com\/nl\/wp-json\/wp\/v2\/product_cat?post=3251"},{"taxonomy":"product_tag","embeddable":true,"href":"https:\/\/zojopackaging.com\/nl\/wp-json\/wp\/v2\/product_tag?post=3251"}],"curies":[{"name":"wp","href":"https:\/\/api.w.org\/{rel}","templated":true}]}}