{"id":3914,"date":"2024-03-20T14:41:17","date_gmt":"2024-03-20T06:41:17","guid":{"rendered":"https:\/\/zojopackaging.com\/?post_type=product&#038;p=3914"},"modified":"2025-04-03T17:07:15","modified_gmt":"2025-04-03T09:07:15","slug":"custom-calendar-box","status":"publish","type":"product","link":"https:\/\/zojopackaging.com\/nl\/product\/custom-calendar-box\/","title":{"rendered":"Aangepaste glitter papier twee deuren kalender box Maker"},"content":{"rendered":"<h1>Aangepaste glitter papier twee deuren kalender box Maker<\/h1>\n<p>De <strong>Kalenderdoos op maat<\/strong> is een veelzijdige en praktische verpakkingsoplossing die is ontworpen om je kalender op een stijlvolle en professionele manier te presenteren en te beschermen. Deze doos kan worden aangepast aan uw specifieke eisen, zodat u het ontwerp, de afmetingen en materialen kunt aanpassen aan uw merk- en stijlvoorkeuren.<\/p>\n<p>De buitenkant van de doos kan worden voorzien van je logo, illustraties of andere gewenste afbeeldingen voor een visueel aantrekkelijke en samenhangende look. De stevige constructie van de doos zorgt ervoor dat je kalender goed beschermd is tijdens opslag, verzending of display. Bovendien kan de Custom Calendar Box worden ontworpen met functies zoals een magnetische sluiting, een treklipje met lint of aangepaste inzetstukken om de algehele presentatie te verbeteren.<\/p>\n<h1><strong>Specificatie<\/strong><\/h1>\n<div class=\"widget block block-static-block\">\n<div class=\"landing-page-section option-bottom\">\n<div class=\"custom-materials-tabs-content container container-adjustment\">\n<div class=\"custom-materials-tab-content active\">\n<div class=\"widget block block-static-block\">\n<div class=\"options-items\">\n<div class=\"flex-grid-row-option\">\n<div class=\"flex-grid-item-option\">\n<div class=\"material-box\">\n<div class=\"material-des\">\n<table width=\"1070\">\n<tbody>\n<tr>\n<td width=\"373\">Afmetingen<\/td>\n<td width=\"373\">Alle aangepaste maten en vormen<\/td>\n<\/tr>\n<tr>\n<td width=\"373\">MOQ<\/td>\n<td width=\"373\">500st<\/td>\n<\/tr>\n<tr>\n<td width=\"373\">Steekproeftijd<\/td>\n<td width=\"373\">3-5 dagen<\/td>\n<\/tr>\n<tr>\n<td width=\"373\">Standaardproces<\/td>\n<td width=\"373\">Stansen, lijmen, rillen, perforeren<\/td>\n<\/tr>\n<tr>\n<td width=\"373\">Afdrukken<\/td>\n<td width=\"373\">Cmyk, pms, geen afdrukken<\/td>\n<\/tr>\n<tr>\n<td width=\"373\">Materiaal Optie<\/td>\n<td width=\"373\">Wit kartonpapier, gecoat papier, kunstpapier, kraftpapier, ivoorkarton, duplexkarton, speciaal papier, enz.<\/td>\n<\/tr>\n<tr>\n<td width=\"373\">Oppervlakteafwerking<\/td>\n<td width=\"373\">Matte\/glanzende laminering, spot UVDebossing, reli\u00ebfdruk, foliedruk enz.<\/td>\n<\/tr>\n<tr>\n<td width=\"373\">Industrieel gebruik<\/td>\n<td width=\"373\">cosmetica, parfum, kleding, sieraden, tabak, voedsel, geschenken en dagelijkse goederen,<\/td>\n<\/tr>\n<tr>\n<td width=\"373\">Kwaliteitscontrole<\/td>\n<td width=\"373\">Het geavanceerde Materiaal en het Ervaren QC Team zullen materiaal, halffabrikaten en ge\u00ebindigd - producten strikt in elke stap v\u00f3\u00f3r controleren<\/td>\n<\/tr>\n<tr>\n<td width=\"373\">Prijs<\/td>\n<td width=\"373\">De uiteindelijke prijs wordt afgestemd op je product en de hoeveelheid die je nodig hebt<\/td>\n<\/tr>\n<tr>\n<td width=\"373\">Doorlooptijd<\/td>\n<td width=\"373\">7-14 werkdagen , spoed<\/td>\n<\/tr>\n<tr>\n<td width=\"373\">Papier<\/td>\n<td width=\"373\">10pt tot 28pt (60lb tot 400lb) milieuvriendelijk kraft, e-flute golfkarton, bux board, cardstock<\/td>\n<\/tr>\n<tr>\n<td width=\"373\">Formaat kunstwerk<\/td>\n<td width=\"373\">JPG, PDF, AI, CDR, EPS, GIF....<\/td>\n<\/tr>\n<tr>\n<td width=\"373\">Accessoires<\/td>\n<td width=\"373\">Magneet, lint, EVA-vorm, plastic dienblad, spons, PVC\/PET\/PP...<\/td>\n<\/tr>\n<tr>\n<td width=\"373\">Betalingstermijn<\/td>\n<td width=\"373\">T\/T, Western Union, Paypal, 30% aanbetaling en 70% saldo v\u00f3\u00f3r verzending.<\/td>\n<\/tr>\n<\/tbody>\n<\/table>\n<\/div>\n<\/div>\n<\/div>\n<\/div>\n<\/div>\n<\/div>\n<\/div>\n<\/div>\n<\/div>\n<\/div>\n<div class=\"widget block block-static-block\">\n<div class=\"landing-page-section option-bottom\">\n<div class=\"custom-materials-tabs-content container container-adjustment\">\n<div class=\"custom-materials-tab-content active\">\n<div class=\"widget block block-static-block\">\n<div class=\"options-items\">\n<div class=\"flex-grid-row-option\">\n<div class=\"flex-grid-item-option\">\n<div class=\"material-box\">\n<p>&nbsp;<\/p>\n<\/div>\n<\/div>\n<\/div>\n<\/div>\n<p><!---end of option item--><\/p>\n<\/div>\n<\/div>\n<\/div>\n<\/div>\n<\/div>","protected":false},"excerpt":{"rendered":"<p>We kunnen adventkalenderontwerpen volledig aanpassen aan jouw specifieke behoeften en bedrijfsdoelen. Van kleuren en lay-outs tot merkelementen en stijl.<\/p>\n<p>Type materiaal: Milieuvriendelijk, hebben certificering van FSC\/ISO\/BSCI<br \/>\nProductietijd: Steekproef 1-3 dagen; Bulk 7-9 dagen<br \/>\nVerzendings tijd: Uitdrukkelijk 3-7 dagen; Lucht 12-16 dagen; Boot 25-30 dagen (verschillende landen hebben verschillende tijden)<\/p>\n<p>Prijs: Neem contact met ons op om onderzoek te sturen!<\/p>","protected":false},"featured_media":3917,"template":"","meta":[],"product_brand":[],"product_cat":[30,423,428,31],"product_tag":[829,827,828],"class_list":{"0":"post-3914","1":"product","2":"type-product","3":"status-publish","4":"has-post-thumbnail","6":"product_cat-by-industry","7":"product_cat-custom-presentation-boxes-by-industry","8":"product_cat-irregular-shaped-gift-boxes","9":"product_cat-paper-box-style","10":"product_tag-box-maker","11":"product_tag-glitter-paper-box","12":"product_tag-two-doors-calendar-box","14":"first","15":"instock","16":"shipping-taxable","17":"product-type-grouped"},"_links":{"self":[{"href":"https:\/\/zojopackaging.com\/nl\/wp-json\/wp\/v2\/product\/3914","targetHints":{"allow":["GET"]}}],"collection":[{"href":"https:\/\/zojopackaging.com\/nl\/wp-json\/wp\/v2\/product"}],"about":[{"href":"https:\/\/zojopackaging.com\/nl\/wp-json\/wp\/v2\/types\/product"}],"version-history":[{"count":2,"href":"https:\/\/zojopackaging.com\/nl\/wp-json\/wp\/v2\/product\/3914\/revisions"}],"predecessor-version":[{"id":8472,"href":"https:\/\/zojopackaging.com\/nl\/wp-json\/wp\/v2\/product\/3914\/revisions\/8472"}],"wp:featuredmedia":[{"embeddable":true,"href":"https:\/\/zojopackaging.com\/nl\/wp-json\/wp\/v2\/media\/3917"}],"wp:attachment":[{"href":"https:\/\/zojopackaging.com\/nl\/wp-json\/wp\/v2\/media?parent=3914"}],"wp:term":[{"taxonomy":"product_brand","embeddable":true,"href":"https:\/\/zojopackaging.com\/nl\/wp-json\/wp\/v2\/product_brand?post=3914"},{"taxonomy":"product_cat","embeddable":true,"href":"https:\/\/zojopackaging.com\/nl\/wp-json\/wp\/v2\/product_cat?post=3914"},{"taxonomy":"product_tag","embeddable":true,"href":"https:\/\/zojopackaging.com\/nl\/wp-json\/wp\/v2\/product_tag?post=3914"}],"curies":[{"name":"wp","href":"https:\/\/api.w.org\/{rel}","templated":true}]}}