{"id":3936,"date":"2024-03-20T15:04:13","date_gmt":"2024-03-20T07:04:13","guid":{"rendered":"https:\/\/zojopackaging.com\/?post_type=product&#038;p=3936"},"modified":"2025-03-28T11:12:50","modified_gmt":"2025-03-28T03:12:50","slug":"customized-double-open-calendar-box","status":"publish","type":"product","link":"https:\/\/zojopackaging.com\/nl\/product\/customized-double-open-calendar-box\/","title":{"rendered":"Groothandel Aangepaste schoonheid adventskalender verpakking doos"},"content":{"rendered":"<h1>Groothandel Aangepaste schoonheid adventskalender verpakking doos<\/h1>\n<p>De groothandel aangepaste beauty adventkalender verpakkingsdoos is een verfijnde en praktische verpakkingsoplossing die een unieke en veelzijdige manier biedt om je kalenderproduct te presenteren. Deze doos is zorgvuldig ontworpen met twee aparte openingen, zodat de inhoud van de kalender gemakkelijk toegankelijk is vanaf verschillende kanten voor extra gemak en functionaliteit.<\/p>\n<p>De buitenkant van de doos kan worden voorzien van uw logo, illustraties of andere gewenste afbeeldingen om een samenhangend en visueel aantrekkelijk pakket te cre\u00ebren. Door de dubbele openingen kunnen gebruikers de kalender op een dynamische en aantrekkelijke manier gebruiken, waardoor de kalender ideaal is voor op het bureau, op een plank of op het aanrecht.<\/p>\n<p>De binnenkant van de doos is zorgvuldig ontworpen om de kalender veilig vast te houden en te beschermen, zodat deze tijdens opslag of vervoer in perfecte staat blijft. De Customized Double-Open Calendar Box is niet alleen een praktische opbergoplossing, maar ook een stijlvol en innovatief accessoire dat de algehele presentatie van je kalenderproduct verbetert.<\/p>\n<p>Of het nu voor de detailhandel, promotie-evenementen of geschenken is, deze aangepaste doos voegt een vleugje verfijning en creativiteit toe aan uw kalenderverpakking. Met zijn dubbele openingen en aanpasbare ontwerp is de Customized Double-Open Calendar Box een opvallende keuze die de gebruikerservaring verbetert en een blijvende indruk maakt op je klanten.<\/p>\n<h1><strong>Specificatie<\/strong><\/h1>\n<table style=\"height: 666px;\" width=\"1070\">\n<tbody>\n<tr>\n<td width=\"373\">Afmetingen<\/td>\n<td width=\"373\">Alle aangepaste maten en vormen<\/td>\n<\/tr>\n<tr>\n<td width=\"373\">MOQ<\/td>\n<td width=\"373\">500st<\/td>\n<\/tr>\n<tr>\n<td width=\"373\">Steekproeftijd<\/td>\n<td width=\"373\">3-5 dagen<\/td>\n<\/tr>\n<tr>\n<td width=\"373\">Standaardproces<\/td>\n<td width=\"373\">Stansen, lijmen, rillen, perforeren<\/td>\n<\/tr>\n<tr>\n<td width=\"373\">Afdrukken<\/td>\n<td width=\"373\">Cmyk, pms, geen afdrukken<\/td>\n<\/tr>\n<tr>\n<td width=\"373\">Materiaal Optie<\/td>\n<td width=\"373\">Wit kartonpapier, gecoat papier, kunstpapier, kraftpapier, ivoorkarton, duplexkarton, speciaal papier, enz.<\/td>\n<\/tr>\n<tr>\n<td width=\"373\">Oppervlakteafwerking<\/td>\n<td width=\"373\">Matte\/glanzende laminering, spot UVDebossing, reli\u00ebfdruk, foliedruk enz.<\/td>\n<\/tr>\n<tr>\n<td width=\"373\">Industrieel gebruik<\/td>\n<td width=\"373\">cosmetica, parfum, kleding, sieraden, tabak, voedsel, geschenken en dagelijkse goederen,<\/td>\n<\/tr>\n<tr>\n<td width=\"373\">Kwaliteitscontrole<\/td>\n<td width=\"373\">Het geavanceerde Materiaal en het Ervaren QC Team zullen materiaal, halffabrikaten en ge\u00ebindigd - producten strikt in elke stap v\u00f3\u00f3r controleren<\/td>\n<\/tr>\n<tr>\n<td width=\"373\">Prijs<\/td>\n<td width=\"373\">De uiteindelijke prijs wordt afgestemd op je product en de hoeveelheid die je nodig hebt<\/td>\n<\/tr>\n<tr>\n<td width=\"373\">Doorlooptijd<\/td>\n<td width=\"373\">7-14 werkdagen , spoed<\/td>\n<\/tr>\n<tr>\n<td width=\"373\">Papier<\/td>\n<td width=\"373\">10pt tot 28pt (60lb tot 400lb) milieuvriendelijk kraft, e-flute golfkarton, bux board, cardstock<\/td>\n<\/tr>\n<tr>\n<td width=\"373\">Formaat kunstwerk<\/td>\n<td width=\"373\">JPG, PDF, AI, CDR, EPS, GIF....<\/td>\n<\/tr>\n<tr>\n<td width=\"373\">Accessoires<\/td>\n<td width=\"373\">Magneet, lint, EVA-vorm, plastic dienblad, spons, PVC\/PET\/PP...<\/td>\n<\/tr>\n<tr>\n<td width=\"373\">Betalingstermijn<\/td>\n<td width=\"373\">T\/T, Western Union, Paypal, 30% aanbetaling en 70% saldo v\u00f3\u00f3r verzending.<\/td>\n<\/tr>\n<\/tbody>\n<\/table>\n<div class=\"widget block block-static-block\">\n<div class=\"landing-page-section option-bottom\">\n<div class=\"custom-materials-tabs-content container container-adjustment\">\n<div class=\"custom-materials-tab-content active\">\n<div class=\"widget block block-static-block\">\n<div class=\"options-items\">\n<div class=\"flex-grid-row-option\">\n<div class=\"flex-grid-item-option\">\n<div class=\"material-box\">\n<p>&nbsp;<\/p>\n<\/div>\n<\/div>\n<\/div>\n<\/div>\n<p><!---end of option item--><\/p>\n<\/div>\n<\/div>\n<\/div>\n<\/div>\n<\/div>","protected":false},"excerpt":{"rendered":"<p>1. Dubbeldeurs cosmetische kalenderdoos, een ontwerp dat elke dag een rooster opent. Verhoog de anticipatie op het festival door de blinde doos te openen<br \/>\n2. Met accessoires zoals linten vergroot je de schoonheid en visuele aantrekkingskracht en vergroot je de merkherkenning.<br \/>\n3. Diverse maten kunnen worden aangepast volgens uw producten, geschikt voor het verpakken van verschillende categorie\u00ebn van cosmetica<\/p>","protected":false},"featured_media":3940,"template":"","meta":[],"product_brand":[],"product_cat":[30,390,428,31],"product_tag":[753,754,755],"class_list":{"0":"post-3936","1":"product","2":"type-product","3":"status-publish","4":"has-post-thumbnail","6":"product_cat-by-industry","7":"product_cat-custom-cosmetics-boxes","8":"product_cat-irregular-shaped-gift-boxes","9":"product_cat-paper-box-style","10":"product_tag-advent-calendar-packaging-box","11":"product_tag-beauty-advent-calendar-packaging","12":"product_tag-wholesale-advent-calendar-packaging-box","14":"first","15":"instock","16":"shipping-taxable","17":"product-type-grouped"},"_links":{"self":[{"href":"https:\/\/zojopackaging.com\/nl\/wp-json\/wp\/v2\/product\/3936","targetHints":{"allow":["GET"]}}],"collection":[{"href":"https:\/\/zojopackaging.com\/nl\/wp-json\/wp\/v2\/product"}],"about":[{"href":"https:\/\/zojopackaging.com\/nl\/wp-json\/wp\/v2\/types\/product"}],"version-history":[{"count":2,"href":"https:\/\/zojopackaging.com\/nl\/wp-json\/wp\/v2\/product\/3936\/revisions"}],"predecessor-version":[{"id":8439,"href":"https:\/\/zojopackaging.com\/nl\/wp-json\/wp\/v2\/product\/3936\/revisions\/8439"}],"wp:featuredmedia":[{"embeddable":true,"href":"https:\/\/zojopackaging.com\/nl\/wp-json\/wp\/v2\/media\/3940"}],"wp:attachment":[{"href":"https:\/\/zojopackaging.com\/nl\/wp-json\/wp\/v2\/media?parent=3936"}],"wp:term":[{"taxonomy":"product_brand","embeddable":true,"href":"https:\/\/zojopackaging.com\/nl\/wp-json\/wp\/v2\/product_brand?post=3936"},{"taxonomy":"product_cat","embeddable":true,"href":"https:\/\/zojopackaging.com\/nl\/wp-json\/wp\/v2\/product_cat?post=3936"},{"taxonomy":"product_tag","embeddable":true,"href":"https:\/\/zojopackaging.com\/nl\/wp-json\/wp\/v2\/product_tag?post=3936"}],"curies":[{"name":"wp","href":"https:\/\/api.w.org\/{rel}","templated":true}]}}