{"id":3977,"date":"2024-03-20T15:57:19","date_gmt":"2024-03-20T07:57:19","guid":{"rendered":"https:\/\/zojopackaging.com\/?post_type=product&#038;p=3977"},"modified":"2025-03-24T19:52:01","modified_gmt":"2025-03-24T11:52:01","slug":"customized-card-box","status":"publish","type":"product","link":"https:\/\/zojopackaging.com\/nl\/product\/customized-card-box\/","title":{"rendered":"Gepersonaliseerde de Nevel Verpakkende Doosleverancier van de Douanegezichtsnevel"},"content":{"rendered":"<h1>Gepersonaliseerde de Nevel Verpakkende Doosleverancier van de Douanegezichtsnevel<\/h1>\n<p>Een op maat gemaakt kaartendoosje is een gepersonaliseerde verpakkingsoplossing die is ontworpen om kaartspellen, speelkaarten, ruilkaarten of andere kaartgebaseerde producten in te bewaren en te beschermen.<\/p>\n<p><strong>Belangrijkste kenmerken van een aangepaste kaartendoos:<\/strong><\/p>\n<ul>\n<li>Aanpassing: Het doosje kan volledig worden aangepast aan de unieke behoeften van de kaarten en het merk. Dit omvat opties voor formaat, vorm, materiaal, kleur, drukwerk, afwerkingen en ontwerpelementen om een unieke verpakkingsoplossing te cre\u00ebren.<\/li>\n<li>Materiaal: Aangepaste kaartdozen zijn meestal gemaakt van stevige materialen zoals karton, karton of speciaal cardstock voor duurzaamheid en bescherming van de kaarten erin.<\/li>\n<li>Ontwerp: Het ontwerp van het doosje kan worden aangepast aan het thema, de branding of de stijl van de kaarten. Aangepaste afbeeldingen, logo's, illustraties en tekst kunnen worden toegevoegd om de visuele aantrekkingskracht te vergroten en een samenhangende look te cre\u00ebren met de kaarten zelf.<\/li>\n<li>Sluiting: Het doosje kan voorzien zijn van een veilig sluitmechanisme zoals een insteekflap, magnetische sluiting of sleeve om de kaarten veilig op te sluiten en te voorkomen dat ze eruit vallen.<\/li>\n<li>Inlegvellen: Aangepaste inzetstukken of verdelers kunnen in de doos worden gedaan om de kaarten te organiseren en te scheiden, zodat ze niet kunnen beschadigen of verschuiven tijdens opslag of transport.<\/li>\n<li>Afwerkingen: Verschillende afwerkingen zoals matte of glanzende coatings, reli\u00ebf, debossing, spot UV of foliedruk kunnen worden toegepast op de doos om een premium uitstraling te geven.<\/li>\n<\/ul>\n<h1><strong>Specificatie<\/strong><\/h1>\n<table style=\"height: 666px;\" width=\"1070\">\n<tbody>\n<tr>\n<td width=\"373\">Afmetingen<\/td>\n<td width=\"373\">Alle aangepaste maten en vormen<\/td>\n<\/tr>\n<tr>\n<td width=\"373\">MOQ<\/td>\n<td width=\"373\">500st<\/td>\n<\/tr>\n<tr>\n<td width=\"373\">Steekproeftijd<\/td>\n<td width=\"373\">3-5 dagen<\/td>\n<\/tr>\n<tr>\n<td width=\"373\">Standaardproces<\/td>\n<td width=\"373\">Stansen, lijmen, rillen, perforeren<\/td>\n<\/tr>\n<tr>\n<td width=\"373\">Afdrukken<\/td>\n<td width=\"373\">Cmyk, pms, geen afdrukken<\/td>\n<\/tr>\n<tr>\n<td width=\"373\">Materiaal Optie<\/td>\n<td width=\"373\">Wit kartonpapier, gecoat papier, kunstpapier, kraftpapier, ivoorkarton, duplexkarton, speciaal papier, enz.<\/td>\n<\/tr>\n<tr>\n<td width=\"373\">Oppervlakteafwerking<\/td>\n<td width=\"373\">Matte\/glanzende laminering, spot UVDebossing, reli\u00ebfdruk, foliedruk enz.<\/td>\n<\/tr>\n<tr>\n<td width=\"373\">Industrieel gebruik<\/td>\n<td width=\"373\">cosmetica, parfum, kleding, sieraden, tabak, voedsel, geschenken en dagelijkse goederen,<\/td>\n<\/tr>\n<tr>\n<td width=\"373\">Kwaliteitscontrole<\/td>\n<td width=\"373\">Het geavanceerde Materiaal en het Ervaren QC Team zullen materiaal, halffabrikaten en ge\u00ebindigd - producten strikt in elke stap v\u00f3\u00f3r controleren<\/td>\n<\/tr>\n<tr>\n<td width=\"373\">Prijs<\/td>\n<td width=\"373\">De uiteindelijke prijs wordt afgestemd op je product en de hoeveelheid die je nodig hebt<\/td>\n<\/tr>\n<tr>\n<td width=\"373\">Doorlooptijd<\/td>\n<td width=\"373\">7-14 werkdagen , spoed<\/td>\n<\/tr>\n<tr>\n<td width=\"373\">Papier<\/td>\n<td width=\"373\">10pt tot 28pt (60lb tot 400lb) milieuvriendelijk kraft, e-flute golfkarton, bux board, cardstock<\/td>\n<\/tr>\n<tr>\n<td width=\"373\">Formaat kunstwerk<\/td>\n<td width=\"373\">JPG, PDF, AI, CDR, EPS, GIF....<\/td>\n<\/tr>\n<tr>\n<td width=\"373\">Accessoires<\/td>\n<td width=\"373\">Magneet, lint, EVA-vorm, plastic dienblad, spons, PVC\/PET\/PP...<\/td>\n<\/tr>\n<tr>\n<td width=\"373\">Betalingstermijn<\/td>\n<td width=\"373\">T\/T, Western Union, Paypal, 30% aanbetaling en 70% saldo v\u00f3\u00f3r verzending.<\/td>\n<\/tr>\n<\/tbody>\n<\/table>\n<div class=\"widget block block-static-block\">\n<div class=\"landing-page-section option-bottom\">\n<div class=\"custom-materials-tabs-content container container-adjustment\">\n<div class=\"custom-materials-tab-content active\">\n<div class=\"widget block block-static-block\">\n<div class=\"options-items\">\n<div class=\"flex-grid-row-option\">\n<div class=\"flex-grid-item-option\">\n<div class=\"material-box\">\n<p>&nbsp;<\/p>\n<\/div>\n<\/div>\n<\/div>\n<\/div>\n<p><!---end of option item--><\/p>\n<\/div>\n<\/div>\n<\/div>\n<\/div>\n<\/div>","protected":false},"excerpt":{"rendered":"<ul>\n<li>MOQ: 500 stuks<\/li>\n<li>Levertijd: 7-14 werkdagen, Rush<\/li>\n<li>Maatwerk in afmeting (diameter x hoogte)<\/li>\n<li>Aangepast afdrukken<\/li>\n<li>Milieuvriendelijk, recyclebaar en plasticvrij<\/li>\n<li>Prijs\uff1aDe uiteindelijke prijs wordt afgestemd op je product en de hoeveelheid die je nodig hebt<\/li>\n<\/ul>","protected":false},"featured_media":3982,"template":"","meta":[],"product_brand":[],"product_cat":[30,390,430],"product_tag":[120,243,230],"class_list":{"0":"post-3977","1":"product","2":"type-product","3":"status-publish","4":"has-post-thumbnail","6":"product_cat-by-industry","7":"product_cat-custom-cosmetics-boxes","8":"product_cat-folding-cartons","9":"product_tag-customized-card-box","10":"product_tag-paper-box-manufacturer","11":"product_tag-wholesale-packaging-box","13":"first","14":"instock","15":"shipping-taxable","16":"product-type-grouped"},"_links":{"self":[{"href":"https:\/\/zojopackaging.com\/nl\/wp-json\/wp\/v2\/product\/3977","targetHints":{"allow":["GET"]}}],"collection":[{"href":"https:\/\/zojopackaging.com\/nl\/wp-json\/wp\/v2\/product"}],"about":[{"href":"https:\/\/zojopackaging.com\/nl\/wp-json\/wp\/v2\/types\/product"}],"version-history":[{"count":1,"href":"https:\/\/zojopackaging.com\/nl\/wp-json\/wp\/v2\/product\/3977\/revisions"}],"predecessor-version":[{"id":8122,"href":"https:\/\/zojopackaging.com\/nl\/wp-json\/wp\/v2\/product\/3977\/revisions\/8122"}],"wp:featuredmedia":[{"embeddable":true,"href":"https:\/\/zojopackaging.com\/nl\/wp-json\/wp\/v2\/media\/3982"}],"wp:attachment":[{"href":"https:\/\/zojopackaging.com\/nl\/wp-json\/wp\/v2\/media?parent=3977"}],"wp:term":[{"taxonomy":"product_brand","embeddable":true,"href":"https:\/\/zojopackaging.com\/nl\/wp-json\/wp\/v2\/product_brand?post=3977"},{"taxonomy":"product_cat","embeddable":true,"href":"https:\/\/zojopackaging.com\/nl\/wp-json\/wp\/v2\/product_cat?post=3977"},{"taxonomy":"product_tag","embeddable":true,"href":"https:\/\/zojopackaging.com\/nl\/wp-json\/wp\/v2\/product_tag?post=3977"}],"curies":[{"name":"wp","href":"https:\/\/api.w.org\/{rel}","templated":true}]}}