{"id":4069,"date":"2024-03-21T09:02:33","date_gmt":"2024-03-21T01:02:33","guid":{"rendered":"https:\/\/zojopackaging.com\/?post_type=product&#038;p=4069"},"modified":"2025-03-28T15:46:03","modified_gmt":"2025-03-28T07:46:03","slug":"custom-drawer-packaging-boxes","status":"publish","type":"product","link":"https:\/\/zojopackaging.com\/nl\/product\/custom-drawer-packaging-boxes\/","title":{"rendered":"Elegante aangepaste sieraden lade stijl papier stijve doos"},"content":{"rendered":"<h1>Waarom kiezen voor elegante aangepaste sieraden lade stijl papier stijve doos<\/h1>\n<section class=\"elementor-section elementor-top-section elementor-element elementor-element-0b2b1e4 elementor-section-boxed elementor-section-height-default elementor-section-height-default\" data-id=\"0b2b1e4\" data-element_type=\"section\" data-settings=\"{&quot;jet_parallax_layout_list&quot;:[]}\">\n<div class=\"elementor-container elementor-column-gap-default\">\n<div class=\"elementor-column elementor-col-100 elementor-top-column elementor-element elementor-element-9115fa3\" data-id=\"9115fa3\" data-element_type=\"column\">\n<div class=\"elementor-widget-wrap elementor-element-populated\">\n<div class=\"elementor-element elementor-element-83a6946 elementor-widget elementor-widget-woocommerce-archive-description\" data-id=\"83a6946\" data-element_type=\"widget\" data-widget_type=\"woocommerce-archive-description.default\">\n<div class=\"elementor-widget-container\">\n<div class=\"term-description\">\n<p dir=\"ltr\"><strong>Aangepaste lade papier dozen<\/strong>\u00a0zijn elegante verpakkingen, ontworpen om kleine producten in te bewaren en tentoon te stellen. Je kunt het omhulsel en de binnenkant aanpassen: het effect is gegarandeerd<\/p>\n<p dir=\"ltr\"><strong>Lade papier dozen<\/strong>\u00a0zijn een van de meest praktische en elegante oplossingen om je producten op een eenvoudige manier te verpakken. Dankzij het in elkaar grijpende systeem tussen het omhulsel van het oppervlak en het compartiment van de container kun je elk voorwerp beschermen en de binnenruimtes optimaal organiseren.<\/p>\n<h2>Mooi samengestelde verpakking<\/h2>\n<p dir=\"ltr\">De Custom Ladeboxen in bulk zijn geschikt voor elke productsector, van kleding tot cosmetica, van gebak tot likeur. Het meest interessante aspect van de\u00a0<strong>ladebakken<\/strong>\u00a0is dat de interieurs kunnen worden georganiseerd om meer dan \u00e9\u00e9n product te bevatten, volgens individuen\u00a0<a href=\"https:\/\/zojopackaging.com\/nl\/how-to-choose-the-suitable-drawer-boxes\/\"><strong>aangepaste ladeverpakkingen<\/strong><\/a>.<\/p>\n<p dir=\"ltr\">\u00a0Op deze manier kun je een ad hoc samenstelling maken, wat vooral handig is bij verpakkingen voor meerdere producten en geschenkverpakkingen.<\/p>\n<h2>Zoek multifunctionele ladepapierdozen met je logo<\/h2>\n<p dir=\"ltr\"><a href=\"https:\/\/zojopackaging.com\/nl\/product-category\/custom-drawer-boxes\/\"><strong>Ladeboxen met je logo\u00a0<\/strong><\/a>zijn ook zeer geschikt voor winkelverpakkingen omdat de elementen volledig aan te passen zijn.<\/p>\n<h2>Ladeboxen voor voedsel<\/h2>\n<p dir=\"ltr\">Als je een aangepaste verpakking voor je voedingsproducten wilt maken, zijn ladeboxen een mooie maar ook functionele oplossing. Je persoonlijke\u00a0<a href=\"https:\/\/zojopackaging.com\/nl\/product-category\/custom-food-packaging-boxes\/\" target=\"_blank\" rel=\"noopener\"><strong>voedselverpakking<\/strong><\/a>\u00a0wordt dus gestructureerd op basis van de hoeveelheid en grootte van de producten die erin zitten, om een perfecte conservering te behouden, zelfs tijdens het transport.<\/p>\n<h2>We hebben het beste team van de stad<\/h2>\n<p dir=\"ltr\">Bovendien helpen onze technici je bij het kiezen van de meest geschikte materialen en volgen ze je stap voor stap bij de beslissing, tot en met de realisatie van de\u00a0<strong>Ladeboxen op maat<\/strong>\u00a0met logo.<\/p>\n<\/div>\n<\/div>\n<\/div>\n<\/div>\n<\/div>\n<\/div>\n<\/section>\n<section class=\"elementor-section elementor-top-section elementor-element elementor-element-e5900b1 elementor-section-boxed elementor-section-height-default elementor-section-height-default\" data-id=\"e5900b1\" data-element_type=\"section\" data-settings=\"{&quot;jet_parallax_layout_list&quot;:[],&quot;background_background&quot;:&quot;classic&quot;}\">\n<div class=\"elementor-container elementor-column-gap-default\">\n<div class=\"elementor-column elementor-col-50 elementor-top-column elementor-element elementor-element-3a8f138\" data-id=\"3a8f138\" data-element_type=\"column\">\n<div class=\"elementor-widget-wrap elementor-element-populated\">\n<div class=\"elementor-element elementor-element-6ff5e36 elementor-widget elementor-widget-text-editor\" data-id=\"6ff5e36\" data-element_type=\"widget\" data-widget_type=\"text-editor.default\">\n<div class=\"elementor-widget-container\">\n<h2>Onze dozen, op maat gemaakt<\/h2>\n<p dir=\"ltr\">kiezen\u00a0<strong>Zilveren rand verpakking<\/strong>\u00a0betekent kiezen voor unieke dozen, speciaal gemaakt voor jouw project. Heb je een idee of een product dat je wilt verpakken? Ons team begeleidt je naar de beste oplossing. Want je doos moet mooi zijn, maar ook functioneel. Kortom, perfect.<\/p>\n<p dir=\"ltr\">Kies wat je nodig hebt ... wij zorgen voor de rest<\/p>\n<h2>Hoogste kwaliteit aangepaste dozen<\/h2>\n<p dir=\"ltr\">Onze technici zullen je beste medewerkers zijn in dit project. Laat ons weten wat je zoekt en vertel ons alle details,<\/p>\n<\/div>\n<\/div>\n<\/div>\n<\/div>\n<\/div>\n<\/section>\n<section class=\"elementor-section elementor-top-section elementor-element elementor-element-c05b718 elementor-section-boxed elementor-section-height-default elementor-section-height-default\" data-id=\"c05b718\" data-element_type=\"section\" data-settings=\"{&quot;jet_parallax_layout_list&quot;:[],&quot;background_background&quot;:&quot;classic&quot;}\">\n<div class=\"elementor-container elementor-column-gap-default\">\n<div class=\"elementor-column elementor-col-100 elementor-top-column elementor-element elementor-element-b3066e2\" data-id=\"b3066e2\" data-element_type=\"column\">\n<div class=\"elementor-widget-wrap elementor-element-populated\">\n<div class=\"elementor-element elementor-element-b1547b8 elementor-widget elementor-widget-text-editor\" data-id=\"b1547b8\" data-element_type=\"widget\" data-widget_type=\"text-editor.default\">\n<div class=\"elementor-widget-container\">\n<p>begeleiden we je naar de beste oplossing voor jou. Van het project tot de realisatie is het een perfecte samenwerking!<\/p>\n<h2>Klaar Op Voorraad<\/h2>\n<p dir=\"ltr\">Als u op zoek bent naar standaard\u00a0<strong>Aangepaste lade dozen Groothandel<\/strong>\u00a0met logo in bulk, bekijk de oplossingen die al op voorraad zijn! Je ontvangt ze in minder tijd; ze wachten gewoon op je bestelling.<\/p>\n<h2>Geavanceerde technologie\u00ebn voor uw groothandel in lades op maat<\/h2>\n<p dir=\"ltr\">Elke doos begint hier, na het technische ontwerp en het drukken produceren we een matrijs om je bestelling na te maken wanneer je maar wilt. Geen fouten, in alle veiligheid.<\/p>\n<p dir=\"ltr\">Daarna gaan we over tot productie, waarbij we het karton snijden op speciale machines waarmee we aangepaste ramen en ontwerpen kunnen maken.<\/p>\n<h2><b>Bestel aanpasbare lade verpakking op wholesale-prijs van Silver Edge Packaging<\/b><\/h2>\n<p>Als je op zoek bent naar op maat gemaakte ladeboxen voor je merk, moet je naar de <strong><a href=\"https:\/\/zojopackaging.com\/nl\/\">Zojoprint Verpakking<\/a><\/strong>\u00a0website om uw bestelling te plaatsen volgens uw specifieke eisen. Wij bieden groothandel verpakkingsoplossingen met een gratis verzendservice. Daarom kun je de lade verpakkingsdozen vandaag nog gemakkelijk in bulk bestellen om je verkoop te stimuleren. Wij leveren de verpakkingsdozen zo snel mogelijk bij u thuis.<\/p>\n<\/div>\n<\/div>\n<\/div>\n<\/div>\n<\/div>\n<\/section>\n<h1><strong>Specificatie<\/strong><\/h1>\n<table style=\"height: 666px;\" width=\"1070\">\n<tbody>\n<tr>\n<td width=\"373\">Afmetingen<\/td>\n<td width=\"373\">Alle aangepaste maten en vormen<\/td>\n<\/tr>\n<tr>\n<td width=\"373\">MOQ<\/td>\n<td width=\"373\">500st<\/td>\n<\/tr>\n<tr>\n<td width=\"373\">Steekproeftijd<\/td>\n<td width=\"373\">3-5 dagen<\/td>\n<\/tr>\n<tr>\n<td width=\"373\">Standaardproces<\/td>\n<td width=\"373\">Stansen, lijmen, rillen, perforeren<\/td>\n<\/tr>\n<tr>\n<td width=\"373\">Afdrukken<\/td>\n<td width=\"373\">Cmyk, pms, geen afdrukken<\/td>\n<\/tr>\n<tr>\n<td width=\"373\">Materiaal Optie<\/td>\n<td width=\"373\">Wit kartonpapier, gecoat papier, kunstpapier, kraftpapier, ivoorkarton, duplexkarton, speciaal papier, enz.<\/td>\n<\/tr>\n<tr>\n<td width=\"373\">Oppervlakteafwerking<\/td>\n<td width=\"373\">Matte\/glanzende laminering, spot UVDebossing, reli\u00ebfdruk, foliedruk enz.<\/td>\n<\/tr>\n<tr>\n<td width=\"373\">Industrieel gebruik<\/td>\n<td width=\"373\">cosmetica, parfum, kleding, sieraden, tabak, voedsel, geschenken en dagelijkse goederen,<\/td>\n<\/tr>\n<tr>\n<td width=\"373\">Kwaliteitscontrole<\/td>\n<td width=\"373\">Het geavanceerde Materiaal en het Ervaren QC Team zullen materiaal, halffabrikaten en ge\u00ebindigd - producten strikt in elke stap v\u00f3\u00f3r controleren<\/td>\n<\/tr>\n<tr>\n<td width=\"373\">Prijs<\/td>\n<td width=\"373\">De uiteindelijke prijs wordt afgestemd op je product en de hoeveelheid die je nodig hebt<\/td>\n<\/tr>\n<tr>\n<td width=\"373\">Doorlooptijd<\/td>\n<td width=\"373\">7-14 werkdagen , spoed<\/td>\n<\/tr>\n<tr>\n<td width=\"373\">Papier<\/td>\n<td width=\"373\">10pt tot 28pt (60lb tot 400lb) milieuvriendelijk kraft, e-flute golfkarton, bux board, cardstock<\/td>\n<\/tr>\n<tr>\n<td width=\"373\">Formaat kunstwerk<\/td>\n<td width=\"373\">JPG, PDF, AI, CDR, EPS, GIF....<\/td>\n<\/tr>\n<tr>\n<td width=\"373\">Accessoires<\/td>\n<td width=\"373\">Magneet, lint, EVA-vorm, plastic dienblad, spons, PVC\/PET\/PP...<\/td>\n<\/tr>\n<tr>\n<td width=\"373\">Betalingstermijn<\/td>\n<td width=\"373\">T\/T, Western Union, Paypal, 30% aanbetaling en 70% saldo v\u00f3\u00f3r verzending.<\/td>\n<\/tr>\n<\/tbody>\n<\/table>\n<div class=\"widget block block-static-block\">\n<div class=\"landing-page-section option-bottom\">\n<div class=\"custom-materials-tabs-content container container-adjustment\">\n<div class=\"custom-materials-tab-content active\">\n<div class=\"widget block block-static-block\">\n<div class=\"options-items\">\n<div class=\"flex-grid-row-option\">\n<div class=\"flex-grid-item-option\">\n<div class=\"material-box\">\n<p>&nbsp;<\/p>\n<\/div>\n<\/div>\n<\/div>\n<\/div>\n<p><!---end of option item--><\/p>\n<\/div>\n<\/div>\n<\/div>\n<\/div>\n<\/div>","protected":false},"excerpt":{"rendered":"<p>1. Dankzij het ontwerp van de lade en de schuifopening kunnen gebruikers de doos gemakkelijk openen en sluiten, wat het uitpakken een stuk aangenamer maakt.<br \/>\n2. Accessoires zoals linten verbeteren de schoonheid en visuele aantrekkingskracht en vergroten de merkherkenning<br \/>\n3. Het macaron kleurenschema vermindert visuele vermoeidheid en cre\u00ebert een ontspannende en helende sfeer<\/p>","protected":false},"featured_media":4073,"template":"","meta":[],"product_brand":[],"product_cat":[30,415,31,426],"product_tag":[814,812,813],"class_list":{"0":"post-4069","1":"product","2":"type-product","3":"status-publish","4":"has-post-thumbnail","6":"product_cat-by-industry","7":"product_cat-custom-jewelry-boxes-by-industry","8":"product_cat-paper-box-style","9":"product_cat-paper-drawer-boxes","10":"product_tag-custom-jewelry-box","11":"product_tag-custom-jewelry-rigid-box","12":"product_tag-jewelry-drawer-box","14":"first","15":"instock","16":"shipping-taxable","17":"product-type-grouped"},"_links":{"self":[{"href":"https:\/\/zojopackaging.com\/nl\/wp-json\/wp\/v2\/product\/4069","targetHints":{"allow":["GET"]}}],"collection":[{"href":"https:\/\/zojopackaging.com\/nl\/wp-json\/wp\/v2\/product"}],"about":[{"href":"https:\/\/zojopackaging.com\/nl\/wp-json\/wp\/v2\/types\/product"}],"version-history":[{"count":2,"href":"https:\/\/zojopackaging.com\/nl\/wp-json\/wp\/v2\/product\/4069\/revisions"}],"predecessor-version":[{"id":8466,"href":"https:\/\/zojopackaging.com\/nl\/wp-json\/wp\/v2\/product\/4069\/revisions\/8466"}],"wp:featuredmedia":[{"embeddable":true,"href":"https:\/\/zojopackaging.com\/nl\/wp-json\/wp\/v2\/media\/4073"}],"wp:attachment":[{"href":"https:\/\/zojopackaging.com\/nl\/wp-json\/wp\/v2\/media?parent=4069"}],"wp:term":[{"taxonomy":"product_brand","embeddable":true,"href":"https:\/\/zojopackaging.com\/nl\/wp-json\/wp\/v2\/product_brand?post=4069"},{"taxonomy":"product_cat","embeddable":true,"href":"https:\/\/zojopackaging.com\/nl\/wp-json\/wp\/v2\/product_cat?post=4069"},{"taxonomy":"product_tag","embeddable":true,"href":"https:\/\/zojopackaging.com\/nl\/wp-json\/wp\/v2\/product_tag?post=4069"}],"curies":[{"name":"wp","href":"https:\/\/api.w.org\/{rel}","templated":true}]}}