{"id":4084,"date":"2024-03-21T09:35:28","date_gmt":"2024-03-21T01:35:28","guid":{"rendered":"https:\/\/zojopackaging.com\/?post_type=product&#038;p=4084"},"modified":"2025-03-28T10:25:36","modified_gmt":"2025-03-28T02:25:36","slug":"customized-drawer-packaging-boxes","status":"publish","type":"product","link":"https:\/\/zojopackaging.com\/nl\/product\/customized-drawer-packaging-boxes\/","title":{"rendered":"Luxe Kleine Sieraden Ketting Verpakkende Dozen Fabrikant"},"content":{"rendered":"<h1>Luxe Kleine Sieraden Ketting Verpakkende Dozen Fabrikant<\/h1>\n<p>luxe kleine fabrikant van verpakkingsdozen voor sieradenkettingen bieden een op maat gemaakte en gepersonaliseerde verpakkingsoplossing voor een breed scala aan producten. Deze dozen hebben een uniek ladeontwerp dat gemakkelijke toegang biedt tot de inhoud binnenin, wat zorgt voor een handige en stijlvolle verpakkingservaring.<\/p>\n<p>De aanpassingsmogelijkheden voor deze verpakkingsdozen zijn vrijwel eindeloos, zodat bedrijven een verpakkingsoplossing kunnen cre\u00ebren die perfect past bij hun merkidentiteit en productvereisten. Van het kiezen van de afmetingen en materialen tot het selecteren van de kleur, afwerking en drukopties, elk aspect van de ladeverpakkingsdozen kan worden aangepast om een uniek en opvallend ontwerp te cre\u00ebren.<\/p>\n<p>Merkelementen zoals logo's, afbeeldingen en tekst kunnen prominent worden weergegeven op de buitenkant van de doos om de merkherkenning te vergroten en een gedenkwaardige uitpakervaring voor klanten te cre\u00ebren. De binnenkant van de doos kan ook worden aangepast met inzetstukken, tussenschotten of opvulling om de producten veilig op hun plaats te houden en de presentatie een premium tintje te geven.<\/p>\n<p>Over het geheel genomen zijn op maat gemaakte verpakkingsdozen voor laden een veelzijdige en effectieve verpakkingsoplossing waarmee bedrijven hun producten op een persoonlijke en impactvolle manier kunnen presenteren. Of ze nu worden gebruikt voor detailhandelsproducten, geschenken of promotieartikelen, deze dozen zullen zeker een blijvende indruk achterlaten bij klanten en de algehele gepercipieerde waarde van de verpakte producten verhogen.<\/p>\n<h1><strong>Specificatie<\/strong><\/h1>\n<table style=\"height: 666px;\" width=\"1070\">\n<tbody>\n<tr>\n<td width=\"373\">Afmetingen<\/td>\n<td width=\"373\">Alle aangepaste maten en vormen<\/td>\n<\/tr>\n<tr>\n<td width=\"373\">MOQ<\/td>\n<td width=\"373\">500st<\/td>\n<\/tr>\n<tr>\n<td width=\"373\">Steekproeftijd<\/td>\n<td width=\"373\">3-5 dagen<\/td>\n<\/tr>\n<tr>\n<td width=\"373\">Standaardproces<\/td>\n<td width=\"373\">Stansen, lijmen, rillen, perforeren<\/td>\n<\/tr>\n<tr>\n<td width=\"373\">Afdrukken<\/td>\n<td width=\"373\">Cmyk, pms, geen afdrukken<\/td>\n<\/tr>\n<tr>\n<td width=\"373\">Materiaal Optie<\/td>\n<td width=\"373\">Wit kartonpapier, gecoat papier, kunstpapier, kraftpapier, ivoorkarton, duplexkarton, speciaal papier, enz.<\/td>\n<\/tr>\n<tr>\n<td width=\"373\">Oppervlakteafwerking<\/td>\n<td width=\"373\">Matte\/glanzende laminering, spot UVDebossing, reli\u00ebfdruk, foliedruk enz.<\/td>\n<\/tr>\n<tr>\n<td width=\"373\">Industrieel gebruik<\/td>\n<td width=\"373\">cosmetica, parfum, kleding, sieraden, tabak, voedsel, geschenken en dagelijkse goederen,<\/td>\n<\/tr>\n<tr>\n<td width=\"373\">Kwaliteitscontrole<\/td>\n<td width=\"373\">Het geavanceerde Materiaal en het Ervaren QC Team zullen materiaal, halffabrikaten en ge\u00ebindigd - producten strikt in elke stap v\u00f3\u00f3r controleren<\/td>\n<\/tr>\n<tr>\n<td width=\"373\">Prijs<\/td>\n<td width=\"373\">De uiteindelijke prijs wordt afgestemd op je product en de hoeveelheid die je nodig hebt<\/td>\n<\/tr>\n<tr>\n<td width=\"373\">Doorlooptijd<\/td>\n<td width=\"373\">7-14 werkdagen , spoed<\/td>\n<\/tr>\n<tr>\n<td width=\"373\">Papier<\/td>\n<td width=\"373\">10pt tot 28pt (60lb tot 400lb) milieuvriendelijk kraft, e-flute golfkarton, bux board, cardstock<\/td>\n<\/tr>\n<tr>\n<td width=\"373\">Formaat kunstwerk<\/td>\n<td width=\"373\">JPG, PDF, AI, CDR, EPS, GIF....<\/td>\n<\/tr>\n<tr>\n<td width=\"373\">Accessoires<\/td>\n<td width=\"373\">Magneet, lint, EVA-vorm, plastic dienblad, spons, PVC\/PET\/PP...<\/td>\n<\/tr>\n<tr>\n<td width=\"373\">Betalingstermijn<\/td>\n<td width=\"373\">T\/T, Western Union, Paypal, 30% aanbetaling en 70% saldo v\u00f3\u00f3r verzending.<\/td>\n<\/tr>\n<\/tbody>\n<\/table>\n<div class=\"widget block block-static-block\">\n<div class=\"landing-page-section option-bottom\">\n<div class=\"custom-materials-tabs-content container container-adjustment\">\n<div class=\"custom-materials-tab-content active\">\n<div class=\"widget block block-static-block\">\n<div class=\"options-items\">\n<div class=\"flex-grid-row-option\">\n<div class=\"flex-grid-item-option\">\n<div class=\"material-box\">\n<p>&nbsp;<\/p>\n<\/div>\n<\/div>\n<\/div>\n<\/div>\n<p><!---end of option item--><\/p>\n<\/div>\n<\/div>\n<\/div>\n<\/div>\n<\/div>","protected":false},"excerpt":{"rendered":"<p>1. Dankzij het ontwerp van de lade en de schuifopening kunnen gebruikers de lade gemakkelijk openen en sluiten, waardoor de bedieningstijd voor de gebruiker wordt verkort en de ervaring van het uitpakken wordt verbeterd.<br \/>\n2. Diverse maten kunnen worden aangepast volgens uw producten, geschikt voor de verpakking van diverse sieraden hanger dozen groothandel<br \/>\n3. Het macaron kleursysteem vermindert visuele vermoeidheid en cre\u00ebert een ontspannende en helende sfeer<\/p>","protected":false},"featured_media":4090,"template":"","meta":[],"product_brand":[],"product_cat":[30,415,31,426],"product_tag":[743,744,745],"class_list":{"0":"post-4084","1":"product","2":"type-product","3":"status-publish","4":"has-post-thumbnail","6":"product_cat-by-industry","7":"product_cat-custom-jewelry-boxes-by-industry","8":"product_cat-paper-box-style","9":"product_cat-paper-drawer-boxes","10":"product_tag-jewelry-packaging","11":"product_tag-necklace-packaging-boxes","12":"product_tag-small-jewelry-packaging-manufacturer","14":"first","15":"instock","16":"shipping-taxable","17":"product-type-grouped"},"_links":{"self":[{"href":"https:\/\/zojopackaging.com\/nl\/wp-json\/wp\/v2\/product\/4084","targetHints":{"allow":["GET"]}}],"collection":[{"href":"https:\/\/zojopackaging.com\/nl\/wp-json\/wp\/v2\/product"}],"about":[{"href":"https:\/\/zojopackaging.com\/nl\/wp-json\/wp\/v2\/types\/product"}],"version-history":[{"count":2,"href":"https:\/\/zojopackaging.com\/nl\/wp-json\/wp\/v2\/product\/4084\/revisions"}],"predecessor-version":[{"id":8435,"href":"https:\/\/zojopackaging.com\/nl\/wp-json\/wp\/v2\/product\/4084\/revisions\/8435"}],"wp:featuredmedia":[{"embeddable":true,"href":"https:\/\/zojopackaging.com\/nl\/wp-json\/wp\/v2\/media\/4090"}],"wp:attachment":[{"href":"https:\/\/zojopackaging.com\/nl\/wp-json\/wp\/v2\/media?parent=4084"}],"wp:term":[{"taxonomy":"product_brand","embeddable":true,"href":"https:\/\/zojopackaging.com\/nl\/wp-json\/wp\/v2\/product_brand?post=4084"},{"taxonomy":"product_cat","embeddable":true,"href":"https:\/\/zojopackaging.com\/nl\/wp-json\/wp\/v2\/product_cat?post=4084"},{"taxonomy":"product_tag","embeddable":true,"href":"https:\/\/zojopackaging.com\/nl\/wp-json\/wp\/v2\/product_tag?post=4084"}],"curies":[{"name":"wp","href":"https:\/\/api.w.org\/{rel}","templated":true}]}}