{"id":4107,"date":"2024-03-21T09:52:05","date_gmt":"2024-03-21T01:52:05","guid":{"rendered":"https:\/\/zojopackaging.com\/?post_type=product&#038;p=4107"},"modified":"2025-03-28T10:18:47","modified_gmt":"2025-03-28T02:18:47","slug":"light-blue-drawer-packaging-box","status":"publish","type":"product","link":"https:\/\/zojopackaging.com\/nl\/product\/light-blue-drawer-packaging-box\/","title":{"rendered":"Luxe aangepaste armband ring oorbel geschenkdozen groothandel"},"content":{"rendered":"<h1>Luxe aangepaste armband ring oorbel geschenkdozen groothandel<\/h1>\n<p>De luxe aangepaste armband ring oorbel geschenkdozen groothandel is een charmante en elegante verpakkingsoplossing die een gevoel van verfijning en stijl uitstraalt. De lichtblauwe kleur voegt een zachte en rustgevende touch toe aan de verpakking, waardoor het ideaal is voor een verscheidenheid aan producten zoals cosmetica, sieraden of luxe geschenken.<\/p>\n<p>De lichtblauwe verpakkingsdoos met lade is gemaakt van hoogwaardig karton en biedt duurzaamheid en stevigheid om de inhoud te beschermen tijdens opslag en transport. Het ontwerp van de lade biedt een handige en stijlvolle manier om bij de producten te komen en voegt een vleugje luxe toe aan de ervaring bij het uitpakken.<\/p>\n<p>De gladde afwerking van de lichtblauwe kartonnen doos geeft hem een gestroomlijnd en eersteklas uiterlijk, wat de algehele presentatie van de verpakte producten ten goede komt. Met de aanpassingsopties kunnen merkelementen, logo's en ontwerpen op de doos worden gedrukt, waardoor een persoonlijke en opvallende verpakkingsoplossing ontstaat.<\/p>\n<p>Of het nu gebruikt wordt voor retailproducten, speciale gelegenheden of promotieartikelen, de lichtblauwe ladeverpakkingsdoos zal klanten zeker boeien met zijn elegante ontwerp en aandacht voor detail. Deze verpakkingsoplossing beschermt niet alleen de producten die erin zitten, maar verhoogt ook de totale gepercipieerde waarde, waardoor het een perfecte keuze is voor merken die een blijvende indruk willen maken.<\/p>\n<h1><strong>Specificatie<\/strong><\/h1>\n<table style=\"height: 666px;\" width=\"1070\">\n<tbody>\n<tr>\n<td width=\"373\">Afmetingen<\/td>\n<td width=\"373\">Alle aangepaste maten en vormen<\/td>\n<\/tr>\n<tr>\n<td width=\"373\">MOQ<\/td>\n<td width=\"373\">500st<\/td>\n<\/tr>\n<tr>\n<td width=\"373\">Steekproeftijd<\/td>\n<td width=\"373\">3-5 dagen<\/td>\n<\/tr>\n<tr>\n<td width=\"373\">Standaardproces<\/td>\n<td width=\"373\">Stansen, lijmen, rillen, perforeren<\/td>\n<\/tr>\n<tr>\n<td width=\"373\">Afdrukken<\/td>\n<td width=\"373\">Cmyk, pms, geen afdrukken<\/td>\n<\/tr>\n<tr>\n<td width=\"373\">Materiaal Optie<\/td>\n<td width=\"373\">Wit kartonpapier, gecoat papier, kunstpapier, kraftpapier, ivoorkarton, duplexkarton, speciaal papier, enz.<\/td>\n<\/tr>\n<tr>\n<td width=\"373\">Oppervlakteafwerking<\/td>\n<td width=\"373\">Matte\/glanzende laminering, spot UVDebossing, reli\u00ebfdruk, foliedruk enz.<\/td>\n<\/tr>\n<tr>\n<td width=\"373\">Industrieel gebruik<\/td>\n<td width=\"373\">cosmetica, parfum, kleding, sieraden, tabak, voedsel, geschenken en dagelijkse goederen,<\/td>\n<\/tr>\n<tr>\n<td width=\"373\">Kwaliteitscontrole<\/td>\n<td width=\"373\">Het geavanceerde Materiaal en het Ervaren QC Team zullen materiaal, halffabrikaten en ge\u00ebindigd - producten strikt in elke stap v\u00f3\u00f3r controleren<\/td>\n<\/tr>\n<tr>\n<td width=\"373\">Prijs<\/td>\n<td width=\"373\">De uiteindelijke prijs wordt afgestemd op je product en de hoeveelheid die je nodig hebt<\/td>\n<\/tr>\n<tr>\n<td width=\"373\">Doorlooptijd<\/td>\n<td width=\"373\">7-14 werkdagen , spoed<\/td>\n<\/tr>\n<tr>\n<td width=\"373\">Papier<\/td>\n<td width=\"373\">10pt tot 28pt (60lb tot 400lb) milieuvriendelijk kraft, e-flute golfkarton, bux board, cardstock<\/td>\n<\/tr>\n<tr>\n<td width=\"373\">Formaat kunstwerk<\/td>\n<td width=\"373\">JPG, PDF, AI, CDR, EPS, GIF....<\/td>\n<\/tr>\n<tr>\n<td width=\"373\">Accessoires<\/td>\n<td width=\"373\">Magneet, lint, EVA-vorm, plastic dienblad, spons, PVC\/PET\/PP...<\/td>\n<\/tr>\n<tr>\n<td width=\"373\">Betalingstermijn<\/td>\n<td width=\"373\">T\/T, Western Union, Paypal, 30% aanbetaling en 70% saldo v\u00f3\u00f3r verzending.<\/td>\n<\/tr>\n<\/tbody>\n<\/table>\n<div class=\"widget block block-static-block\">\n<div class=\"landing-page-section option-bottom\">\n<div class=\"custom-materials-tabs-content container container-adjustment\">\n<div class=\"custom-materials-tab-content active\">\n<div class=\"widget block block-static-block\">\n<div class=\"options-items\">\n<div class=\"flex-grid-row-option\">\n<div class=\"flex-grid-item-option\">\n<div class=\"material-box\">\n<p>&nbsp;<\/p>\n<\/div>\n<\/div>\n<\/div>\n<\/div>\n<p><!---end of option item--><\/p>\n<\/div>\n<\/div>\n<\/div>\n<\/div>\n<\/div>","protected":false},"excerpt":{"rendered":"<p>1. Dankzij het ontwerp van de lade en de schuifopening kunnen gebruikers de lade gemakkelijk openen en sluiten, waardoor de bedieningstijd voor de gebruiker wordt verkort en de ervaring van het uitpakken wordt verbeterd.<br \/>\n2. Diverse maten kunnen worden aangepast volgens uw producten, geschikt voor de verpakking van diverse sieraden hanger dozen groothandel<br \/>\n3. Het gouden warmdrukfolieproces geeft de verpakking een gevoel van luxe en een hoogwaardige visuele presentatie.<\/p>","protected":false},"featured_media":4111,"template":"","meta":[],"product_brand":[],"product_cat":[30,415,31,426],"product_tag":[343,742,741],"class_list":{"0":"post-4107","1":"product","2":"type-product","3":"status-publish","4":"has-post-thumbnail","6":"product_cat-by-industry","7":"product_cat-custom-jewelry-boxes-by-industry","8":"product_cat-paper-box-style","9":"product_cat-paper-drawer-boxes","10":"product_tag-custom-bracelet-boxes","11":"product_tag-earring-gift-boxes-wholesale","12":"product_tag-luxury-ring-boxes","14":"first","15":"instock","16":"shipping-taxable","17":"product-type-grouped"},"_links":{"self":[{"href":"https:\/\/zojopackaging.com\/nl\/wp-json\/wp\/v2\/product\/4107","targetHints":{"allow":["GET"]}}],"collection":[{"href":"https:\/\/zojopackaging.com\/nl\/wp-json\/wp\/v2\/product"}],"about":[{"href":"https:\/\/zojopackaging.com\/nl\/wp-json\/wp\/v2\/types\/product"}],"version-history":[{"count":2,"href":"https:\/\/zojopackaging.com\/nl\/wp-json\/wp\/v2\/product\/4107\/revisions"}],"predecessor-version":[{"id":8434,"href":"https:\/\/zojopackaging.com\/nl\/wp-json\/wp\/v2\/product\/4107\/revisions\/8434"}],"wp:featuredmedia":[{"embeddable":true,"href":"https:\/\/zojopackaging.com\/nl\/wp-json\/wp\/v2\/media\/4111"}],"wp:attachment":[{"href":"https:\/\/zojopackaging.com\/nl\/wp-json\/wp\/v2\/media?parent=4107"}],"wp:term":[{"taxonomy":"product_brand","embeddable":true,"href":"https:\/\/zojopackaging.com\/nl\/wp-json\/wp\/v2\/product_brand?post=4107"},{"taxonomy":"product_cat","embeddable":true,"href":"https:\/\/zojopackaging.com\/nl\/wp-json\/wp\/v2\/product_cat?post=4107"},{"taxonomy":"product_tag","embeddable":true,"href":"https:\/\/zojopackaging.com\/nl\/wp-json\/wp\/v2\/product_tag?post=4107"}],"curies":[{"name":"wp","href":"https:\/\/api.w.org\/{rel}","templated":true}]}}