{"id":4125,"date":"2024-03-21T10:00:52","date_gmt":"2024-03-21T02:00:52","guid":{"rendered":"https:\/\/zojopackaging.com\/?post_type=product&#038;p=4125"},"modified":"2025-03-28T11:23:03","modified_gmt":"2025-03-28T03:23:03","slug":"two-way-drawer-packaging-box","status":"publish","type":"product","link":"https:\/\/zojopackaging.com\/nl\/product\/two-way-drawer-packaging-box\/","title":{"rendered":"Aangepaste afgedrukt luxe Vape Cartridge verpakking doos Groothandel"},"content":{"rendered":"<h1>Aangepaste afgedrukt luxe Vape Cartridge verpakking doos Groothandel<\/h1>\n<p>De verpakkingsdoos met twee lades is een veelzijdige en functionele verpakkingsoplossing die een uniek openingsmechanisme biedt voor eenvoudige toegang tot de inhoud binnenin. Dit innovatieve ontwerp heeft laden die aan beide kanten geopend kunnen worden, wat klanten gemak en flexibiliteit biedt tijdens het uitpakken.<\/p>\n<p>De tweezijdige ladebox is gemaakt van hoogwaardige materialen zoals duurzaam karton of karton en biedt bescherming en veiligheid voor de verpakte producten. De dubbele openingsfunctie voegt een vleugje interactiviteit en betrokkenheid toe, waardoor het een opvallende keuze is voor merken die een gedenkwaardige unboxing-ervaring willen cre\u00ebren.<\/p>\n<p>De strakke afwerking van de verpakkingsdoos met twee schuifladen geeft de doos een moderne en verfijnde uitstraling, waardoor de algehele presentatie van de producten erin wordt verbeterd. Aanpassingsopties zijn beschikbaar om merkelementen, logo's en ontwerpen toe te voegen aan de buitenkant van de doos, zodat bedrijven een persoonlijke en impactvolle verpakkingsoplossing kunnen cre\u00ebren.<\/p>\n<h1><strong>Specificatie<\/strong><\/h1>\n<table style=\"height: 666px;\" width=\"1070\">\n<tbody>\n<tr>\n<td width=\"373\">Afmetingen<\/td>\n<td width=\"373\">Alle aangepaste maten en vormen<\/td>\n<\/tr>\n<tr>\n<td width=\"373\">MOQ<\/td>\n<td width=\"373\">500st<\/td>\n<\/tr>\n<tr>\n<td width=\"373\">Steekproeftijd<\/td>\n<td width=\"373\">3-5 dagen<\/td>\n<\/tr>\n<tr>\n<td width=\"373\">Standaardproces<\/td>\n<td width=\"373\">Stansen, lijmen, rillen, perforeren<\/td>\n<\/tr>\n<tr>\n<td width=\"373\">Afdrukken<\/td>\n<td width=\"373\">Cmyk, pms, geen afdrukken<\/td>\n<\/tr>\n<tr>\n<td width=\"373\">Materiaal Optie<\/td>\n<td width=\"373\">Wit kartonpapier, gecoat papier, kunstpapier, kraftpapier, ivoorkarton, duplexkarton, speciaal papier, enz.<\/td>\n<\/tr>\n<tr>\n<td width=\"373\">Oppervlakteafwerking<\/td>\n<td width=\"373\">Matte\/glanzende laminering, spot UVDebossing, reli\u00ebfdruk, foliedruk enz.<\/td>\n<\/tr>\n<tr>\n<td width=\"373\">Industrieel gebruik<\/td>\n<td width=\"373\">cosmetica, parfum, kleding, sieraden, tabak, voedsel, geschenken en dagelijkse goederen,<\/td>\n<\/tr>\n<tr>\n<td width=\"373\">Kwaliteitscontrole<\/td>\n<td width=\"373\">Het geavanceerde Materiaal en het Ervaren QC Team zullen materiaal, halffabrikaten en ge\u00ebindigd - producten strikt in elke stap v\u00f3\u00f3r controleren<\/td>\n<\/tr>\n<tr>\n<td width=\"373\">Prijs<\/td>\n<td width=\"373\">De uiteindelijke prijs wordt afgestemd op je product en de hoeveelheid die je nodig hebt<\/td>\n<\/tr>\n<tr>\n<td width=\"373\">Doorlooptijd<\/td>\n<td width=\"373\">7-14 werkdagen , spoed<\/td>\n<\/tr>\n<tr>\n<td width=\"373\">Papier<\/td>\n<td width=\"373\">10pt tot 28pt (60lb tot 400lb) milieuvriendelijk kraft, e-flute golfkarton, bux board, cardstock<\/td>\n<\/tr>\n<tr>\n<td width=\"373\">Formaat kunstwerk<\/td>\n<td width=\"373\">JPG, PDF, AI, CDR, EPS, GIF....<\/td>\n<\/tr>\n<tr>\n<td width=\"373\">Accessoires<\/td>\n<td width=\"373\">Magneet, lint, EVA-vorm, plastic dienblad, spons, PVC\/PET\/PP...<\/td>\n<\/tr>\n<tr>\n<td width=\"373\">Betalingstermijn<\/td>\n<td width=\"373\">T\/T, Western Union, Paypal, 30% aanbetaling en 70% saldo v\u00f3\u00f3r verzending.<\/td>\n<\/tr>\n<\/tbody>\n<\/table>\n<div class=\"widget block block-static-block\">\n<div class=\"landing-page-section option-bottom\">\n<div class=\"custom-materials-tabs-content container container-adjustment\">\n<div class=\"custom-materials-tab-content active\">\n<div class=\"widget block block-static-block\">\n<div class=\"options-items\">\n<div class=\"flex-grid-row-option\">\n<div class=\"flex-grid-item-option\">\n<div class=\"material-box\">\n<p>&nbsp;<\/p>\n<\/div>\n<\/div>\n<\/div>\n<\/div>\n<p><!---end of option item--><\/p>\n<\/div>\n<\/div>\n<\/div>\n<\/div>\n<\/div>","protected":false},"excerpt":{"rendered":"<p>1. Dankzij het ontwerp van de ladebox en de schuifopening kunnen gebruikers de lade gemakkelijk openen en sluiten, wat het uitpakken een stuk aangenamer maakt.<br \/>\n2. Verschillende maten kunnen worden aangepast aan uw producten, geschikt voor de verpakking van verschillende cannabis vapes<br \/>\n3. De bedrukking op het doosoppervlak is duidelijk en heeft geen kleurverschil<\/p>","protected":false},"featured_media":4130,"template":"","meta":[],"product_brand":[],"product_cat":[30,420,31,426],"product_tag":[594,756,593],"class_list":{"0":"post-4125","1":"product","2":"type-product","3":"status-publish","4":"has-post-thumbnail","6":"product_cat-by-industry","7":"product_cat-custom-cannabis-boxes","8":"product_cat-paper-box-style","9":"product_cat-paper-drawer-boxes","10":"product_tag-custom-vape-packaging","11":"product_tag-vape-box-wholesale","12":"product_tag-vape-cartridge-packaging","14":"first","15":"instock","16":"shipping-taxable","17":"product-type-grouped"},"_links":{"self":[{"href":"https:\/\/zojopackaging.com\/nl\/wp-json\/wp\/v2\/product\/4125","targetHints":{"allow":["GET"]}}],"collection":[{"href":"https:\/\/zojopackaging.com\/nl\/wp-json\/wp\/v2\/product"}],"about":[{"href":"https:\/\/zojopackaging.com\/nl\/wp-json\/wp\/v2\/types\/product"}],"version-history":[{"count":2,"href":"https:\/\/zojopackaging.com\/nl\/wp-json\/wp\/v2\/product\/4125\/revisions"}],"predecessor-version":[{"id":8440,"href":"https:\/\/zojopackaging.com\/nl\/wp-json\/wp\/v2\/product\/4125\/revisions\/8440"}],"wp:featuredmedia":[{"embeddable":true,"href":"https:\/\/zojopackaging.com\/nl\/wp-json\/wp\/v2\/media\/4130"}],"wp:attachment":[{"href":"https:\/\/zojopackaging.com\/nl\/wp-json\/wp\/v2\/media?parent=4125"}],"wp:term":[{"taxonomy":"product_brand","embeddable":true,"href":"https:\/\/zojopackaging.com\/nl\/wp-json\/wp\/v2\/product_brand?post=4125"},{"taxonomy":"product_cat","embeddable":true,"href":"https:\/\/zojopackaging.com\/nl\/wp-json\/wp\/v2\/product_cat?post=4125"},{"taxonomy":"product_tag","embeddable":true,"href":"https:\/\/zojopackaging.com\/nl\/wp-json\/wp\/v2\/product_tag?post=4125"}],"curies":[{"name":"wp","href":"https:\/\/api.w.org\/{rel}","templated":true}]}}