{"id":4134,"date":"2024-03-21T10:04:33","date_gmt":"2024-03-21T02:04:33","guid":{"rendered":"https:\/\/zojopackaging.com\/?post_type=product&#038;p=4134"},"modified":"2025-03-28T10:10:46","modified_gmt":"2025-03-28T02:10:46","slug":"underwear-drawer-packaging-box","status":"publish","type":"product","link":"https:\/\/zojopackaging.com\/nl\/product\/underwear-drawer-packaging-box\/","title":{"rendered":"Vrouwen Ondergoed Schuiflade Verpakkende Doos"},"content":{"rendered":"<h1>Vrouwen Ondergoed Schuiflade Verpakkende Doos<\/h1>\n<p>De verpakkingsdoos met schuiflade voor damesondergoed is een gespecialiseerde en praktische verpakkingsoplossing die speciaal is ontworpen voor het opbergen en presenteren van ondergoed en lingerie. Dit innovatieve ontwerp heeft een opening in de vorm van een lade die gemakkelijk toegang geeft tot de kledingstukken binnenin, zodat klanten hun artikelen gemakkelijk kunnen pakken en opbergen.<\/p>\n<p>De ladebox voor ondergoed is gemaakt van hoogwaardige materialen zoals stevig karton of karton en biedt bescherming en organisatie voor de delicate kledingstukken. Het ontwerp van de lade zorgt ervoor dat het ondergoed netjes opgevouwen en veilig opgeborgen blijft tijdens opslag en transport, waardoor de vorm en kwaliteit behouden blijft.<\/p>\n<p>De strakke en moderne afwerking van de verpakkingsdoos voor de ondergoedlade geeft de doos een stijlvolle en verfijnde uitstraling, waardoor de algehele presentatie van de onderkleding wordt verbeterd. Aanpassingsopties zijn beschikbaar om merkelementen, logo's en ontwerpen toe te voegen aan de buitenkant van de doos, waardoor een persoonlijke en aantrekkelijke verpakkingsoplossing ontstaat.<\/p>\n<h1><strong>Specificatie<\/strong><\/h1>\n<table style=\"height: 666px;\" width=\"1070\">\n<tbody>\n<tr>\n<td width=\"373\">Afmetingen<\/td>\n<td width=\"373\">Alle aangepaste maten en vormen<\/td>\n<\/tr>\n<tr>\n<td width=\"373\">MOQ<\/td>\n<td width=\"373\">500st<\/td>\n<\/tr>\n<tr>\n<td width=\"373\">Steekproeftijd<\/td>\n<td width=\"373\">3-5 dagen<\/td>\n<\/tr>\n<tr>\n<td width=\"373\">Standaardproces<\/td>\n<td width=\"373\">Stansen, lijmen, rillen, perforeren<\/td>\n<\/tr>\n<tr>\n<td width=\"373\">Afdrukken<\/td>\n<td width=\"373\">Cmyk, pms, geen afdrukken<\/td>\n<\/tr>\n<tr>\n<td width=\"373\">Materiaal Optie<\/td>\n<td width=\"373\">Wit kartonpapier, gecoat papier, kunstpapier, kraftpapier, ivoorkarton, duplexkarton, speciaal papier, enz.<\/td>\n<\/tr>\n<tr>\n<td width=\"373\">Oppervlakteafwerking<\/td>\n<td width=\"373\">Matte\/glanzende laminering, spot UVDebossing, reli\u00ebfdruk, foliedruk enz.<\/td>\n<\/tr>\n<tr>\n<td width=\"373\">Industrieel gebruik<\/td>\n<td width=\"373\">cosmetica, parfum, kleding, sieraden, tabak, voedsel, geschenken en dagelijkse goederen,<\/td>\n<\/tr>\n<tr>\n<td width=\"373\">Kwaliteitscontrole<\/td>\n<td width=\"373\">Het geavanceerde Materiaal en het Ervaren QC Team zullen materiaal, halffabrikaten en ge\u00ebindigd - producten strikt in elke stap v\u00f3\u00f3r controleren<\/td>\n<\/tr>\n<tr>\n<td width=\"373\">Prijs<\/td>\n<td width=\"373\">De uiteindelijke prijs wordt afgestemd op je product en de hoeveelheid die je nodig hebt<\/td>\n<\/tr>\n<tr>\n<td width=\"373\">Doorlooptijd<\/td>\n<td width=\"373\">7-14 werkdagen , spoed<\/td>\n<\/tr>\n<tr>\n<td width=\"373\">Papier<\/td>\n<td width=\"373\">10pt tot 28pt (60lb tot 400lb) milieuvriendelijk kraft, e-flute golfkarton, bux board, cardstock<\/td>\n<\/tr>\n<tr>\n<td width=\"373\">Formaat kunstwerk<\/td>\n<td width=\"373\">JPG, PDF, AI, CDR, EPS, GIF....<\/td>\n<\/tr>\n<tr>\n<td width=\"373\">Accessoires<\/td>\n<td width=\"373\">Magneet, lint, EVA-vorm, plastic dienblad, spons, PVC\/PET\/PP...<\/td>\n<\/tr>\n<tr>\n<td width=\"373\">Betalingstermijn<\/td>\n<td width=\"373\">T\/T, Western Union, Paypal, 30% aanbetaling en 70% saldo v\u00f3\u00f3r verzending.<\/td>\n<\/tr>\n<\/tbody>\n<\/table>\n<div class=\"widget block block-static-block\">\n<div class=\"landing-page-section option-bottom\">\n<div class=\"custom-materials-tabs-content container container-adjustment\">\n<div class=\"custom-materials-tab-content active\">\n<div class=\"widget block block-static-block\">\n<div class=\"options-items\">\n<div class=\"flex-grid-row-option\">\n<div class=\"flex-grid-item-option\">\n<div class=\"material-box\">\n<p>&nbsp;<\/p>\n<\/div>\n<\/div>\n<\/div>\n<\/div>\n<p><!---end of option item--><\/p>\n<\/div>\n<\/div>\n<\/div>\n<\/div>\n<\/div>","protected":false},"excerpt":{"rendered":"<p>1. Roodgouden hot stamp folie, waardoor de verpakking een gevoel van luxe en hoogwaardige visuele presentatie geeft<br \/>\n2. Verschillende maten kunnen worden aangepast aan uw product, geschikt voor het verpakken van verschillende soorten kleding<br \/>\n3. Dankzij het ontwerp van de lade en de schuifopening kunnen gebruikers de lade gemakkelijk openen en sluiten, waardoor de bedieningstijd voor de gebruiker wordt verkort en de unboxing-ervaring wordt verbeterd.<\/p>","protected":false},"featured_media":4140,"template":"","meta":[],"product_brand":[],"product_cat":[30,415,31,426],"product_tag":[738,739,740],"class_list":{"0":"post-4134","1":"product","2":"type-product","3":"status-publish","4":"has-post-thumbnail","6":"product_cat-by-industry","7":"product_cat-custom-jewelry-boxes-by-industry","8":"product_cat-paper-box-style","9":"product_cat-paper-drawer-boxes","10":"product_tag-underwear-packaging-box","11":"product_tag-underwear-sliding-drawer-box","12":"product_tag-women-underwear-packaging","14":"first","15":"instock","16":"shipping-taxable","17":"product-type-grouped"},"_links":{"self":[{"href":"https:\/\/zojopackaging.com\/nl\/wp-json\/wp\/v2\/product\/4134","targetHints":{"allow":["GET"]}}],"collection":[{"href":"https:\/\/zojopackaging.com\/nl\/wp-json\/wp\/v2\/product"}],"about":[{"href":"https:\/\/zojopackaging.com\/nl\/wp-json\/wp\/v2\/types\/product"}],"version-history":[{"count":2,"href":"https:\/\/zojopackaging.com\/nl\/wp-json\/wp\/v2\/product\/4134\/revisions"}],"predecessor-version":[{"id":8433,"href":"https:\/\/zojopackaging.com\/nl\/wp-json\/wp\/v2\/product\/4134\/revisions\/8433"}],"wp:featuredmedia":[{"embeddable":true,"href":"https:\/\/zojopackaging.com\/nl\/wp-json\/wp\/v2\/media\/4140"}],"wp:attachment":[{"href":"https:\/\/zojopackaging.com\/nl\/wp-json\/wp\/v2\/media?parent=4134"}],"wp:term":[{"taxonomy":"product_brand","embeddable":true,"href":"https:\/\/zojopackaging.com\/nl\/wp-json\/wp\/v2\/product_brand?post=4134"},{"taxonomy":"product_cat","embeddable":true,"href":"https:\/\/zojopackaging.com\/nl\/wp-json\/wp\/v2\/product_cat?post=4134"},{"taxonomy":"product_tag","embeddable":true,"href":"https:\/\/zojopackaging.com\/nl\/wp-json\/wp\/v2\/product_tag?post=4134"}],"curies":[{"name":"wp","href":"https:\/\/api.w.org\/{rel}","templated":true}]}}