{"id":4170,"date":"2024-03-21T10:37:14","date_gmt":"2024-03-21T02:37:14","guid":{"rendered":"https:\/\/zojopackaging.com\/?post_type=product&#038;p=4170"},"modified":"2025-04-03T12:51:52","modified_gmt":"2025-04-03T04:51:52","slug":"valentines-day-gift-packaging-box","status":"publish","type":"product","link":"https:\/\/zojopackaging.com\/nl\/product\/valentines-day-gift-packaging-box\/","title":{"rendered":"Aangepaste Valentijnsdag geschenk magnetische verpakking doos Maker"},"content":{"rendered":"<h1>Aangepaste Valentijnsdag geschenk magnetische verpakking doos Maker<\/h1>\n<p>De geschenkverpakking voor Valentijnsdag is een charmante en romantische verpakkingsoplossing die is ontworpen om een speciaal tintje te geven aan geschenken die worden uitgewisseld bij deze liefdevolle gelegenheid. Dit unieke ontwerp heeft een heerlijk en feestelijk thema dat de geest van Valentijnsdag weergeeft, waardoor het de perfecte keuze is voor het verpakken van geschenken voor geliefden.<\/p>\n<p>De geschenkverpakking voor Valentijnsdag is gemaakt van hoogwaardige materialen zoals hoogwaardig karton of karton en biedt zowel duurzaamheid als visuele aantrekkingskracht. De doos kan worden versierd met romantische motieven, zoals harten, rozen of Cupido, om een grillig en betoverend ontwerp te cre\u00ebren dat de perfecte toon zet voor de gelegenheid.<\/p>\n<p>De levendige en kleurrijke afwerking van de geschenkverpakking voor Valentijnsdag voegt een feestelijk element toe en verbetert de algemene presentatie van de geschenken die erin zitten. Aan de buitenkant van de doos kunnen persoonlijke boodschappen, namen of ontwerpen worden toegevoegd, zodat cadeaugevers een unieke en hartverwarmende verpakkingsoplossing kunnen cre\u00ebren.<\/p>\n<p>Of het nu wordt gebruikt voor het presenteren van chocolade, juwelen, bloemen of andere speciale geschenken, de Valentijnsdag geschenkverpakking zal de ontvangers zeker verrukken met zijn doordachte en romantische ontwerp. Deze verpakkingsoplossing voegt niet alleen een extra laag charme en opwinding toe aan de cadeau-ervaring, maar dient ook als een prachtig aandenken dat de liefde en genegenheid deelt op Valentijnsdag.<\/p>\n<h1><strong>Specificatie<\/strong><\/h1>\n<table style=\"border-collapse: collapse; width: 759.02pt;\" border=\"0\" width=\"1012\" cellspacing=\"0\" cellpadding=\"0\">\n<tbody>\n<tr style=\"height: 16.50pt;\">\n<td class=\"et3\" style=\"height: 16.50pt; width: 379.50pt;\" width=\"506\" height=\"22\">Afmetingen<\/td>\n<td class=\"et3\" style=\"width: 379.50pt;\" width=\"506\">Alle aangepaste maten en vormen<\/td>\n<\/tr>\n<tr style=\"height: 16.50pt;\">\n<td class=\"et3\" style=\"height: 16.50pt;\" height=\"22\">Min.hoeveelheid<\/td>\n<td class=\"et3\">50 dozen (optie voor harde monsters beschikbaar)<\/td>\n<\/tr>\n<tr style=\"height: 16.50pt;\">\n<td class=\"et3\" style=\"height: 16.50pt;\" height=\"22\">Standaardproces<\/td>\n<td class=\"et3\">Stansen, lijmen, rillen, perforeren<\/td>\n<\/tr>\n<tr style=\"height: 16.50pt;\">\n<td class=\"et3\" style=\"height: 16.50pt;\" height=\"22\">Afdrukken<\/td>\n<td class=\"et3\">Cmyk, pms, geen afdrukken<\/td>\n<\/tr>\n<tr style=\"height: 16.50pt;\">\n<td class=\"et3\" style=\"height: 16.50pt;\" height=\"22\">Materiaal Optie<\/td>\n<td class=\"et3\">Wit kartonpapier, gecoat papier, kunstpapier, kraftpapier, ivoorkarton, duplexkarton, speciaal papier, enz.<\/td>\n<\/tr>\n<tr style=\"height: 17.25pt;\">\n<td class=\"et3\" style=\"height: 17.25pt;\" height=\"23\">Oppervlakteafwerking<\/td>\n<td class=\"et4\" style=\"width: 379.50pt;\" width=\"506\">Matte\/glanzende laminering, spot UVDebossing, reli\u00ebfdruk, foliedruk enz.<\/td>\n<\/tr>\n<tr style=\"height: 17.25pt;\">\n<td class=\"et4\" style=\"height: 17.25pt; width: 379.50pt;\" width=\"506\" height=\"23\">Industrieel gebruik<\/td>\n<td class=\"et4\" style=\"width: 379.50pt;\" width=\"506\">cosmetica, parfum, kleding, sieraden, tabak, voedsel, geschenken en dagelijkse goederen,<\/td>\n<\/tr>\n<tr style=\"height: 34.50pt;\">\n<td class=\"et4\" style=\"height: 34.50pt; width: 379.50pt;\" width=\"506\" height=\"46\">Kwaliteitscontrole<\/td>\n<td class=\"et4\" style=\"width: 379.50pt;\" width=\"506\">Het geavanceerde Materiaal en het Ervaren QC Team zullen materiaal, halffabrikaten en ge\u00ebindigd - producten strikt in elke stap v\u00f3\u00f3r controleren<\/td>\n<\/tr>\n<tr style=\"height: 34.50pt;\">\n<td class=\"et4\" style=\"height: 34.50pt; width: 379.50pt;\" width=\"506\" height=\"46\">Prijs<\/td>\n<td class=\"et4\" style=\"width: 379.50pt;\" width=\"506\">De uiteindelijke prijs wordt afgestemd op je product en de hoeveelheid die je nodig hebt<\/td>\n<\/tr>\n<tr style=\"height: 16.50pt;\">\n<td class=\"et3\" style=\"height: 16.50pt;\" height=\"22\">Doorlooptijd<\/td>\n<td class=\"et3\">10-12 werkdagen, spoed<\/td>\n<\/tr>\n<tr style=\"height: 16.50pt;\">\n<td class=\"et3\" style=\"height: 16.50pt;\" height=\"22\">Papier<\/td>\n<td class=\"et3\">10pt tot 28pt (60lb tot 400lb) milieuvriendelijk kraft, e-flute golfkarton, bux board, cardstock<\/td>\n<\/tr>\n<tr style=\"height: 16.50pt;\">\n<td class=\"et3\" style=\"height: 16.50pt;\" height=\"22\">Bewijs<\/td>\n<td class=\"et3\">Platte weergave, 3D-mock-up, fysieke bemonstering (op aanvraag)<\/td>\n<\/tr>\n<\/tbody>\n<\/table>\n<div class=\"widget block block-static-block\">\n<div class=\"landing-page-section option-bottom\">\n<div class=\"custom-materials-tabs-content container container-adjustment\">\n<div class=\"custom-materials-tab-content active\">\n<div class=\"widget block block-static-block\">\n<div class=\"options-items\">\n<div class=\"flex-grid-row-option\">\n<div class=\"flex-grid-item-option\">\n<div class=\"material-box\">\n<div class=\"material-des\">\n<p>&nbsp;<\/p>\n<\/div>\n<p>&nbsp;<\/p>\n<\/div>\n<\/div>\n<\/div>\n<\/div>\n<p><!---end of option item--><\/p>\n<\/div>\n<\/div>\n<\/div>\n<\/div>\n<\/div>","protected":false},"excerpt":{"rendered":"<p>Je kunt je valentijnscadeaudoosjes op verschillende manieren personaliseren: Glitterpapier, logo's in reli\u00ebf, foliedruk, fluwelen inleg enz.<\/p>\n<p>Type materiaal: Milieuvriendelijk, hebben certificering van FSC\/ISO\/BSCI<br \/>\nProductietijd: Steekproef 1-3 dagen; Bulk 7-9 dagen<br \/>\nVerzendings tijd: Uitdrukkelijk 3-7 dagen; Lucht 12-16 dagen; Boot 25-30 dagen (verschillende landen hebben verschillende tijden)<\/p>\n<p>Prijs: Neem contact met ons op om onderzoek te sturen!<\/p>","protected":false},"featured_media":4174,"template":"","meta":[],"product_brand":[],"product_cat":[30,423,424,31],"product_tag":[809,810,811],"class_list":{"0":"post-4170","1":"product","2":"type-product","3":"status-publish","4":"has-post-thumbnail","6":"product_cat-by-industry","7":"product_cat-custom-presentation-boxes-by-industry","8":"product_cat-magnetic-closure-boxes","9":"product_cat-paper-box-style","10":"product_tag-custom-valentines-day-gift-box","11":"product_tag-magnetic-box-maker","12":"product_tag-packaging-box-maker","14":"first","15":"instock","16":"shipping-taxable","17":"product-type-grouped"},"_links":{"self":[{"href":"https:\/\/zojopackaging.com\/nl\/wp-json\/wp\/v2\/product\/4170","targetHints":{"allow":["GET"]}}],"collection":[{"href":"https:\/\/zojopackaging.com\/nl\/wp-json\/wp\/v2\/product"}],"about":[{"href":"https:\/\/zojopackaging.com\/nl\/wp-json\/wp\/v2\/types\/product"}],"version-history":[{"count":1,"href":"https:\/\/zojopackaging.com\/nl\/wp-json\/wp\/v2\/product\/4170\/revisions"}],"predecessor-version":[{"id":8465,"href":"https:\/\/zojopackaging.com\/nl\/wp-json\/wp\/v2\/product\/4170\/revisions\/8465"}],"wp:featuredmedia":[{"embeddable":true,"href":"https:\/\/zojopackaging.com\/nl\/wp-json\/wp\/v2\/media\/4174"}],"wp:attachment":[{"href":"https:\/\/zojopackaging.com\/nl\/wp-json\/wp\/v2\/media?parent=4170"}],"wp:term":[{"taxonomy":"product_brand","embeddable":true,"href":"https:\/\/zojopackaging.com\/nl\/wp-json\/wp\/v2\/product_brand?post=4170"},{"taxonomy":"product_cat","embeddable":true,"href":"https:\/\/zojopackaging.com\/nl\/wp-json\/wp\/v2\/product_cat?post=4170"},{"taxonomy":"product_tag","embeddable":true,"href":"https:\/\/zojopackaging.com\/nl\/wp-json\/wp\/v2\/product_tag?post=4170"}],"curies":[{"name":"wp","href":"https:\/\/api.w.org\/{rel}","templated":true}]}}