{"id":4285,"date":"2024-03-21T15:54:56","date_gmt":"2024-03-21T07:54:56","guid":{"rendered":"https:\/\/zojopackaging.com\/?post_type=product&#038;p=4285"},"modified":"2025-03-28T14:13:09","modified_gmt":"2025-03-28T06:13:09","slug":"portable-electronic-cigarette-box","status":"publish","type":"product","link":"https:\/\/zojopackaging.com\/nl\/product\/portable-electronic-cigarette-box\/","title":{"rendered":"Aangepaste Vape Pen deksel en Base Box Groothandel in China"},"content":{"rendered":"<h1>Aangepaste Vape Pen deksel en Base Box Groothandel in China<\/h1>\n<p>De Electronic Cigarette Box is een draagbaar en handig apparaat dat is ontworpen voor liefhebbers van vaping.<\/p>\n<ul>\n<li>Batterij: De elektronische sigarettendoos wordt aangedreven door een oplaadbare batterij die de energie levert die nodig is om de e-vloeistof te verhitten en damp te produceren.<\/li>\n<li>Tank: De tank, ook bekend als de atomizer of clearomizer, is waar de e-vloeistof wordt opgeslagen. Het bevat een spoel die opwarmt wanneer het wordt geactiveerd, waardoor de e-vloeistof in damp wordt omgezet.<\/li>\n<li>Bedieningspaneel: Veel elektronische sigarettenboxen hebben een bedieningspaneel met knoppen om instellingen zoals wattage, temperatuur en luchtstroom aan te passen om de vaping-ervaring aan te passen.<\/li>\n<li>Beeldscherm: Sommige modellen hebben een OLED- of LED-display dat belangrijke informatie weergeeft, zoals de levensduur van de batterij, wattage, weerstand en het aantal trekjes.<\/li>\n<li>Veiligheidsfuncties: Elektronische sigarettenboxen hebben vaak ingebouwde veiligheidsfuncties zoals bescherming tegen kortsluiting, oververhitting en waarschuwing als de batterij bijna leeg is, voor een veilig gebruik.<\/li>\n<li>Aanpassingsopties: Gebruikers kunnen hun vaping-ervaring vaak aanpassen door instellingen als wattage, temperatuur en luchtstroom aan te passen aan hun voorkeuren.<\/li>\n<li>Ontwerp: Elektronische sigarettendoosjes zijn er in verschillende ontwerpen, maten en kleuren om tegemoet te komen aan verschillende smaken en stijlen.<\/li>\n<\/ul>\n<h1><strong>Specificatie<\/strong><\/h1>\n<div class=\"widget block block-static-block\">\n<div class=\"landing-page-section option-bottom\">\n<div class=\"custom-materials-tabs-content container container-adjustment\">\n<div class=\"custom-materials-tab-content active\">\n<div class=\"widget block block-static-block\">\n<div class=\"options-items\">\n<div class=\"flex-grid-row-option\">\n<div class=\"flex-grid-item-option\">\n<div class=\"material-box\">\n<div class=\"material-des\">\n<table width=\"1070\">\n<tbody>\n<tr>\n<td width=\"373\">Afmetingen<\/td>\n<td width=\"373\">Alle aangepaste maten en vormen<\/td>\n<\/tr>\n<tr>\n<td width=\"373\">MOQ<\/td>\n<td width=\"373\">500st<\/td>\n<\/tr>\n<tr>\n<td width=\"373\">Steekproeftijd<\/td>\n<td width=\"373\">\u00a03-5 dagen<\/td>\n<\/tr>\n<tr>\n<td width=\"373\">Standaardproces<\/td>\n<td width=\"373\">Stansen, lijmen, rillen, perforeren<\/td>\n<\/tr>\n<tr>\n<td width=\"373\">Afdrukken<\/td>\n<td width=\"373\">Cmyk, pms, geen afdrukken<\/td>\n<\/tr>\n<tr>\n<td width=\"373\">Materiaal Optie<\/td>\n<td width=\"373\">Wit kartonpapier, gecoat papier, kunstpapier, kraftpapier, ivoorkarton, duplexkarton, speciaal papier, enz.<\/td>\n<\/tr>\n<tr>\n<td width=\"373\">Oppervlakteafwerking<\/td>\n<td width=\"373\">Matte\/glanzende laminering, spot UVDebossing, reli\u00ebfdruk, foliedruk enz.<\/td>\n<\/tr>\n<tr>\n<td width=\"373\">Industrieel gebruik<\/td>\n<td width=\"373\">cosmetica, parfum, kleding, sieraden, tabak, voedsel, geschenken en dagelijkse goederen,<\/td>\n<\/tr>\n<tr>\n<td width=\"373\">Kwaliteitscontrole<\/td>\n<td width=\"373\">Het geavanceerde Materiaal en het Ervaren QC Team zullen materiaal, halffabrikaten en ge\u00ebindigd - producten strikt in elke stap v\u00f3\u00f3r controleren<\/td>\n<\/tr>\n<tr>\n<td width=\"373\">Prijs<\/td>\n<td width=\"373\">De uiteindelijke prijs wordt afgestemd op je product en de hoeveelheid die je nodig hebt<\/td>\n<\/tr>\n<tr>\n<td width=\"373\">Doorlooptijd<\/td>\n<td width=\"373\">7-14 werkdagen , spoed<\/td>\n<\/tr>\n<tr>\n<td width=\"373\">Papier<\/td>\n<td width=\"373\">10pt tot 28pt (60lb tot 400lb) milieuvriendelijk kraft, e-flute golfkarton, bux board, cardstock<\/td>\n<\/tr>\n<tr>\n<td width=\"373\">Formaat kunstwerk<\/td>\n<td width=\"373\">JPG, PDF, AI, CDR, EPS, GIF....<\/td>\n<\/tr>\n<tr>\n<td width=\"373\">Accessoires<\/td>\n<td width=\"373\">Magneet, lint, EVA-vorm, plastic dienblad, spons, PVC\/PET\/PP...<\/td>\n<\/tr>\n<tr>\n<td width=\"373\">Betalingstermijn<\/td>\n<td width=\"373\">T\/T, Western Union, Paypal, 30% aanbetaling en 70% saldo v\u00f3\u00f3r verzending.<\/td>\n<\/tr>\n<\/tbody>\n<\/table>\n<\/div>\n<\/div>\n<\/div>\n<\/div>\n<\/div>\n<\/div>\n<\/div>\n<\/div>\n<\/div>\n<\/div>\n<h1><strong style=\"font-size: 16px;\">OP ZOEK NAAR DE EXPERTISE VAN EEN PROFESSIONAL IN HET ONTWERPEN VAN DE AANGEPASTE DOZEN<\/strong><\/h1>\n<div class=\"widget block block-static-block\">\n<div class=\"landing-page-section option-bottom\">\n<div class=\"custom-materials-tabs-content container container-adjustment\">\n<div class=\"custom-materials-tab-content active\">\n<div class=\"widget block block-static-block\">\n<div class=\"options-items\">\n<div class=\"flex-grid-row-option\">\n<div class=\"flex-grid-item-option\">\n<div class=\"material-box\">\n<div class=\"material-des\">\n<p>De Custom Packaging heeft een team van deskundige ontwerpers die je helpen de beste\u00a0<strong>Einddozen met aangepaste afdichting<\/strong>\u00a0volgens jouw wensen. Onze ontwerpers helpen je bij het kiezen van het beste materiaal, de vorm, de grootte en de kleur voor het ontwerpen van de aangepaste doos van je eigen keuze. Bovendien kun je ook begeleiding krijgen van onze professionals zonder extra geld in rekening te brengen. Het productieproces van de op maat gemaakte einddozen voor afdichtingen zal niet worden gestart, tenzij het wordt goedgekeurd door de klanten. Onze ontwerpers leveren gratis monsters van de dozen met de uiteindelijke ontwerpen voorafgaand aan het productieproces om klanten te laten weten wat ze krijgen.<\/p>\n<h2><strong>WE HELPEN KLANTEN BIJ ELKE STAP<\/strong><\/h2>\n<p>Ons team bij Custom Packaging is er om onze klanten bij elke stap te helpen. We zorgen ervoor dat we onze klanten onze beste aanpassingsdiensten tegen groothandelsprijzen kunnen aanbieden. Neem contact met ons op via e-mail of bel ons om uw bestellingen van ons te krijgen. We beloven aan alle verpakkingsvereisten van onze waardevolle klanten te voldoen.<\/p>\n<\/div>\n<p>&nbsp;<\/p>\n<\/div>\n<\/div>\n<\/div>\n<\/div>\n<p><!---end of option item--><\/p>\n<\/div>\n<\/div>\n<\/div>\n<\/div>\n<\/div>","protected":false},"excerpt":{"rendered":"<p>Een klassieke stijve verpakking van een vape-pen. Aangepast met eigen ontwerp van de klant op de doos.<\/p>\n<p>Type materiaal: Milieuvriendelijk, hebben certificering van FSC\/ISO\/BSCI<br \/>\nProductietijd: Steekproef 1-3 dagen; Bulk 7-9 dagen<br \/>\nVerzendings tijd: Uitdrukkelijk 3-7 dagen; Lucht 12-16 dagen; Boot 25-30 dagen (verschillende landen hebben verschillende tijden)<\/p>\n<p>Prijs: Neem contact met ons op om onderzoek te sturen!<\/p>\n<p>&nbsp;<\/p>","protected":false},"featured_media":4288,"template":"","meta":[],"product_brand":[],"product_cat":[30,420,425,31],"product_tag":[791,789,790],"class_list":{"0":"post-4285","1":"product","2":"type-product","3":"status-publish","4":"has-post-thumbnail","6":"product_cat-by-industry","7":"product_cat-custom-cannabis-boxes","8":"product_cat-lid-and-base-gift-box","9":"product_cat-paper-box-style","10":"product_tag-box-wholesale-in-china","11":"product_tag-custom-vape-pen-box","12":"product_tag-vape-pen-box-wholesale","14":"first","15":"instock","16":"shipping-taxable","17":"product-type-grouped"},"_links":{"self":[{"href":"https:\/\/zojopackaging.com\/nl\/wp-json\/wp\/v2\/product\/4285","targetHints":{"allow":["GET"]}}],"collection":[{"href":"https:\/\/zojopackaging.com\/nl\/wp-json\/wp\/v2\/product"}],"about":[{"href":"https:\/\/zojopackaging.com\/nl\/wp-json\/wp\/v2\/types\/product"}],"version-history":[{"count":2,"href":"https:\/\/zojopackaging.com\/nl\/wp-json\/wp\/v2\/product\/4285\/revisions"}],"predecessor-version":[{"id":8457,"href":"https:\/\/zojopackaging.com\/nl\/wp-json\/wp\/v2\/product\/4285\/revisions\/8457"}],"wp:featuredmedia":[{"embeddable":true,"href":"https:\/\/zojopackaging.com\/nl\/wp-json\/wp\/v2\/media\/4288"}],"wp:attachment":[{"href":"https:\/\/zojopackaging.com\/nl\/wp-json\/wp\/v2\/media?parent=4285"}],"wp:term":[{"taxonomy":"product_brand","embeddable":true,"href":"https:\/\/zojopackaging.com\/nl\/wp-json\/wp\/v2\/product_brand?post=4285"},{"taxonomy":"product_cat","embeddable":true,"href":"https:\/\/zojopackaging.com\/nl\/wp-json\/wp\/v2\/product_cat?post=4285"},{"taxonomy":"product_tag","embeddable":true,"href":"https:\/\/zojopackaging.com\/nl\/wp-json\/wp\/v2\/product_tag?post=4285"}],"curies":[{"name":"wp","href":"https:\/\/api.w.org\/{rel}","templated":true}]}}