{"id":4292,"date":"2024-03-21T16:02:55","date_gmt":"2024-03-21T08:02:55","guid":{"rendered":"https:\/\/zojopackaging.com\/?post_type=product&#038;p=4292"},"modified":"2025-03-28T13:59:55","modified_gmt":"2025-03-28T05:59:55","slug":"headphone-packaging-box","status":"publish","type":"product","link":"https:\/\/zojopackaging.com\/nl\/product\/headphone-packaging-box\/","title":{"rendered":"Rigide de Doos van de Douanekoptelefoon voor Collectieve Dozenfabrikant"},"content":{"rendered":"<h1>Rigide de Doos van de Douanekoptelefoon voor Collectieve Dozenfabrikant<\/h1>\n<p>De verpakkingsdoos voor hoofdtelefoons is ontworpen om hoofdtelefoons veilig op te bergen en te presenteren voor de detailhandel of als onderdeel van een productverpakking.<\/p>\n<ul>\n<li>Materiaal: De doos is meestal gemaakt van stevig karton om de hoofdtelefoon te beschermen tijdens het transport en de verwerking.<\/li>\n<li>Ontwerp: Het ontwerp van de doos kan vari\u00ebren, maar bevat vaak een voorpaneel met een doorzichtig plastic venster om de hoofdtelefoon binnenin te laten zien. Het ontwerp kan ook branding, productinformatie en aantrekkelijke afbeeldingen bevatten om klanten aan te trekken.<\/li>\n<li>Inzetstukken: Veel verpakkingsdozen voor hoofdtelefoons bevatten speciale inzetstukken of schuimvulling om de hoofdtelefoon stevig op zijn plaats te houden en schade tijdens het transport te voorkomen.<\/li>\n<li>Sluiting: Het doosje kan een klepsluiting of magnetische sluiting hebben om de hoofdtelefoon veilig binnen te houden.<\/li>\n<li>Formaat: Het formaat van het doosje is afgestemd op de specifieke hoofdtelefoon waarvoor het is bedoeld, zodat het goed past en professioneel wordt gepresenteerd.<\/li>\n<li>Aanvullende informatie: De verpakking kan details bevatten over de hoofdtelefoon, zoals specificaties, functies en informatie over de garantie.<\/li>\n<li>Branding: De doos is vaak voorzien van het merklogo en de merknaam om klanten te helpen het product te herkennen en merkherkenning op te bouwen.<\/li>\n<\/ul>\n<h1><strong>Specificatie<\/strong><\/h1>\n<div class=\"widget block block-static-block\">\n<div class=\"landing-page-section option-bottom\">\n<div class=\"custom-materials-tabs-content container container-adjustment\">\n<div class=\"custom-materials-tab-content active\">\n<div class=\"widget block block-static-block\">\n<div class=\"options-items\">\n<div class=\"flex-grid-row-option\">\n<div class=\"flex-grid-item-option\">\n<div class=\"material-box\">\n<div class=\"material-des\">\n<table width=\"1070\">\n<tbody>\n<tr>\n<td width=\"373\">Afmetingen<\/td>\n<td width=\"373\">Alle aangepaste maten en vormen<\/td>\n<\/tr>\n<tr>\n<td width=\"373\">MOQ<\/td>\n<td width=\"373\">500st<\/td>\n<\/tr>\n<tr>\n<td width=\"373\">Steekproeftijd<\/td>\n<td width=\"373\">\u00a03-5 dagen<\/td>\n<\/tr>\n<tr>\n<td width=\"373\">Standaardproces<\/td>\n<td width=\"373\">Stansen, lijmen, rillen, perforeren<\/td>\n<\/tr>\n<tr>\n<td width=\"373\">Afdrukken<\/td>\n<td width=\"373\">Cmyk, pms, geen afdrukken<\/td>\n<\/tr>\n<tr>\n<td width=\"373\">Materiaal Optie<\/td>\n<td width=\"373\">Wit kartonpapier, gecoat papier, kunstpapier, kraftpapier, ivoorkarton, duplexkarton, speciaal papier, enz.<\/td>\n<\/tr>\n<tr>\n<td width=\"373\">Oppervlakteafwerking<\/td>\n<td width=\"373\">Matte\/glanzende laminering, spot UVDebossing, reli\u00ebfdruk, foliedruk enz.<\/td>\n<\/tr>\n<tr>\n<td width=\"373\">Industrieel gebruik<\/td>\n<td width=\"373\">cosmetica, parfum, kleding, sieraden, tabak, voedsel, geschenken en dagelijkse goederen,<\/td>\n<\/tr>\n<tr>\n<td width=\"373\">Kwaliteitscontrole<\/td>\n<td width=\"373\">Het geavanceerde Materiaal en het Ervaren QC Team zullen materiaal, halffabrikaten en ge\u00ebindigd - producten strikt in elke stap v\u00f3\u00f3r controleren<\/td>\n<\/tr>\n<tr>\n<td width=\"373\">Prijs<\/td>\n<td width=\"373\">De uiteindelijke prijs wordt afgestemd op je product en de hoeveelheid die je nodig hebt<\/td>\n<\/tr>\n<tr>\n<td width=\"373\">Doorlooptijd<\/td>\n<td width=\"373\">7-14 werkdagen , spoed<\/td>\n<\/tr>\n<tr>\n<td width=\"373\">Papier<\/td>\n<td width=\"373\">10pt tot 28pt (60lb tot 400lb) milieuvriendelijk kraft, e-flute golfkarton, bux board, cardstock<\/td>\n<\/tr>\n<tr>\n<td width=\"373\">Formaat kunstwerk<\/td>\n<td width=\"373\">JPG, PDF, AI, CDR, EPS, GIF....<\/td>\n<\/tr>\n<tr>\n<td width=\"373\">Accessoires<\/td>\n<td width=\"373\">Magneet, lint, EVA-vorm, plastic dienblad, spons, PVC\/PET\/PP...<\/td>\n<\/tr>\n<tr>\n<td width=\"373\">Betalingstermijn<\/td>\n<td width=\"373\">T\/T, Western Union, Paypal, 30% aanbetaling en 70% saldo v\u00f3\u00f3r verzending.<\/td>\n<\/tr>\n<\/tbody>\n<\/table>\n<\/div>\n<\/div>\n<\/div>\n<\/div>\n<\/div>\n<\/div>\n<\/div>\n<\/div>\n<\/div>\n<\/div>\n<div class=\"widget block block-static-block\">\n<div class=\"landing-page-section option-bottom\">\n<div class=\"custom-materials-tabs-content container container-adjustment\">\n<div class=\"custom-materials-tab-content active\">\n<div class=\"widget block block-static-block\">\n<div class=\"options-items\">\n<div class=\"flex-grid-row-option\">\n<div class=\"flex-grid-item-option\">\n<div class=\"material-box\">\n<p>&nbsp;<\/p>\n<\/div>\n<\/div>\n<\/div>\n<\/div>\n<p><!---end of option item--><\/p>\n<\/div>\n<\/div>\n<\/div>\n<\/div>\n<\/div>","protected":false},"excerpt":{"rendered":"<p>Koptelefoons op maat zijn een superleuke manier om je bedrijfslogo of -kleuren toe te voegen aan een geschenk. Deze zijn een geweldige aanvulling op aangepaste relatiegeschenken, beursoverlevingen.<\/p>\n<p>Type materiaal: Milieuvriendelijk, hebben certificering van FSC\/ISO\/BSCI<br \/>\nProductietijd: Steekproef 1-3 dagen; Bulk 7-9 dagen<br \/>\nVerzendings tijd: Uitdrukkelijk 3-7 dagen; Lucht 12-16 dagen; Boot 25-30 dagen (verschillende landen hebben verschillende tijden)<\/p>\n<p>Prijs: Neem contact met ons op om onderzoek te sturen!<\/p>","protected":false},"featured_media":4297,"template":"","meta":[],"product_brand":[],"product_cat":[30,413,425,31],"product_tag":[785,784,786],"class_list":{"0":"post-4292","1":"product","2":"type-product","3":"status-publish","4":"has-post-thumbnail","6":"product_cat-by-industry","7":"product_cat-consumer-electronics-boxes","8":"product_cat-lid-and-base-gift-box","9":"product_cat-paper-box-style","10":"product_tag-corporate-boxes-manufacturer","11":"product_tag-custom-headphones-rigid-box","12":"product_tag-headphones-rigid-box","14":"first","15":"instock","16":"shipping-taxable","17":"product-type-grouped"},"_links":{"self":[{"href":"https:\/\/zojopackaging.com\/nl\/wp-json\/wp\/v2\/product\/4292","targetHints":{"allow":["GET"]}}],"collection":[{"href":"https:\/\/zojopackaging.com\/nl\/wp-json\/wp\/v2\/product"}],"about":[{"href":"https:\/\/zojopackaging.com\/nl\/wp-json\/wp\/v2\/types\/product"}],"version-history":[{"count":2,"href":"https:\/\/zojopackaging.com\/nl\/wp-json\/wp\/v2\/product\/4292\/revisions"}],"predecessor-version":[{"id":8455,"href":"https:\/\/zojopackaging.com\/nl\/wp-json\/wp\/v2\/product\/4292\/revisions\/8455"}],"wp:featuredmedia":[{"embeddable":true,"href":"https:\/\/zojopackaging.com\/nl\/wp-json\/wp\/v2\/media\/4297"}],"wp:attachment":[{"href":"https:\/\/zojopackaging.com\/nl\/wp-json\/wp\/v2\/media?parent=4292"}],"wp:term":[{"taxonomy":"product_brand","embeddable":true,"href":"https:\/\/zojopackaging.com\/nl\/wp-json\/wp\/v2\/product_brand?post=4292"},{"taxonomy":"product_cat","embeddable":true,"href":"https:\/\/zojopackaging.com\/nl\/wp-json\/wp\/v2\/product_cat?post=4292"},{"taxonomy":"product_tag","embeddable":true,"href":"https:\/\/zojopackaging.com\/nl\/wp-json\/wp\/v2\/product_tag?post=4292"}],"curies":[{"name":"wp","href":"https:\/\/api.w.org\/{rel}","templated":true}]}}