{"id":4422,"date":"2024-03-22T14:26:55","date_gmt":"2024-03-22T06:26:55","guid":{"rendered":"https:\/\/zojopackaging.com\/?post_type=product&#038;p=4422"},"modified":"2025-03-28T11:37:33","modified_gmt":"2025-03-28T03:37:33","slug":"customized-water-cup-lid-box","status":"publish","type":"product","link":"https:\/\/zojopackaging.com\/nl\/product\/customized-water-cup-lid-box\/","title":{"rendered":"Aangepaste afgedrukte koffiemok verpakking geschenkdozen set groothandel"},"content":{"rendered":"<h1 class=\"self-content-pre-ca33f6\">Aangepaste afgedrukte koffiemok verpakking geschenkdozen set groothandel<\/h1>\n<p>De aangepaste bedrukte koffie mok verpakking geschenkdozen set groothandel<\/p>\n<ul>\n<li>Aanpassingsopties: Deze box biedt de flexibiliteit om hem aan te passen aan je specifieke wensen. Je kunt je merklogo, aangepaste ontwerpen of andere gewenste elementen toevoegen, voor een unieke en op maat gemaakte look.<\/li>\n<li>Duurzame constructie: De box is gemaakt van hoogwaardige materialen en garandeert duurzaamheid en bescherming voor je waterbekerdeksels. Hij is bestand tegen manipulatie en opslag en beschermt de deksels tegen beschadiging.<\/li>\n<li>Nauwkeurige pasvorm: De aangepaste dekseldoos voor waterbekers is ontworpen voor een perfecte pasvorm voor je deksels en zorgt voor een goede en veilige plaatsing. Dit voorkomt dat de deksels verschuiven of krassen oplopen tijdens transport.<\/li>\n<li>Bescherming en organisatie: De doos helpt je waterbekerdeksels georganiseerd en beschermd te houden. Het voorkomt stof, vuil en krassen en zorgt ervoor dat de deksels in perfecte staat blijven.<\/li>\n<li>Gemak: De doos is ontworpen voor eenvoudig gebruik. Hij kan een scharnierend of afneembaar deksel hebben voor snelle toegang tot de deksels binnenin. Bovendien kan hij stapelbaar zijn voor effici\u00ebnt opbergen.<\/li>\n<li>Geschenkklare presentatie: Of je nu een bedrijf bent dat de deksels van je waterbekers professioneel wil verpakken of een particulier die op zoek is naar een gepersonaliseerde opbergoplossing, de Customized Water Cup Lid Box biedt stijl, bescherming en gemak. Hiermee kun je je merk of persoonlijke stijl laten zien terwijl je je deksels veilig en georganiseerd opbergt.<\/li>\n<\/ul>\n<h1><strong>Specificatie<\/strong><\/h1>\n<table style=\"height: 666px;\" width=\"1070\">\n<tbody>\n<tr>\n<td width=\"373\">Afmetingen<\/td>\n<td width=\"373\">Alle aangepaste maten en vormen<\/td>\n<\/tr>\n<tr>\n<td width=\"373\">MOQ<\/td>\n<td width=\"373\">500st<\/td>\n<\/tr>\n<tr>\n<td width=\"373\">Steekproeftijd<\/td>\n<td width=\"373\">3-5 dagen<\/td>\n<\/tr>\n<tr>\n<td width=\"373\">Standaardproces<\/td>\n<td width=\"373\">Stansen, lijmen, rillen, perforeren<\/td>\n<\/tr>\n<tr>\n<td width=\"373\">Afdrukken<\/td>\n<td width=\"373\">Cmyk, pms, geen afdrukken<\/td>\n<\/tr>\n<tr>\n<td width=\"373\">Materiaal Optie<\/td>\n<td width=\"373\">Wit kartonpapier, gecoat papier, kunstpapier, kraftpapier, ivoorkarton, duplexkarton, speciaal papier, enz.<\/td>\n<\/tr>\n<tr>\n<td width=\"373\">Oppervlakteafwerking<\/td>\n<td width=\"373\">Matte\/glanzende laminering, spot UVDebossing, reli\u00ebfdruk, foliedruk enz.<\/td>\n<\/tr>\n<tr>\n<td width=\"373\">Industrieel gebruik<\/td>\n<td width=\"373\">cosmetica, parfum, kleding, sieraden, tabak, voedsel, geschenken en dagelijkse goederen,<\/td>\n<\/tr>\n<tr>\n<td width=\"373\">Kwaliteitscontrole<\/td>\n<td width=\"373\">Het geavanceerde Materiaal en het Ervaren QC Team zullen materiaal, halffabrikaten en ge\u00ebindigd - producten strikt in elke stap v\u00f3\u00f3r controleren<\/td>\n<\/tr>\n<tr>\n<td width=\"373\">Prijs<\/td>\n<td width=\"373\">De uiteindelijke prijs wordt afgestemd op je product en de hoeveelheid die je nodig hebt<\/td>\n<\/tr>\n<tr>\n<td width=\"373\">Doorlooptijd<\/td>\n<td width=\"373\">7-14 werkdagen , spoed<\/td>\n<\/tr>\n<tr>\n<td width=\"373\">Papier<\/td>\n<td width=\"373\">10pt tot 28pt (60lb tot 400lb) milieuvriendelijk kraft, e-flute golfkarton, bux board, cardstock<\/td>\n<\/tr>\n<tr>\n<td width=\"373\">Formaat kunstwerk<\/td>\n<td width=\"373\">JPG, PDF, AI, CDR, EPS, GIF....<\/td>\n<\/tr>\n<tr>\n<td width=\"373\">Accessoires<\/td>\n<td width=\"373\">Magneet, lint, EVA-vorm, plastic dienblad, spons, PVC\/PET\/PP...<\/td>\n<\/tr>\n<tr>\n<td width=\"373\">Betalingstermijn<\/td>\n<td width=\"373\">T\/T, Western Union, Paypal, 30% aanbetaling en 70% saldo v\u00f3\u00f3r verzending.<\/td>\n<\/tr>\n<\/tbody>\n<\/table>\n<div><\/div>\n<div class=\"widget block block-static-block\">\n<div class=\"landing-page-section option-bottom\">\n<div class=\"custom-materials-tabs-content container container-adjustment\">\n<div class=\"custom-materials-tab-content active\">\n<div class=\"widget block block-static-block\">\n<div class=\"options-items\">\n<div class=\"flex-grid-row-option\">\n<div class=\"flex-grid-item-option\">\n<div class=\"material-box\">\n<div class=\"material-des\">\n<h1><strong>FAQ<\/strong><\/h1>\n<p><strong>Of je nu fabrieks ?<\/strong><\/p>\n<p>Ja, wij zijn fabriek, wij zijn een professionele fabrikant voor papieren doos en papieren zak.<\/p>\n<p><strong>Of het kan worden verzonden met platte ?<\/strong><\/p>\n<p>Nee, het is gemaakt door artpaper + cardbard, dus het is stijf papier doos<\/p>\n<p><strong>Kunnen we aanpassen?<\/strong><\/p>\n<p>Ja, we kunnen aanpassen papier doos voor u, dus je zou kunnen doos grootte, doos kleur en logo te kiezen.<\/p>\n<p><strong>Kunt u een voorbeeld voor mij maken?<\/strong><\/p>\n<p>Ja, we kunnen een monster voor je maken en de prijs is afhankelijk van het proces.<\/p>\n<p><strong>Hoe bestellen?<\/strong><\/p>\n<ol>\n<li>Geef ons uw gegevens<\/li>\n<li>We geven je een offerte<\/li>\n<li>een monster maken<\/li>\n<li>Borg betalen<\/li>\n<li>Massaproductie<\/li>\n<li>Balacne betalen<\/li>\n<li>Product verzenden<\/li>\n<\/ol>\n<p><strong>Hoe zit het met het ontwerpbestand?<\/strong><\/p>\n<p>PDF, AI zijn ok.<\/p>\n<p><strong>Op hoeveel manieren kun je verzenden, welke is beter?<\/strong><\/p>\n<p>Door overzees, Door uitdrukkelijk, Door de lucht, gebaseerd op wanneer u uw productie wilt ontvangen en gebaseerd op hoeveelheid u bestelt.<\/p>\n<\/div>\n<\/div>\n<\/div>\n<\/div>\n<\/div>\n<\/div>\n<\/div>\n<\/div>\n<\/div>\n<\/div>\n<div class=\"widget block block-static-block\">\n<div class=\"landing-page-section option-bottom\">\n<div class=\"custom-materials-tabs-content container container-adjustment\">\n<div class=\"custom-materials-tab-content active\">\n<div class=\"widget block block-static-block\">\n<div class=\"options-items\">\n<div class=\"flex-grid-row-option\">\n<div class=\"flex-grid-item-option\">\n<div class=\"material-box\">\n<p>&nbsp;<\/p>\n<\/div>\n<\/div>\n<\/div>\n<\/div>\n<p><!---end of option item--><\/p>\n<\/div>\n<\/div>\n<\/div>\n<\/div>\n<\/div>","protected":false},"excerpt":{"rendered":"<p>1. De doos met deksel en bodem heeft een boven- en onderdeksel, wat handig is om mee te nemen en de gewoonten van de consument spaart.<br \/>\n2. De warmdruk geeft de verpakking een gevoel van luxe en een hoogwaardige visuele presentatie<br \/>\n3. Het speciale papiermateriaal is eenvoudig maar heeft geen gebrek aan luxe<\/p>","protected":false},"featured_media":4426,"template":"","meta":[],"product_brand":[],"product_cat":[30,423,425,31],"product_tag":[760,762,761],"class_list":{"0":"post-4422","1":"product","2":"type-product","3":"status-publish","4":"has-post-thumbnail","6":"product_cat-by-industry","7":"product_cat-custom-presentation-boxes-by-industry","8":"product_cat-lid-and-base-gift-box","9":"product_cat-paper-box-style","10":"product_tag-custom-coffee-mug-packaging","11":"product_tag-mug-boxes-set-wholesale","12":"product_tag-mug-packaging-gift-boxes","14":"first","15":"instock","16":"shipping-taxable","17":"product-type-grouped"},"_links":{"self":[{"href":"https:\/\/zojopackaging.com\/nl\/wp-json\/wp\/v2\/product\/4422","targetHints":{"allow":["GET"]}}],"collection":[{"href":"https:\/\/zojopackaging.com\/nl\/wp-json\/wp\/v2\/product"}],"about":[{"href":"https:\/\/zojopackaging.com\/nl\/wp-json\/wp\/v2\/types\/product"}],"version-history":[{"count":1,"href":"https:\/\/zojopackaging.com\/nl\/wp-json\/wp\/v2\/product\/4422\/revisions"}],"predecessor-version":[{"id":8445,"href":"https:\/\/zojopackaging.com\/nl\/wp-json\/wp\/v2\/product\/4422\/revisions\/8445"}],"wp:featuredmedia":[{"embeddable":true,"href":"https:\/\/zojopackaging.com\/nl\/wp-json\/wp\/v2\/media\/4426"}],"wp:attachment":[{"href":"https:\/\/zojopackaging.com\/nl\/wp-json\/wp\/v2\/media?parent=4422"}],"wp:term":[{"taxonomy":"product_brand","embeddable":true,"href":"https:\/\/zojopackaging.com\/nl\/wp-json\/wp\/v2\/product_brand?post=4422"},{"taxonomy":"product_cat","embeddable":true,"href":"https:\/\/zojopackaging.com\/nl\/wp-json\/wp\/v2\/product_cat?post=4422"},{"taxonomy":"product_tag","embeddable":true,"href":"https:\/\/zojopackaging.com\/nl\/wp-json\/wp\/v2\/product_tag?post=4422"}],"curies":[{"name":"wp","href":"https:\/\/api.w.org\/{rel}","templated":true}]}}