{"id":4443,"date":"2024-03-22T14:43:47","date_gmt":"2024-03-22T06:43:47","guid":{"rendered":"https:\/\/zojopackaging.com\/?post_type=product&#038;p=4443"},"modified":"2025-03-28T11:26:46","modified_gmt":"2025-03-28T03:26:46","slug":"hot-stamping-lid-base-boxes","status":"publish","type":"product","link":"https:\/\/zojopackaging.com\/nl\/product\/hot-stamping-lid-base-boxes\/","title":{"rendered":"Douanekenteken Luxe Deksel &amp; Base Dozen Fabrikant China"},"content":{"rendered":"<h1 class=\"self-content-pre-ca33f6\">Douanekenteken Luxe Deksel &amp; Base Dozen Fabrikant China<\/h1>\n<p>Item :  Premium luxe geschenk papier verpakking dozen Hot stempelen deksel en Base maatwerk stijve kartonnen doos met schuim<\/p>\n<p>Productcategorie:  Cadeaupapier Verpakkingsdoos<\/p>\n<p>Materiaal: 1200g hard karton +157g kunstpapier<\/p>\n<p>Afdrukken: CMYK \/ Pantone Oppervlaktebehandeling: Matte laminering \/ Glanzende laminering \/ Gouden hot stamping \/ Zilveren hot stamping \/ UV-coating \/vernissen \/ reli\u00ebfdruk<\/p>\n<p>Grootte: Aangepast<\/p>\n<p>Logo: Aangepast<\/p>\n<p>MOQ: Technisch gezien is er geen MOQ, maar vanwege het lage prijsniveau is de MOQ 500 stuks.<\/p>\n<p>Steekproeftijd: Ongeveer 2-3 dagen Massa bestelling: Ongeveer 10-12 dagen<\/p>\n<p>Verzendtijd: Ongeveer 4-7 dagen (lucht verzending) en 20-40 dagen (zee verzending)<\/p>\n<h1><strong>Specificatie<\/strong><\/h1>\n<table style=\"height: 666px;\" width=\"1070\">\n<tbody>\n<tr>\n<td width=\"373\">Afmetingen<\/td>\n<td width=\"373\">Alle aangepaste maten en vormen<\/td>\n<\/tr>\n<tr>\n<td width=\"373\">MOQ<\/td>\n<td width=\"373\">500st<\/td>\n<\/tr>\n<tr>\n<td width=\"373\">Steekproeftijd<\/td>\n<td width=\"373\">3-5 dagen<\/td>\n<\/tr>\n<tr>\n<td width=\"373\">Standaardproces<\/td>\n<td width=\"373\">Stansen, lijmen, rillen, perforeren<\/td>\n<\/tr>\n<tr>\n<td width=\"373\">Afdrukken<\/td>\n<td width=\"373\">Cmyk, pms, geen afdrukken<\/td>\n<\/tr>\n<tr>\n<td width=\"373\">Materiaal Optie<\/td>\n<td width=\"373\">Wit kartonpapier, gecoat papier, kunstpapier, kraftpapier, ivoorkarton, duplexkarton, speciaal papier, enz.<\/td>\n<\/tr>\n<tr>\n<td width=\"373\">Oppervlakteafwerking<\/td>\n<td width=\"373\">Matte\/glanzende laminering, spot UVDebossing, reli\u00ebfdruk, foliedruk enz.<\/td>\n<\/tr>\n<tr>\n<td width=\"373\">Industrieel gebruik<\/td>\n<td width=\"373\">cosmetica, parfum, kleding, sieraden, tabak, voedsel, geschenken en dagelijkse goederen,<\/td>\n<\/tr>\n<tr>\n<td width=\"373\">Kwaliteitscontrole<\/td>\n<td width=\"373\">Het geavanceerde Materiaal en het Ervaren QC Team zullen materiaal, halffabrikaten en ge\u00ebindigd - producten strikt in elke stap v\u00f3\u00f3r controleren<\/td>\n<\/tr>\n<tr>\n<td width=\"373\">Prijs<\/td>\n<td width=\"373\">De uiteindelijke prijs wordt afgestemd op je product en de hoeveelheid die je nodig hebt<\/td>\n<\/tr>\n<tr>\n<td width=\"373\">Doorlooptijd<\/td>\n<td width=\"373\">7-14 werkdagen , spoed<\/td>\n<\/tr>\n<tr>\n<td width=\"373\">Papier<\/td>\n<td width=\"373\">10pt tot 28pt (60lb tot 400lb) milieuvriendelijk kraft, e-flute golfkarton, bux board, cardstock<\/td>\n<\/tr>\n<tr>\n<td width=\"373\">Formaat kunstwerk<\/td>\n<td width=\"373\">JPG, PDF, AI, CDR, EPS, GIF....<\/td>\n<\/tr>\n<tr>\n<td width=\"373\">Accessoires<\/td>\n<td width=\"373\">Magneet, lint, EVA-vorm, plastic dienblad, spons, PVC\/PET\/PP...<\/td>\n<\/tr>\n<tr>\n<td width=\"373\">Betalingstermijn<\/td>\n<td width=\"373\">T\/T, Western Union, Paypal, 30% aanbetaling en 70% saldo v\u00f3\u00f3r verzending.<\/td>\n<\/tr>\n<\/tbody>\n<\/table>\n<div><\/div>\n<div class=\"widget block block-static-block\">\n<div class=\"landing-page-section option-bottom\">\n<div class=\"custom-materials-tabs-content container container-adjustment\">\n<div class=\"custom-materials-tab-content active\">\n<div class=\"widget block block-static-block\">\n<div class=\"options-items\">\n<div class=\"flex-grid-row-option\">\n<div class=\"flex-grid-item-option\">\n<div class=\"material-box\">\n<div class=\"material-des\">\n<h1><strong>FAQ<\/strong><\/h1>\n<p><strong>Of je nu fabrieks ?<\/strong><\/p>\n<p>Ja, wij zijn fabriek, wij zijn een professionele fabrikant voor papieren doos en papieren zak.<\/p>\n<p><strong>Of het kan worden verzonden met platte ?<\/strong><\/p>\n<p>Nee, het is gemaakt door artpaper + cardbard, dus het is stijf papier doos<\/p>\n<p><strong>Kunnen we aanpassen?<\/strong><\/p>\n<p>Ja, we kunnen aanpassen papier doos voor u, dus je zou kunnen doos grootte, doos kleur en logo te kiezen.<\/p>\n<p><strong>Kunt u een voorbeeld voor mij maken?<\/strong><\/p>\n<p>Ja, we kunnen een monster voor je maken en de prijs is afhankelijk van het proces.<\/p>\n<p><strong>Hoe bestellen?<\/strong><\/p>\n<ol>\n<li>Geef ons uw gegevens<\/li>\n<li>We geven je een offerte<\/li>\n<li>een monster maken<\/li>\n<li>Borg betalen<\/li>\n<li>Massaproductie<\/li>\n<li>Balacne betalen<\/li>\n<li>Product verzenden<\/li>\n<\/ol>\n<p><strong>Hoe zit het met het ontwerpbestand?<\/strong><\/p>\n<p>PDF, AI zijn ok.<\/p>\n<p><strong>Op hoeveel manieren kun je verzenden, welke is beter?<\/strong><\/p>\n<p>Door overzees, Door uitdrukkelijk, Door de lucht, gebaseerd op wanneer u uw productie wilt ontvangen en gebaseerd op hoeveelheid u bestelt.<\/p>\n<\/div>\n<p>&nbsp;<\/p>\n<\/div>\n<\/div>\n<\/div>\n<\/div>\n<p><!---end of option item--><\/p>\n<\/div>\n<\/div>\n<\/div>\n<\/div>\n<\/div>","protected":false},"excerpt":{"rendered":"<ul>\n<li>Je doos zal zijn: Duidelijke bedrukking, gladde rand, netjes verpakt<br \/>\nAanpassing: Kan grootte\/bedrukking\/materiaal\/afwerking\/vorm etc. aanpassen.<br \/>\nType materiaal: Milieuvriendelijk, hebben certificering van FSC\/ISO\/BSCI<br \/>\nProductietijd: Steekproef 1-3 dagen; Bulk 7-9 dagen<br \/>\nVerzendings tijd: Uitdrukkelijk 3-7 dagen; Lucht 12-16 dagen; Boot 25-30 dagen (verschillende landen hebben verschillende tijden)<\/p>\n<p>Prijs: Neem contact met ons op om onderzoek te sturen<\/li>\n<\/ul>","protected":false},"featured_media":4449,"template":"","meta":[],"product_brand":[],"product_cat":[30,415,425,31],"product_tag":[759,757,758],"class_list":{"0":"post-4443","1":"product","2":"type-product","3":"status-publish","4":"has-post-thumbnail","6":"product_cat-by-industry","7":"product_cat-custom-jewelry-boxes-by-industry","8":"product_cat-lid-and-base-gift-box","9":"product_cat-paper-box-style","10":"product_tag-boxes-manufacturer-china","11":"product_tag-custom-boxes","12":"product_tag-lid-base-boxes-manufacturer","14":"first","15":"instock","16":"shipping-taxable","17":"product-type-grouped"},"_links":{"self":[{"href":"https:\/\/zojopackaging.com\/nl\/wp-json\/wp\/v2\/product\/4443","targetHints":{"allow":["GET"]}}],"collection":[{"href":"https:\/\/zojopackaging.com\/nl\/wp-json\/wp\/v2\/product"}],"about":[{"href":"https:\/\/zojopackaging.com\/nl\/wp-json\/wp\/v2\/types\/product"}],"version-history":[{"count":2,"href":"https:\/\/zojopackaging.com\/nl\/wp-json\/wp\/v2\/product\/4443\/revisions"}],"predecessor-version":[{"id":8441,"href":"https:\/\/zojopackaging.com\/nl\/wp-json\/wp\/v2\/product\/4443\/revisions\/8441"}],"wp:featuredmedia":[{"embeddable":true,"href":"https:\/\/zojopackaging.com\/nl\/wp-json\/wp\/v2\/media\/4449"}],"wp:attachment":[{"href":"https:\/\/zojopackaging.com\/nl\/wp-json\/wp\/v2\/media?parent=4443"}],"wp:term":[{"taxonomy":"product_brand","embeddable":true,"href":"https:\/\/zojopackaging.com\/nl\/wp-json\/wp\/v2\/product_brand?post=4443"},{"taxonomy":"product_cat","embeddable":true,"href":"https:\/\/zojopackaging.com\/nl\/wp-json\/wp\/v2\/product_cat?post=4443"},{"taxonomy":"product_tag","embeddable":true,"href":"https:\/\/zojopackaging.com\/nl\/wp-json\/wp\/v2\/product_tag?post=4443"}],"curies":[{"name":"wp","href":"https:\/\/api.w.org\/{rel}","templated":true}]}}