{"id":4480,"date":"2024-03-22T15:14:04","date_gmt":"2024-03-22T07:14:04","guid":{"rendered":"https:\/\/zojopackaging.com\/?post_type=product&#038;p=4480"},"modified":"2025-03-24T14:13:18","modified_gmt":"2025-03-24T06:13:18","slug":"customized-soap-boxes","status":"publish","type":"product","link":"https:\/\/zojopackaging.com\/nl\/product\/customized-soap-boxes\/","title":{"rendered":"Professionele kwaliteit op maat bedrukte kaarsendozen distributie"},"content":{"rendered":"<h1 class=\"self-content-pre-ca33f6\">Professionele kwaliteit op maat bedrukte zeepdozen distributie<\/h1>\n<p>De Aromatherapy Packaging Box is een speciaal ontworpen verpakking die een veilige en visueel aantrekkelijke verpakkingsoplossing biedt voor aromatherapieproducten zoals essenti\u00eble oli\u00ebn, diffusors, kaarsen en andere aanverwante artikelen.<\/p>\n<p>Het ontwerp van de verpakkingsdoos voor aromatherapie is vaak kalmerend en rustgevend en weerspiegelt de aard van de aromatherapieproducten en het beoogde gebruik ervan. De doos kan natuurlijke elementen, zachte kleuren en serene beelden bevatten om een gevoel van ontspanning en welzijn te cre\u00ebren.<\/p>\n<p>De Aromatherapy Packaging Box is gemaakt van hoogwaardige materialen en biedt duurzaamheid en bescherming voor de delicate aromatherapieproducten die erin zitten. De doos is ontworpen om de producten te beschermen tegen schade van buitenaf, zodat ze de klant in perfecte staat bereiken.<\/p>\n<p>Bovendien kan de verpakkingsdoos compartimenten, verdelers of inzetstukken bevatten om de aromatherapieproducten stevig vast te houden en te organiseren. Dit helpt voorkomen dat de producten verschuiven tijdens het transport en zorgt voor een nette en georganiseerde presentatie wanneer de doos wordt geopend.<\/p>\n<h1><strong>Specificatie<\/strong><\/h1>\n<table style=\"border-collapse: collapse; width: 759.02pt;\" border=\"0\" width=\"1012\" cellspacing=\"0\" cellpadding=\"0\">\n<tbody>\n<tr style=\"height: 16.50pt;\">\n<td class=\"et3\" style=\"height: 16.50pt; width: 379.50pt;\" width=\"506\" height=\"22\">Afmetingen<\/td>\n<td class=\"et3\" style=\"width: 379.50pt;\" width=\"506\">Alle aangepaste maten en vormen<\/td>\n<\/tr>\n<tr style=\"height: 16.50pt;\">\n<td class=\"et3\" style=\"height: 16.50pt;\" height=\"22\">Min.hoeveelheid<\/td>\n<td class=\"et3\">500 stuks<\/td>\n<\/tr>\n<tr style=\"height: 16.50pt;\">\n<td class=\"et3\" style=\"height: 16.50pt;\" height=\"22\">Standaardproces<\/td>\n<td class=\"et3\">Stansen, lijmen, rillen, perforeren<\/td>\n<\/tr>\n<tr style=\"height: 16.50pt;\">\n<td class=\"et3\" style=\"height: 16.50pt;\" height=\"22\">Afdrukken<\/td>\n<td class=\"et3\">Cmyk, pms, geen afdrukken<\/td>\n<\/tr>\n<tr style=\"height: 16.50pt;\">\n<td class=\"et3\" style=\"height: 16.50pt;\" height=\"22\">Materiaal Optie<\/td>\n<td class=\"et3\">Wit kartonpapier, gecoat papier, kunstpapier, kraftpapier, ivoorkarton, duplexkarton, speciaal papier, enz.<\/td>\n<\/tr>\n<tr style=\"height: 17.25pt;\">\n<td class=\"et3\" style=\"height: 17.25pt;\" height=\"23\">Oppervlakteafwerking<\/td>\n<td class=\"et4\" style=\"width: 379.50pt;\" width=\"506\">Matte\/glanzende laminering, spot UVDebossing, reli\u00ebfdruk, foliedruk enz.<\/td>\n<\/tr>\n<tr style=\"height: 17.25pt;\">\n<td class=\"et4\" style=\"height: 17.25pt; width: 379.50pt;\" width=\"506\" height=\"23\">Industrieel gebruik<\/td>\n<td class=\"et4\" style=\"width: 379.50pt;\" width=\"506\">cosmetica, parfum, kleding, sieraden, tabak, voedsel, geschenken en dagelijkse goederen,<\/td>\n<\/tr>\n<tr style=\"height: 34.50pt;\">\n<td class=\"et4\" style=\"height: 34.50pt; width: 379.50pt;\" width=\"506\" height=\"46\">Kwaliteitscontrole<\/td>\n<td class=\"et4\" style=\"width: 379.50pt;\" width=\"506\">Het geavanceerde Materiaal en het Ervaren QC Team zullen materiaal, halffabrikaten en ge\u00ebindigd - producten strikt in elke stap v\u00f3\u00f3r controleren<\/td>\n<\/tr>\n<tr style=\"height: 34.50pt;\">\n<td class=\"et4\" style=\"height: 34.50pt; width: 379.50pt;\" width=\"506\" height=\"46\">Prijs<\/td>\n<td class=\"et4\" style=\"width: 379.50pt;\" width=\"506\">De uiteindelijke prijs wordt afgestemd op je product en de hoeveelheid die je nodig hebt<\/td>\n<\/tr>\n<tr style=\"height: 16.50pt;\">\n<td class=\"et3\" style=\"height: 16.50pt;\" height=\"22\">Doorlooptijd<\/td>\n<td class=\"et3\">7-14 werkdagen , spoed<\/td>\n<\/tr>\n<tr style=\"height: 16.50pt;\">\n<td class=\"et3\" style=\"height: 16.50pt;\" height=\"22\">Papier<\/td>\n<td class=\"et3\">10pt tot 28pt (60lb tot 400lb) milieuvriendelijk kraft, e-flute golfkarton, bux board, cardstock<\/td>\n<\/tr>\n<tr style=\"height: 16.50pt;\">\n<td class=\"et3\" style=\"height: 16.50pt;\" height=\"22\">Bewijs<\/td>\n<td class=\"et3\">Platte weergave, 3D-mock-up, fysieke bemonstering (op aanvraag)<\/td>\n<\/tr>\n<\/tbody>\n<\/table>\n<div class=\"widget block block-static-block\">\n<div class=\"landing-page-section option-bottom\">\n<div class=\"custom-materials-tabs-content container container-adjustment\">\n<div class=\"custom-materials-tab-content active\">\n<div class=\"widget block block-static-block\">\n<div class=\"options-items\">\n<div class=\"flex-grid-row-option\">\n<div class=\"flex-grid-item-option\">\n<div class=\"material-box\">\n<p>&nbsp;<\/p>\n<\/div>\n<\/div>\n<\/div>\n<\/div>\n<p><!---end of option item--><\/p>\n<\/div>\n<\/div>\n<\/div>\n<\/div>\n<\/div>","protected":false},"excerpt":{"rendered":"<p>Aangepaste kaars deksel en basis doos, full-size flexibele aanpassing, exclusieve voering voor nauwkeurige bescherming. Chinese fabrieksmatte lamineringstechnologie + full-color high-definition druk om nul kleurverschil textuurpresentatie te bereiken<\/p>","protected":false},"featured_media":4486,"template":"","meta":[],"product_brand":[],"product_cat":[30,416,425,31],"product_tag":[550,549,551],"class_list":{"0":"post-4480","1":"product","2":"type-product","3":"status-publish","4":"has-post-thumbnail","6":"product_cat-by-industry","7":"product_cat-custom-candle-boxes","8":"product_cat-lid-and-base-gift-box","9":"product_cat-paper-box-style","10":"product_tag-candle-boxes-distribution","11":"product_tag-custom-candle-boxes","12":"product_tag-custom-printed-candle-boxes","14":"first","15":"instock","16":"shipping-taxable","17":"product-type-grouped"},"_links":{"self":[{"href":"https:\/\/zojopackaging.com\/nl\/wp-json\/wp\/v2\/product\/4480","targetHints":{"allow":["GET"]}}],"collection":[{"href":"https:\/\/zojopackaging.com\/nl\/wp-json\/wp\/v2\/product"}],"about":[{"href":"https:\/\/zojopackaging.com\/nl\/wp-json\/wp\/v2\/types\/product"}],"version-history":[{"count":2,"href":"https:\/\/zojopackaging.com\/nl\/wp-json\/wp\/v2\/product\/4480\/revisions"}],"predecessor-version":[{"id":8099,"href":"https:\/\/zojopackaging.com\/nl\/wp-json\/wp\/v2\/product\/4480\/revisions\/8099"}],"wp:featuredmedia":[{"embeddable":true,"href":"https:\/\/zojopackaging.com\/nl\/wp-json\/wp\/v2\/media\/4486"}],"wp:attachment":[{"href":"https:\/\/zojopackaging.com\/nl\/wp-json\/wp\/v2\/media?parent=4480"}],"wp:term":[{"taxonomy":"product_brand","embeddable":true,"href":"https:\/\/zojopackaging.com\/nl\/wp-json\/wp\/v2\/product_brand?post=4480"},{"taxonomy":"product_cat","embeddable":true,"href":"https:\/\/zojopackaging.com\/nl\/wp-json\/wp\/v2\/product_cat?post=4480"},{"taxonomy":"product_tag","embeddable":true,"href":"https:\/\/zojopackaging.com\/nl\/wp-json\/wp\/v2\/product_tag?post=4480"}],"curies":[{"name":"wp","href":"https:\/\/api.w.org\/{rel}","templated":true}]}}